{"id":2905,"date":"2024-07-01T22:23:06","date_gmt":"2024-07-01T20:23:06","guid":{"rendered":"http:\/\/store.droneway.ma\/?post_type=product&#038;p=2905"},"modified":"2024-07-01T22:39:13","modified_gmt":"2024-07-01T20:39:13","slug":"dji-dock","status":"publish","type":"product","link":"https:\/\/store.droneway.ma\/index.php\/produit\/dji-dock\/","title":{"rendered":"DJI Dock 1 &#038; 2"},"content":{"rendered":"<p>Le DJI Dock 1 et Dock 2, plus capable mais nettement plus petit, d\u00e9ploie des drones Matrice 3D ou 3TD avec facilit\u00e9 et s\u00e9curit\u00e9. Dock 2 est l\u00e9ger, offre des capacit\u00e9s op\u00e9rationnelles de haut niveau et dispose de fonctions intelligentes bas\u00e9es sur le cloud qui apportent efficacit\u00e9 et qualit\u00e9 aux op\u00e9rations automatiques.<\/p>\n<p>Dans cette cat\u00e9gorie, vous retrouverez les solutions DJI Dock ! Gr\u00e2ce aux solutions DJI Dock, l&rsquo;automatisation des missions drones est r\u00e9elle et l&rsquo;autonomisation des appareils est pouss\u00e9e \u00e0 son paroxysme.<\/p>\n<p>Tr\u00e8s appr\u00e9ci\u00e9es par les industriels, les solutions DJI Dock consistent en des duos drones &#038; station. Le drone est pr\u00e9-param\u00e9tr\u00e9 par le t\u00e9l\u00e9pilote en amont et peut effectuer p\u00e9riodiquement la m\u00eame mission. Pour des relev\u00e9s, de la surveillance ou encore l&rsquo;inspection c&rsquo;est l&rsquo;id\u00e9al. Au sein des DJI Docks, aujourd&rsquo;hui on retrouve des drones comme les DJI Matrice 30 &#038; Matrice 30T, mais aussi les nouveaux Matrice 3D et Matrice 3TD.<\/p>\n<p>Le DJI Dock en lui m\u00eame \u00e0 la t\u00e2che d&rsquo;abriter les drones lorsqu&rsquo;ils ne volent pas, de les recharger et de les maintenir en bonne sant\u00e9. Ils sont \u00e9galement un point de rep\u00e8re pour les drones, puisqu&rsquo;ils d\u00e9collent \u00e0 partir des DJI Docks et atterrissent en leur sein.<\/p>\n<p>Points cl\u00e9s du DJI Dock : <\/p>\n<p>    Int\u00e9gration facile et rapide<br \/>\n    Automatisation des trajets de votre drone<br \/>\n    Rayon d&rsquo;op\u00e9ration de 7km \u00e0 15km<br \/>\n    Fonctionne dans les conditions les plus difficiles<br \/>\n    Gestion automatis\u00e9e des m\u00e9dias et des rapports<br \/>\n    Rechargement rapide du drone<\/p>\n","protected":false},"excerpt":{"rendered":"<p>Le DJI Dock 1 et Dock 2, plus capable mais nettement plus petit, d\u00e9ploie des drones Matrice 30T, 3D ou 3TD avec facilit\u00e9 et s\u00e9curit\u00e9. Le Dock est l\u00e9ger, offre des capacit\u00e9s op\u00e9rationnelles de haut niveau et dispose de fonctions intelligentes bas\u00e9es sur le cloud qui apportent efficacit\u00e9 et qualit\u00e9 aux op\u00e9rations automatiques.<\/p>\n","protected":false},"featured_media":2907,"template":"","meta":{"content-type":"","rop_custom_images_group":[],"rop_custom_messages_group":[],"rop_publish_now":"initial","rop_publish_now_accounts":[],"rop_publish_now_history":[],"rop_publish_now_status":"pending"},"product_brand":[],"product_cat":[71],"product_tag":[72],"class_list":{"0":"post-2905","1":"product","2":"type-product","3":"status-publish","4":"has-post-thumbnail","6":"product_cat-dock","7":"product_tag-dock","9":"first","10":"instock","11":"taxable","12":"shipping-taxable","13":"purchasable","14":"product-type-simple"},"jetpack-related-posts":[{"id":2098,"url":"https:\/\/store.droneway.ma\/index.php\/produit\/dji-matrice-210-v2\/","url_meta":{"origin":2905,"position":0},"title":"DJI Matrice 210 V2","author":"admin","date":"21 novembre 2020","format":false,"excerpt":"Le drone DJI Matrice s\u00e9rie 200 Con\u00e7u pour durer: Des moteurs haute performance associ\u00e9s \u00e0 des h\u00e9lices de 17 pouces assurent un vol stable par vent fort. Le nouveau syst\u00e8me d'alimentation \u00e0 double batterie chauffe automatiquement les batteries lors du vol \u00e0 des temp\u00e9ratures inf\u00e9rieures \u00e0 z\u00e9ro, tandis qu'une conception\u2026","rel":"","context":"Article similaire","block_context":{"text":"Article similaire","link":""},"img":{"alt_text":"DJI Matrice 210 V2","src":"https:\/\/i0.wp.com\/store.droneway.ma\/wp-content\/uploads\/2020\/11\/dji-matrice-210-v2-p-image-206573-grande.jpg?resize=350%2C200&ssl=1","width":350,"height":200,"srcset":"https:\/\/i0.wp.com\/store.droneway.ma\/wp-content\/uploads\/2020\/11\/dji-matrice-210-v2-p-image-206573-grande.jpg?resize=350%2C200&ssl=1 1x, https:\/\/i0.wp.com\/store.droneway.ma\/wp-content\/uploads\/2020\/11\/dji-matrice-210-v2-p-image-206573-grande.jpg?resize=525%2C300&ssl=1 1.5x, https:\/\/i0.wp.com\/store.droneway.ma\/wp-content\/uploads\/2020\/11\/dji-matrice-210-v2-p-image-206573-grande.jpg?resize=700%2C400&ssl=1 2x"},"classes":[]},{"id":2129,"url":"https:\/\/store.droneway.ma\/index.php\/produit\/station-mobile-dji-d-rtk-2-haute-precision-gnss-pour-dji-phantom-4-rtk\/","url_meta":{"origin":2905,"position":1},"title":"Station mobile DJI D-RTK 2 haute pr\u00e9cision GNSS pour DJI Phantom 4 RTK","author":"admin","date":"21 novembre 2020","format":false,"excerpt":"Solution de positionnement centim\u00e9trique : 1cm + 1 ppm Autonomie variable : 2h, 50h ou en continu Compatible DJI Phantom 4 RTK","rel":"","context":"Article similaire","block_context":{"text":"Article similaire","link":""},"img":{"alt_text":"Station mobile DJI D-RTK 2 haute pr\u00e9cision GNSS pour DJI Phantom 4 RTK","src":"https:\/\/i0.wp.com\/store.droneway.ma\/wp-content\/uploads\/2020\/11\/station-mobile-dji-d-rtk-2-haute-precision-gnss-p-image-202399-grande.jpg?resize=350%2C200&ssl=1","width":350,"height":200},"classes":[]},{"id":2136,"url":"https:\/\/store.droneway.ma\/index.php\/produit\/dji-manifold-2-c-256g-2\/","url_meta":{"origin":2905,"position":2},"title":"DJI Manifold 2-C 256G","author":"admin","date":"21 novembre 2020","format":false,"excerpt":"Personnalisation et extensibilit\u00e9 Compatibilit\u00e9 avec le Kit de d\u00e9veloppement mobile (SDK) Vol autonome Analyse de donn\u00e9es en temps r\u00e9el Connectivit\u00e9 avec les stations au sol Applications robotiques","rel":"","context":"Article similaire","block_context":{"text":"Article similaire","link":""},"img":{"alt_text":"DJI Manifold 2-C 256G","src":"https:\/\/i0.wp.com\/store.droneway.ma\/wp-content\/uploads\/2020\/11\/manifold-2-c-256g-eu-p-image-209475-grande.png?resize=350%2C200&ssl=1","width":350,"height":200,"srcset":"https:\/\/i0.wp.com\/store.droneway.ma\/wp-content\/uploads\/2020\/11\/manifold-2-c-256g-eu-p-image-209475-grande.png?resize=350%2C200&ssl=1 1x, https:\/\/i0.wp.com\/store.droneway.ma\/wp-content\/uploads\/2020\/11\/manifold-2-c-256g-eu-p-image-209475-grande.png?resize=525%2C300&ssl=1 1.5x, https:\/\/i0.wp.com\/store.droneway.ma\/wp-content\/uploads\/2020\/11\/manifold-2-c-256g-eu-p-image-209475-grande.png?resize=700%2C400&ssl=1 2x"},"classes":[]},{"id":2113,"url":"https:\/\/store.droneway.ma\/index.php\/produit\/dji-manifold-2-c-256g\/","url_meta":{"origin":2905,"position":3},"title":"DJI Manifold 2-C 256G","author":"admin","date":"21 novembre 2020","format":false,"excerpt":"Personnalisation et extensibilit\u00e9 Compatibilit\u00e9 avec le Kit de d\u00e9veloppement mobile (SDK) Vol autonome Analyse de donn\u00e9es en temps r\u00e9el Connectivit\u00e9 avec les stations au sol Applications robotiques","rel":"","context":"Article similaire","block_context":{"text":"Article similaire","link":""},"img":{"alt_text":"DJI Manifold 2-C 256G","src":"https:\/\/i0.wp.com\/store.droneway.ma\/wp-content\/uploads\/2020\/11\/manifold-2-c-256g-eu-p-image-209475-grande.png?resize=350%2C200&ssl=1","width":350,"height":200,"srcset":"https:\/\/i0.wp.com\/store.droneway.ma\/wp-content\/uploads\/2020\/11\/manifold-2-c-256g-eu-p-image-209475-grande.png?resize=350%2C200&ssl=1 1x, https:\/\/i0.wp.com\/store.droneway.ma\/wp-content\/uploads\/2020\/11\/manifold-2-c-256g-eu-p-image-209475-grande.png?resize=525%2C300&ssl=1 1.5x, https:\/\/i0.wp.com\/store.droneway.ma\/wp-content\/uploads\/2020\/11\/manifold-2-c-256g-eu-p-image-209475-grande.png?resize=700%2C400&ssl=1 2x"},"classes":[]},{"id":2135,"url":"https:\/\/store.droneway.ma\/index.php\/produit\/dji-manifold-2-g-128g-2\/","url_meta":{"origin":2905,"position":4},"title":"DJI Manifold 2-G 128G","author":"admin","date":"21 novembre 2020","format":false,"excerpt":"Personnalisation et extensibilit\u00e9 Compatibilit\u00e9 avec le Kit de d\u00e9veloppement mobile (SDK) Intelligence artificielle Reconnaissance d'objets Analyse des mouvements Traitements d'image","rel":"","context":"Article similaire","block_context":{"text":"Article similaire","link":""},"img":{"alt_text":"DJI Manifold 2-G 128G","src":"https:\/\/i0.wp.com\/store.droneway.ma\/wp-content\/uploads\/2020\/11\/p-image-209481-grande.png?resize=350%2C200&ssl=1","width":350,"height":200,"srcset":"https:\/\/i0.wp.com\/store.droneway.ma\/wp-content\/uploads\/2020\/11\/p-image-209481-grande.png?resize=350%2C200&ssl=1 1x, https:\/\/i0.wp.com\/store.droneway.ma\/wp-content\/uploads\/2020\/11\/p-image-209481-grande.png?resize=525%2C300&ssl=1 1.5x, https:\/\/i0.wp.com\/store.droneway.ma\/wp-content\/uploads\/2020\/11\/p-image-209481-grande.png?resize=700%2C400&ssl=1 2x"},"classes":[]},{"id":2112,"url":"https:\/\/store.droneway.ma\/index.php\/produit\/dji-manifold-2-g-128g\/","url_meta":{"origin":2905,"position":5},"title":"DJI Manifold 2-G 128G","author":"admin","date":"21 novembre 2020","format":false,"excerpt":"Personnalisation et extensibilit\u00e9 Compatibilit\u00e9 avec le Kit de d\u00e9veloppement mobile (SDK) Intelligence artificielle Reconnaissance d'objets Analyse des mouvements Traitements d'image","rel":"","context":"Article similaire","block_context":{"text":"Article similaire","link":""},"img":{"alt_text":"DJI Manifold 2-G 128G","src":"https:\/\/i0.wp.com\/store.droneway.ma\/wp-content\/uploads\/2020\/11\/p-image-209481-grande.png?resize=350%2C200&ssl=1","width":350,"height":200,"srcset":"https:\/\/i0.wp.com\/store.droneway.ma\/wp-content\/uploads\/2020\/11\/p-image-209481-grande.png?resize=350%2C200&ssl=1 1x, https:\/\/i0.wp.com\/store.droneway.ma\/wp-content\/uploads\/2020\/11\/p-image-209481-grande.png?resize=525%2C300&ssl=1 1.5x, https:\/\/i0.wp.com\/store.droneway.ma\/wp-content\/uploads\/2020\/11\/p-image-209481-grande.png?resize=700%2C400&ssl=1 2x"},"classes":[]}],"jetpack_sharing_enabled":true,"_links":{"self":[{"href":"https:\/\/store.droneway.ma\/index.php\/wp-json\/wp\/v2\/product\/2905","targetHints":{"allow":["GET"]}}],"collection":[{"href":"https:\/\/store.droneway.ma\/index.php\/wp-json\/wp\/v2\/product"}],"about":[{"href":"https:\/\/store.droneway.ma\/index.php\/wp-json\/wp\/v2\/types\/product"}],"wp:featuredmedia":[{"embeddable":true,"href":"https:\/\/store.droneway.ma\/index.php\/wp-json\/wp\/v2\/media\/2907"}],"wp:attachment":[{"href":"https:\/\/store.droneway.ma\/index.php\/wp-json\/wp\/v2\/media?parent=2905"}],"wp:term":[{"taxonomy":"product_brand","embeddable":true,"href":"https:\/\/store.droneway.ma\/index.php\/wp-json\/wp\/v2\/product_brand?post=2905"},{"taxonomy":"product_cat","embeddable":true,"href":"https:\/\/store.droneway.ma\/index.php\/wp-json\/wp\/v2\/product_cat?post=2905"},{"taxonomy":"product_tag","embeddable":true,"href":"https:\/\/store.droneway.ma\/index.php\/wp-json\/wp\/v2\/product_tag?post=2905"}],"curies":[{"name":"wp","href":"https:\/\/api.w.org\/{rel}","templated":true}]}}