{"id":2894,"date":"2024-07-01T22:02:59","date_gmt":"2024-07-01T20:02:59","guid":{"rendered":"http:\/\/store.droneway.ma\/?post_type=product&#038;p=2894"},"modified":"2024-07-01T22:17:27","modified_gmt":"2024-07-01T20:17:27","slug":"agras-t50-t25","status":"publish","type":"product","link":"https:\/\/store.droneway.ma\/index.php\/produit\/agras-t50-t25\/","title":{"rendered":"Agras T50 &#8211; T25"},"content":{"rendered":"<p>DJI AGRAS T50 \u00e9l\u00e8ve les op\u00e9rations agricoles de drones \u00e0 de nouveaux sommets. Il h\u00e9rite d&rsquo;un puissant syst\u00e8me de propulsion coaxial bi-rotor et d&rsquo;une structure r\u00e9sistante au couple de type divis\u00e9 pour la stabilit\u00e9 de niveau suivant lorsqu&rsquo;il transporte des charges utiles de pulv\u00e9risation de 40 kg.<br \/>\nDJI AGRAS T50 s&rsquo;appuie sur un syst\u00e8me de pulv\u00e9risation \u00e0 double atomisabilit\u00e9, des radars \u00e0 essieux \u00e0 phasage avant et arri\u00e8re et un syst\u00e8me de vision binoculaire. DJI AGRAS T50 excelle dans de multiples sc\u00e9narios, allant de l&rsquo;\u00e9tude \u00e0 la pulv\u00e9risation et \u00e0 la propagation, garantissant des op\u00e9rations stables et des performances constantes.<\/p>\n<p>Capacit\u00e9 de charge utile<\/p>\n<p>Le DJI Agras T50 a une charge utile liquide de 40 litres (10,56 gallons). Le r\u00e9servoir peut contenir des pesticides, des herbicides, des fongicides et d&rsquo;autres produits chimiques liquides. La plupart des utilisateurs de drones pulv\u00e9risateurs Agras pulv\u00e9risent entre 1 et 5 gallons par acre, ce qui est un mat\u00e9riau beaucoup plus concentr\u00e9 utilis\u00e9 dans les applications au sol. Si vous pulv\u00e9risez 2 gallons par acre, le r\u00e9servoir DJI Agras T50 peut contenir suffisamment de liquide pour pulv\u00e9riser jusqu&rsquo;\u00e0 cinq acres en un seul vol.<br \/>\nBuses centrifuges \u00e0 double atomisation<\/p>\n<p>Le syst\u00e8me de pulv\u00e9risation \u00e0 double attisation de DJI AGRAS T50 fournit un d\u00e9bit ultra-large jusqu&rsquo;\u00e0 16 L\/min (projection de pulv\u00e9risation de 2 par aspirateurs). Il produit des gouttelettes de pulv\u00e9risation uniformes et fines, et ne fuit pas. DJI AGRAS T50 peut \u00eatre \u00e9quip\u00e9 d&rsquo;une paire suppl\u00e9mentaire de gicleurs centrifuges, augmentant le d\u00e9bit jusqu&rsquo;\u00e0 24 L\/min (sap\u00e9-fibrage \u00e0 4 saucisses) pour des op\u00e9rations n\u00e9cessitant un volume d&rsquo;application \u00e9lev\u00e9. Lors de l&rsquo;utilisation manuelle, utilisez la pulv\u00e9risation de direction inverse avec quatre gicleurs pour simplifier les op\u00e9rations sans avoir \u00e0 faire des spires.<\/p>\n","protected":false},"excerpt":{"rendered":"<p>DJI AGRAS T50 \u00e9l\u00e8ve les op\u00e9rations agricoles de drones \u00e0 de nouveaux sommets. Il h\u00e9rite d&rsquo;un puissant syst\u00e8me de propulsion&hellip;<\/p>\n","protected":false},"featured_media":2902,"template":"","meta":{"content-type":"","rop_custom_images_group":[],"rop_custom_messages_group":[],"rop_publish_now":"initial","rop_publish_now_accounts":[],"rop_publish_now_history":[],"rop_publish_now_status":"pending"},"product_brand":[],"product_cat":[29,42],"product_tag":[],"class_list":{"0":"post-2894","1":"product","2":"type-product","3":"status-publish","4":"has-post-thumbnail","6":"product_cat-dji-agras","7":"product_cat-agras","9":"first","10":"instock","11":"purchasable","12":"product-type-simple"},"jetpack-related-posts":[{"id":2819,"url":"https:\/\/store.droneway.ma\/index.php\/produit\/agras-t40\/","url_meta":{"origin":2894,"position":0},"title":"Agras T40","author":"admin","date":"13 mars 2023","format":false,"excerpt":"22 hectares par heure de vol 40 litres r\u00e9servoir de pulv\u00e9risation de 12 m\u00e9gapixels Appareil photo r\u00e9glable 11 m Bande (largeur de pulv\u00e9risation) Buses centrifuges Double rotor coaxial Le drone pulv\u00e9risateur DJI Agras T40 pulv\u00e9rise jusqu'\u00e0 22 hectares en une heure de vol. Ce drone a quatre bras ; cependant,\u2026","rel":"","context":"Article similaire","block_context":{"text":"Article similaire","link":""},"img":{"alt_text":"","src":"https:\/\/i0.wp.com\/store.droneway.ma\/wp-content\/uploads\/2023\/03\/agras-t40.webp?resize=350%2C200&ssl=1","width":350,"height":200,"srcset":"https:\/\/i0.wp.com\/store.droneway.ma\/wp-content\/uploads\/2023\/03\/agras-t40.webp?resize=350%2C200&ssl=1 1x, https:\/\/i0.wp.com\/store.droneway.ma\/wp-content\/uploads\/2023\/03\/agras-t40.webp?resize=525%2C300&ssl=1 1.5x, https:\/\/i0.wp.com\/store.droneway.ma\/wp-content\/uploads\/2023\/03\/agras-t40.webp?resize=700%2C400&ssl=1 2x"},"classes":[]},{"id":2055,"url":"https:\/\/store.droneway.ma\/index.php\/produit\/dji-agras-t16\/","url_meta":{"origin":2894,"position":1},"title":"DJI Agras T16","author":"admin","date":"21 novembre 2020","format":false,"excerpt":"Drone DJI agricole optimis\u00e9 pour des performances in\u00e9gal\u00e9es Double IMU et redondance GNSS+RTK et barom\u00e8tre D\u00e9tection de l'environnement et suivi de terrain \u00c9tanch\u00e9it\u00e9 IP67 pour le module de base RTK pour une pr\u00e9cision centim\u00e9trique Cam\u00e9ra FPV grand angle Intelligence artificielle Grande charge : 16L","rel":"","context":"Article similaire","block_context":{"text":"Article similaire","link":""},"img":{"alt_text":"DJI Agras T16","src":"https:\/\/i0.wp.com\/store.droneway.ma\/wp-content\/uploads\/2020\/11\/dji-agras-t16-p-image-213010-grande.jpg?resize=350%2C200&ssl=1","width":350,"height":200,"srcset":"https:\/\/i0.wp.com\/store.droneway.ma\/wp-content\/uploads\/2020\/11\/dji-agras-t16-p-image-213010-grande.jpg?resize=350%2C200&ssl=1 1x, https:\/\/i0.wp.com\/store.droneway.ma\/wp-content\/uploads\/2020\/11\/dji-agras-t16-p-image-213010-grande.jpg?resize=525%2C300&ssl=1 1.5x, https:\/\/i0.wp.com\/store.droneway.ma\/wp-content\/uploads\/2020\/11\/dji-agras-t16-p-image-213010-grande.jpg?resize=700%2C400&ssl=1 2x"},"classes":[]},{"id":2049,"url":"https:\/\/store.droneway.ma\/index.php\/produit\/batterie-dji-pour-wind-series-et-agras-mg-1\/","url_meta":{"origin":2894,"position":2},"title":"Batterie DJI pour Wind series et Agras MG-1","author":"admin","date":"21 novembre 2020","format":false,"excerpt":"Batterie intelligente DJI Grande capacit\u00e9 12000 mAh","rel":"","context":"Article similaire","block_context":{"text":"Article similaire","link":""},"img":{"alt_text":"Batterie DJI pour Wind series et Agras MG-1","src":"https:\/\/i0.wp.com\/store.droneway.ma\/wp-content\/uploads\/2020\/11\/batterie-dji-pour-wind-et-agras-mg-1-p-image-200025-grande.jpg?resize=350%2C200&ssl=1","width":350,"height":200},"classes":[]},{"id":2054,"url":"https:\/\/store.droneway.ma\/index.php\/produit\/chargeur-dji-agras-1s-1p-et-hub-6-connexions\/","url_meta":{"origin":2894,"position":3},"title":"Chargeur DJI Agras 1S\/1P et hub 6 connexions","author":"admin","date":"21 novembre 2020","format":false,"excerpt":"Chargeur DJI sp\u00e9cialis\u00e9 puissant : 2400W Recharge 2 batteries simultan\u00e9ment Recharge 6 batteries successivement Mode de charges : lente et rapide","rel":"","context":"Article similaire","block_context":{"text":"Article similaire","link":""},"img":{"alt_text":"Chargeur DJI Agras 1S\/1P et hub 6 connexions","src":"https:\/\/i0.wp.com\/store.droneway.ma\/wp-content\/uploads\/2020\/11\/chargeur-dji-agras-1s-1p-6-connexions-p-image-209217-grande.jpg?resize=350%2C200&ssl=1","width":350,"height":200,"srcset":"https:\/\/i0.wp.com\/store.droneway.ma\/wp-content\/uploads\/2020\/11\/chargeur-dji-agras-1s-1p-6-connexions-p-image-209217-grande.jpg?resize=350%2C200&ssl=1 1x, https:\/\/i0.wp.com\/store.droneway.ma\/wp-content\/uploads\/2020\/11\/chargeur-dji-agras-1s-1p-6-connexions-p-image-209217-grande.jpg?resize=525%2C300&ssl=1 1.5x"},"classes":[]},{"id":2056,"url":"https:\/\/store.droneway.ma\/index.php\/produit\/batterie-mg-12000p-pour-dji-agras-mg-1p\/","url_meta":{"origin":2894,"position":4},"title":"Batterie MG-12000P pour DJI AGRAS MG-1P","author":"admin","date":"21 novembre 2020","format":false,"excerpt":"Batterie MG-12000P pour DJI AGRAS MG-1P","rel":"","context":"Article similaire","block_context":{"text":"Article similaire","link":""},"img":{"alt_text":"Batterie MG-12000P pour DJI AGRAS MG-1P","src":"https:\/\/i0.wp.com\/store.droneway.ma\/wp-content\/uploads\/2020\/11\/batterie-mg-12000p-p-image-216523-grande.jpg?resize=350%2C200&ssl=1","width":350,"height":200},"classes":[]},{"id":2051,"url":"https:\/\/store.droneway.ma\/index.php\/produit\/dji-agras-mg-1p\/","url_meta":{"origin":2894,"position":5},"title":"DJI Agras MG-1P","author":"admin","date":"21 novembre 2020","format":false,"excerpt":"Drone de pr\u00e9cision pour agriculture de pr\u00e9cision Nombreux capteurs pour une s\u00e9curit\u00e9 accrue Contr\u00f4le sur une distance de 3 km Application MG v2.0","rel":"","context":"Article similaire","block_context":{"text":"Article similaire","link":""},"img":{"alt_text":"DJI Agras MG-1P","src":"https:\/\/i0.wp.com\/store.droneway.ma\/wp-content\/uploads\/2020\/11\/dji-agras-mg-1p-p-image-209677-grande.jpg?resize=350%2C200&ssl=1","width":350,"height":200},"classes":[]}],"jetpack_sharing_enabled":true,"_links":{"self":[{"href":"https:\/\/store.droneway.ma\/index.php\/wp-json\/wp\/v2\/product\/2894","targetHints":{"allow":["GET"]}}],"collection":[{"href":"https:\/\/store.droneway.ma\/index.php\/wp-json\/wp\/v2\/product"}],"about":[{"href":"https:\/\/store.droneway.ma\/index.php\/wp-json\/wp\/v2\/types\/product"}],"wp:featuredmedia":[{"embeddable":true,"href":"https:\/\/store.droneway.ma\/index.php\/wp-json\/wp\/v2\/media\/2902"}],"wp:attachment":[{"href":"https:\/\/store.droneway.ma\/index.php\/wp-json\/wp\/v2\/media?parent=2894"}],"wp:term":[{"taxonomy":"product_brand","embeddable":true,"href":"https:\/\/store.droneway.ma\/index.php\/wp-json\/wp\/v2\/product_brand?post=2894"},{"taxonomy":"product_cat","embeddable":true,"href":"https:\/\/store.droneway.ma\/index.php\/wp-json\/wp\/v2\/product_cat?post=2894"},{"taxonomy":"product_tag","embeddable":true,"href":"https:\/\/store.droneway.ma\/index.php\/wp-json\/wp\/v2\/product_tag?post=2894"}],"curies":[{"name":"wp","href":"https:\/\/api.w.org\/{rel}","templated":true}]}}