{"id":2888,"date":"2024-07-01T21:59:24","date_gmt":"2024-07-01T19:59:24","guid":{"rendered":"http:\/\/store.droneway.ma\/?post_type=product&#038;p=2888"},"modified":"2024-07-01T22:01:47","modified_gmt":"2024-07-01T20:01:47","slug":"dji-zenmuse-lidar-l2","status":"publish","type":"product","link":"https:\/\/store.droneway.ma\/index.php\/produit\/dji-zenmuse-lidar-l2\/","title":{"rendered":"DJI Zenmuse Lidar L2"},"content":{"rendered":"<p>Le zenmuse L2 int\u00e8gre le cadre LiDAR, un syst\u00e8me IMU \u00e0 haute pr\u00e9cision auto-d\u00e9velopp\u00e9, et une cam\u00e9ra de cartographie RGB CMOS 4\/3, fournissant des plates-formes de vol DJI avec une acquisition de donn\u00e9es g\u00e9ospatiales plus pr\u00e9cises, plus efficaces et plus fiables. Lorsqu&rsquo;il est utilis\u00e9 avec DJI Terra, il fournit une solution cl\u00e9 en main pour la collecte de donn\u00e9es 3D et le post-traitement de haute pr\u00e9cision.<\/p>\n<p>Performance du Syst\u00e8me Port\u00e9e de D\u00e9tection:<br \/>\n450m @50% de r\u00e9flectivit\u00e9, 0 klx<br \/>\n250m @10% de r\u00e9flectivit\u00e9, 100 klx<\/p>\n<p>Taux de Nuage de Points:<br \/>\nRetour unique : max. 240 000 pts\/s<br \/>\nRetours multiples : max. 1 200 000 pts\/s <\/p>\n<p>Pr\u00e9cision du Syst\u00e8me:<br \/>\nHorizontale: 5 cm @ 150 m<br \/>\nVerticale: 4 cm @ 150 m<\/p>\n<p>Codage des Couleurs du Nuage de Points en Temps R\u00e9el:<br \/>\nR\u00e9flectivit\u00e9, Hauteur, Distance, RVB <\/p>\n","protected":false},"excerpt":{"rendered":"<p>Le zenmuse L2 int\u00e8gre le cadre LiDAR, un syst\u00e8me IMU \u00e0 haute pr\u00e9cision auto-d\u00e9velopp\u00e9, et une cam\u00e9ra de cartographie RGB&hellip;<\/p>\n","protected":false},"featured_media":2890,"template":"","meta":{"content-type":"","rop_custom_images_group":[],"rop_custom_messages_group":[],"rop_publish_now":"initial","rop_publish_now_accounts":[],"rop_publish_now_history":[],"rop_publish_now_status":"pending"},"product_brand":[],"product_cat":[32],"product_tag":[],"class_list":{"0":"post-2888","1":"product","2":"type-product","3":"status-publish","4":"has-post-thumbnail","6":"product_cat-matrice-300","8":"first","9":"instock","10":"taxable","11":"shipping-taxable","12":"purchasable","13":"product-type-simple"},"jetpack-related-posts":[{"id":2883,"url":"https:\/\/store.droneway.ma\/index.php\/produit\/dji-matrice-350-rtk\/","url_meta":{"origin":2888,"position":0},"title":"DJI Matrice 350 RTK","author":"admin","date":"1 juillet 2024","format":false,"excerpt":"Le drone DJI Matrice 350 RTK est capable d'emporter jusqu'\u00e0 trois nacelles dont les Zenmuse H20 et H20T, les cam\u00e9ras Zenmuse P1 et Zenmuse L2 ainsi que d'autres mod\u00e8les comme les Z30, XT2 et XTS (jusque 2,7 kgs d'emport max.).","rel":"","context":"Article similaire","block_context":{"text":"Article similaire","link":""},"img":{"alt_text":"DJI Matrice 350","src":"https:\/\/i0.wp.com\/store.droneway.ma\/wp-content\/uploads\/2024\/07\/DJI-Matrice-350.jpg?resize=350%2C200&ssl=1","width":350,"height":200,"srcset":"https:\/\/i0.wp.com\/store.droneway.ma\/wp-content\/uploads\/2024\/07\/DJI-Matrice-350.jpg?resize=350%2C200&ssl=1 1x, https:\/\/i0.wp.com\/store.droneway.ma\/wp-content\/uploads\/2024\/07\/DJI-Matrice-350.jpg?resize=525%2C300&ssl=1 1.5x"},"classes":[]},{"id":2101,"url":"https:\/\/store.droneway.ma\/index.php\/produit\/dji-matrice-200-v2\/","url_meta":{"origin":2888,"position":1},"title":"DJI Matrice 200 V2","author":"admin","date":"21 novembre 2020","format":false,"excerpt":"Le drone DJI Matrice s\u00e9rie 200 Con\u00e7u pour durer: Des moteurs haute performance associ\u00e9s \u00e0 des h\u00e9lices de 17 pouces assurent un vol stable par vent fort. Le nouveau syst\u00e8me d'alimentation \u00e0 double batterie chauffe automatiquement les batteries lors du vol \u00e0 des temp\u00e9ratures inf\u00e9rieures \u00e0 z\u00e9ro, tandis qu'une conception\u2026","rel":"","context":"Article similaire","block_context":{"text":"Article similaire","link":""},"img":{"alt_text":"DJI Matrice 200 V2","src":"https:\/\/i0.wp.com\/store.droneway.ma\/wp-content\/uploads\/2020\/11\/dji-matrice-200-v2-p-image-206841-grande.jpg?resize=350%2C200&ssl=1","width":350,"height":200},"classes":[]},{"id":2100,"url":"https:\/\/store.droneway.ma\/index.php\/produit\/dji-matrice-210-rtk-v2-et-station-gnss\/","url_meta":{"origin":2888,"position":2},"title":"DJI Matrice 210 RTK V2 et station GNSS","author":"admin","date":"21 novembre 2020","format":false,"excerpt":"Le drone DJI Matrice s\u00e9rie 200 Con\u00e7u pour durer: Des moteurs haute performance associ\u00e9s \u00e0 des h\u00e9lices de 17 pouces assurent un vol stable par vent fort. Le nouveau syst\u00e8me d'alimentation \u00e0 double batterie chauffe automatiquement les batteries lors du vol \u00e0 des temp\u00e9ratures inf\u00e9rieures \u00e0 z\u00e9ro, tandis qu'une conception\u2026","rel":"","context":"Article similaire","block_context":{"text":"Article similaire","link":""},"img":{"alt_text":"DJI Matrice 210 RTK V2 et station GNSS","src":"https:\/\/i0.wp.com\/store.droneway.ma\/wp-content\/uploads\/2020\/11\/dji-matrice-210-rtk-v2-et-station-mobile-gnss-de-haute-precision-p-image-206250-grande.jpg?resize=350%2C200&ssl=1","width":350,"height":200,"srcset":"https:\/\/i0.wp.com\/store.droneway.ma\/wp-content\/uploads\/2020\/11\/dji-matrice-210-rtk-v2-et-station-mobile-gnss-de-haute-precision-p-image-206250-grande.jpg?resize=350%2C200&ssl=1 1x, https:\/\/i0.wp.com\/store.droneway.ma\/wp-content\/uploads\/2020\/11\/dji-matrice-210-rtk-v2-et-station-mobile-gnss-de-haute-precision-p-image-206250-grande.jpg?resize=525%2C300&ssl=1 1.5x, https:\/\/i0.wp.com\/store.droneway.ma\/wp-content\/uploads\/2020\/11\/dji-matrice-210-rtk-v2-et-station-mobile-gnss-de-haute-precision-p-image-206250-grande.jpg?resize=700%2C400&ssl=1 2x"},"classes":[]},{"id":2129,"url":"https:\/\/store.droneway.ma\/index.php\/produit\/station-mobile-dji-d-rtk-2-haute-precision-gnss-pour-dji-phantom-4-rtk\/","url_meta":{"origin":2888,"position":3},"title":"Station mobile DJI D-RTK 2 haute pr\u00e9cision GNSS pour DJI Phantom 4 RTK","author":"admin","date":"21 novembre 2020","format":false,"excerpt":"Solution de positionnement centim\u00e9trique : 1cm + 1 ppm Autonomie variable : 2h, 50h ou en continu Compatible DJI Phantom 4 RTK","rel":"","context":"Article similaire","block_context":{"text":"Article similaire","link":""},"img":{"alt_text":"Station mobile DJI D-RTK 2 haute pr\u00e9cision GNSS pour DJI Phantom 4 RTK","src":"https:\/\/i0.wp.com\/store.droneway.ma\/wp-content\/uploads\/2020\/11\/station-mobile-dji-d-rtk-2-haute-precision-gnss-p-image-202399-grande.jpg?resize=350%2C200&ssl=1","width":350,"height":200},"classes":[]},{"id":2334,"url":"https:\/\/store.droneway.ma\/index.php\/produit\/telecommande-dji-focus\/","url_meta":{"origin":2888,"position":4},"title":"T\u00e9l\u00e9commande DJI Focus","author":"admin","date":"21 novembre 2020","format":false,"excerpt":"La t\u00e9l\u00e9commande DJI Focus premet de piloter la mise au point de l'appareil directement depuis le sol lorsqu'il est utilis\u00e9 avec un Inspire 1.\u00a0 \u00a0 Ce syst\u00e8me de mise au point aussi\u00a0 appel\u00e9 Follow Focus sans fil\u00a0a \u00e9t\u00e9 sp\u00e9cialement con\u00e7u pour s'adapter aux cam\u00e9ras\u00a0DJI Zenmuse X5 et X5R. Gr\u00e2ce \u00e0\u2026","rel":"","context":"Article similaire","block_context":{"text":"Article similaire","link":""},"img":{"alt_text":"T\u00e9l\u00e9commande DJI Focus","src":"https:\/\/i0.wp.com\/store.droneway.ma\/wp-content\/uploads\/2020\/11\/Telecommande-DJI-Focus.jpg?resize=350%2C200&ssl=1","width":350,"height":200,"srcset":"https:\/\/i0.wp.com\/store.droneway.ma\/wp-content\/uploads\/2020\/11\/Telecommande-DJI-Focus.jpg?resize=350%2C200&ssl=1 1x, https:\/\/i0.wp.com\/store.droneway.ma\/wp-content\/uploads\/2020\/11\/Telecommande-DJI-Focus.jpg?resize=525%2C300&ssl=1 1.5x"},"classes":[]},{"id":2098,"url":"https:\/\/store.droneway.ma\/index.php\/produit\/dji-matrice-210-v2\/","url_meta":{"origin":2888,"position":5},"title":"DJI Matrice 210 V2","author":"admin","date":"21 novembre 2020","format":false,"excerpt":"Le drone DJI Matrice s\u00e9rie 200 Con\u00e7u pour durer: Des moteurs haute performance associ\u00e9s \u00e0 des h\u00e9lices de 17 pouces assurent un vol stable par vent fort. Le nouveau syst\u00e8me d'alimentation \u00e0 double batterie chauffe automatiquement les batteries lors du vol \u00e0 des temp\u00e9ratures inf\u00e9rieures \u00e0 z\u00e9ro, tandis qu'une conception\u2026","rel":"","context":"Article similaire","block_context":{"text":"Article similaire","link":""},"img":{"alt_text":"DJI Matrice 210 V2","src":"https:\/\/i0.wp.com\/store.droneway.ma\/wp-content\/uploads\/2020\/11\/dji-matrice-210-v2-p-image-206573-grande.jpg?resize=350%2C200&ssl=1","width":350,"height":200,"srcset":"https:\/\/i0.wp.com\/store.droneway.ma\/wp-content\/uploads\/2020\/11\/dji-matrice-210-v2-p-image-206573-grande.jpg?resize=350%2C200&ssl=1 1x, https:\/\/i0.wp.com\/store.droneway.ma\/wp-content\/uploads\/2020\/11\/dji-matrice-210-v2-p-image-206573-grande.jpg?resize=525%2C300&ssl=1 1.5x, https:\/\/i0.wp.com\/store.droneway.ma\/wp-content\/uploads\/2020\/11\/dji-matrice-210-v2-p-image-206573-grande.jpg?resize=700%2C400&ssl=1 2x"},"classes":[]}],"jetpack_sharing_enabled":true,"_links":{"self":[{"href":"https:\/\/store.droneway.ma\/index.php\/wp-json\/wp\/v2\/product\/2888","targetHints":{"allow":["GET"]}}],"collection":[{"href":"https:\/\/store.droneway.ma\/index.php\/wp-json\/wp\/v2\/product"}],"about":[{"href":"https:\/\/store.droneway.ma\/index.php\/wp-json\/wp\/v2\/types\/product"}],"wp:featuredmedia":[{"embeddable":true,"href":"https:\/\/store.droneway.ma\/index.php\/wp-json\/wp\/v2\/media\/2890"}],"wp:attachment":[{"href":"https:\/\/store.droneway.ma\/index.php\/wp-json\/wp\/v2\/media?parent=2888"}],"wp:term":[{"taxonomy":"product_brand","embeddable":true,"href":"https:\/\/store.droneway.ma\/index.php\/wp-json\/wp\/v2\/product_brand?post=2888"},{"taxonomy":"product_cat","embeddable":true,"href":"https:\/\/store.droneway.ma\/index.php\/wp-json\/wp\/v2\/product_cat?post=2888"},{"taxonomy":"product_tag","embeddable":true,"href":"https:\/\/store.droneway.ma\/index.php\/wp-json\/wp\/v2\/product_tag?post=2888"}],"curies":[{"name":"wp","href":"https:\/\/api.w.org\/{rel}","templated":true}]}}