{"id":2883,"date":"2024-07-01T21:41:52","date_gmt":"2024-07-01T19:41:52","guid":{"rendered":"http:\/\/store.droneway.ma\/?post_type=product&#038;p=2883"},"modified":"2024-07-01T21:51:01","modified_gmt":"2024-07-01T19:51:01","slug":"dji-matrice-350-rtk","status":"publish","type":"product","link":"https:\/\/store.droneway.ma\/index.php\/produit\/dji-matrice-350-rtk\/","title":{"rendered":"DJI Matrice 350 RTK"},"content":{"rendered":"<p>Le DJI Matrice 350 RTK, est un drone nouvelle g\u00e9n\u00e9ration qui offre des capacit\u00e9s exceptionnelles gr\u00e2ce \u00e0 un syst\u00e8me de transmission vid\u00e9o optimis\u00e9, un contr\u00f4le am\u00e9lior\u00e9, une batterie plus efficace, et une s\u00e9curit\u00e9 renforc\u00e9e. Avec sa capacit\u00e9 de charge utile importante et ses options d&rsquo;expansion flexibles, le drone Matrice 350 RTK est un outil puissant et innovant pour toutes les op\u00e9rations a\u00e9riennes. Dot\u00e9 d&rsquo;une protection IP55 robuste et d&rsquo;une transmission O3 Enterprise offrant une port\u00e9e impressionnante de 8 km en Europe. Ce drone s&rsquo;affirme comme un choix privil\u00e9gi\u00e9 pour les professionnels. Le DJI M350 RTK est \u00e9galement \u00e9quip\u00e9 de la radiocommande DJI RC Plus et d\u2019une cam\u00e9ra FPV \u00e0 vision nocturne.<\/p>\n<p>Avec la nouvelle capacit\u00e9 d\u2019emport du M350 RTK, vous pourrez maintenant \u00e9quiper jusqu\u2019\u00e0 3 capteurs en simultan\u00e9 (deux en dessous, un au dessus) ce qui donne la capacit\u00e9 de r\u00e9aliser des vid\u00e9os \/ photos \/ inspections verticales. Cette possibilit\u00e9 de s\u2019adapter \u00e0 tous types de circonstances ext\u00e9rieures cumul\u00e9e avec la diversit\u00e9 et performance des capteurs qu\u2019il peut embarquer est unique. De plus, un op\u00e9rateur pourra s\u2019occuper du pilotage pendant qu\u2019un cadreur pourra se focaliser uniquement sur les images.<\/p>\n<p>Que ce soit pour r\u00e9aliser des inspections visuelles d\u2019ouvrages d\u2019art, de la d\u00e9tection thermique  ou encore de l\u2019observation\/surveillance longue port\u00e9e verticale, ou les trois \u00e0 la fois le Matrice 300 RTK ne rechignera pas \u00e0 la t\u00e2che.<\/p>\n","protected":false},"excerpt":{"rendered":"<p>Le drone DJI Matrice 350 RTK est capable d&#8217;emporter jusqu&rsquo;\u00e0 trois nacelles dont les Zenmuse H20 et H20T, les cam\u00e9ras Zenmuse P1 et Zenmuse L2 ainsi que d&rsquo;autres mod\u00e8les comme les Z30, XT2 et XTS (jusque 2,7 kgs d&#8217;emport max.).<\/p>\n","protected":false},"featured_media":2884,"template":"","meta":{"content-type":"","rop_custom_images_group":[],"rop_custom_messages_group":[],"rop_publish_now":"initial","rop_publish_now_accounts":[],"rop_publish_now_history":[],"rop_publish_now_status":"pending"},"product_brand":[],"product_cat":[18,32],"product_tag":[],"class_list":{"0":"post-2883","1":"product","2":"type-product","3":"status-publish","4":"has-post-thumbnail","6":"product_cat-dji-matrice","7":"product_cat-matrice-300","9":"first","10":"instock","11":"featured","12":"purchasable","13":"product-type-simple"},"jetpack-related-posts":[{"id":2125,"url":"https:\/\/store.droneway.ma\/index.php\/produit\/dji-matrice-300-rtk\/","url_meta":{"origin":2883,"position":0},"title":"DJI Matrice 300 RTK","author":"admin","date":"21 novembre 2020","format":false,"excerpt":"Le drone DJI Matrice 300 RTK est capable d'emporter jusqu'\u00e0 trois nacelles dont les Zenmuse H20 et H20T, les cam\u00e9ras Zenmuse P1 et Zenmuse L1 ainsi que d'autres mod\u00e8les comme les Z30, XT2 et XT S (jusque 2,7 kgs d'emport max.).","rel":"","context":"Article similaire","block_context":{"text":"Article similaire","link":""},"img":{"alt_text":"DJI Matrice 300 RTK","src":"https:\/\/i0.wp.com\/store.droneway.ma\/wp-content\/uploads\/2020\/11\/p-image-217671-grande.jpg?resize=350%2C200&ssl=1","width":350,"height":200,"srcset":"https:\/\/i0.wp.com\/store.droneway.ma\/wp-content\/uploads\/2020\/11\/p-image-217671-grande.jpg?resize=350%2C200&ssl=1 1x, https:\/\/i0.wp.com\/store.droneway.ma\/wp-content\/uploads\/2020\/11\/p-image-217671-grande.jpg?resize=525%2C300&ssl=1 1.5x, https:\/\/i0.wp.com\/store.droneway.ma\/wp-content\/uploads\/2020\/11\/p-image-217671-grande.jpg?resize=700%2C400&ssl=1 2x"},"classes":[]},{"id":2100,"url":"https:\/\/store.droneway.ma\/index.php\/produit\/dji-matrice-210-rtk-v2-et-station-gnss\/","url_meta":{"origin":2883,"position":1},"title":"DJI Matrice 210 RTK V2 et station GNSS","author":"admin","date":"21 novembre 2020","format":false,"excerpt":"Le drone DJI Matrice s\u00e9rie 200 Con\u00e7u pour durer: Des moteurs haute performance associ\u00e9s \u00e0 des h\u00e9lices de 17 pouces assurent un vol stable par vent fort. Le nouveau syst\u00e8me d'alimentation \u00e0 double batterie chauffe automatiquement les batteries lors du vol \u00e0 des temp\u00e9ratures inf\u00e9rieures \u00e0 z\u00e9ro, tandis qu'une conception\u2026","rel":"","context":"Article similaire","block_context":{"text":"Article similaire","link":""},"img":{"alt_text":"DJI Matrice 210 RTK V2 et station GNSS","src":"https:\/\/i0.wp.com\/store.droneway.ma\/wp-content\/uploads\/2020\/11\/dji-matrice-210-rtk-v2-et-station-mobile-gnss-de-haute-precision-p-image-206250-grande.jpg?resize=350%2C200&ssl=1","width":350,"height":200,"srcset":"https:\/\/i0.wp.com\/store.droneway.ma\/wp-content\/uploads\/2020\/11\/dji-matrice-210-rtk-v2-et-station-mobile-gnss-de-haute-precision-p-image-206250-grande.jpg?resize=350%2C200&ssl=1 1x, https:\/\/i0.wp.com\/store.droneway.ma\/wp-content\/uploads\/2020\/11\/dji-matrice-210-rtk-v2-et-station-mobile-gnss-de-haute-precision-p-image-206250-grande.jpg?resize=525%2C300&ssl=1 1.5x, https:\/\/i0.wp.com\/store.droneway.ma\/wp-content\/uploads\/2020\/11\/dji-matrice-210-rtk-v2-et-station-mobile-gnss-de-haute-precision-p-image-206250-grande.jpg?resize=700%2C400&ssl=1 2x"},"classes":[]},{"id":2127,"url":"https:\/\/store.droneway.ma\/index.php\/produit\/batterie-tb60-pour-dji-matrice-300-rtk\/","url_meta":{"origin":2883,"position":2},"title":"Batterie TB60 pour DJI Matrice 300 RTK","author":"admin","date":"21 novembre 2020","format":false,"excerpt":"Batterie con\u00e7ue pour le Matrice 300 RTK Puissance et capacit\u00e9 impressionnante : 12S 5935 mAh Syst\u00e8me auto-chauffant Grande autonomie","rel":"","context":"Article similaire","block_context":{"text":"Article similaire","link":""},"img":{"alt_text":"Batterie TB60 pour DJI Matrice 300 RTK","src":"https:\/\/i0.wp.com\/store.droneway.ma\/wp-content\/uploads\/2020\/11\/batterie-tb60-pour-dji-matrice-300-rtk-p-image-218760-grande.jpg?resize=350%2C200&ssl=1","width":350,"height":200},"classes":[]},{"id":2134,"url":"https:\/\/store.droneway.ma\/index.php\/produit\/valise-etanche-2800w-pour-dji-matrice-300-rtk-hprc\/","url_meta":{"origin":2883,"position":3},"title":"Valise \u00e9tanche 2800W pour DJI Matrice 300 RTK &#8211; HPRC","author":"admin","date":"21 novembre 2020","format":false,"excerpt":"Valise haut de gamme de chez HPRC Mousse haute densit\u00e9 permettant le respect du mat\u00e9riel Con\u00e7ue pour le drone DJI Matrice 300 RTK et ses accessoires Indice de protection IP67","rel":"","context":"Article similaire","block_context":{"text":"Article similaire","link":""},"img":{"alt_text":"Valise \u00e9tanche 2800W pour DJI Matrice 300 RTK - HPRC","src":"https:\/\/i0.wp.com\/store.droneway.ma\/wp-content\/uploads\/2020\/11\/valise-etanche-2800w-pour-dji-matrice-300-rtk-hprc-p-image-218929-grande.jpg?resize=350%2C200&ssl=1","width":350,"height":200,"srcset":"https:\/\/i0.wp.com\/store.droneway.ma\/wp-content\/uploads\/2020\/11\/valise-etanche-2800w-pour-dji-matrice-300-rtk-hprc-p-image-218929-grande.jpg?resize=350%2C200&ssl=1 1x, https:\/\/i0.wp.com\/store.droneway.ma\/wp-content\/uploads\/2020\/11\/valise-etanche-2800w-pour-dji-matrice-300-rtk-hprc-p-image-218929-grande.jpg?resize=525%2C300&ssl=1 1.5x, https:\/\/i0.wp.com\/store.droneway.ma\/wp-content\/uploads\/2020\/11\/valise-etanche-2800w-pour-dji-matrice-300-rtk-hprc-p-image-218929-grande.jpg?resize=700%2C400&ssl=1 2x"},"classes":[]},{"id":2099,"url":"https:\/\/store.droneway.ma\/index.php\/produit\/dji-matrice-210-rtk\/","url_meta":{"origin":2883,"position":4},"title":"DJI Matrice 210 RTK","author":"admin","date":"21 novembre 2020","format":false,"excerpt":"Le drone DJI Matrice s\u00e9rie 200 Con\u00e7u pour durer: Des moteurs haute performance associ\u00e9s \u00e0 des h\u00e9lices de 17 pouces assurent un vol stable par vent fort. Le nouveau syst\u00e8me d'alimentation \u00e0 double batterie chauffe automatiquement les batteries lors du vol \u00e0 des temp\u00e9ratures inf\u00e9rieures \u00e0 z\u00e9ro, tandis qu'une conception\u2026","rel":"","context":"Article similaire","block_context":{"text":"Article similaire","link":""},"img":{"alt_text":"DJI Matrice 210 RTK","src":"https:\/\/i0.wp.com\/store.droneway.ma\/wp-content\/uploads\/2020\/11\/dji-matrice-210-rtk-p-image-198019-grande.jpg?resize=350%2C200&ssl=1","width":350,"height":200,"srcset":"https:\/\/i0.wp.com\/store.droneway.ma\/wp-content\/uploads\/2020\/11\/dji-matrice-210-rtk-p-image-198019-grande.jpg?resize=350%2C200&ssl=1 1x, https:\/\/i0.wp.com\/store.droneway.ma\/wp-content\/uploads\/2020\/11\/dji-matrice-210-rtk-p-image-198019-grande.jpg?resize=525%2C300&ssl=1 1.5x, https:\/\/i0.wp.com\/store.droneway.ma\/wp-content\/uploads\/2020\/11\/dji-matrice-210-rtk-p-image-198019-grande.jpg?resize=700%2C400&ssl=1 2x"},"classes":[]},{"id":2129,"url":"https:\/\/store.droneway.ma\/index.php\/produit\/station-mobile-dji-d-rtk-2-haute-precision-gnss-pour-dji-phantom-4-rtk\/","url_meta":{"origin":2883,"position":5},"title":"Station mobile DJI D-RTK 2 haute pr\u00e9cision GNSS pour DJI Phantom 4 RTK","author":"admin","date":"21 novembre 2020","format":false,"excerpt":"Solution de positionnement centim\u00e9trique : 1cm + 1 ppm Autonomie variable : 2h, 50h ou en continu Compatible DJI Phantom 4 RTK","rel":"","context":"Article similaire","block_context":{"text":"Article similaire","link":""},"img":{"alt_text":"Station mobile DJI D-RTK 2 haute pr\u00e9cision GNSS pour DJI Phantom 4 RTK","src":"https:\/\/i0.wp.com\/store.droneway.ma\/wp-content\/uploads\/2020\/11\/station-mobile-dji-d-rtk-2-haute-precision-gnss-p-image-202399-grande.jpg?resize=350%2C200&ssl=1","width":350,"height":200},"classes":[]}],"jetpack_sharing_enabled":true,"_links":{"self":[{"href":"https:\/\/store.droneway.ma\/index.php\/wp-json\/wp\/v2\/product\/2883","targetHints":{"allow":["GET"]}}],"collection":[{"href":"https:\/\/store.droneway.ma\/index.php\/wp-json\/wp\/v2\/product"}],"about":[{"href":"https:\/\/store.droneway.ma\/index.php\/wp-json\/wp\/v2\/types\/product"}],"wp:featuredmedia":[{"embeddable":true,"href":"https:\/\/store.droneway.ma\/index.php\/wp-json\/wp\/v2\/media\/2884"}],"wp:attachment":[{"href":"https:\/\/store.droneway.ma\/index.php\/wp-json\/wp\/v2\/media?parent=2883"}],"wp:term":[{"taxonomy":"product_brand","embeddable":true,"href":"https:\/\/store.droneway.ma\/index.php\/wp-json\/wp\/v2\/product_brand?post=2883"},{"taxonomy":"product_cat","embeddable":true,"href":"https:\/\/store.droneway.ma\/index.php\/wp-json\/wp\/v2\/product_cat?post=2883"},{"taxonomy":"product_tag","embeddable":true,"href":"https:\/\/store.droneway.ma\/index.php\/wp-json\/wp\/v2\/product_tag?post=2883"}],"curies":[{"name":"wp","href":"https:\/\/api.w.org\/{rel}","templated":true}]}}