{"id":2828,"date":"2023-03-13T13:46:04","date_gmt":"2023-03-13T12:46:04","guid":{"rendered":"http:\/\/store.droneway.ma\/?post_type=product&#038;p=2828"},"modified":"2023-03-13T13:46:05","modified_gmt":"2023-03-13T12:46:05","slug":"mavic-3-entreprise-rtk","status":"publish","type":"product","link":"https:\/\/store.droneway.ma\/index.php\/produit\/mavic-3-entreprise-rtk\/","title":{"rendered":"Mavic 3 Entreprise RTK"},"content":{"rendered":"<p>Le DJI Mavic 3E RTK, dans cette version Fly More Combo, est un drone ultra complet. Il sera id\u00e9al pour les travaux de photogramm\u00e9trie, topographie, inspection etc. Il succ\u00e8de dignement \u00e0 l&rsquo;illustre Phantom 4 RTK en reprenant tout ce qui avait fait son succ\u00e8s, et en ajoutant tous les avantages de la conception du Mavic 3.<\/p>\n<p>Gr\u00e2ce \u00e0 son capteur 4\/3&Prime; 20MP, son obturateur m\u00e9canique et son module RTK amovible, il sera terriblement efficace dans les travaux d&rsquo;analyse d&rsquo;orthophotographie. Ce module RTK n&rsquo;impacte d&rsquo;ailleurs que tr\u00e8s peu l&rsquo;autonomie du drone qui affiche pas loin de 45 minutes d&rsquo;autonomie (\u00e0 multiplier par les 4 batteries pr\u00e9sentes dans ce pack).<\/p>\n<p>POINTS FORTS :<\/p>\n<p>    Pack ultra complet avec module RTK, id\u00e9al pour la photogramm\u00e9trie<br \/>\n    4 batteries incluses dans le pack<br \/>\n    Station de charge pour 3 batteries 100 W et son adaptateur secteur<br \/>\n    Cam\u00e9ra 4\/3&Prime; 20 MP, et t\u00e9l\u00e9objectif 1\/2&Prime; 12 MP avec zoom hybride x56<br \/>\n    Radiocommande DJI RC Pro Enterprise avec \u00e9cran<\/p>\n","protected":false},"excerpt":{"rendered":"<p>Le DJI Mavic 3E RTK, dans cette version Fly More Combo, est un drone ultra complet. Il sera id\u00e9al pour&hellip;<\/p>\n","protected":false},"featured_media":2823,"template":"","meta":{"content-type":"","rop_custom_images_group":[],"rop_custom_messages_group":[],"rop_publish_now":"initial","rop_publish_now_accounts":[],"rop_publish_now_history":[],"rop_publish_now_status":"pending"},"product_brand":[],"product_cat":[70,16],"product_tag":[],"class_list":{"0":"post-2828","1":"product","2":"type-product","3":"status-publish","4":"has-post-thumbnail","6":"product_cat-mavic-3-entreprise","7":"product_cat-dji-mavic","9":"first","10":"instock","11":"taxable","12":"shipping-taxable","13":"purchasable","14":"product-type-simple"},"jetpack-related-posts":[{"id":2829,"url":"https:\/\/store.droneway.ma\/index.php\/produit\/mavic-3-mutlispectral\/","url_meta":{"origin":2828,"position":0},"title":"Mavic 3 Mutlispectral","author":"admin","date":"13 mars 2023","format":false,"excerpt":"Le DJI Mavic 3M Multispectral RTK Fly More Combo est un pack sp\u00e9cial int\u00e9grant le drone professionnel DJI M3M, con\u00e7u pour l\u2019agriculture et l\u2019environnement. La principale application de ce drone est la prise de vue multispectrale, ce qu'il parvient \u00e0 r\u00e9aliser \u00e0 l\u2019aide d\u2019une cam\u00e9ra multispectrale constitu\u00e9e de 4 capteurs\u2026","rel":"","context":"Article similaire","block_context":{"text":"Article similaire","link":""},"img":{"alt_text":"","src":"https:\/\/i0.wp.com\/store.droneway.ma\/wp-content\/uploads\/2023\/03\/mavic-3-m.png?resize=350%2C200&ssl=1","width":350,"height":200,"srcset":"https:\/\/i0.wp.com\/store.droneway.ma\/wp-content\/uploads\/2023\/03\/mavic-3-m.png?resize=350%2C200&ssl=1 1x, https:\/\/i0.wp.com\/store.droneway.ma\/wp-content\/uploads\/2023\/03\/mavic-3-m.png?resize=525%2C300&ssl=1 1.5x, https:\/\/i0.wp.com\/store.droneway.ma\/wp-content\/uploads\/2023\/03\/mavic-3-m.png?resize=700%2C400&ssl=1 2x, https:\/\/i0.wp.com\/store.droneway.ma\/wp-content\/uploads\/2023\/03\/mavic-3-m.png?resize=1050%2C600&ssl=1 3x"},"classes":[]},{"id":2406,"url":"https:\/\/store.droneway.ma\/index.php\/produit\/dji-phantom-4-rtk-et-d-rtk-2-combo\/","url_meta":{"origin":2828,"position":1},"title":"DJI Phantom 4 RTK et D-RTK 2 Combo","author":"admin","date":"21 novembre 2020","format":false,"excerpt":"La technologie SyncTime synchronise le fonctionnement des diff\u00e9rents modules pour une grande pr\u00e9cision des donn\u00e9es : \u00e9chantillonnage de 2.74cm \u00e0 100 m d\u2019altitude.","rel":"","context":"Article similaire","block_context":{"text":"Article similaire","link":""},"img":{"alt_text":"DJI Phantom 4 RTK et D-RTK 2 Combo","src":"https:\/\/i0.wp.com\/store.droneway.ma\/wp-content\/uploads\/2020\/11\/DJI-Phantom-4-RTK-et-D-RTK-2-Combo.jpg?resize=350%2C200&ssl=1","width":350,"height":200,"srcset":"https:\/\/i0.wp.com\/store.droneway.ma\/wp-content\/uploads\/2020\/11\/DJI-Phantom-4-RTK-et-D-RTK-2-Combo.jpg?resize=350%2C200&ssl=1 1x, https:\/\/i0.wp.com\/store.droneway.ma\/wp-content\/uploads\/2020\/11\/DJI-Phantom-4-RTK-et-D-RTK-2-Combo.jpg?resize=525%2C300&ssl=1 1.5x, https:\/\/i0.wp.com\/store.droneway.ma\/wp-content\/uploads\/2020\/11\/DJI-Phantom-4-RTK-et-D-RTK-2-Combo.jpg?resize=700%2C400&ssl=1 2x"},"classes":[]},{"id":2401,"url":"https:\/\/store.droneway.ma\/index.php\/produit\/dji-phantom-4-rtk\/","url_meta":{"origin":2828,"position":2},"title":"DJI Phantom 4 RTK","author":"admin","date":"21 novembre 2020","format":false,"excerpt":"Les metadata les plus pr\u00e9cises seront ainsi inscrites dans chaque photographie captur\u00e9e par la cam\u00e9ra 1 pouce CMOS de 20MP. La technologie SyncTime participe \u00e0 cette finesse des donn\u00e9es en fusionnant les donn\u00e9es issues des diff\u00e9rents modules pour une perfection absolue. Le contr\u00f4leur de vol, la cam\u00e9ra et le module\u2026","rel":"","context":"Article similaire","block_context":{"text":"Article similaire","link":""},"img":{"alt_text":"DJI Phantom 4 RTK","src":"https:\/\/i0.wp.com\/store.droneway.ma\/wp-content\/uploads\/2020\/11\/DJI-Phantom-4-RTK.jpg?resize=350%2C200&ssl=1","width":350,"height":200,"srcset":"https:\/\/i0.wp.com\/store.droneway.ma\/wp-content\/uploads\/2020\/11\/DJI-Phantom-4-RTK.jpg?resize=350%2C200&ssl=1 1x, https:\/\/i0.wp.com\/store.droneway.ma\/wp-content\/uploads\/2020\/11\/DJI-Phantom-4-RTK.jpg?resize=525%2C300&ssl=1 1.5x"},"classes":[]},{"id":2432,"url":"https:\/\/store.droneway.ma\/index.php\/produit\/dji-phantom-4-rtk-avec-station-mobile-d-rtk-2-et-terra-pro-1-an\/","url_meta":{"origin":2828,"position":3},"title":"DJI Phantom 4 RTK avec station mobile D-RTK 2 et Terra Pro (1 an)","author":"admin","date":"21 novembre 2020","format":false,"excerpt":"La station D-RTK 2, un r\u00e9cepteur GNSS de haute pr\u00e9cision pour effectuer des corrections diff\u00e9rentielles en temps r\u00e9el et g\u00e9n\u00e9rer des donn\u00e9es de positionnement au centim\u00e8tre pr\u00e8s.","rel":"","context":"Article similaire","block_context":{"text":"Article similaire","link":""},"img":{"alt_text":"DJI Phantom 4 RTK avec station mobile D-RTK 2 et Terra Pro (1 an)","src":"https:\/\/i0.wp.com\/store.droneway.ma\/wp-content\/uploads\/2020\/11\/DJI-Phantom-4-RTK-avec-station-mobile-D-RTK-2-et-Terra-Pro-1-an.jpg?resize=350%2C200&ssl=1","width":350,"height":200,"srcset":"https:\/\/i0.wp.com\/store.droneway.ma\/wp-content\/uploads\/2020\/11\/DJI-Phantom-4-RTK-avec-station-mobile-D-RTK-2-et-Terra-Pro-1-an.jpg?resize=350%2C200&ssl=1 1x, https:\/\/i0.wp.com\/store.droneway.ma\/wp-content\/uploads\/2020\/11\/DJI-Phantom-4-RTK-avec-station-mobile-D-RTK-2-et-Terra-Pro-1-an.jpg?resize=525%2C300&ssl=1 1.5x, https:\/\/i0.wp.com\/store.droneway.ma\/wp-content\/uploads\/2020\/11\/DJI-Phantom-4-RTK-avec-station-mobile-D-RTK-2-et-Terra-Pro-1-an.jpg?resize=700%2C400&ssl=1 2x"},"classes":[]},{"id":2099,"url":"https:\/\/store.droneway.ma\/index.php\/produit\/dji-matrice-210-rtk\/","url_meta":{"origin":2828,"position":4},"title":"DJI Matrice 210 RTK","author":"admin","date":"21 novembre 2020","format":false,"excerpt":"Le drone DJI Matrice s\u00e9rie 200 Con\u00e7u pour durer: Des moteurs haute performance associ\u00e9s \u00e0 des h\u00e9lices de 17 pouces assurent un vol stable par vent fort. Le nouveau syst\u00e8me d'alimentation \u00e0 double batterie chauffe automatiquement les batteries lors du vol \u00e0 des temp\u00e9ratures inf\u00e9rieures \u00e0 z\u00e9ro, tandis qu'une conception\u2026","rel":"","context":"Article similaire","block_context":{"text":"Article similaire","link":""},"img":{"alt_text":"DJI Matrice 210 RTK","src":"https:\/\/i0.wp.com\/store.droneway.ma\/wp-content\/uploads\/2020\/11\/dji-matrice-210-rtk-p-image-198019-grande.jpg?resize=350%2C200&ssl=1","width":350,"height":200,"srcset":"https:\/\/i0.wp.com\/store.droneway.ma\/wp-content\/uploads\/2020\/11\/dji-matrice-210-rtk-p-image-198019-grande.jpg?resize=350%2C200&ssl=1 1x, https:\/\/i0.wp.com\/store.droneway.ma\/wp-content\/uploads\/2020\/11\/dji-matrice-210-rtk-p-image-198019-grande.jpg?resize=525%2C300&ssl=1 1.5x, https:\/\/i0.wp.com\/store.droneway.ma\/wp-content\/uploads\/2020\/11\/dji-matrice-210-rtk-p-image-198019-grande.jpg?resize=700%2C400&ssl=1 2x"},"classes":[]},{"id":2429,"url":"https:\/\/store.droneway.ma\/index.php\/produit\/dji-phantom-4-rtk-et-terra-pro-1-an\/","url_meta":{"origin":2828,"position":5},"title":"DJI Phantom 4 RTK et Terra Pro (1 an)","author":"admin","date":"21 novembre 2020","format":false,"excerpt":"Ergonomique, ce logiciel DJI est l\u2019outil qu\u2019il vous faut pour collecter des donn\u00e9es du monde r\u00e9el et les exploiter num\u00e9riquement dans de nombreux domaines : s\u00e9curit\u00e9 publique, construction, infrastructure, agriculture et cin\u00e9ma.","rel":"","context":"Article similaire","block_context":{"text":"Article similaire","link":""},"img":{"alt_text":"DJI Phantom 4 RTK et Terra Pro (1 an)","src":"https:\/\/i0.wp.com\/store.droneway.ma\/wp-content\/uploads\/2020\/11\/DJI-Phantom-4-RTK-et-Terra-Pro-1-an.jpg?resize=350%2C200&ssl=1","width":350,"height":200,"srcset":"https:\/\/i0.wp.com\/store.droneway.ma\/wp-content\/uploads\/2020\/11\/DJI-Phantom-4-RTK-et-Terra-Pro-1-an.jpg?resize=350%2C200&ssl=1 1x, https:\/\/i0.wp.com\/store.droneway.ma\/wp-content\/uploads\/2020\/11\/DJI-Phantom-4-RTK-et-Terra-Pro-1-an.jpg?resize=525%2C300&ssl=1 1.5x"},"classes":[]}],"jetpack_sharing_enabled":true,"_links":{"self":[{"href":"https:\/\/store.droneway.ma\/index.php\/wp-json\/wp\/v2\/product\/2828","targetHints":{"allow":["GET"]}}],"collection":[{"href":"https:\/\/store.droneway.ma\/index.php\/wp-json\/wp\/v2\/product"}],"about":[{"href":"https:\/\/store.droneway.ma\/index.php\/wp-json\/wp\/v2\/types\/product"}],"wp:featuredmedia":[{"embeddable":true,"href":"https:\/\/store.droneway.ma\/index.php\/wp-json\/wp\/v2\/media\/2823"}],"wp:attachment":[{"href":"https:\/\/store.droneway.ma\/index.php\/wp-json\/wp\/v2\/media?parent=2828"}],"wp:term":[{"taxonomy":"product_brand","embeddable":true,"href":"https:\/\/store.droneway.ma\/index.php\/wp-json\/wp\/v2\/product_brand?post=2828"},{"taxonomy":"product_cat","embeddable":true,"href":"https:\/\/store.droneway.ma\/index.php\/wp-json\/wp\/v2\/product_cat?post=2828"},{"taxonomy":"product_tag","embeddable":true,"href":"https:\/\/store.droneway.ma\/index.php\/wp-json\/wp\/v2\/product_tag?post=2828"}],"curies":[{"name":"wp","href":"https:\/\/api.w.org\/{rel}","templated":true}]}}