{"id":2814,"date":"2023-03-05T21:02:21","date_gmt":"2023-03-05T20:02:21","guid":{"rendered":"http:\/\/store.droneway.ma\/?post_type=product&#038;p=2814"},"modified":"2023-03-05T21:02:22","modified_gmt":"2023-03-05T20:02:22","slug":"gants-tactiles-pour-telepilote-et-photographe","status":"publish","type":"product","link":"https:\/\/store.droneway.ma\/index.php\/produit\/gants-tactiles-pour-telepilote-et-photographe\/","title":{"rendered":"Gants tactiles pour t\u00e9l\u00e9pilote et photographe"},"content":{"rendered":"<p>Les gants PGY pour photographe sont parfaitement adapt\u00e9s \u00e0 la manipulation en p\u00e9riode hivernale de filtres, d\u2019appareils photo, de radiocommande de drone, tout en conservant une tr\u00e8s bonne dext\u00e9rit\u00e9.<\/p>\n<p>Les gants sont chauds, l\u00e9gers, d\u00e9perlants et souples. Dot\u00e9s de la technologie Hipora Waterproof et d\u2019un liner respirant, ils seront tr\u00e8s appr\u00e9ci\u00e9s par les photographes, vid\u00e9astes, sportifs ou encore t\u00e9l\u00e9pilotes de drones. Ils sont bien maintenus par le strap poignet pour un ajustement parfait. Dans votre paume, une texture antid\u00e9rapante vous assure une bonne prise en main de votre appareil photo ou de vos \u00e9quipements.<\/p>\n<p>Le principal avantage de ces gants PGY r\u00e9side dans l&rsquo;extr\u00e9mit\u00e9 des doigts qui sont repliables (mode mitaine sur les 3 premiers doigts) pour une meilleure action sur les joysticks, boutons&#8230; Il suffit de replier le bout des gants et de les clipser pour d\u00e9gager vos doigts. Ils sont aussi tactiles pour une interaction avec les \u00e9crans des smartphones et tablettes.<\/p>\n<p>Ils sont disponibles en trois tailles : M, L et XL. Retrouvez notre guide des tailles plus bas.<\/p>\n","protected":false},"excerpt":{"rendered":"<p>Les gants PGY pour photographe sont parfaitement adapt\u00e9s \u00e0 la manipulation en p\u00e9riode hivernale de filtres, d\u2019appareils photo, de radiocommande de drone, tout en conservant une tr\u00e8s bonne dext\u00e9rit\u00e9.<\/p>\n","protected":false},"featured_media":2816,"template":"","meta":{"content-type":"","rop_custom_images_group":[],"rop_custom_messages_group":[],"rop_publish_now":"initial","rop_publish_now_accounts":[],"rop_publish_now_history":[],"rop_publish_now_status":"pending"},"product_brand":[],"product_cat":[15],"product_tag":[],"class_list":{"0":"post-2814","1":"product","2":"type-product","3":"status-publish","4":"has-post-thumbnail","6":"product_cat-services","8":"first","9":"instock","10":"purchasable","11":"product-type-simple"},"jetpack-related-posts":[{"id":2399,"url":"https:\/\/store.droneway.ma\/index.php\/produit\/sac-bandouliere-onemo-twilight-black-pgytech\/","url_meta":{"origin":2814,"position":0},"title":"Sac bandouli\u00e8re OneMo (Twilight Black) &#8211; PGYTECH","author":"admin","date":"21 novembre 2020","format":false,"excerpt":"Sac bandouli\u00e8re de qualit\u00e9 PGY Pour drones et mat\u00e9riel photo Grande capacit\u00e9 : 5L Rev\u00eatement hydrofuge","rel":"","context":"Article similaire","block_context":{"text":"Article similaire","link":""},"img":{"alt_text":"Sac bandouli\u00e8re OneMo (Twilight Black) - PGYTECH","src":"https:\/\/i0.wp.com\/store.droneway.ma\/wp-content\/uploads\/2020\/11\/sac-bandouliere-onemotwilight-black-pgytech-p-image-216498-grande.jpg?resize=350%2C200&ssl=1","width":350,"height":200,"srcset":"https:\/\/i0.wp.com\/store.droneway.ma\/wp-content\/uploads\/2020\/11\/sac-bandouliere-onemotwilight-black-pgytech-p-image-216498-grande.jpg?resize=350%2C200&ssl=1 1x, https:\/\/i0.wp.com\/store.droneway.ma\/wp-content\/uploads\/2020\/11\/sac-bandouliere-onemotwilight-black-pgytech-p-image-216498-grande.jpg?resize=525%2C300&ssl=1 1.5x"},"classes":[]},{"id":2278,"url":"https:\/\/store.droneway.ma\/index.php\/produit\/piste-de-decollage-pliable-pour-drones-pgytech-2\/","url_meta":{"origin":2814,"position":1},"title":"Piste de d\u00e9collage pliable pour drones &#8211; PGYTECH","author":"admin","date":"21 novembre 2020","format":false,"excerpt":"Piste compatible avec nombreux drones R\u00e9versible (orange \/ bleu) Pliable pour favoriser le transport Sac de transport fourni","rel":"","context":"Article similaire","block_context":{"text":"Article similaire","link":""},"img":{"alt_text":"Piste de d\u00e9collage pliable pour drones - PGYTECH","src":"https:\/\/i0.wp.com\/store.droneway.ma\/wp-content\/uploads\/2020\/11\/piste-de-decollage-carree-pour-drones-pgy-p-image-194818-grande.jpg?resize=350%2C200&ssl=1","width":350,"height":200},"classes":[]},{"id":2159,"url":"https:\/\/store.droneway.ma\/index.php\/produit\/piste-de-decollage-pliable-pour-drones-pgytech\/","url_meta":{"origin":2814,"position":2},"title":"Piste de d\u00e9collage pliable pour drones &#8211; PGYTECH","author":"admin","date":"21 novembre 2020","format":false,"excerpt":"Piste compatible avec nombreux drones R\u00e9versible (orange \/ bleu) Pliable pour favoriser le transport Sac de transport fourni","rel":"","context":"Article similaire","block_context":{"text":"Article similaire","link":""},"img":{"alt_text":"Piste de d\u00e9collage pliable pour drones - PGYTECH","src":"https:\/\/i0.wp.com\/store.droneway.ma\/wp-content\/uploads\/2020\/11\/piste-de-decollage-carree-pour-drones-pgy-p-image-194818-grande.jpg?resize=350%2C200&ssl=1","width":350,"height":200},"classes":[]},{"id":2516,"url":"https:\/\/store.droneway.ma\/index.php\/produit\/t2-tripod-pgy\/","url_meta":{"origin":2814,"position":3},"title":"T2 Tripod &#8211; PGY","author":"admin","date":"21 novembre 2020","format":false,"excerpt":"Tr\u00e9pied pour cam\u00e9ras et stabilisateurs 2 angles au choix : 45 et 75\u00b0 Mode poign\u00e9e Fixation 1\/4\"","rel":"","context":"Article similaire","block_context":{"text":"Article similaire","link":""},"img":{"alt_text":"T2 Tripod - PGY","src":"https:\/\/i0.wp.com\/store.droneway.ma\/wp-content\/uploads\/2020\/11\/T2-Tripod-PGY.jpg?resize=350%2C200&ssl=1","width":350,"height":200,"srcset":"https:\/\/i0.wp.com\/store.droneway.ma\/wp-content\/uploads\/2020\/11\/T2-Tripod-PGY.jpg?resize=350%2C200&ssl=1 1x, https:\/\/i0.wp.com\/store.droneway.ma\/wp-content\/uploads\/2020\/11\/T2-Tripod-PGY.jpg?resize=525%2C300&ssl=1 1.5x, https:\/\/i0.wp.com\/store.droneway.ma\/wp-content\/uploads\/2020\/11\/T2-Tripod-PGY.jpg?resize=700%2C400&ssl=1 2x"},"classes":[]},{"id":2235,"url":"https:\/\/store.droneway.ma\/index.php\/produit\/support-helices-pour-dji-mavic-2-pgytech\/","url_meta":{"origin":2814,"position":4},"title":"Support h\u00e9lices pour DJI Mavic 2 &#8211; PGYTECH","author":"admin","date":"21 novembre 2020","format":false,"excerpt":"S\u00e9curise votre drone\u00a0 Pr\u00e9serve les h\u00e9lices\u00a0 Finition haut de gamme\u00a0 Installation simpliste","rel":"","context":"Article similaire","block_context":{"text":"Article similaire","link":""},"img":{"alt_text":"Support h\u00e9lices pour DJI Mavic 2 - PGYTECH","src":"https:\/\/i0.wp.com\/store.droneway.ma\/wp-content\/uploads\/2020\/11\/Support-helices-pour-DJI-Mavic-2-PGYTECH-1.jpg?resize=350%2C200&ssl=1","width":350,"height":200,"srcset":"https:\/\/i0.wp.com\/store.droneway.ma\/wp-content\/uploads\/2020\/11\/Support-helices-pour-DJI-Mavic-2-PGYTECH-1.jpg?resize=350%2C200&ssl=1 1x, https:\/\/i0.wp.com\/store.droneway.ma\/wp-content\/uploads\/2020\/11\/Support-helices-pour-DJI-Mavic-2-PGYTECH-1.jpg?resize=525%2C300&ssl=1 1.5x, https:\/\/i0.wp.com\/store.droneway.ma\/wp-content\/uploads\/2020\/11\/Support-helices-pour-DJI-Mavic-2-PGYTECH-1.jpg?resize=700%2C400&ssl=1 2x"},"classes":[]},{"id":2917,"url":"https:\/\/store.droneway.ma\/index.php\/produit\/mavic-3-pro-cine\/","url_meta":{"origin":2814,"position":5},"title":"Mavic 3 Pro &#038; Cin\u00e9","author":"admin","date":"1 juillet 2024","format":false,"excerpt":"La s\u00e9rie DJI Mavic 3 pr\u00e9sente des performances d'imagerie de suivi. Le syst\u00e8me de triple cam\u00e9ra de Mavic 3 Pro inaugure une nouvelle \u00e8re de drones de cam\u00e9ra en liant trois capteurs et lentilles avec des distances focales diff\u00e9rentes. \u00c9quip\u00e9 d'une cam\u00e9ra Hasselblad et d'une double cam\u00e9ra, Mavic 3 Pro\u2026","rel":"","context":"Article similaire","block_context":{"text":"Article similaire","link":""},"img":{"alt_text":"mavic 3","src":"https:\/\/i0.wp.com\/store.droneway.ma\/wp-content\/uploads\/2024\/07\/mavic-3-pro-cine.jpg?resize=350%2C200&ssl=1","width":350,"height":200,"srcset":"https:\/\/i0.wp.com\/store.droneway.ma\/wp-content\/uploads\/2024\/07\/mavic-3-pro-cine.jpg?resize=350%2C200&ssl=1 1x, https:\/\/i0.wp.com\/store.droneway.ma\/wp-content\/uploads\/2024\/07\/mavic-3-pro-cine.jpg?resize=525%2C300&ssl=1 1.5x, https:\/\/i0.wp.com\/store.droneway.ma\/wp-content\/uploads\/2024\/07\/mavic-3-pro-cine.jpg?resize=700%2C400&ssl=1 2x, https:\/\/i0.wp.com\/store.droneway.ma\/wp-content\/uploads\/2024\/07\/mavic-3-pro-cine.jpg?resize=1050%2C600&ssl=1 3x"},"classes":[]}],"jetpack_sharing_enabled":true,"_links":{"self":[{"href":"https:\/\/store.droneway.ma\/index.php\/wp-json\/wp\/v2\/product\/2814","targetHints":{"allow":["GET"]}}],"collection":[{"href":"https:\/\/store.droneway.ma\/index.php\/wp-json\/wp\/v2\/product"}],"about":[{"href":"https:\/\/store.droneway.ma\/index.php\/wp-json\/wp\/v2\/types\/product"}],"wp:featuredmedia":[{"embeddable":true,"href":"https:\/\/store.droneway.ma\/index.php\/wp-json\/wp\/v2\/media\/2816"}],"wp:attachment":[{"href":"https:\/\/store.droneway.ma\/index.php\/wp-json\/wp\/v2\/media?parent=2814"}],"wp:term":[{"taxonomy":"product_brand","embeddable":true,"href":"https:\/\/store.droneway.ma\/index.php\/wp-json\/wp\/v2\/product_brand?post=2814"},{"taxonomy":"product_cat","embeddable":true,"href":"https:\/\/store.droneway.ma\/index.php\/wp-json\/wp\/v2\/product_cat?post=2814"},{"taxonomy":"product_tag","embeddable":true,"href":"https:\/\/store.droneway.ma\/index.php\/wp-json\/wp\/v2\/product_tag?post=2814"}],"curies":[{"name":"wp","href":"https:\/\/api.w.org\/{rel}","templated":true}]}}