{"id":2779,"date":"2022-09-30T21:29:02","date_gmt":"2022-09-30T19:29:02","guid":{"rendered":"http:\/\/store.droneway.ma\/?post_type=product&#038;p=2779"},"modified":"2022-09-30T21:36:22","modified_gmt":"2022-09-30T19:36:22","slug":"rededge-p","status":"publish","type":"product","link":"https:\/\/store.droneway.ma\/index.php\/produit\/rededge-p\/","title":{"rendered":"RedEdge-P"},"content":{"rendered":"<p>Capteur multispectral et RGB haute r\u00e9solution<\/p>\n<p>RedEdge-P dispose d&rsquo;une bande panchromatique haute r\u00e9solution pour des r\u00e9solutions de sortie pan-affin\u00e9es de 2 cm \/ 0,8 pouces \u00e0 60 m \/ 200 pieds.<\/p>\n<p>Ses cinq bandes multispectrales \u00e9troites avec des filtres de qualit\u00e9 scientifique en font la cam\u00e9ra id\u00e9ale pour calculer plusieurs indices de v\u00e9g\u00e9tation et composites. <\/p>\n","protected":false},"excerpt":{"rendered":"<p>Capteur multispectral et RGB haute r\u00e9solution RedEdge-P dispose d&rsquo;une bande panchromatique haute r\u00e9solution pour des r\u00e9solutions de sortie pan-affin\u00e9es de&hellip;<\/p>\n","protected":false},"featured_media":2781,"template":"","meta":{"content-type":"","rop_custom_images_group":[],"rop_custom_messages_group":[],"rop_publish_now":"initial","rop_publish_now_accounts":[],"rop_publish_now_history":[],"rop_publish_now_status":"pending"},"product_brand":[],"product_cat":[69],"product_tag":[],"class_list":{"0":"post-2779","1":"product","2":"type-product","3":"status-publish","4":"has-post-thumbnail","6":"product_cat-ageagle-micasense","8":"first","9":"instock","10":"taxable","11":"shipping-taxable","12":"purchasable","13":"product-type-simple"},"jetpack-related-posts":[{"id":2436,"url":"https:\/\/store.droneway.ma\/index.php\/produit\/dji-phantom-4-multispectral-base-d-rtk-2\/","url_meta":{"origin":2779,"position":0},"title":"DJI Phantom 4 Multispectral + base D-RTK 2","author":"admin","date":"21 novembre 2020","format":false,"excerpt":"Le Phantom 4 Multispectral est un drone capable d\u2019analyser avec pr\u00e9cision l\u2019\u00e9tat de vos cultures. Ce module multispectral regroupe six capteurs distincts pour mesurer dans les meilleures conditions la sant\u00e9 des cultures sur de grandes zones, tout en d\u00e9tectant les mauvaises herbes mais aussi les insectes et certaines conditions de\u2026","rel":"","context":"Article similaire","block_context":{"text":"Article similaire","link":""},"img":{"alt_text":"DJI Phantom 4 Multispectral + base D-RTK 2","src":"https:\/\/i0.wp.com\/store.droneway.ma\/wp-content\/uploads\/2020\/11\/DJI-Phantom-4-Multispectral-base-D-RTK-2.jpg?resize=350%2C200&ssl=1","width":350,"height":200,"srcset":"https:\/\/i0.wp.com\/store.droneway.ma\/wp-content\/uploads\/2020\/11\/DJI-Phantom-4-Multispectral-base-D-RTK-2.jpg?resize=350%2C200&ssl=1 1x, https:\/\/i0.wp.com\/store.droneway.ma\/wp-content\/uploads\/2020\/11\/DJI-Phantom-4-Multispectral-base-D-RTK-2.jpg?resize=525%2C300&ssl=1 1.5x, https:\/\/i0.wp.com\/store.droneway.ma\/wp-content\/uploads\/2020\/11\/DJI-Phantom-4-Multispectral-base-D-RTK-2.jpg?resize=700%2C400&ssl=1 2x"},"classes":[]},{"id":2440,"url":"https:\/\/store.droneway.ma\/index.php\/produit\/dji-phantom-4-multispectral\/","url_meta":{"origin":2779,"position":1},"title":"DJI Phantom 4 Multispectral","author":"admin","date":"21 novembre 2020","format":false,"excerpt":"Con\u00e7u pour l'agriculture et la surveillance environnementale, ce drone professionnel poss\u00e8de 6 capteurs qui permettent de mesurer la sant\u00e9 des cultures, des plantes en passant par les mauvaises herbes et d'apporter de nombreuses donn\u00e9es sur les conditions du sol.","rel":"","context":"Article similaire","block_context":{"text":"Article similaire","link":""},"img":{"alt_text":"DJI Phantom 4 Multispectral","src":"https:\/\/i0.wp.com\/store.droneway.ma\/wp-content\/uploads\/2020\/11\/DJI-Phantom-4-Multispectral.jpg?resize=350%2C200&ssl=1","width":350,"height":200,"srcset":"https:\/\/i0.wp.com\/store.droneway.ma\/wp-content\/uploads\/2020\/11\/DJI-Phantom-4-Multispectral.jpg?resize=350%2C200&ssl=1 1x, https:\/\/i0.wp.com\/store.droneway.ma\/wp-content\/uploads\/2020\/11\/DJI-Phantom-4-Multispectral.jpg?resize=525%2C300&ssl=1 1.5x, https:\/\/i0.wp.com\/store.droneway.ma\/wp-content\/uploads\/2020\/11\/DJI-Phantom-4-Multispectral.jpg?resize=700%2C400&ssl=1 2x"},"classes":[]},{"id":2829,"url":"https:\/\/store.droneway.ma\/index.php\/produit\/mavic-3-mutlispectral\/","url_meta":{"origin":2779,"position":2},"title":"Mavic 3 Mutlispectral","author":"admin","date":"13 mars 2023","format":false,"excerpt":"Le DJI Mavic 3M Multispectral RTK Fly More Combo est un pack sp\u00e9cial int\u00e9grant le drone professionnel DJI M3M, con\u00e7u pour l\u2019agriculture et l\u2019environnement. La principale application de ce drone est la prise de vue multispectrale, ce qu'il parvient \u00e0 r\u00e9aliser \u00e0 l\u2019aide d\u2019une cam\u00e9ra multispectrale constitu\u00e9e de 4 capteurs\u2026","rel":"","context":"Article similaire","block_context":{"text":"Article similaire","link":""},"img":{"alt_text":"","src":"https:\/\/i0.wp.com\/store.droneway.ma\/wp-content\/uploads\/2023\/03\/mavic-3-m.png?resize=350%2C200&ssl=1","width":350,"height":200,"srcset":"https:\/\/i0.wp.com\/store.droneway.ma\/wp-content\/uploads\/2023\/03\/mavic-3-m.png?resize=350%2C200&ssl=1 1x, https:\/\/i0.wp.com\/store.droneway.ma\/wp-content\/uploads\/2023\/03\/mavic-3-m.png?resize=525%2C300&ssl=1 1.5x, https:\/\/i0.wp.com\/store.droneway.ma\/wp-content\/uploads\/2023\/03\/mavic-3-m.png?resize=700%2C400&ssl=1 2x, https:\/\/i0.wp.com\/store.droneway.ma\/wp-content\/uploads\/2023\/03\/mavic-3-m.png?resize=1050%2C600&ssl=1 3x"},"classes":[]},{"id":2774,"url":"https:\/\/store.droneway.ma\/index.php\/produit\/ageagle-micasense-altum-pt\/","url_meta":{"origin":2779,"position":3},"title":"AgEagle Micasense Altum-PT","author":"admin","date":"30 septembre 2022","format":false,"excerpt":"Solution 3 en 1 optimis\u00e9e pour la t\u00e9l\u00e9d\u00e9tection avanc\u00e9e et la recherche agricole. Int\u00e8gre de mani\u00e8re transparente un capteur panchromatique haute r\u00e9solution de 12 MP, un nouveau capteur thermique qui fournit deux fois la r\u00e9solution au sol de l'Altum pr\u00e9c\u00e9dent et cinq bandes spectrales discr\u00e8tes. Sa haute r\u00e9solution en fait\u2026","rel":"","context":"Article similaire","block_context":{"text":"Article similaire","link":""},"img":{"alt_text":"altum-pt","src":"https:\/\/i0.wp.com\/store.droneway.ma\/wp-content\/uploads\/2022\/09\/altum-pt.png?resize=350%2C200&ssl=1","width":350,"height":200,"srcset":"https:\/\/i0.wp.com\/store.droneway.ma\/wp-content\/uploads\/2022\/09\/altum-pt.png?resize=350%2C200&ssl=1 1x, https:\/\/i0.wp.com\/store.droneway.ma\/wp-content\/uploads\/2022\/09\/altum-pt.png?resize=525%2C300&ssl=1 1.5x"},"classes":[]},{"id":2064,"url":"https:\/\/store.droneway.ma\/index.php\/produit\/dji-fpv-basic-combo\/","url_meta":{"origin":2779,"position":4},"title":"DJI FPV &#8211; Basic combo","author":"admin","date":"21 novembre 2020","format":false,"excerpt":"Combo cam\u00e9ra DJI FPV","rel":"","context":"Article similaire","block_context":{"text":"Article similaire","link":""},"img":{"alt_text":"DJI FPV - Basic combo","src":"https:\/\/i0.wp.com\/store.droneway.ma\/wp-content\/uploads\/2020\/11\/dji-fpv-basic-combo-p-image-211406-grande.jpg?resize=350%2C200&ssl=1","width":350,"height":200,"srcset":"https:\/\/i0.wp.com\/store.droneway.ma\/wp-content\/uploads\/2020\/11\/dji-fpv-basic-combo-p-image-211406-grande.jpg?resize=350%2C200&ssl=1 1x, https:\/\/i0.wp.com\/store.droneway.ma\/wp-content\/uploads\/2020\/11\/dji-fpv-basic-combo-p-image-211406-grande.jpg?resize=525%2C300&ssl=1 1.5x, https:\/\/i0.wp.com\/store.droneway.ma\/wp-content\/uploads\/2020\/11\/dji-fpv-basic-combo-p-image-211406-grande.jpg?resize=700%2C400&ssl=1 2x"},"classes":[]},{"id":2065,"url":"https:\/\/store.droneway.ma\/index.php\/produit\/dji-goggles-racing-edition\/","url_meta":{"origin":2779,"position":5},"title":"DJI Goggles Racing Edition","author":"admin","date":"21 novembre 2020","format":false,"excerpt":"R\u00e9solution d'affichage 3840 x 1080 pixels Optimis\u00e9 pour les drones racer (FPV) Compatible syst\u00e8me de transmission OcuSync Compatible Mavic, Spark, Inspire, Phantom 4...","rel":"","context":"Article similaire","block_context":{"text":"Article similaire","link":""},"img":{"alt_text":"DJI Goggles Racing Edition","src":"https:\/\/i0.wp.com\/store.droneway.ma\/wp-content\/uploads\/2020\/11\/dji-goggles-re-p-image-193061-grande.jpg?resize=350%2C200&ssl=1","width":350,"height":200,"srcset":"https:\/\/i0.wp.com\/store.droneway.ma\/wp-content\/uploads\/2020\/11\/dji-goggles-re-p-image-193061-grande.jpg?resize=350%2C200&ssl=1 1x, https:\/\/i0.wp.com\/store.droneway.ma\/wp-content\/uploads\/2020\/11\/dji-goggles-re-p-image-193061-grande.jpg?resize=525%2C300&ssl=1 1.5x"},"classes":[]}],"jetpack_sharing_enabled":true,"_links":{"self":[{"href":"https:\/\/store.droneway.ma\/index.php\/wp-json\/wp\/v2\/product\/2779","targetHints":{"allow":["GET"]}}],"collection":[{"href":"https:\/\/store.droneway.ma\/index.php\/wp-json\/wp\/v2\/product"}],"about":[{"href":"https:\/\/store.droneway.ma\/index.php\/wp-json\/wp\/v2\/types\/product"}],"wp:featuredmedia":[{"embeddable":true,"href":"https:\/\/store.droneway.ma\/index.php\/wp-json\/wp\/v2\/media\/2781"}],"wp:attachment":[{"href":"https:\/\/store.droneway.ma\/index.php\/wp-json\/wp\/v2\/media?parent=2779"}],"wp:term":[{"taxonomy":"product_brand","embeddable":true,"href":"https:\/\/store.droneway.ma\/index.php\/wp-json\/wp\/v2\/product_brand?post=2779"},{"taxonomy":"product_cat","embeddable":true,"href":"https:\/\/store.droneway.ma\/index.php\/wp-json\/wp\/v2\/product_cat?post=2779"},{"taxonomy":"product_tag","embeddable":true,"href":"https:\/\/store.droneway.ma\/index.php\/wp-json\/wp\/v2\/product_tag?post=2779"}],"curies":[{"name":"wp","href":"https:\/\/api.w.org\/{rel}","templated":true}]}}