{"id":2594,"date":"2020-11-21T21:28:45","date_gmt":"2020-11-21T20:28:45","guid":{"rendered":"http:\/\/store.droneway.ma\/?post_type=product&#038;p=2594"},"modified":"2023-01-19T18:20:56","modified_gmt":"2023-01-19T17:20:56","slug":"dji-aeroscope-unite-fixe-detection-des-drones-longue-portee","status":"publish","type":"product","link":"https:\/\/store.droneway.ma\/index.php\/produit\/dji-aeroscope-unite-fixe-detection-des-drones-longue-portee\/","title":{"rendered":"DJI AeroScope Unit\u00e9 Fixe D\u00e9tection des drones &#8211; Longue port\u00e9e 20KM"},"content":{"rendered":"<p><img loading=\"lazy\" decoding=\"async\" class=\"alignnone size-full wp-image-2607\" src=\"http:\/\/store.droneway.ma\/wp-content\/uploads\/2020\/11\/aeroscope-fixe-10-3.png\" alt=\"\" width=\"1350\" height=\"578\" srcset=\"https:\/\/store.droneway.ma\/wp-content\/uploads\/2020\/11\/aeroscope-fixe-10-3.png 1350w, https:\/\/store.droneway.ma\/wp-content\/uploads\/2020\/11\/aeroscope-fixe-10-3-600x257.png 600w, https:\/\/store.droneway.ma\/wp-content\/uploads\/2020\/11\/aeroscope-fixe-10-3-300x128.png 300w, https:\/\/store.droneway.ma\/wp-content\/uploads\/2020\/11\/aeroscope-fixe-10-3-1024x438.png 1024w, https:\/\/store.droneway.ma\/wp-content\/uploads\/2020\/11\/aeroscope-fixe-10-3-768x329.png 768w\" sizes=\"auto, (max-width: 1350px) 100vw, 1350px\" \/><\/p>\n<p>L&rsquo;explosion de l&rsquo;utilisation des drones \u00e0 la fois grand public et commercial a conduit \u00e0 une augmentation de la technologie de d\u00e9tection des drones.<\/p>\n<p><strong>DJI a mis au point sa propre solution, le DJI AeroScope.<\/strong><\/p>\n<p>Cette configuration stationnaire du syst\u00e8me de d\u00e9tection de drone DJI AeroScope a une port\u00e9e allant jusqu&rsquo;\u00e0 50 km et fournira des informations d\u00e9taill\u00e9es sur les vols de drones dans l&rsquo;espace a\u00e9rien prot\u00e9g\u00e9.<\/p>\n<p>Cela permet aux organisations de prendre rapidement de bonnes d\u00e9cisions en mati\u00e8re de s\u00e9curit\u00e9 lorsqu&rsquo;il s&rsquo;agit de drones volant dans leur espace a\u00e9rien. La t\u00e9l\u00e9m\u00e9trie de vol d\u00e9taill\u00e9e donnera \u00e0 l&rsquo;op\u00e9rateur la trajectoire de vol de l&rsquo;UAV, les num\u00e9ros de s\u00e9rie et plus d&rsquo;informations pour aider \u00e0 emp\u00eacher les vols non autoris\u00e9s.<\/p>\n<p>Con\u00e7ue pour la protection continue des sites sensibles contre les attaques de drones (A\u00e9roports, Zones militaires, Prisons, sites n\u00e9vralgiques et sensibles), l&rsquo;unit\u00e9 stationnaire AeroScope prend en charge la personnalisation et la construction en fonction du site sp\u00e9cifique et des demandes des utilisateurs afin de couvrir compl\u00e8tement l&rsquo;espace a\u00e9rien environnant. Dans des conditions id\u00e9ales, le syst\u00e8me peut surveiller une port\u00e9e allant jusqu&rsquo;\u00e0 50 km et obtenir des informations cl\u00e9s \u00e0 partir de drones en moins de 2 secondes. Les donn\u00e9es de surveillance peuvent \u00eatre int\u00e9gr\u00e9es aux syst\u00e8mes de s\u00e9curit\u00e9 existants des utilisateurs pour fournir efficacement un syst\u00e8me de surveillance int\u00e9gr\u00e9. Ce syst\u00e8me prend \u00e9galement en charge le cloud public, le cloud priv\u00e9 et le d\u00e9ploiement local, capables de r\u00e9pondre \u00e0 des besoins sp\u00e9cifiques tels que la surveillance hors site et la s\u00e9paration des donn\u00e9es. La plage de surveillance de l&rsquo;unit\u00e9 stationnaire est d\u00e9termin\u00e9e par le type d&rsquo;antennes install\u00e9es (G8 ou G16).<\/p>\n<p>Port\u00e9e maximale de 50 km<br \/>\nDes informations d\u00e9taill\u00e9es<br \/>\nFacile \u00e0 installer<br \/>\nIndice de protection IP65<\/p>\n<p><strong>Syst\u00e8me de gestion et monitoring :<\/strong><\/p>\n<p>Le syst\u00e8me de gestion des coulisses AeroScope est au c\u0153ur d&rsquo;un syst\u00e8me de s\u00e9curit\u00e9 complet pour drones. Utilisant une technologie avanc\u00e9e de gestion de l&rsquo;information, ce syst\u00e8me fournit des outils centraux de surveillance, de commande et d&rsquo;enqu\u00eate, s&rsquo;int\u00e9grant aux donn\u00e9es collect\u00e9es lors des vols pr\u00e9c\u00e9dents. Le syst\u00e8me de gestion des coulisses AeroScope est un syst\u00e8me complet et pratique permettant aux entreprises de surveiller les drones et de contribuer \u00e0 rendre l&rsquo;espace a\u00e9rien public plus s\u00fbr. Il prend \u00e9galement en charge un kit de d\u00e9veloppement logiciel (SDK) pour r\u00e9pondre aux demandes sp\u00e9cifiques des clients et prendre en charge l&rsquo;int\u00e9gration de diff\u00e9rents syst\u00e8mes.<\/p>\n<p>Informations en temps r\u00e9el<br \/>\nSauvegarde et playback de toutes les menaces<br \/>\nL&rsquo;analyse des donn\u00e9es<br \/>\nSDK<\/p>\n","protected":false},"excerpt":{"rendered":"<p>Con\u00e7ue pour la protection continue des sites sensibles contre les attaques de drones (A\u00e9roports, Zones militaires, Prisons, sites n\u00e9vralgiques et sensibles), l&rsquo;unit\u00e9 stationnaire AeroScope prend en charge la personnalisation et la construction en fonction du site sp\u00e9cifique et des demandes des utilisateurs afin de couvrir compl\u00e8tement l&rsquo;espace a\u00e9rien environnant. Dans des conditions id\u00e9ales, le syst\u00e8me peut surveiller une port\u00e9e allant jusqu&rsquo;\u00e0 50 km et obtenir des informations cl\u00e9s \u00e0 partir de drones en moins de 2 secondes. Les donn\u00e9es de surveillance peuvent \u00eatre int\u00e9gr\u00e9es aux syst\u00e8mes de s\u00e9curit\u00e9 existants des utilisateurs pour fournir efficacement un syst\u00e8me de surveillance int\u00e9gr\u00e9. Ce syst\u00e8me prend \u00e9galement en charge le cloud public, le cloud priv\u00e9 et le d\u00e9ploiement local, capables de r\u00e9pondre \u00e0 des besoins sp\u00e9cifiques tels que la surveillance hors site et la s\u00e9paration des donn\u00e9es. La plage de surveillance de l&rsquo;unit\u00e9 stationnaire est d\u00e9termin\u00e9e par le type d&rsquo;antennes install\u00e9es (G8 ou G16).<\/p>\n<p><strong>Port\u00e9e maximale de 50 km<br \/>\nDes informations d\u00e9taill\u00e9es<br \/>\nFacile \u00e0 installer<br \/>\nIndice de protection IP65<\/strong><\/p>\n","protected":false},"featured_media":2604,"template":"","meta":{"content-type":"","rop_custom_images_group":[],"rop_custom_messages_group":[],"rop_publish_now":"initial","rop_publish_now_accounts":[],"rop_publish_now_history":[],"rop_publish_now_status":"pending"},"product_brand":[],"product_cat":[67],"product_tag":[],"class_list":{"0":"post-2594","1":"product","2":"type-product","3":"status-publish","4":"has-post-thumbnail","6":"product_cat-anti-drone","8":"first","9":"instock","10":"taxable","11":"shipping-taxable","12":"product-type-simple"},"jetpack-related-posts":[{"id":2584,"url":"https:\/\/store.droneway.ma\/index.php\/produit\/dji-aeroscope-portable-detection-des-drones\/","url_meta":{"origin":2594,"position":0},"title":"DJI AeroScope Unit\u00e9 Portable D\u00e9tection des drones &#8211; Courte port\u00e9e 5KM","author":"admin","date":"21 novembre 2020","format":false,"excerpt":"L'unit\u00e9 portable est con\u00e7ue pour des \u00e9v\u00e9nements temporaires, des d\u00e9ploiements mobiles et des sc\u00e9narios similaires. L'unit\u00e9 enti\u00e8re est enferm\u00e9e dans un seul \u00e9tui de transport, ce qui permet aux utilisateurs de commencer rapidement \u00e0 fonctionner dans un nouvel emplacement ou un emplacement mobile. L'unit\u00e9 portable peut \u00eatre aliment\u00e9e par des\u2026","rel":"","context":"Article similaire","block_context":{"text":"Article similaire","link":""},"img":{"alt_text":"","src":"https:\/\/i0.wp.com\/store.droneway.ma\/wp-content\/uploads\/2020\/11\/aeroscope-mobile1-1.jpg?resize=350%2C200&ssl=1","width":350,"height":200,"srcset":"https:\/\/i0.wp.com\/store.droneway.ma\/wp-content\/uploads\/2020\/11\/aeroscope-mobile1-1.jpg?resize=350%2C200&ssl=1 1x, https:\/\/i0.wp.com\/store.droneway.ma\/wp-content\/uploads\/2020\/11\/aeroscope-mobile1-1.jpg?resize=525%2C300&ssl=1 1.5x"},"classes":[]},{"id":2570,"url":"https:\/\/store.droneway.ma\/index.php\/produit\/dji-terra-logiciel-de-traitement-des-donnees-drones\/","url_meta":{"origin":2594,"position":1},"title":"DJI Terra logiciel de traitement des donn\u00e9es drones","author":"admin","date":"21 novembre 2020","format":false,"excerpt":"Faites du monde votre atout num\u00e9rique Capturez, analysez et visualisez votre environnement avec DJI Terra - un logiciel de cartographie facile \u00e0 utiliser d\u00e9velopp\u00e9 pour aider les professionnels de l'industrie \u00e0 transformer des sc\u00e9narios du monde r\u00e9el en actifs num\u00e9riques.","rel":"","context":"Article similaire","block_context":{"text":"Article similaire","link":""},"img":{"alt_text":"","src":"https:\/\/i0.wp.com\/store.droneway.ma\/wp-content\/uploads\/2020\/11\/terra.png?resize=350%2C200&ssl=1","width":350,"height":200,"srcset":"https:\/\/i0.wp.com\/store.droneway.ma\/wp-content\/uploads\/2020\/11\/terra.png?resize=350%2C200&ssl=1 1x, https:\/\/i0.wp.com\/store.droneway.ma\/wp-content\/uploads\/2020\/11\/terra.png?resize=525%2C300&ssl=1 1.5x, https:\/\/i0.wp.com\/store.droneway.ma\/wp-content\/uploads\/2020\/11\/terra.png?resize=700%2C400&ssl=1 2x"},"classes":[]},{"id":2917,"url":"https:\/\/store.droneway.ma\/index.php\/produit\/mavic-3-pro-cine\/","url_meta":{"origin":2594,"position":2},"title":"Mavic 3 Pro &#038; Cin\u00e9","author":"admin","date":"1 juillet 2024","format":false,"excerpt":"La s\u00e9rie DJI Mavic 3 pr\u00e9sente des performances d'imagerie de suivi. Le syst\u00e8me de triple cam\u00e9ra de Mavic 3 Pro inaugure une nouvelle \u00e8re de drones de cam\u00e9ra en liant trois capteurs et lentilles avec des distances focales diff\u00e9rentes. \u00c9quip\u00e9 d'une cam\u00e9ra Hasselblad et d'une double cam\u00e9ra, Mavic 3 Pro\u2026","rel":"","context":"Article similaire","block_context":{"text":"Article similaire","link":""},"img":{"alt_text":"mavic 3","src":"https:\/\/i0.wp.com\/store.droneway.ma\/wp-content\/uploads\/2024\/07\/mavic-3-pro-cine.jpg?resize=350%2C200&ssl=1","width":350,"height":200,"srcset":"https:\/\/i0.wp.com\/store.droneway.ma\/wp-content\/uploads\/2024\/07\/mavic-3-pro-cine.jpg?resize=350%2C200&ssl=1 1x, https:\/\/i0.wp.com\/store.droneway.ma\/wp-content\/uploads\/2024\/07\/mavic-3-pro-cine.jpg?resize=525%2C300&ssl=1 1.5x, https:\/\/i0.wp.com\/store.droneway.ma\/wp-content\/uploads\/2024\/07\/mavic-3-pro-cine.jpg?resize=700%2C400&ssl=1 2x, https:\/\/i0.wp.com\/store.droneway.ma\/wp-content\/uploads\/2024\/07\/mavic-3-pro-cine.jpg?resize=1050%2C600&ssl=1 3x"},"classes":[]},{"id":2574,"url":"https:\/\/store.droneway.ma\/index.php\/produit\/flighthub\/","url_meta":{"origin":2594,"position":3},"title":"FlightHub La solution ultime pour g\u00e9rer vos op\u00e9rations de drones","author":"admin","date":"21 novembre 2020","format":false,"excerpt":"FlightHub La solution ultime pour g\u00e9rer vos op\u00e9rations de drones : Gagnez du temps et am\u00e9liorez l'efficacit\u00e9 du flux de travail avec une transmission en temps r\u00e9el (transmission en directe des op\u00e9rations terrain) des donn\u00e9es drone vid\u00e9os et images directement depuis le terrain vers le poste de commandement bas\u00e9 sur\u2026","rel":"","context":"Article similaire","block_context":{"text":"Article similaire","link":""},"img":{"alt_text":"","src":"https:\/\/i0.wp.com\/store.droneway.ma\/wp-content\/uploads\/2020\/11\/flighthub2.jpg?resize=350%2C200&ssl=1","width":350,"height":200,"srcset":"https:\/\/i0.wp.com\/store.droneway.ma\/wp-content\/uploads\/2020\/11\/flighthub2.jpg?resize=350%2C200&ssl=1 1x, https:\/\/i0.wp.com\/store.droneway.ma\/wp-content\/uploads\/2020\/11\/flighthub2.jpg?resize=525%2C300&ssl=1 1.5x, https:\/\/i0.wp.com\/store.droneway.ma\/wp-content\/uploads\/2020\/11\/flighthub2.jpg?resize=700%2C400&ssl=1 2x"},"classes":[]},{"id":2099,"url":"https:\/\/store.droneway.ma\/index.php\/produit\/dji-matrice-210-rtk\/","url_meta":{"origin":2594,"position":4},"title":"DJI Matrice 210 RTK","author":"admin","date":"21 novembre 2020","format":false,"excerpt":"Le drone DJI Matrice s\u00e9rie 200 Con\u00e7u pour durer: Des moteurs haute performance associ\u00e9s \u00e0 des h\u00e9lices de 17 pouces assurent un vol stable par vent fort. Le nouveau syst\u00e8me d'alimentation \u00e0 double batterie chauffe automatiquement les batteries lors du vol \u00e0 des temp\u00e9ratures inf\u00e9rieures \u00e0 z\u00e9ro, tandis qu'une conception\u2026","rel":"","context":"Article similaire","block_context":{"text":"Article similaire","link":""},"img":{"alt_text":"DJI Matrice 210 RTK","src":"https:\/\/i0.wp.com\/store.droneway.ma\/wp-content\/uploads\/2020\/11\/dji-matrice-210-rtk-p-image-198019-grande.jpg?resize=350%2C200&ssl=1","width":350,"height":200,"srcset":"https:\/\/i0.wp.com\/store.droneway.ma\/wp-content\/uploads\/2020\/11\/dji-matrice-210-rtk-p-image-198019-grande.jpg?resize=350%2C200&ssl=1 1x, https:\/\/i0.wp.com\/store.droneway.ma\/wp-content\/uploads\/2020\/11\/dji-matrice-210-rtk-p-image-198019-grande.jpg?resize=525%2C300&ssl=1 1.5x, https:\/\/i0.wp.com\/store.droneway.ma\/wp-content\/uploads\/2020\/11\/dji-matrice-210-rtk-p-image-198019-grande.jpg?resize=700%2C400&ssl=1 2x"},"classes":[]},{"id":2069,"url":"https:\/\/store.droneway.ma\/index.php\/produit\/dji-inspire-2-avec-zenmuse-x7-advanced-kit\/","url_meta":{"origin":2594,"position":5},"title":"DJI Inspire 2 avec Zenmuse X7 Advanced Kit","author":"admin","date":"21 novembre 2020","format":false,"excerpt":"Pack complet : Inspire 2 et Zenmuse X7 Licences Apple ProRes et CinemaDNG Jusqu'\u00e0 25 minutes de vol D\u00e9tection d'obstacles","rel":"","context":"Article similaire","block_context":{"text":"Article similaire","link":""},"img":{"alt_text":"DJI Inspire 2 avec Zenmuse X7 Advanced Kit","src":"https:\/\/i0.wp.com\/store.droneway.ma\/wp-content\/uploads\/2020\/11\/dji-inspire-2-avec-zenmuse-x7-advanced-kit-p-image-219936-grande.jpg?resize=350%2C200&ssl=1","width":350,"height":200,"srcset":"https:\/\/i0.wp.com\/store.droneway.ma\/wp-content\/uploads\/2020\/11\/dji-inspire-2-avec-zenmuse-x7-advanced-kit-p-image-219936-grande.jpg?resize=350%2C200&ssl=1 1x, https:\/\/i0.wp.com\/store.droneway.ma\/wp-content\/uploads\/2020\/11\/dji-inspire-2-avec-zenmuse-x7-advanced-kit-p-image-219936-grande.jpg?resize=525%2C300&ssl=1 1.5x, https:\/\/i0.wp.com\/store.droneway.ma\/wp-content\/uploads\/2020\/11\/dji-inspire-2-avec-zenmuse-x7-advanced-kit-p-image-219936-grande.jpg?resize=700%2C400&ssl=1 2x"},"classes":[]}],"jetpack_sharing_enabled":true,"_links":{"self":[{"href":"https:\/\/store.droneway.ma\/index.php\/wp-json\/wp\/v2\/product\/2594","targetHints":{"allow":["GET"]}}],"collection":[{"href":"https:\/\/store.droneway.ma\/index.php\/wp-json\/wp\/v2\/product"}],"about":[{"href":"https:\/\/store.droneway.ma\/index.php\/wp-json\/wp\/v2\/types\/product"}],"wp:featuredmedia":[{"embeddable":true,"href":"https:\/\/store.droneway.ma\/index.php\/wp-json\/wp\/v2\/media\/2604"}],"wp:attachment":[{"href":"https:\/\/store.droneway.ma\/index.php\/wp-json\/wp\/v2\/media?parent=2594"}],"wp:term":[{"taxonomy":"product_brand","embeddable":true,"href":"https:\/\/store.droneway.ma\/index.php\/wp-json\/wp\/v2\/product_brand?post=2594"},{"taxonomy":"product_cat","embeddable":true,"href":"https:\/\/store.droneway.ma\/index.php\/wp-json\/wp\/v2\/product_cat?post=2594"},{"taxonomy":"product_tag","embeddable":true,"href":"https:\/\/store.droneway.ma\/index.php\/wp-json\/wp\/v2\/product_tag?post=2594"}],"curies":[{"name":"wp","href":"https:\/\/api.w.org\/{rel}","templated":true}]}}