{"id":2584,"date":"2020-11-21T21:10:56","date_gmt":"2020-11-21T20:10:56","guid":{"rendered":"http:\/\/store.droneway.ma\/?post_type=product&#038;p=2584"},"modified":"2020-11-21T21:49:48","modified_gmt":"2020-11-21T20:49:48","slug":"dji-aeroscope-portable-detection-des-drones","status":"publish","type":"product","link":"https:\/\/store.droneway.ma\/index.php\/produit\/dji-aeroscope-portable-detection-des-drones\/","title":{"rendered":"DJI AeroScope Unit\u00e9 Portable D\u00e9tection des drones &#8211; Courte port\u00e9e 5KM"},"content":{"rendered":"<p><iframe loading=\"lazy\" title=\"DJI FlySafe - AeroScope: Orchestrating the Sky\" width=\"1140\" height=\"641\" src=\"https:\/\/www.youtube.com\/embed\/aYp9UrY75EI?feature=oembed\" frameborder=\"0\" allow=\"accelerometer; autoplay; clipboard-write; encrypted-media; gyroscope; picture-in-picture\" allowfullscreen><\/iframe><\/p>\n<p>Gr\u00e2ce \u00e0 l&rsquo;utilisation accrue des drones grand public et commerciaux dans le monde entier, DJI a mis au point une solution de d\u00e9tection de drone simple \u00e0 utiliser mais efficace.<\/p>\n<p>AeroScope permet \u00e0 l&rsquo;op\u00e9rateur de d\u00e9tecter des drones dans un espace a\u00e9rien donn\u00e9, de voir les informations de t\u00e9l\u00e9m\u00e9trie de vol et de prendre des d\u00e9cisions de s\u00e9curit\u00e9 plus \u00e9clair\u00e9es.<\/p>\n<p>Si vous avez un espace a\u00e9rien sensible qui doit \u00eatre prot\u00e9g\u00e9 temporairement, le DJI AeroScope Portable est un excellent choix.<\/p>\n<p>D\u00e9ployez-le en quelques instants pour prot\u00e9ger l&rsquo;espace a\u00e9rien dans un rayon de 5 km autour de votre unit\u00e9 portable. Aucune connexion Internet n&rsquo;est n\u00e9cessaire et les batteries TB50 rempla\u00e7ables \u00e0 chaud vous permettent d&rsquo;utiliser votre AeroScope Portable en continu si n\u00e9cessaire.<\/p>\n<p><strong>Pratique<\/p>\n<p>Port\u00e9e de 5 km<\/p>\n<p>Utilisation hors ligne<\/strong><\/p>\n","protected":false},"excerpt":{"rendered":"<p>L&rsquo;unit\u00e9 portable est con\u00e7ue pour des \u00e9v\u00e9nements temporaires, des d\u00e9ploiements mobiles et des sc\u00e9narios similaires. L&rsquo;unit\u00e9 enti\u00e8re est enferm\u00e9e dans un seul \u00e9tui de transport, ce qui permet aux utilisateurs de commencer rapidement \u00e0 fonctionner dans un nouvel emplacement ou un emplacement mobile. L&rsquo;unit\u00e9 portable peut \u00eatre aliment\u00e9e par des batteries intelligentes TB50 int\u00e9gr\u00e9es ou par une alimentation disponible. Il fonctionne de mani\u00e8re flexible en d\u00e9placement, offrant des solutions pratiques de surveillance par drone pour les urgences et partout o\u00f9 des unit\u00e9s stationnaires ne sont pas disponibles.<\/p>\n","protected":false},"featured_media":2588,"template":"","meta":{"content-type":"","rop_custom_images_group":[],"rop_custom_messages_group":[],"rop_publish_now":"initial","rop_publish_now_accounts":[],"rop_publish_now_history":[],"rop_publish_now_status":"pending"},"product_brand":[],"product_cat":[67],"product_tag":[],"class_list":{"0":"post-2584","1":"product","2":"type-product","3":"status-publish","4":"has-post-thumbnail","6":"product_cat-anti-drone","8":"first","9":"instock","10":"taxable","11":"shipping-taxable","12":"product-type-simple"},"jetpack-related-posts":[{"id":2594,"url":"https:\/\/store.droneway.ma\/index.php\/produit\/dji-aeroscope-unite-fixe-detection-des-drones-longue-portee\/","url_meta":{"origin":2584,"position":0},"title":"DJI AeroScope Unit\u00e9 Fixe D\u00e9tection des drones &#8211; Longue port\u00e9e 20KM","author":"admin","date":"21 novembre 2020","format":false,"excerpt":"Con\u00e7ue pour la protection continue des sites sensibles contre les attaques de drones (A\u00e9roports, Zones militaires, Prisons, sites n\u00e9vralgiques et sensibles), l'unit\u00e9 stationnaire AeroScope prend en charge la personnalisation et la construction en fonction du site sp\u00e9cifique et des demandes des utilisateurs afin de couvrir compl\u00e8tement l'espace a\u00e9rien environnant. Dans\u2026","rel":"","context":"Article similaire","block_context":{"text":"Article similaire","link":""},"img":{"alt_text":"","src":"https:\/\/i0.wp.com\/store.droneway.ma\/wp-content\/uploads\/2020\/11\/aeroscope-fixe-11.png?resize=350%2C200&ssl=1","width":350,"height":200,"srcset":"https:\/\/i0.wp.com\/store.droneway.ma\/wp-content\/uploads\/2020\/11\/aeroscope-fixe-11.png?resize=350%2C200&ssl=1 1x, https:\/\/i0.wp.com\/store.droneway.ma\/wp-content\/uploads\/2020\/11\/aeroscope-fixe-11.png?resize=525%2C300&ssl=1 1.5x"},"classes":[]},{"id":2061,"url":"https:\/\/store.droneway.ma\/index.php\/produit\/dji-fpv-fly-more-combo\/","url_meta":{"origin":2584,"position":1},"title":"DJI FPV &#8211; Fly More Combo","author":"admin","date":"21 novembre 2020","format":false,"excerpt":"L'unit\u00e9 a\u00e9rienne DJI FPV compos\u00e9 du module et d'une cam\u00e9ra FPV HD Un casque d'immersion DJI FPV confortable Une radiocommande DJI FPV pour le pilotage du drone","rel":"","context":"Article similaire","block_context":{"text":"Article similaire","link":""},"img":{"alt_text":"DJI FPV - Fly More Combo","src":"https:\/\/i0.wp.com\/store.droneway.ma\/wp-content\/uploads\/2020\/11\/dji-fpv-fly-more-combo-p-image-211364-grande.jpg?resize=350%2C200&ssl=1","width":350,"height":200,"srcset":"https:\/\/i0.wp.com\/store.droneway.ma\/wp-content\/uploads\/2020\/11\/dji-fpv-fly-more-combo-p-image-211364-grande.jpg?resize=350%2C200&ssl=1 1x, https:\/\/i0.wp.com\/store.droneway.ma\/wp-content\/uploads\/2020\/11\/dji-fpv-fly-more-combo-p-image-211364-grande.jpg?resize=525%2C300&ssl=1 1.5x, https:\/\/i0.wp.com\/store.droneway.ma\/wp-content\/uploads\/2020\/11\/dji-fpv-fly-more-combo-p-image-211364-grande.jpg?resize=700%2C400&ssl=1 2x"},"classes":[]},{"id":2058,"url":"https:\/\/store.droneway.ma\/index.php\/produit\/cable-3-en-1-pour-unite-aerienne-dji-fpv\/","url_meta":{"origin":2584,"position":2},"title":"C\u00e2ble 3 en 1 pour unit\u00e9 a\u00e9rienne DJI FPV","author":"admin","date":"21 novembre 2020","format":false,"excerpt":"C\u00e2bme 3 en 1","rel":"","context":"Article similaire","block_context":{"text":"Article similaire","link":""},"img":{"alt_text":"C\u00e2ble 3 en 1 pour unit\u00e9 a\u00e9rienne DJI FPV","src":"https:\/\/i0.wp.com\/store.droneway.ma\/wp-content\/uploads\/2020\/11\/cable-3-en-1-pour-unite-aerienne-dji-fpv-p-image-211371-grande.jpg?resize=350%2C200&ssl=1","width":350,"height":200},"classes":[]},{"id":2883,"url":"https:\/\/store.droneway.ma\/index.php\/produit\/dji-matrice-350-rtk\/","url_meta":{"origin":2584,"position":3},"title":"DJI Matrice 350 RTK","author":"admin","date":"1 juillet 2024","format":false,"excerpt":"Le drone DJI Matrice 350 RTK est capable d'emporter jusqu'\u00e0 trois nacelles dont les Zenmuse H20 et H20T, les cam\u00e9ras Zenmuse P1 et Zenmuse L2 ainsi que d'autres mod\u00e8les comme les Z30, XT2 et XTS (jusque 2,7 kgs d'emport max.).","rel":"","context":"Article similaire","block_context":{"text":"Article similaire","link":""},"img":{"alt_text":"DJI Matrice 350","src":"https:\/\/i0.wp.com\/store.droneway.ma\/wp-content\/uploads\/2024\/07\/DJI-Matrice-350.jpg?resize=350%2C200&ssl=1","width":350,"height":200,"srcset":"https:\/\/i0.wp.com\/store.droneway.ma\/wp-content\/uploads\/2024\/07\/DJI-Matrice-350.jpg?resize=350%2C200&ssl=1 1x, https:\/\/i0.wp.com\/store.droneway.ma\/wp-content\/uploads\/2024\/07\/DJI-Matrice-350.jpg?resize=525%2C300&ssl=1 1.5x"},"classes":[]},{"id":2064,"url":"https:\/\/store.droneway.ma\/index.php\/produit\/dji-fpv-basic-combo\/","url_meta":{"origin":2584,"position":4},"title":"DJI FPV &#8211; Basic combo","author":"admin","date":"21 novembre 2020","format":false,"excerpt":"Combo cam\u00e9ra DJI FPV","rel":"","context":"Article similaire","block_context":{"text":"Article similaire","link":""},"img":{"alt_text":"DJI FPV - Basic combo","src":"https:\/\/i0.wp.com\/store.droneway.ma\/wp-content\/uploads\/2020\/11\/dji-fpv-basic-combo-p-image-211406-grande.jpg?resize=350%2C200&ssl=1","width":350,"height":200,"srcset":"https:\/\/i0.wp.com\/store.droneway.ma\/wp-content\/uploads\/2020\/11\/dji-fpv-basic-combo-p-image-211406-grande.jpg?resize=350%2C200&ssl=1 1x, https:\/\/i0.wp.com\/store.droneway.ma\/wp-content\/uploads\/2020\/11\/dji-fpv-basic-combo-p-image-211406-grande.jpg?resize=525%2C300&ssl=1 1.5x, https:\/\/i0.wp.com\/store.droneway.ma\/wp-content\/uploads\/2020\/11\/dji-fpv-basic-combo-p-image-211406-grande.jpg?resize=700%2C400&ssl=1 2x"},"classes":[]},{"id":2125,"url":"https:\/\/store.droneway.ma\/index.php\/produit\/dji-matrice-300-rtk\/","url_meta":{"origin":2584,"position":5},"title":"DJI Matrice 300 RTK","author":"admin","date":"21 novembre 2020","format":false,"excerpt":"Le drone DJI Matrice 300 RTK est capable d'emporter jusqu'\u00e0 trois nacelles dont les Zenmuse H20 et H20T, les cam\u00e9ras Zenmuse P1 et Zenmuse L1 ainsi que d'autres mod\u00e8les comme les Z30, XT2 et XT S (jusque 2,7 kgs d'emport max.).","rel":"","context":"Article similaire","block_context":{"text":"Article similaire","link":""},"img":{"alt_text":"DJI Matrice 300 RTK","src":"https:\/\/i0.wp.com\/store.droneway.ma\/wp-content\/uploads\/2020\/11\/p-image-217671-grande.jpg?resize=350%2C200&ssl=1","width":350,"height":200,"srcset":"https:\/\/i0.wp.com\/store.droneway.ma\/wp-content\/uploads\/2020\/11\/p-image-217671-grande.jpg?resize=350%2C200&ssl=1 1x, https:\/\/i0.wp.com\/store.droneway.ma\/wp-content\/uploads\/2020\/11\/p-image-217671-grande.jpg?resize=525%2C300&ssl=1 1.5x, https:\/\/i0.wp.com\/store.droneway.ma\/wp-content\/uploads\/2020\/11\/p-image-217671-grande.jpg?resize=700%2C400&ssl=1 2x"},"classes":[]}],"jetpack_sharing_enabled":true,"_links":{"self":[{"href":"https:\/\/store.droneway.ma\/index.php\/wp-json\/wp\/v2\/product\/2584","targetHints":{"allow":["GET"]}}],"collection":[{"href":"https:\/\/store.droneway.ma\/index.php\/wp-json\/wp\/v2\/product"}],"about":[{"href":"https:\/\/store.droneway.ma\/index.php\/wp-json\/wp\/v2\/types\/product"}],"wp:featuredmedia":[{"embeddable":true,"href":"https:\/\/store.droneway.ma\/index.php\/wp-json\/wp\/v2\/media\/2588"}],"wp:attachment":[{"href":"https:\/\/store.droneway.ma\/index.php\/wp-json\/wp\/v2\/media?parent=2584"}],"wp:term":[{"taxonomy":"product_brand","embeddable":true,"href":"https:\/\/store.droneway.ma\/index.php\/wp-json\/wp\/v2\/product_brand?post=2584"},{"taxonomy":"product_cat","embeddable":true,"href":"https:\/\/store.droneway.ma\/index.php\/wp-json\/wp\/v2\/product_cat?post=2584"},{"taxonomy":"product_tag","embeddable":true,"href":"https:\/\/store.droneway.ma\/index.php\/wp-json\/wp\/v2\/product_tag?post=2584"}],"curies":[{"name":"wp","href":"https:\/\/api.w.org\/{rel}","templated":true}]}}