{"id":2574,"date":"2020-11-21T20:39:57","date_gmt":"2020-11-21T19:39:57","guid":{"rendered":"http:\/\/store.droneway.ma\/?post_type=product&#038;p=2574"},"modified":"2020-11-21T20:55:17","modified_gmt":"2020-11-21T19:55:17","slug":"flighthub","status":"publish","type":"product","link":"https:\/\/store.droneway.ma\/index.php\/produit\/flighthub\/","title":{"rendered":"FlightHub La solution ultime pour g\u00e9rer vos op\u00e9rations de drones"},"content":{"rendered":"<p><iframe loading=\"lazy\" title=\"DJI - Introducing FlightHub\" width=\"1140\" height=\"641\" src=\"https:\/\/www.youtube.com\/embed\/D7W2DQshmxY?feature=oembed\" frameborder=\"0\" allow=\"accelerometer; autoplay; clipboard-write; encrypted-media; gyroscope; picture-in-picture\" allowfullscreen><\/iframe><\/p>\n<p>FlightHub La solution ultime pour g\u00e9rer vos op\u00e9rations de drones<\/p>\n<p><strong>G\u00e9rez vos op\u00e9rations de drone :<\/strong><\/p>\n<p>Op\u00e9rations en direct<br \/>\nAm\u00e9liorez la coordination du projet avec des informations en temps r\u00e9el provenant d&rsquo;op\u00e9rations de drones \u00e0 distance.<\/p>\n<p>Donn\u00e9es de vol<br \/>\nAm\u00e9liorez la gestion des op\u00e9rations et assurez la conformit\u00e9 r\u00e9glementaire avec un enregistrement facile des journaux de vol.<\/p>\n<p>Flottes et pilotes<br \/>\nAugmentez l&rsquo;efficacit\u00e9 et la communication des \u00e9quipes en organisant vos \u00e9quipes et vos enregistrements autour de projets.<\/p>\n<p>Planification de mission<br \/>\nG\u00e9rez plus efficacement les t\u00e2ches op\u00e9rationnelles au sein des \u00e9quipes gr\u00e2ce \u00e0 des outils de planification de mission faciles \u00e0 utiliser.<\/p>\n<p>Vue de la carte<br \/>\n\u00c9valuez rapidement vos op\u00e9rations de drone avec les donn\u00e9es de t\u00e9l\u00e9m\u00e9trie de vos op\u00e9rations de drone \u00e0 distance sur une seule carte.<\/p>\n<p>Vue en direct<br \/>\nAm\u00e9liorez votre flux de travail en connectant les pilotes sur site et les \u00e9quipes de bureau avec un flux en direct de jusqu&rsquo;\u00e0 quatre drones.<\/p>\n<p><strong>Waypoint :<\/strong><\/p>\n<p>Planifiez et stockez efficacement des missions sur FlightHub avec des outils de planification de mission qui vous permettent de d\u00e9finir des trajectoires de vol de points de cheminement, de d\u00e9finir des actions de points de cheminement et plus encore. En int\u00e9grant DJI Pilot \u00e0 DJI FlightHub, les utilisateurs peuvent t\u00e9l\u00e9charger ou r\u00e9cup\u00e9rer des missions depuis l&rsquo;application mobile DJI Pilot, et ex\u00e9cuter rapidement des missions sur le site.<\/p>\n<p><strong>Cartographie :<\/strong><\/p>\n<p>FlightHub effectue automatiquement des trajectoires de vol efficaces une fois que l&rsquo;utilisateur a d\u00e9fini sa zone de vol et ses param\u00e8tres de vol requis. L&rsquo;avion suivra ensuite cette route tout au long de sa mission. Les donn\u00e9es d&rsquo;image captur\u00e9es pendant ces vols peuvent \u00eatre entr\u00e9es dans un logiciel de reconstruction 2D pour g\u00e9n\u00e9rer des cartes 2D, tandis que la mission elle-m\u00eame peut \u00eatre enregistr\u00e9e pour une r\u00e9utilisation.<\/p>\n","protected":false},"excerpt":{"rendered":"<p>FlightHub La solution ultime pour g\u00e9rer vos op\u00e9rations de drones :<br \/>\nGagnez du temps et am\u00e9liorez l&rsquo;efficacit\u00e9 du flux de travail avec une transmission en temps r\u00e9el (transmission en directe des op\u00e9rations terrain) des donn\u00e9es drone vid\u00e9os et images directement depuis le terrain vers le poste de commandement bas\u00e9 sur le syst\u00e8me FlightHub.<\/p>\n","protected":false},"featured_media":2576,"template":"","meta":{"content-type":"","rop_custom_images_group":[],"rop_custom_messages_group":[],"rop_publish_now":"initial","rop_publish_now_accounts":[],"rop_publish_now_history":[],"rop_publish_now_status":"pending"},"product_brand":[],"product_cat":[66],"product_tag":[],"class_list":{"0":"post-2574","1":"product","2":"type-product","3":"status-publish","4":"has-post-thumbnail","6":"product_cat-logiciels","8":"first","9":"instock","10":"taxable","11":"shipping-taxable","12":"product-type-simple"},"jetpack-related-posts":[{"id":2905,"url":"https:\/\/store.droneway.ma\/index.php\/produit\/dji-dock\/","url_meta":{"origin":2574,"position":0},"title":"DJI Dock 1 &#038; 2","author":"admin","date":"1 juillet 2024","format":false,"excerpt":"Le DJI Dock 1 et Dock 2, plus capable mais nettement plus petit, d\u00e9ploie des drones Matrice 30T, 3D ou 3TD avec facilit\u00e9 et s\u00e9curit\u00e9. Le Dock est l\u00e9ger, offre des capacit\u00e9s op\u00e9rationnelles de haut niveau et dispose de fonctions intelligentes bas\u00e9es sur le cloud qui apportent efficacit\u00e9 et qualit\u00e9\u2026","rel":"","context":"Article similaire","block_context":{"text":"Article similaire","link":""},"img":{"alt_text":"DJI Dock","src":"https:\/\/i0.wp.com\/store.droneway.ma\/wp-content\/uploads\/2024\/07\/dock-1-et-2.png?resize=350%2C200&ssl=1","width":350,"height":200,"srcset":"https:\/\/i0.wp.com\/store.droneway.ma\/wp-content\/uploads\/2024\/07\/dock-1-et-2.png?resize=350%2C200&ssl=1 1x, https:\/\/i0.wp.com\/store.droneway.ma\/wp-content\/uploads\/2024\/07\/dock-1-et-2.png?resize=525%2C300&ssl=1 1.5x, https:\/\/i0.wp.com\/store.droneway.ma\/wp-content\/uploads\/2024\/07\/dock-1-et-2.png?resize=700%2C400&ssl=1 2x"},"classes":[]},{"id":2570,"url":"https:\/\/store.droneway.ma\/index.php\/produit\/dji-terra-logiciel-de-traitement-des-donnees-drones\/","url_meta":{"origin":2574,"position":1},"title":"DJI Terra logiciel de traitement des donn\u00e9es drones","author":"admin","date":"21 novembre 2020","format":false,"excerpt":"Faites du monde votre atout num\u00e9rique Capturez, analysez et visualisez votre environnement avec DJI Terra - un logiciel de cartographie facile \u00e0 utiliser d\u00e9velopp\u00e9 pour aider les professionnels de l'industrie \u00e0 transformer des sc\u00e9narios du monde r\u00e9el en actifs num\u00e9riques.","rel":"","context":"Article similaire","block_context":{"text":"Article similaire","link":""},"img":{"alt_text":"","src":"https:\/\/i0.wp.com\/store.droneway.ma\/wp-content\/uploads\/2020\/11\/terra.png?resize=350%2C200&ssl=1","width":350,"height":200,"srcset":"https:\/\/i0.wp.com\/store.droneway.ma\/wp-content\/uploads\/2020\/11\/terra.png?resize=350%2C200&ssl=1 1x, https:\/\/i0.wp.com\/store.droneway.ma\/wp-content\/uploads\/2020\/11\/terra.png?resize=525%2C300&ssl=1 1.5x, https:\/\/i0.wp.com\/store.droneway.ma\/wp-content\/uploads\/2020\/11\/terra.png?resize=700%2C400&ssl=1 2x"},"classes":[]},{"id":2594,"url":"https:\/\/store.droneway.ma\/index.php\/produit\/dji-aeroscope-unite-fixe-detection-des-drones-longue-portee\/","url_meta":{"origin":2574,"position":2},"title":"DJI AeroScope Unit\u00e9 Fixe D\u00e9tection des drones &#8211; Longue port\u00e9e 20KM","author":"admin","date":"21 novembre 2020","format":false,"excerpt":"Con\u00e7ue pour la protection continue des sites sensibles contre les attaques de drones (A\u00e9roports, Zones militaires, Prisons, sites n\u00e9vralgiques et sensibles), l'unit\u00e9 stationnaire AeroScope prend en charge la personnalisation et la construction en fonction du site sp\u00e9cifique et des demandes des utilisateurs afin de couvrir compl\u00e8tement l'espace a\u00e9rien environnant. Dans\u2026","rel":"","context":"Article similaire","block_context":{"text":"Article similaire","link":""},"img":{"alt_text":"","src":"https:\/\/i0.wp.com\/store.droneway.ma\/wp-content\/uploads\/2020\/11\/aeroscope-fixe-11.png?resize=350%2C200&ssl=1","width":350,"height":200,"srcset":"https:\/\/i0.wp.com\/store.droneway.ma\/wp-content\/uploads\/2020\/11\/aeroscope-fixe-11.png?resize=350%2C200&ssl=1 1x, https:\/\/i0.wp.com\/store.droneway.ma\/wp-content\/uploads\/2020\/11\/aeroscope-fixe-11.png?resize=525%2C300&ssl=1 1.5x"},"classes":[]},{"id":2584,"url":"https:\/\/store.droneway.ma\/index.php\/produit\/dji-aeroscope-portable-detection-des-drones\/","url_meta":{"origin":2574,"position":3},"title":"DJI AeroScope Unit\u00e9 Portable D\u00e9tection des drones &#8211; Courte port\u00e9e 5KM","author":"admin","date":"21 novembre 2020","format":false,"excerpt":"L'unit\u00e9 portable est con\u00e7ue pour des \u00e9v\u00e9nements temporaires, des d\u00e9ploiements mobiles et des sc\u00e9narios similaires. L'unit\u00e9 enti\u00e8re est enferm\u00e9e dans un seul \u00e9tui de transport, ce qui permet aux utilisateurs de commencer rapidement \u00e0 fonctionner dans un nouvel emplacement ou un emplacement mobile. L'unit\u00e9 portable peut \u00eatre aliment\u00e9e par des\u2026","rel":"","context":"Article similaire","block_context":{"text":"Article similaire","link":""},"img":{"alt_text":"","src":"https:\/\/i0.wp.com\/store.droneway.ma\/wp-content\/uploads\/2020\/11\/aeroscope-mobile1-1.jpg?resize=350%2C200&ssl=1","width":350,"height":200,"srcset":"https:\/\/i0.wp.com\/store.droneway.ma\/wp-content\/uploads\/2020\/11\/aeroscope-mobile1-1.jpg?resize=350%2C200&ssl=1 1x, https:\/\/i0.wp.com\/store.droneway.ma\/wp-content\/uploads\/2020\/11\/aeroscope-mobile1-1.jpg?resize=525%2C300&ssl=1 1.5x"},"classes":[]},{"id":2055,"url":"https:\/\/store.droneway.ma\/index.php\/produit\/dji-agras-t16\/","url_meta":{"origin":2574,"position":4},"title":"DJI Agras T16","author":"admin","date":"21 novembre 2020","format":false,"excerpt":"Drone DJI agricole optimis\u00e9 pour des performances in\u00e9gal\u00e9es Double IMU et redondance GNSS+RTK et barom\u00e8tre D\u00e9tection de l'environnement et suivi de terrain \u00c9tanch\u00e9it\u00e9 IP67 pour le module de base RTK pour une pr\u00e9cision centim\u00e9trique Cam\u00e9ra FPV grand angle Intelligence artificielle Grande charge : 16L","rel":"","context":"Article similaire","block_context":{"text":"Article similaire","link":""},"img":{"alt_text":"DJI Agras T16","src":"https:\/\/i0.wp.com\/store.droneway.ma\/wp-content\/uploads\/2020\/11\/dji-agras-t16-p-image-213010-grande.jpg?resize=350%2C200&ssl=1","width":350,"height":200,"srcset":"https:\/\/i0.wp.com\/store.droneway.ma\/wp-content\/uploads\/2020\/11\/dji-agras-t16-p-image-213010-grande.jpg?resize=350%2C200&ssl=1 1x, https:\/\/i0.wp.com\/store.droneway.ma\/wp-content\/uploads\/2020\/11\/dji-agras-t16-p-image-213010-grande.jpg?resize=525%2C300&ssl=1 1.5x, https:\/\/i0.wp.com\/store.droneway.ma\/wp-content\/uploads\/2020\/11\/dji-agras-t16-p-image-213010-grande.jpg?resize=700%2C400&ssl=1 2x"},"classes":[]},{"id":2883,"url":"https:\/\/store.droneway.ma\/index.php\/produit\/dji-matrice-350-rtk\/","url_meta":{"origin":2574,"position":5},"title":"DJI Matrice 350 RTK","author":"admin","date":"1 juillet 2024","format":false,"excerpt":"Le drone DJI Matrice 350 RTK est capable d'emporter jusqu'\u00e0 trois nacelles dont les Zenmuse H20 et H20T, les cam\u00e9ras Zenmuse P1 et Zenmuse L2 ainsi que d'autres mod\u00e8les comme les Z30, XT2 et XTS (jusque 2,7 kgs d'emport max.).","rel":"","context":"Article similaire","block_context":{"text":"Article similaire","link":""},"img":{"alt_text":"DJI Matrice 350","src":"https:\/\/i0.wp.com\/store.droneway.ma\/wp-content\/uploads\/2024\/07\/DJI-Matrice-350.jpg?resize=350%2C200&ssl=1","width":350,"height":200,"srcset":"https:\/\/i0.wp.com\/store.droneway.ma\/wp-content\/uploads\/2024\/07\/DJI-Matrice-350.jpg?resize=350%2C200&ssl=1 1x, https:\/\/i0.wp.com\/store.droneway.ma\/wp-content\/uploads\/2024\/07\/DJI-Matrice-350.jpg?resize=525%2C300&ssl=1 1.5x"},"classes":[]}],"jetpack_sharing_enabled":true,"_links":{"self":[{"href":"https:\/\/store.droneway.ma\/index.php\/wp-json\/wp\/v2\/product\/2574","targetHints":{"allow":["GET"]}}],"collection":[{"href":"https:\/\/store.droneway.ma\/index.php\/wp-json\/wp\/v2\/product"}],"about":[{"href":"https:\/\/store.droneway.ma\/index.php\/wp-json\/wp\/v2\/types\/product"}],"wp:featuredmedia":[{"embeddable":true,"href":"https:\/\/store.droneway.ma\/index.php\/wp-json\/wp\/v2\/media\/2576"}],"wp:attachment":[{"href":"https:\/\/store.droneway.ma\/index.php\/wp-json\/wp\/v2\/media?parent=2574"}],"wp:term":[{"taxonomy":"product_brand","embeddable":true,"href":"https:\/\/store.droneway.ma\/index.php\/wp-json\/wp\/v2\/product_brand?post=2574"},{"taxonomy":"product_cat","embeddable":true,"href":"https:\/\/store.droneway.ma\/index.php\/wp-json\/wp\/v2\/product_cat?post=2574"},{"taxonomy":"product_tag","embeddable":true,"href":"https:\/\/store.droneway.ma\/index.php\/wp-json\/wp\/v2\/product_tag?post=2574"}],"curies":[{"name":"wp","href":"https:\/\/api.w.org\/{rel}","templated":true}]}}