{"id":2570,"date":"2020-11-21T20:31:40","date_gmt":"2020-11-21T19:31:40","guid":{"rendered":"http:\/\/store.droneway.ma\/?post_type=product&#038;p=2570"},"modified":"2023-01-19T18:24:47","modified_gmt":"2023-01-19T17:24:47","slug":"dji-terra-logiciel-de-traitement-des-donnees-drones","status":"publish","type":"product","link":"https:\/\/store.droneway.ma\/index.php\/produit\/dji-terra-logiciel-de-traitement-des-donnees-drones\/","title":{"rendered":"DJI Terra logiciel de traitement des donn\u00e9es drones"},"content":{"rendered":"<p>Faites du monde votre atout num\u00e9rique<\/p>\n<p>Capturez, analysez et visualisez votre environnement avec DJI Terra &#8211; un logiciel de cartographie facile \u00e0 utiliser d\u00e9velopp\u00e9 pour aider les professionnels de l&rsquo;industrie \u00e0 transformer des sc\u00e9narios du monde r\u00e9el en actifs num\u00e9riques.<\/p>\n<p>DJI Terra est un logiciel de photogramm\u00e9trie et cartographie qui permet de g\u00e9n\u00e9rer des mod\u00e8les 2D, 3D et des cartes \u00e0 partir de donn\u00e9es a\u00e9riennes recueillies par drones. Le logiciel permet de g\u00e9rer les missions de A \u00e0 Z, de la planification des missions jusqu\u2019\u00e0 l\u2019analyse des donn\u00e9es.<\/p>\n<p>CARTOGRAPHIE DE ZONES<br \/>\nDJI Terra permet de cr\u00e9er tr\u00e8s rapidement des cartographies et reconstructions des zones survol\u00e9es.<\/p>\n<p>Cartographie en temps r\u00e9el<br \/>\nG\u00e9n\u00e9rez rapidement et en temps r\u00e9el des orthomosa\u00efques 2D haute r\u00e9solution d\u2019une zone s\u00e9lectionn\u00e9e. Cette fonctionnalit\u00e9 est particuli\u00e8rement utile pour cr\u00e9er des itin\u00e9raires de vol d\u00e9taill\u00e9s dans zones \u00e9loign\u00e9es, mais aussi pour les missions urgentes qui n\u00e9cessitent des prises de d\u00e9cision rapides.<\/p>\n<p>Reconstructions 2D et 3D<br \/>\nRepr\u00e9sentez de fa\u00e7on r\u00e9aliste n\u2019importe quel environnement \u00e0 travers des reconstructions d\u00e9taill\u00e9es d\u2019orthomosa\u00efques 2D et des mod\u00e8les 3D.<\/p>\n<p>ANALYSE DES DONN\u00c9ES<br \/>\nUne fois les cartes et mod\u00e8les r\u00e9alis\u00e9s, DJI Terra offre une palette d\u2019outils suppl\u00e9mentaires pour vous aider \u00e0 utiliser ces mod\u00e8les.<\/p>\n<p>Outils de mesure 2D et 3D<br \/>\nMesurez facilement des lin\u00e9aires, des surfaces ou des volumes gr\u00e2ce \u00e0 des outils de mesure simples d\u2019utilisation.<\/p>\n<p>Inspection industrielle<br \/>\nG\u00e9n\u00e9rez automatiquement des waypoints et des itin\u00e9raires de vol en fonction d&rsquo;un ou plusieurs points s\u00e9lectionn\u00e9s dans un mod\u00e8le 3D local ou un nuage de points (ou un nuage de points tiers). Une vue de cam\u00e9ra simul\u00e9e comprenant le point s\u00e9lectionn\u00e9 est affich\u00e9e \u00e0 l&rsquo;\u00e9cran pour permettre une meilleure s\u00e9lection de points de cheminement et une planification d&rsquo;itin\u00e9raire de vol plus efficace, automatisant les flux de travail d&rsquo;inspection.<\/p>\n","protected":false},"excerpt":{"rendered":"<p>Faites du monde votre atout num\u00e9rique<\/p>\n<p>Capturez, analysez et visualisez votre environnement avec DJI Terra &#8211; un logiciel de cartographie facile \u00e0 utiliser d\u00e9velopp\u00e9 pour aider les professionnels de l&rsquo;industrie \u00e0 transformer des sc\u00e9narios du monde r\u00e9el en actifs num\u00e9riques.<\/p>\n","protected":false},"featured_media":2571,"template":"","meta":{"content-type":"","rop_custom_images_group":[],"rop_custom_messages_group":[],"rop_publish_now":"initial","rop_publish_now_accounts":[],"rop_publish_now_history":[],"rop_publish_now_status":"pending"},"product_brand":[],"product_cat":[66],"product_tag":[],"class_list":{"0":"post-2570","1":"product","2":"type-product","3":"status-publish","4":"has-post-thumbnail","6":"product_cat-logiciels","8":"first","9":"instock","10":"taxable","11":"shipping-taxable","12":"purchasable","13":"product-type-simple"},"jetpack-related-posts":[{"id":2574,"url":"https:\/\/store.droneway.ma\/index.php\/produit\/flighthub\/","url_meta":{"origin":2570,"position":0},"title":"FlightHub La solution ultime pour g\u00e9rer vos op\u00e9rations de drones","author":"admin","date":"21 novembre 2020","format":false,"excerpt":"FlightHub La solution ultime pour g\u00e9rer vos op\u00e9rations de drones : Gagnez du temps et am\u00e9liorez l'efficacit\u00e9 du flux de travail avec une transmission en temps r\u00e9el (transmission en directe des op\u00e9rations terrain) des donn\u00e9es drone vid\u00e9os et images directement depuis le terrain vers le poste de commandement bas\u00e9 sur\u2026","rel":"","context":"Article similaire","block_context":{"text":"Article similaire","link":""},"img":{"alt_text":"","src":"https:\/\/i0.wp.com\/store.droneway.ma\/wp-content\/uploads\/2020\/11\/flighthub2.jpg?resize=350%2C200&ssl=1","width":350,"height":200,"srcset":"https:\/\/i0.wp.com\/store.droneway.ma\/wp-content\/uploads\/2020\/11\/flighthub2.jpg?resize=350%2C200&ssl=1 1x, https:\/\/i0.wp.com\/store.droneway.ma\/wp-content\/uploads\/2020\/11\/flighthub2.jpg?resize=525%2C300&ssl=1 1.5x, https:\/\/i0.wp.com\/store.droneway.ma\/wp-content\/uploads\/2020\/11\/flighthub2.jpg?resize=700%2C400&ssl=1 2x"},"classes":[]},{"id":2429,"url":"https:\/\/store.droneway.ma\/index.php\/produit\/dji-phantom-4-rtk-et-terra-pro-1-an\/","url_meta":{"origin":2570,"position":1},"title":"DJI Phantom 4 RTK et Terra Pro (1 an)","author":"admin","date":"21 novembre 2020","format":false,"excerpt":"Ergonomique, ce logiciel DJI est l\u2019outil qu\u2019il vous faut pour collecter des donn\u00e9es du monde r\u00e9el et les exploiter num\u00e9riquement dans de nombreux domaines : s\u00e9curit\u00e9 publique, construction, infrastructure, agriculture et cin\u00e9ma.","rel":"","context":"Article similaire","block_context":{"text":"Article similaire","link":""},"img":{"alt_text":"DJI Phantom 4 RTK et Terra Pro (1 an)","src":"https:\/\/i0.wp.com\/store.droneway.ma\/wp-content\/uploads\/2020\/11\/DJI-Phantom-4-RTK-et-Terra-Pro-1-an.jpg?resize=350%2C200&ssl=1","width":350,"height":200,"srcset":"https:\/\/i0.wp.com\/store.droneway.ma\/wp-content\/uploads\/2020\/11\/DJI-Phantom-4-RTK-et-Terra-Pro-1-an.jpg?resize=350%2C200&ssl=1 1x, https:\/\/i0.wp.com\/store.droneway.ma\/wp-content\/uploads\/2020\/11\/DJI-Phantom-4-RTK-et-Terra-Pro-1-an.jpg?resize=525%2C300&ssl=1 1.5x"},"classes":[]},{"id":2888,"url":"https:\/\/store.droneway.ma\/index.php\/produit\/dji-zenmuse-lidar-l2\/","url_meta":{"origin":2570,"position":2},"title":"DJI Zenmuse Lidar L2","author":"admin","date":"1 juillet 2024","format":false,"excerpt":"Le zenmuse L2 int\u00e8gre le cadre LiDAR, un syst\u00e8me IMU \u00e0 haute pr\u00e9cision auto-d\u00e9velopp\u00e9, et une cam\u00e9ra de cartographie RGB CMOS 4\/3, fournissant des plates-formes de vol DJI avec une acquisition de donn\u00e9es g\u00e9ospatiales plus pr\u00e9cises, plus efficaces et plus fiables. Lorsqu'il est utilis\u00e9 avec DJI Terra, il fournit une\u2026","rel":"","context":"Article similaire","block_context":{"text":"Article similaire","link":""},"img":{"alt_text":"dji-zenmuse-lidar-l2","src":"https:\/\/i0.wp.com\/store.droneway.ma\/wp-content\/uploads\/2024\/07\/dji-lidar-l2.jpg?resize=350%2C200&ssl=1","width":350,"height":200},"classes":[]},{"id":2432,"url":"https:\/\/store.droneway.ma\/index.php\/produit\/dji-phantom-4-rtk-avec-station-mobile-d-rtk-2-et-terra-pro-1-an\/","url_meta":{"origin":2570,"position":3},"title":"DJI Phantom 4 RTK avec station mobile D-RTK 2 et Terra Pro (1 an)","author":"admin","date":"21 novembre 2020","format":false,"excerpt":"La station D-RTK 2, un r\u00e9cepteur GNSS de haute pr\u00e9cision pour effectuer des corrections diff\u00e9rentielles en temps r\u00e9el et g\u00e9n\u00e9rer des donn\u00e9es de positionnement au centim\u00e8tre pr\u00e8s.","rel":"","context":"Article similaire","block_context":{"text":"Article similaire","link":""},"img":{"alt_text":"DJI Phantom 4 RTK avec station mobile D-RTK 2 et Terra Pro (1 an)","src":"https:\/\/i0.wp.com\/store.droneway.ma\/wp-content\/uploads\/2020\/11\/DJI-Phantom-4-RTK-avec-station-mobile-D-RTK-2-et-Terra-Pro-1-an.jpg?resize=350%2C200&ssl=1","width":350,"height":200,"srcset":"https:\/\/i0.wp.com\/store.droneway.ma\/wp-content\/uploads\/2020\/11\/DJI-Phantom-4-RTK-avec-station-mobile-D-RTK-2-et-Terra-Pro-1-an.jpg?resize=350%2C200&ssl=1 1x, https:\/\/i0.wp.com\/store.droneway.ma\/wp-content\/uploads\/2020\/11\/DJI-Phantom-4-RTK-avec-station-mobile-D-RTK-2-et-Terra-Pro-1-an.jpg?resize=525%2C300&ssl=1 1.5x, https:\/\/i0.wp.com\/store.droneway.ma\/wp-content\/uploads\/2020\/11\/DJI-Phantom-4-RTK-avec-station-mobile-D-RTK-2-et-Terra-Pro-1-an.jpg?resize=700%2C400&ssl=1 2x"},"classes":[]},{"id":2099,"url":"https:\/\/store.droneway.ma\/index.php\/produit\/dji-matrice-210-rtk\/","url_meta":{"origin":2570,"position":4},"title":"DJI Matrice 210 RTK","author":"admin","date":"21 novembre 2020","format":false,"excerpt":"Le drone DJI Matrice s\u00e9rie 200 Con\u00e7u pour durer: Des moteurs haute performance associ\u00e9s \u00e0 des h\u00e9lices de 17 pouces assurent un vol stable par vent fort. Le nouveau syst\u00e8me d'alimentation \u00e0 double batterie chauffe automatiquement les batteries lors du vol \u00e0 des temp\u00e9ratures inf\u00e9rieures \u00e0 z\u00e9ro, tandis qu'une conception\u2026","rel":"","context":"Article similaire","block_context":{"text":"Article similaire","link":""},"img":{"alt_text":"DJI Matrice 210 RTK","src":"https:\/\/i0.wp.com\/store.droneway.ma\/wp-content\/uploads\/2020\/11\/dji-matrice-210-rtk-p-image-198019-grande.jpg?resize=350%2C200&ssl=1","width":350,"height":200,"srcset":"https:\/\/i0.wp.com\/store.droneway.ma\/wp-content\/uploads\/2020\/11\/dji-matrice-210-rtk-p-image-198019-grande.jpg?resize=350%2C200&ssl=1 1x, https:\/\/i0.wp.com\/store.droneway.ma\/wp-content\/uploads\/2020\/11\/dji-matrice-210-rtk-p-image-198019-grande.jpg?resize=525%2C300&ssl=1 1.5x, https:\/\/i0.wp.com\/store.droneway.ma\/wp-content\/uploads\/2020\/11\/dji-matrice-210-rtk-p-image-198019-grande.jpg?resize=700%2C400&ssl=1 2x"},"classes":[]},{"id":2829,"url":"https:\/\/store.droneway.ma\/index.php\/produit\/mavic-3-mutlispectral\/","url_meta":{"origin":2570,"position":5},"title":"Mavic 3 Mutlispectral","author":"admin","date":"13 mars 2023","format":false,"excerpt":"Le DJI Mavic 3M Multispectral RTK Fly More Combo est un pack sp\u00e9cial int\u00e9grant le drone professionnel DJI M3M, con\u00e7u pour l\u2019agriculture et l\u2019environnement. La principale application de ce drone est la prise de vue multispectrale, ce qu'il parvient \u00e0 r\u00e9aliser \u00e0 l\u2019aide d\u2019une cam\u00e9ra multispectrale constitu\u00e9e de 4 capteurs\u2026","rel":"","context":"Article similaire","block_context":{"text":"Article similaire","link":""},"img":{"alt_text":"","src":"https:\/\/i0.wp.com\/store.droneway.ma\/wp-content\/uploads\/2023\/03\/mavic-3-m.png?resize=350%2C200&ssl=1","width":350,"height":200,"srcset":"https:\/\/i0.wp.com\/store.droneway.ma\/wp-content\/uploads\/2023\/03\/mavic-3-m.png?resize=350%2C200&ssl=1 1x, https:\/\/i0.wp.com\/store.droneway.ma\/wp-content\/uploads\/2023\/03\/mavic-3-m.png?resize=525%2C300&ssl=1 1.5x, https:\/\/i0.wp.com\/store.droneway.ma\/wp-content\/uploads\/2023\/03\/mavic-3-m.png?resize=700%2C400&ssl=1 2x, https:\/\/i0.wp.com\/store.droneway.ma\/wp-content\/uploads\/2023\/03\/mavic-3-m.png?resize=1050%2C600&ssl=1 3x"},"classes":[]}],"jetpack_sharing_enabled":true,"_links":{"self":[{"href":"https:\/\/store.droneway.ma\/index.php\/wp-json\/wp\/v2\/product\/2570","targetHints":{"allow":["GET"]}}],"collection":[{"href":"https:\/\/store.droneway.ma\/index.php\/wp-json\/wp\/v2\/product"}],"about":[{"href":"https:\/\/store.droneway.ma\/index.php\/wp-json\/wp\/v2\/types\/product"}],"wp:featuredmedia":[{"embeddable":true,"href":"https:\/\/store.droneway.ma\/index.php\/wp-json\/wp\/v2\/media\/2571"}],"wp:attachment":[{"href":"https:\/\/store.droneway.ma\/index.php\/wp-json\/wp\/v2\/media?parent=2570"}],"wp:term":[{"taxonomy":"product_brand","embeddable":true,"href":"https:\/\/store.droneway.ma\/index.php\/wp-json\/wp\/v2\/product_brand?post=2570"},{"taxonomy":"product_cat","embeddable":true,"href":"https:\/\/store.droneway.ma\/index.php\/wp-json\/wp\/v2\/product_cat?post=2570"},{"taxonomy":"product_tag","embeddable":true,"href":"https:\/\/store.droneway.ma\/index.php\/wp-json\/wp\/v2\/product_tag?post=2570"}],"curies":[{"name":"wp","href":"https:\/\/api.w.org\/{rel}","templated":true}]}}