{"id":2554,"date":"2020-11-21T19:16:09","date_gmt":"2020-11-21T18:16:09","guid":{"rendered":"http:\/\/store.droneway.ma\/index.php\/produit\/dji-rsc-2-2\/"},"modified":"2023-06-13T20:52:35","modified_gmt":"2023-06-13T18:52:35","slug":"dji-rsc-2-2","status":"publish","type":"product","link":"https:\/\/store.droneway.ma\/index.php\/produit\/dji-rsc-2-2\/","title":{"rendered":"DJI RSC 2"},"content":{"rendered":"<p>Successeur du DJI Ronin SC, le DJI RSC 2 est un stabilisateur 3 axes qui dispose de moteurs 50% plus puissants, d&rsquo;un \u00e9cran noir et blanc tactile 1&Prime;, d\u2019une molette avant int\u00e9gr\u00e9e et d&rsquo;un design pliable qui vous permettra de vous adapter \u00e0 toutes les situations.  Le RSC 2 sera capable de stabiliser des APN d\u2019un poids de 3 kg comme le Sony A9, A6600, A6400, Fujifilm X-T3, X-T4 &#8230;. et proposera \u00e9galement des possibilit\u00e9s d\u2019extensions via des accessoires tiers.  Con\u00e7u en alliage d&rsquo;aluminium, le RSC 2 est robuste et durable dans le temps. Il profite d&rsquo;une autonomie repens\u00e9e de 14 heures et d&rsquo;une recharge compl\u00e8te r\u00e9alisable en 2 heures.\u00a0  On retrouve de nombreux modes d&rsquo;utilisation (mode selfie, mode 360, mode sport, mode lampe &#8230;) et une application d\u00e9di\u00e9e DJI Ronin (disponible sur Play Store et App Store) qui vous permettront de stabiliser parfaitement votre smartphone, appareil hybride et DSLR.\u00a0  Id\u00e9al pour tourner des vid\u00e9os d\u2019une fluidit\u00e9 incroyable, le RSC 2 conviendra autant aux professionnels rigoureux qu&rsquo;aux amateurs soucieux de r\u00e9aliser des vid\u00e9os avec un rendu professionnel.<\/p>\n","protected":false},"excerpt":{"rendered":"<p>Stabilisateur DJI SC 2 : ultra performant et polyvalent  Compatible avec les appareils DSLR et mirrorless  Fonctions Motionlapse \/ Activetrack \/ CamAnchor\u2026  Autonomie de 14 h  Technologie SmoothTrack\u00a0 et Mode sport  Nombreux accessoires DJI compatibles<\/p>\n","protected":false},"featured_media":1765,"template":"","meta":{"content-type":"","rop_custom_images_group":[],"rop_custom_messages_group":[],"rop_publish_now":"initial","rop_publish_now_accounts":[],"rop_publish_now_history":[],"rop_publish_now_status":"pending"},"product_brand":[],"product_cat":[17,46],"product_tag":[],"class_list":{"0":"post-2554","1":"product","2":"type-product","3":"status-publish","4":"has-post-thumbnail","6":"product_cat-ronin","7":"product_cat-rs-2-et-rsc-2","9":"first","10":"instock","11":"featured","12":"purchasable","13":"product-type-simple"},"jetpack-related-posts":[{"id":2543,"url":"https:\/\/store.droneway.ma\/index.php\/produit\/poignee-malette-pour-dji-rs-2-et-rsc-2\/","url_meta":{"origin":2554,"position":0},"title":"Poign\u00e9e malette pour DJI RS 2 et RSC 2","author":"admin","date":"21 novembre 2020","format":false,"excerpt":"Poign\u00e9e mallette en alliage d'aluminium 150g","rel":"","context":"Article similaire","block_context":{"text":"Article similaire","link":""},"img":{"alt_text":"Poign\u00e9e malette pour DJI RS 2 et RSC 2","src":"https:\/\/i0.wp.com\/store.droneway.ma\/wp-content\/uploads\/2020\/11\/Poignee-malette-pour-DJI-RS-2-et-RSC-2.jpg?resize=350%2C200&ssl=1","width":350,"height":200,"srcset":"https:\/\/i0.wp.com\/store.droneway.ma\/wp-content\/uploads\/2020\/11\/Poignee-malette-pour-DJI-RS-2-et-RSC-2.jpg?resize=350%2C200&ssl=1 1x, https:\/\/i0.wp.com\/store.droneway.ma\/wp-content\/uploads\/2020\/11\/Poignee-malette-pour-DJI-RS-2-et-RSC-2.jpg?resize=525%2C300&ssl=1 1.5x, https:\/\/i0.wp.com\/store.droneway.ma\/wp-content\/uploads\/2020\/11\/Poignee-malette-pour-DJI-RS-2-et-RSC-2.jpg?resize=700%2C400&ssl=1 2x, https:\/\/i0.wp.com\/store.droneway.ma\/wp-content\/uploads\/2020\/11\/Poignee-malette-pour-DJI-RS-2-et-RSC-2.jpg?resize=1050%2C600&ssl=1 3x, https:\/\/i0.wp.com\/store.droneway.ma\/wp-content\/uploads\/2020\/11\/Poignee-malette-pour-DJI-RS-2-et-RSC-2.jpg?resize=1400%2C800&ssl=1 4x"},"classes":[]},{"id":2539,"url":"https:\/\/store.droneway.ma\/index.php\/produit\/kit-de-vis-dji-pour-rs-2-et-rsc-2\/","url_meta":{"origin":2554,"position":1},"title":"Kit de vis DJI pour RS 2 et RSC 2","author":"admin","date":"21 novembre 2020","format":false,"excerpt":"Kit de vis complet Pi\u00e8ces de remplacement","rel":"","context":"Article similaire","block_context":{"text":"Article similaire","link":""},"img":{"alt_text":"Kit de vis DJI pour RS 2 et RSC 2","src":"https:\/\/i0.wp.com\/store.droneway.ma\/wp-content\/uploads\/2020\/11\/Kit-de-vis-DJI-pour-RS-2-et-RSC-2.jpg?resize=350%2C200&ssl=1","width":350,"height":200,"srcset":"https:\/\/i0.wp.com\/store.droneway.ma\/wp-content\/uploads\/2020\/11\/Kit-de-vis-DJI-pour-RS-2-et-RSC-2.jpg?resize=350%2C200&ssl=1 1x, https:\/\/i0.wp.com\/store.droneway.ma\/wp-content\/uploads\/2020\/11\/Kit-de-vis-DJI-pour-RS-2-et-RSC-2.jpg?resize=525%2C300&ssl=1 1.5x, https:\/\/i0.wp.com\/store.droneway.ma\/wp-content\/uploads\/2020\/11\/Kit-de-vis-DJI-pour-RS-2-et-RSC-2.jpg?resize=700%2C400&ssl=1 2x, https:\/\/i0.wp.com\/store.droneway.ma\/wp-content\/uploads\/2020\/11\/Kit-de-vis-DJI-pour-RS-2-et-RSC-2.jpg?resize=1050%2C600&ssl=1 3x, https:\/\/i0.wp.com\/store.droneway.ma\/wp-content\/uploads\/2020\/11\/Kit-de-vis-DJI-pour-RS-2-et-RSC-2.jpg?resize=1400%2C800&ssl=1 4x"},"classes":[]},{"id":2521,"url":"https:\/\/store.droneway.ma\/index.php\/produit\/support-smartphone-dji-pour-rs2-rsc2\/","url_meta":{"origin":2554,"position":2},"title":"Support smartphone DJI pour RS2 &#038; RSC2","author":"admin","date":"21 novembre 2020","format":false,"excerpt":"Installation rapide S\u00e9curisant Compatible DJI RS 2 & RSC 2","rel":"","context":"Article similaire","block_context":{"text":"Article similaire","link":""},"img":{"alt_text":"Support smartphone DJI pour RS2 & RSC2","src":"https:\/\/i0.wp.com\/store.droneway.ma\/wp-content\/uploads\/2020\/11\/Support-smartphone-DJI-pour-RS2-RSC2.jpg?resize=350%2C200&ssl=1","width":350,"height":200,"srcset":"https:\/\/i0.wp.com\/store.droneway.ma\/wp-content\/uploads\/2020\/11\/Support-smartphone-DJI-pour-RS2-RSC2.jpg?resize=350%2C200&ssl=1 1x, https:\/\/i0.wp.com\/store.droneway.ma\/wp-content\/uploads\/2020\/11\/Support-smartphone-DJI-pour-RS2-RSC2.jpg?resize=525%2C300&ssl=1 1.5x, https:\/\/i0.wp.com\/store.droneway.ma\/wp-content\/uploads\/2020\/11\/Support-smartphone-DJI-pour-RS2-RSC2.jpg?resize=700%2C400&ssl=1 2x, https:\/\/i0.wp.com\/store.droneway.ma\/wp-content\/uploads\/2020\/11\/Support-smartphone-DJI-pour-RS2-RSC2.jpg?resize=1050%2C600&ssl=1 3x, https:\/\/i0.wp.com\/store.droneway.ma\/wp-content\/uploads\/2020\/11\/Support-smartphone-DJI-pour-RS2-RSC2.jpg?resize=1400%2C800&ssl=1 4x"},"classes":[]},{"id":2535,"url":"https:\/\/store.droneway.ma\/index.php\/produit\/supports-quick-release-superieurs-dji-pour-rs-2-et-rsc2\/","url_meta":{"origin":2554,"position":3},"title":"Supports Quick Release (sup\u00e9rieurs) DJI pour RS 2 et RSC2","author":"admin","date":"21 novembre 2020","format":false,"excerpt":"Installation rapide Compatible DJI RS 2 et RSC2","rel":"","context":"Article similaire","block_context":{"text":"Article similaire","link":""},"img":{"alt_text":"Supports Quick Release (sup\u00e9rieurs) DJI pour RS 2 et RSC2","src":"https:\/\/i0.wp.com\/store.droneway.ma\/wp-content\/uploads\/2020\/11\/Supports-Quick-Release-superieurs-DJI-pour-RS-2-et-RSC2.jpg?resize=350%2C200&ssl=1","width":350,"height":200,"srcset":"https:\/\/i0.wp.com\/store.droneway.ma\/wp-content\/uploads\/2020\/11\/Supports-Quick-Release-superieurs-DJI-pour-RS-2-et-RSC2.jpg?resize=350%2C200&ssl=1 1x, https:\/\/i0.wp.com\/store.droneway.ma\/wp-content\/uploads\/2020\/11\/Supports-Quick-Release-superieurs-DJI-pour-RS-2-et-RSC2.jpg?resize=525%2C300&ssl=1 1.5x, https:\/\/i0.wp.com\/store.droneway.ma\/wp-content\/uploads\/2020\/11\/Supports-Quick-Release-superieurs-DJI-pour-RS-2-et-RSC2.jpg?resize=700%2C400&ssl=1 2x, https:\/\/i0.wp.com\/store.droneway.ma\/wp-content\/uploads\/2020\/11\/Supports-Quick-Release-superieurs-DJI-pour-RS-2-et-RSC2.jpg?resize=1050%2C600&ssl=1 3x, https:\/\/i0.wp.com\/store.droneway.ma\/wp-content\/uploads\/2020\/11\/Supports-Quick-Release-superieurs-DJI-pour-RS-2-et-RSC2.jpg?resize=1400%2C800&ssl=1 4x"},"classes":[]},{"id":2531,"url":"https:\/\/store.droneway.ma\/index.php\/produit\/support-quick-release-inferieur-dji-pour-rs-2-et-rsc2\/","url_meta":{"origin":2554,"position":4},"title":"Support Quick Release (inf\u00e9rieur) DJI pour RS 2 et RSC2","author":"admin","date":"21 novembre 2020","format":false,"excerpt":"Installation rapide Compatible DJI RS 2 et RSC2","rel":"","context":"Article similaire","block_context":{"text":"Article similaire","link":""},"img":{"alt_text":"Support Quick Release (inf\u00e9rieur) DJI pour RS 2 et RSC2","src":"https:\/\/i0.wp.com\/store.droneway.ma\/wp-content\/uploads\/2020\/11\/Support-Quick-Release-inferieur-DJI-pour-RS-2-et-RSC2.jpg?resize=350%2C200&ssl=1","width":350,"height":200,"srcset":"https:\/\/i0.wp.com\/store.droneway.ma\/wp-content\/uploads\/2020\/11\/Support-Quick-Release-inferieur-DJI-pour-RS-2-et-RSC2.jpg?resize=350%2C200&ssl=1 1x, https:\/\/i0.wp.com\/store.droneway.ma\/wp-content\/uploads\/2020\/11\/Support-Quick-Release-inferieur-DJI-pour-RS-2-et-RSC2.jpg?resize=525%2C300&ssl=1 1.5x, https:\/\/i0.wp.com\/store.droneway.ma\/wp-content\/uploads\/2020\/11\/Support-Quick-Release-inferieur-DJI-pour-RS-2-et-RSC2.jpg?resize=700%2C400&ssl=1 2x, https:\/\/i0.wp.com\/store.droneway.ma\/wp-content\/uploads\/2020\/11\/Support-Quick-Release-inferieur-DJI-pour-RS-2-et-RSC2.jpg?resize=1050%2C600&ssl=1 3x, https:\/\/i0.wp.com\/store.droneway.ma\/wp-content\/uploads\/2020\/11\/Support-Quick-Release-inferieur-DJI-pour-RS-2-et-RSC2.jpg?resize=1400%2C800&ssl=1 4x"},"classes":[]},{"id":2552,"url":"https:\/\/store.droneway.ma\/index.php\/produit\/dji-rs-2-2\/","url_meta":{"origin":2554,"position":5},"title":"DJI RS 2","author":"admin","date":"21 novembre 2020","format":false,"excerpt":"Stabilisateur professionnel pour cam\u00e9ra de cin\u00e9ma Jusqu'\u00e0 4,5 kg d'emport L\u00e9ger gr\u00e2ce \u00e0 sa conception en fibres de carbone Ecran tactile couleur de 1,4\" Compatible Sony, BlackMagic, Z CAM, Alexa, Nikon etc..","rel":"","context":"Article similaire","block_context":{"text":"Article similaire","link":""},"img":{"alt_text":"DJI RS 2","src":"https:\/\/i0.wp.com\/store.droneway.ma\/wp-content\/uploads\/2020\/11\/dji-rs-2-p-image-220260-grande.jpg?resize=350%2C200&ssl=1","width":350,"height":200,"srcset":"https:\/\/i0.wp.com\/store.droneway.ma\/wp-content\/uploads\/2020\/11\/dji-rs-2-p-image-220260-grande.jpg?resize=350%2C200&ssl=1 1x, https:\/\/i0.wp.com\/store.droneway.ma\/wp-content\/uploads\/2020\/11\/dji-rs-2-p-image-220260-grande.jpg?resize=525%2C300&ssl=1 1.5x, https:\/\/i0.wp.com\/store.droneway.ma\/wp-content\/uploads\/2020\/11\/dji-rs-2-p-image-220260-grande.jpg?resize=700%2C400&ssl=1 2x"},"classes":[]}],"jetpack_sharing_enabled":true,"_links":{"self":[{"href":"https:\/\/store.droneway.ma\/index.php\/wp-json\/wp\/v2\/product\/2554","targetHints":{"allow":["GET"]}}],"collection":[{"href":"https:\/\/store.droneway.ma\/index.php\/wp-json\/wp\/v2\/product"}],"about":[{"href":"https:\/\/store.droneway.ma\/index.php\/wp-json\/wp\/v2\/types\/product"}],"wp:featuredmedia":[{"embeddable":true,"href":"https:\/\/store.droneway.ma\/index.php\/wp-json\/wp\/v2\/media\/1765"}],"wp:attachment":[{"href":"https:\/\/store.droneway.ma\/index.php\/wp-json\/wp\/v2\/media?parent=2554"}],"wp:term":[{"taxonomy":"product_brand","embeddable":true,"href":"https:\/\/store.droneway.ma\/index.php\/wp-json\/wp\/v2\/product_brand?post=2554"},{"taxonomy":"product_cat","embeddable":true,"href":"https:\/\/store.droneway.ma\/index.php\/wp-json\/wp\/v2\/product_cat?post=2554"},{"taxonomy":"product_tag","embeddable":true,"href":"https:\/\/store.droneway.ma\/index.php\/wp-json\/wp\/v2\/product_tag?post=2554"}],"curies":[{"name":"wp","href":"https:\/\/api.w.org\/{rel}","templated":true}]}}