{"id":2552,"date":"2020-11-21T19:16:09","date_gmt":"2020-11-21T18:16:09","guid":{"rendered":"http:\/\/store.droneway.ma\/index.php\/produit\/dji-rs-2-2\/"},"modified":"2023-06-13T20:52:50","modified_gmt":"2023-06-13T18:52:50","slug":"dji-rs-2-2","status":"publish","type":"product","link":"https:\/\/store.droneway.ma\/index.php\/produit\/dji-rs-2-2\/","title":{"rendered":"DJI RS 2"},"content":{"rendered":"<p>Con\u00e7u sp\u00e9cialement pour les cam\u00e9ras de cin\u00e9ma compactes et les hybrides plein formats, le tout nouveau stabilisateur DJI RS 2 de la gamme Ronin est fait de fibres de carbone tout en \u00e9tant capable d&#8217;emporter jusqu&rsquo;\u00e0 4,5 kg de mat\u00e9riel. V\u00e9ritable concentr\u00e9 de technologie, le DJI RS 2 repose sur l&rsquo;algorithme de stabilisation Titan qui permet d&rsquo;enregistrer des s\u00e9quences vid\u00e9os plus fluides que jamais. D\u00e9sormais \u00e9quip\u00e9 d&rsquo;un \u00e9cran tactile couleur de 1,4 pouce, le DJI RS 2 est tr\u00e8s simple d&rsquo;utilisation, vous pourrez \u00e9galement profiter de la fonction ActiveTrack 3.0 depuis cet \u00e9cran (avec le syst\u00e8me Raven Eye non inclus). Son autonomie de 12 heures d\u00e9livr\u00e9e par la poign\u00e9e BG30 vous assure une fiabilit\u00e9 sans faille lors de vos tournages. Ce DJI RS 2 peut \u00eatre port\u00e9 main et surtout mont\u00e9 partout pour r\u00e9aliser toutes sortes de plans : grue, voiture, slider etc &#8230; Les nombreux modes cr\u00e9atifs et de contr\u00f4le de la nacelle vous permettront de diversifier et dynamiser les contenus que vous allez cr\u00e9er avec ce DJI RS 2. Les deux ports RSA compatible OTAN vous permettront l&rsquo;ajout d&rsquo;accessoires tels qu&rsquo;un follow focus, une poign\u00e9e double et tout autre accessoire de votre choix.<\/p>\n","protected":false},"excerpt":{"rendered":"<p>Stabilisateur professionnel pour cam\u00e9ra de cin\u00e9ma Jusqu&rsquo;\u00e0 4,5 kg d&#8217;emport L\u00e9ger gr\u00e2ce \u00e0 sa conception en fibres de carbone Ecran tactile couleur de 1,4&Prime; Compatible Sony, BlackMagic, Z CAM, Alexa, Nikon etc..<\/p>\n","protected":false},"featured_media":1757,"template":"","meta":{"content-type":"","rop_custom_images_group":[],"rop_custom_messages_group":[],"rop_publish_now":"initial","rop_publish_now_accounts":[],"rop_publish_now_history":[],"rop_publish_now_status":"pending"},"product_brand":[],"product_cat":[17,46],"product_tag":[],"class_list":{"0":"post-2552","1":"product","2":"type-product","3":"status-publish","4":"has-post-thumbnail","6":"product_cat-ronin","7":"product_cat-rs-2-et-rsc-2","9":"first","10":"instock","11":"featured","12":"purchasable","13":"product-type-simple"},"jetpack-related-posts":[{"id":2535,"url":"https:\/\/store.droneway.ma\/index.php\/produit\/supports-quick-release-superieurs-dji-pour-rs-2-et-rsc2\/","url_meta":{"origin":2552,"position":0},"title":"Supports Quick Release (sup\u00e9rieurs) DJI pour RS 2 et RSC2","author":"admin","date":"21 novembre 2020","format":false,"excerpt":"Installation rapide Compatible DJI RS 2 et RSC2","rel":"","context":"Article similaire","block_context":{"text":"Article similaire","link":""},"img":{"alt_text":"Supports Quick Release (sup\u00e9rieurs) DJI pour RS 2 et RSC2","src":"https:\/\/i0.wp.com\/store.droneway.ma\/wp-content\/uploads\/2020\/11\/Supports-Quick-Release-superieurs-DJI-pour-RS-2-et-RSC2.jpg?resize=350%2C200&ssl=1","width":350,"height":200,"srcset":"https:\/\/i0.wp.com\/store.droneway.ma\/wp-content\/uploads\/2020\/11\/Supports-Quick-Release-superieurs-DJI-pour-RS-2-et-RSC2.jpg?resize=350%2C200&ssl=1 1x, https:\/\/i0.wp.com\/store.droneway.ma\/wp-content\/uploads\/2020\/11\/Supports-Quick-Release-superieurs-DJI-pour-RS-2-et-RSC2.jpg?resize=525%2C300&ssl=1 1.5x, https:\/\/i0.wp.com\/store.droneway.ma\/wp-content\/uploads\/2020\/11\/Supports-Quick-Release-superieurs-DJI-pour-RS-2-et-RSC2.jpg?resize=700%2C400&ssl=1 2x, https:\/\/i0.wp.com\/store.droneway.ma\/wp-content\/uploads\/2020\/11\/Supports-Quick-Release-superieurs-DJI-pour-RS-2-et-RSC2.jpg?resize=1050%2C600&ssl=1 3x, https:\/\/i0.wp.com\/store.droneway.ma\/wp-content\/uploads\/2020\/11\/Supports-Quick-Release-superieurs-DJI-pour-RS-2-et-RSC2.jpg?resize=1400%2C800&ssl=1 4x"},"classes":[]},{"id":2521,"url":"https:\/\/store.droneway.ma\/index.php\/produit\/support-smartphone-dji-pour-rs2-rsc2\/","url_meta":{"origin":2552,"position":1},"title":"Support smartphone DJI pour RS2 &#038; RSC2","author":"admin","date":"21 novembre 2020","format":false,"excerpt":"Installation rapide S\u00e9curisant Compatible DJI RS 2 & RSC 2","rel":"","context":"Article similaire","block_context":{"text":"Article similaire","link":""},"img":{"alt_text":"Support smartphone DJI pour RS2 & RSC2","src":"https:\/\/i0.wp.com\/store.droneway.ma\/wp-content\/uploads\/2020\/11\/Support-smartphone-DJI-pour-RS2-RSC2.jpg?resize=350%2C200&ssl=1","width":350,"height":200,"srcset":"https:\/\/i0.wp.com\/store.droneway.ma\/wp-content\/uploads\/2020\/11\/Support-smartphone-DJI-pour-RS2-RSC2.jpg?resize=350%2C200&ssl=1 1x, https:\/\/i0.wp.com\/store.droneway.ma\/wp-content\/uploads\/2020\/11\/Support-smartphone-DJI-pour-RS2-RSC2.jpg?resize=525%2C300&ssl=1 1.5x, https:\/\/i0.wp.com\/store.droneway.ma\/wp-content\/uploads\/2020\/11\/Support-smartphone-DJI-pour-RS2-RSC2.jpg?resize=700%2C400&ssl=1 2x, https:\/\/i0.wp.com\/store.droneway.ma\/wp-content\/uploads\/2020\/11\/Support-smartphone-DJI-pour-RS2-RSC2.jpg?resize=1050%2C600&ssl=1 3x, https:\/\/i0.wp.com\/store.droneway.ma\/wp-content\/uploads\/2020\/11\/Support-smartphone-DJI-pour-RS2-RSC2.jpg?resize=1400%2C800&ssl=1 4x"},"classes":[]},{"id":2539,"url":"https:\/\/store.droneway.ma\/index.php\/produit\/kit-de-vis-dji-pour-rs-2-et-rsc-2\/","url_meta":{"origin":2552,"position":2},"title":"Kit de vis DJI pour RS 2 et RSC 2","author":"admin","date":"21 novembre 2020","format":false,"excerpt":"Kit de vis complet Pi\u00e8ces de remplacement","rel":"","context":"Article similaire","block_context":{"text":"Article similaire","link":""},"img":{"alt_text":"Kit de vis DJI pour RS 2 et RSC 2","src":"https:\/\/i0.wp.com\/store.droneway.ma\/wp-content\/uploads\/2020\/11\/Kit-de-vis-DJI-pour-RS-2-et-RSC-2.jpg?resize=350%2C200&ssl=1","width":350,"height":200,"srcset":"https:\/\/i0.wp.com\/store.droneway.ma\/wp-content\/uploads\/2020\/11\/Kit-de-vis-DJI-pour-RS-2-et-RSC-2.jpg?resize=350%2C200&ssl=1 1x, https:\/\/i0.wp.com\/store.droneway.ma\/wp-content\/uploads\/2020\/11\/Kit-de-vis-DJI-pour-RS-2-et-RSC-2.jpg?resize=525%2C300&ssl=1 1.5x, https:\/\/i0.wp.com\/store.droneway.ma\/wp-content\/uploads\/2020\/11\/Kit-de-vis-DJI-pour-RS-2-et-RSC-2.jpg?resize=700%2C400&ssl=1 2x, https:\/\/i0.wp.com\/store.droneway.ma\/wp-content\/uploads\/2020\/11\/Kit-de-vis-DJI-pour-RS-2-et-RSC-2.jpg?resize=1050%2C600&ssl=1 3x, https:\/\/i0.wp.com\/store.droneway.ma\/wp-content\/uploads\/2020\/11\/Kit-de-vis-DJI-pour-RS-2-et-RSC-2.jpg?resize=1400%2C800&ssl=1 4x"},"classes":[]},{"id":2531,"url":"https:\/\/store.droneway.ma\/index.php\/produit\/support-quick-release-inferieur-dji-pour-rs-2-et-rsc2\/","url_meta":{"origin":2552,"position":3},"title":"Support Quick Release (inf\u00e9rieur) DJI pour RS 2 et RSC2","author":"admin","date":"21 novembre 2020","format":false,"excerpt":"Installation rapide Compatible DJI RS 2 et RSC2","rel":"","context":"Article similaire","block_context":{"text":"Article similaire","link":""},"img":{"alt_text":"Support Quick Release (inf\u00e9rieur) DJI pour RS 2 et RSC2","src":"https:\/\/i0.wp.com\/store.droneway.ma\/wp-content\/uploads\/2020\/11\/Support-Quick-Release-inferieur-DJI-pour-RS-2-et-RSC2.jpg?resize=350%2C200&ssl=1","width":350,"height":200,"srcset":"https:\/\/i0.wp.com\/store.droneway.ma\/wp-content\/uploads\/2020\/11\/Support-Quick-Release-inferieur-DJI-pour-RS-2-et-RSC2.jpg?resize=350%2C200&ssl=1 1x, https:\/\/i0.wp.com\/store.droneway.ma\/wp-content\/uploads\/2020\/11\/Support-Quick-Release-inferieur-DJI-pour-RS-2-et-RSC2.jpg?resize=525%2C300&ssl=1 1.5x, https:\/\/i0.wp.com\/store.droneway.ma\/wp-content\/uploads\/2020\/11\/Support-Quick-Release-inferieur-DJI-pour-RS-2-et-RSC2.jpg?resize=700%2C400&ssl=1 2x, https:\/\/i0.wp.com\/store.droneway.ma\/wp-content\/uploads\/2020\/11\/Support-Quick-Release-inferieur-DJI-pour-RS-2-et-RSC2.jpg?resize=1050%2C600&ssl=1 3x, https:\/\/i0.wp.com\/store.droneway.ma\/wp-content\/uploads\/2020\/11\/Support-Quick-Release-inferieur-DJI-pour-RS-2-et-RSC2.jpg?resize=1400%2C800&ssl=1 4x"},"classes":[]},{"id":2526,"url":"https:\/\/store.droneway.ma\/index.php\/produit\/fixation-verticale-pour-dji-rs-2\/","url_meta":{"origin":2552,"position":4},"title":"Fixation verticale pour DJI RS 2","author":"admin","date":"21 novembre 2020","format":false,"excerpt":"Compatible DJI RS 2 Monobloc","rel":"","context":"Article similaire","block_context":{"text":"Article similaire","link":""},"img":{"alt_text":"Fixation verticale pour DJI RS 2","src":"https:\/\/i0.wp.com\/store.droneway.ma\/wp-content\/uploads\/2020\/11\/Fixation-verticale-pour-DJI-RS-2.jpg?resize=350%2C200&ssl=1","width":350,"height":200,"srcset":"https:\/\/i0.wp.com\/store.droneway.ma\/wp-content\/uploads\/2020\/11\/Fixation-verticale-pour-DJI-RS-2.jpg?resize=350%2C200&ssl=1 1x, https:\/\/i0.wp.com\/store.droneway.ma\/wp-content\/uploads\/2020\/11\/Fixation-verticale-pour-DJI-RS-2.jpg?resize=525%2C300&ssl=1 1.5x, https:\/\/i0.wp.com\/store.droneway.ma\/wp-content\/uploads\/2020\/11\/Fixation-verticale-pour-DJI-RS-2.jpg?resize=700%2C400&ssl=1 2x, https:\/\/i0.wp.com\/store.droneway.ma\/wp-content\/uploads\/2020\/11\/Fixation-verticale-pour-DJI-RS-2.jpg?resize=1050%2C600&ssl=1 3x, https:\/\/i0.wp.com\/store.droneway.ma\/wp-content\/uploads\/2020\/11\/Fixation-verticale-pour-DJI-RS-2.jpg?resize=1400%2C800&ssl=1 4x"},"classes":[]},{"id":2548,"url":"https:\/\/store.droneway.ma\/index.php\/produit\/systeme-focus-3d-pour-dji-rs-2\/","url_meta":{"origin":2552,"position":5},"title":"Syst\u00e8me Focus 3D pour DJI RS 2","author":"admin","date":"21 novembre 2020","format":false,"excerpt":"Compatible DJI RS 2 Compact et facile \u00e0 monter 54.8 g","rel":"","context":"Article similaire","block_context":{"text":"Article similaire","link":""},"img":{"alt_text":"Syst\u00e8me Focus 3D pour DJI RS 2","src":"https:\/\/i0.wp.com\/store.droneway.ma\/wp-content\/uploads\/2020\/11\/Systeme-Focus-3D-pour-DJI-RS-2.jpg?resize=350%2C200&ssl=1","width":350,"height":200,"srcset":"https:\/\/i0.wp.com\/store.droneway.ma\/wp-content\/uploads\/2020\/11\/Systeme-Focus-3D-pour-DJI-RS-2.jpg?resize=350%2C200&ssl=1 1x, https:\/\/i0.wp.com\/store.droneway.ma\/wp-content\/uploads\/2020\/11\/Systeme-Focus-3D-pour-DJI-RS-2.jpg?resize=525%2C300&ssl=1 1.5x, https:\/\/i0.wp.com\/store.droneway.ma\/wp-content\/uploads\/2020\/11\/Systeme-Focus-3D-pour-DJI-RS-2.jpg?resize=700%2C400&ssl=1 2x, https:\/\/i0.wp.com\/store.droneway.ma\/wp-content\/uploads\/2020\/11\/Systeme-Focus-3D-pour-DJI-RS-2.jpg?resize=1050%2C600&ssl=1 3x, https:\/\/i0.wp.com\/store.droneway.ma\/wp-content\/uploads\/2020\/11\/Systeme-Focus-3D-pour-DJI-RS-2.jpg?resize=1400%2C800&ssl=1 4x"},"classes":[]}],"jetpack_sharing_enabled":true,"_links":{"self":[{"href":"https:\/\/store.droneway.ma\/index.php\/wp-json\/wp\/v2\/product\/2552","targetHints":{"allow":["GET"]}}],"collection":[{"href":"https:\/\/store.droneway.ma\/index.php\/wp-json\/wp\/v2\/product"}],"about":[{"href":"https:\/\/store.droneway.ma\/index.php\/wp-json\/wp\/v2\/types\/product"}],"wp:featuredmedia":[{"embeddable":true,"href":"https:\/\/store.droneway.ma\/index.php\/wp-json\/wp\/v2\/media\/1757"}],"wp:attachment":[{"href":"https:\/\/store.droneway.ma\/index.php\/wp-json\/wp\/v2\/media?parent=2552"}],"wp:term":[{"taxonomy":"product_brand","embeddable":true,"href":"https:\/\/store.droneway.ma\/index.php\/wp-json\/wp\/v2\/product_brand?post=2552"},{"taxonomy":"product_cat","embeddable":true,"href":"https:\/\/store.droneway.ma\/index.php\/wp-json\/wp\/v2\/product_cat?post=2552"},{"taxonomy":"product_tag","embeddable":true,"href":"https:\/\/store.droneway.ma\/index.php\/wp-json\/wp\/v2\/product_tag?post=2552"}],"curies":[{"name":"wp","href":"https:\/\/api.w.org\/{rel}","templated":true}]}}