{"id":2548,"date":"2020-11-21T19:16:09","date_gmt":"2020-11-21T18:16:09","guid":{"rendered":"http:\/\/store.droneway.ma\/index.php\/produit\/systeme-focus-3d-pour-dji-rs-2\/"},"modified":"2020-11-21T19:16:38","modified_gmt":"2020-11-21T18:16:38","slug":"systeme-focus-3d-pour-dji-rs-2","status":"publish","type":"product","link":"https:\/\/store.droneway.ma\/index.php\/produit\/systeme-focus-3d-pour-dji-rs-2\/","title":{"rendered":"Syst\u00e8me Focus 3D pour DJI RS 2"},"content":{"rendered":"<p>Ce syst\u00e8me de Focus 3D DJI s&rsquo;installe sur la cam\u00e9ra ou directement sur la cage de fixation de votre cam\u00e9ra pour assister la mise au point manuelle de l&rsquo;objectif. Pour utiliser ce module, vous devrez au pr\u00e9alable disposer d&rsquo;un moteur focus. Compatible uniquement avec le stabilisateur DJI RS 2.<\/p>\n","protected":false},"excerpt":{"rendered":"<p>Compatible DJI RS 2  Compact et facile \u00e0 monter  54.8 g<\/p>\n","protected":false},"featured_media":2549,"template":"","meta":{"content-type":"","rop_custom_images_group":[],"rop_custom_messages_group":[],"rop_publish_now":"initial","rop_publish_now_accounts":[],"rop_publish_now_history":[],"rop_publish_now_status":"pending"},"product_brand":[],"product_cat":[17,46],"product_tag":[],"class_list":{"0":"post-2548","1":"product","2":"type-product","3":"status-publish","4":"has-post-thumbnail","6":"product_cat-ronin","7":"product_cat-rs-2-et-rsc-2","9":"first","10":"instock","11":"purchasable","12":"product-type-simple"},"jetpack-related-posts":[{"id":2552,"url":"https:\/\/store.droneway.ma\/index.php\/produit\/dji-rs-2-2\/","url_meta":{"origin":2548,"position":0},"title":"DJI RS 2","author":"admin","date":"21 novembre 2020","format":false,"excerpt":"Stabilisateur professionnel pour cam\u00e9ra de cin\u00e9ma Jusqu'\u00e0 4,5 kg d'emport L\u00e9ger gr\u00e2ce \u00e0 sa conception en fibres de carbone Ecran tactile couleur de 1,4\" Compatible Sony, BlackMagic, Z CAM, Alexa, Nikon etc..","rel":"","context":"Article similaire","block_context":{"text":"Article similaire","link":""},"img":{"alt_text":"DJI RS 2","src":"https:\/\/i0.wp.com\/store.droneway.ma\/wp-content\/uploads\/2020\/11\/dji-rs-2-p-image-220260-grande.jpg?resize=350%2C200&ssl=1","width":350,"height":200,"srcset":"https:\/\/i0.wp.com\/store.droneway.ma\/wp-content\/uploads\/2020\/11\/dji-rs-2-p-image-220260-grande.jpg?resize=350%2C200&ssl=1 1x, https:\/\/i0.wp.com\/store.droneway.ma\/wp-content\/uploads\/2020\/11\/dji-rs-2-p-image-220260-grande.jpg?resize=525%2C300&ssl=1 1.5x, https:\/\/i0.wp.com\/store.droneway.ma\/wp-content\/uploads\/2020\/11\/dji-rs-2-p-image-220260-grande.jpg?resize=700%2C400&ssl=1 2x"},"classes":[]},{"id":2334,"url":"https:\/\/store.droneway.ma\/index.php\/produit\/telecommande-dji-focus\/","url_meta":{"origin":2548,"position":1},"title":"T\u00e9l\u00e9commande DJI Focus","author":"admin","date":"21 novembre 2020","format":false,"excerpt":"La t\u00e9l\u00e9commande DJI Focus premet de piloter la mise au point de l'appareil directement depuis le sol lorsqu'il est utilis\u00e9 avec un Inspire 1.\u00a0 \u00a0 Ce syst\u00e8me de mise au point aussi\u00a0 appel\u00e9 Follow Focus sans fil\u00a0a \u00e9t\u00e9 sp\u00e9cialement con\u00e7u pour s'adapter aux cam\u00e9ras\u00a0DJI Zenmuse X5 et X5R. Gr\u00e2ce \u00e0\u2026","rel":"","context":"Article similaire","block_context":{"text":"Article similaire","link":""},"img":{"alt_text":"T\u00e9l\u00e9commande DJI Focus","src":"https:\/\/i0.wp.com\/store.droneway.ma\/wp-content\/uploads\/2020\/11\/Telecommande-DJI-Focus.jpg?resize=350%2C200&ssl=1","width":350,"height":200,"srcset":"https:\/\/i0.wp.com\/store.droneway.ma\/wp-content\/uploads\/2020\/11\/Telecommande-DJI-Focus.jpg?resize=350%2C200&ssl=1 1x, https:\/\/i0.wp.com\/store.droneway.ma\/wp-content\/uploads\/2020\/11\/Telecommande-DJI-Focus.jpg?resize=525%2C300&ssl=1 1.5x"},"classes":[]},{"id":2535,"url":"https:\/\/store.droneway.ma\/index.php\/produit\/supports-quick-release-superieurs-dji-pour-rs-2-et-rsc2\/","url_meta":{"origin":2548,"position":2},"title":"Supports Quick Release (sup\u00e9rieurs) DJI pour RS 2 et RSC2","author":"admin","date":"21 novembre 2020","format":false,"excerpt":"Installation rapide Compatible DJI RS 2 et RSC2","rel":"","context":"Article similaire","block_context":{"text":"Article similaire","link":""},"img":{"alt_text":"Supports Quick Release (sup\u00e9rieurs) DJI pour RS 2 et RSC2","src":"https:\/\/i0.wp.com\/store.droneway.ma\/wp-content\/uploads\/2020\/11\/Supports-Quick-Release-superieurs-DJI-pour-RS-2-et-RSC2.jpg?resize=350%2C200&ssl=1","width":350,"height":200,"srcset":"https:\/\/i0.wp.com\/store.droneway.ma\/wp-content\/uploads\/2020\/11\/Supports-Quick-Release-superieurs-DJI-pour-RS-2-et-RSC2.jpg?resize=350%2C200&ssl=1 1x, https:\/\/i0.wp.com\/store.droneway.ma\/wp-content\/uploads\/2020\/11\/Supports-Quick-Release-superieurs-DJI-pour-RS-2-et-RSC2.jpg?resize=525%2C300&ssl=1 1.5x, https:\/\/i0.wp.com\/store.droneway.ma\/wp-content\/uploads\/2020\/11\/Supports-Quick-Release-superieurs-DJI-pour-RS-2-et-RSC2.jpg?resize=700%2C400&ssl=1 2x, https:\/\/i0.wp.com\/store.droneway.ma\/wp-content\/uploads\/2020\/11\/Supports-Quick-Release-superieurs-DJI-pour-RS-2-et-RSC2.jpg?resize=1050%2C600&ssl=1 3x, https:\/\/i0.wp.com\/store.droneway.ma\/wp-content\/uploads\/2020\/11\/Supports-Quick-Release-superieurs-DJI-pour-RS-2-et-RSC2.jpg?resize=1400%2C800&ssl=1 4x"},"classes":[]},{"id":2488,"url":"https:\/\/store.droneway.ma\/index.php\/produit\/valise-2500-etanche-pour-dji-ronin-s-et-systeme-focus-hprc\/","url_meta":{"origin":2548,"position":3},"title":"Valise 2500 \u00e9tanche pour DJI Ronin S et syst\u00e8me Focus &#8211; HPRC","author":"admin","date":"21 novembre 2020","format":false,"excerpt":"Valise \u00e9tanche haute gamme HPRC pour DJI Ronin S Mousse haute densit\u00e9 pr\u00e9d\u00e9coup\u00e9e avec 6 emplacements Emplacement pour syst\u00e8me DJI Focus S\u00e9curis\u00e9e \/ emplacements pour cadenas","rel":"","context":"Article similaire","block_context":{"text":"Article similaire","link":""},"img":{"alt_text":"Valise 2500 \u00e9tanche pour DJI Ronin S et syst\u00e8me Focus - HPRC","src":"https:\/\/i0.wp.com\/store.droneway.ma\/wp-content\/uploads\/2020\/11\/Valise-2500-etanche-pour-DJI-Ronin-S-et-systeme-Focus-HPRC.jpg?resize=350%2C200&ssl=1","width":350,"height":200,"srcset":"https:\/\/i0.wp.com\/store.droneway.ma\/wp-content\/uploads\/2020\/11\/Valise-2500-etanche-pour-DJI-Ronin-S-et-systeme-Focus-HPRC.jpg?resize=350%2C200&ssl=1 1x, https:\/\/i0.wp.com\/store.droneway.ma\/wp-content\/uploads\/2020\/11\/Valise-2500-etanche-pour-DJI-Ronin-S-et-systeme-Focus-HPRC.jpg?resize=525%2C300&ssl=1 1.5x"},"classes":[]},{"id":2496,"url":"https:\/\/store.droneway.ma\/index.php\/produit\/valise-2500-etanche-pour-dji-ronin-sc-et-systeme-focus-hprc\/","url_meta":{"origin":2548,"position":4},"title":"Valise 2500 \u00e9tanche pour DJI Ronin SC et syst\u00e8me Focus &#8211; HPRC","author":"admin","date":"21 novembre 2020","format":false,"excerpt":"Valise \u00e9tanche haute gamme HPRC pour DJI Ronin SC Mousse haute densit\u00e9 pr\u00e9d\u00e9coup\u00e9e avec Vector Panel Emplacement pour syst\u00e8me DJI Focus S\u00e9curis\u00e9e \/ emplacements pour cadenas","rel":"","context":"Article similaire","block_context":{"text":"Article similaire","link":""},"img":{"alt_text":"Valise 2500 \u00e9tanche pour DJI Ronin SC et syst\u00e8me Focus - HPRC","src":"https:\/\/i0.wp.com\/store.droneway.ma\/wp-content\/uploads\/2020\/11\/Valise-2500-etanche-pour-DJI-Ronin-SC-et-systeme-Focus-HPRC.jpg?resize=350%2C200&ssl=1","width":350,"height":200,"srcset":"https:\/\/i0.wp.com\/store.droneway.ma\/wp-content\/uploads\/2020\/11\/Valise-2500-etanche-pour-DJI-Ronin-SC-et-systeme-Focus-HPRC.jpg?resize=350%2C200&ssl=1 1x, https:\/\/i0.wp.com\/store.droneway.ma\/wp-content\/uploads\/2020\/11\/Valise-2500-etanche-pour-DJI-Ronin-SC-et-systeme-Focus-HPRC.jpg?resize=525%2C300&ssl=1 1.5x, https:\/\/i0.wp.com\/store.droneway.ma\/wp-content\/uploads\/2020\/11\/Valise-2500-etanche-pour-DJI-Ronin-SC-et-systeme-Focus-HPRC.jpg?resize=700%2C400&ssl=1 2x"},"classes":[]},{"id":2531,"url":"https:\/\/store.droneway.ma\/index.php\/produit\/support-quick-release-inferieur-dji-pour-rs-2-et-rsc2\/","url_meta":{"origin":2548,"position":5},"title":"Support Quick Release (inf\u00e9rieur) DJI pour RS 2 et RSC2","author":"admin","date":"21 novembre 2020","format":false,"excerpt":"Installation rapide Compatible DJI RS 2 et RSC2","rel":"","context":"Article similaire","block_context":{"text":"Article similaire","link":""},"img":{"alt_text":"Support Quick Release (inf\u00e9rieur) DJI pour RS 2 et RSC2","src":"https:\/\/i0.wp.com\/store.droneway.ma\/wp-content\/uploads\/2020\/11\/Support-Quick-Release-inferieur-DJI-pour-RS-2-et-RSC2.jpg?resize=350%2C200&ssl=1","width":350,"height":200,"srcset":"https:\/\/i0.wp.com\/store.droneway.ma\/wp-content\/uploads\/2020\/11\/Support-Quick-Release-inferieur-DJI-pour-RS-2-et-RSC2.jpg?resize=350%2C200&ssl=1 1x, https:\/\/i0.wp.com\/store.droneway.ma\/wp-content\/uploads\/2020\/11\/Support-Quick-Release-inferieur-DJI-pour-RS-2-et-RSC2.jpg?resize=525%2C300&ssl=1 1.5x, https:\/\/i0.wp.com\/store.droneway.ma\/wp-content\/uploads\/2020\/11\/Support-Quick-Release-inferieur-DJI-pour-RS-2-et-RSC2.jpg?resize=700%2C400&ssl=1 2x, https:\/\/i0.wp.com\/store.droneway.ma\/wp-content\/uploads\/2020\/11\/Support-Quick-Release-inferieur-DJI-pour-RS-2-et-RSC2.jpg?resize=1050%2C600&ssl=1 3x, https:\/\/i0.wp.com\/store.droneway.ma\/wp-content\/uploads\/2020\/11\/Support-Quick-Release-inferieur-DJI-pour-RS-2-et-RSC2.jpg?resize=1400%2C800&ssl=1 4x"},"classes":[]}],"jetpack_sharing_enabled":true,"_links":{"self":[{"href":"https:\/\/store.droneway.ma\/index.php\/wp-json\/wp\/v2\/product\/2548","targetHints":{"allow":["GET"]}}],"collection":[{"href":"https:\/\/store.droneway.ma\/index.php\/wp-json\/wp\/v2\/product"}],"about":[{"href":"https:\/\/store.droneway.ma\/index.php\/wp-json\/wp\/v2\/types\/product"}],"wp:featuredmedia":[{"embeddable":true,"href":"https:\/\/store.droneway.ma\/index.php\/wp-json\/wp\/v2\/media\/2549"}],"wp:attachment":[{"href":"https:\/\/store.droneway.ma\/index.php\/wp-json\/wp\/v2\/media?parent=2548"}],"wp:term":[{"taxonomy":"product_brand","embeddable":true,"href":"https:\/\/store.droneway.ma\/index.php\/wp-json\/wp\/v2\/product_brand?post=2548"},{"taxonomy":"product_cat","embeddable":true,"href":"https:\/\/store.droneway.ma\/index.php\/wp-json\/wp\/v2\/product_cat?post=2548"},{"taxonomy":"product_tag","embeddable":true,"href":"https:\/\/store.droneway.ma\/index.php\/wp-json\/wp\/v2\/product_tag?post=2548"}],"curies":[{"name":"wp","href":"https:\/\/api.w.org\/{rel}","templated":true}]}}