{"id":2543,"date":"2020-11-21T19:16:09","date_gmt":"2020-11-21T18:16:09","guid":{"rendered":"http:\/\/store.droneway.ma\/index.php\/produit\/poignee-malette-pour-dji-rs-2-et-rsc-2\/"},"modified":"2023-01-19T18:21:36","modified_gmt":"2023-01-19T17:21:36","slug":"poignee-malette-pour-dji-rs-2-et-rsc-2","status":"publish","type":"product","link":"https:\/\/store.droneway.ma\/index.php\/produit\/poignee-malette-pour-dji-rs-2-et-rsc-2\/","title":{"rendered":"Poign\u00e9e malette pour DJI RS 2 et RSC 2"},"content":{"rendered":"<p>Cette poign\u00e9e se monte sur l&rsquo;extension de poign\u00e9e\/tr\u00e9pied et permet de porter le stabilisateur en mode Sling ( \u00e0 deux mains en position basse).\u00a0 Vous pourrez ainsi faire des prises de vue proche du sol et capter un contenu unique ! Con\u00e7ue en alliage d&rsquo;aluminium, cette poign\u00e9e haute r\u00e9sistance se monte et d\u00e9monte rapidement.<\/p>\n","protected":false},"excerpt":{"rendered":"<p>Poign\u00e9e mallette en alliage d&rsquo;aluminium 150g<\/p>\n","protected":false},"featured_media":2544,"template":"","meta":{"content-type":"","rop_custom_images_group":[],"rop_custom_messages_group":[],"rop_publish_now":"initial","rop_publish_now_accounts":[],"rop_publish_now_history":[],"rop_publish_now_status":"pending"},"product_brand":[],"product_cat":[17,46],"product_tag":[],"class_list":{"0":"post-2543","1":"product","2":"type-product","3":"status-publish","4":"has-post-thumbnail","6":"product_cat-ronin","7":"product_cat-rs-2-et-rsc-2","9":"first","10":"instock","11":"purchasable","12":"product-type-simple"},"jetpack-related-posts":[{"id":2359,"url":"https:\/\/store.droneway.ma\/index.php\/produit\/poignee-multi-usage-pour-dji-pocket-2\/","url_meta":{"origin":2543,"position":0},"title":"Poign\u00e9e multi-usage pour DJI Pocket 2","author":"admin","date":"21 novembre 2020","format":false,"excerpt":"Compatible DJI Pocket 2 R\u00e9cepteur audio microphone Emetteur WiFi\/Bluetooth pour contr\u00f4le \u00e0 distance Haut-parleur inclus Nombreuses connectiques","rel":"","context":"Article similaire","block_context":{"text":"Article similaire","link":""},"img":{"alt_text":"Poign\u00e9e multi-usage pour DJI Pocket 2","src":"https:\/\/i0.wp.com\/store.droneway.ma\/wp-content\/uploads\/2020\/11\/Poignee-multi-usage-pour-DJI-Pocket-2.jpg?resize=350%2C200&ssl=1","width":350,"height":200,"srcset":"https:\/\/i0.wp.com\/store.droneway.ma\/wp-content\/uploads\/2020\/11\/Poignee-multi-usage-pour-DJI-Pocket-2.jpg?resize=350%2C200&ssl=1 1x, https:\/\/i0.wp.com\/store.droneway.ma\/wp-content\/uploads\/2020\/11\/Poignee-multi-usage-pour-DJI-Pocket-2.jpg?resize=525%2C300&ssl=1 1.5x, https:\/\/i0.wp.com\/store.droneway.ma\/wp-content\/uploads\/2020\/11\/Poignee-multi-usage-pour-DJI-Pocket-2.jpg?resize=700%2C400&ssl=1 2x, https:\/\/i0.wp.com\/store.droneway.ma\/wp-content\/uploads\/2020\/11\/Poignee-multi-usage-pour-DJI-Pocket-2.jpg?resize=1050%2C600&ssl=1 3x, https:\/\/i0.wp.com\/store.droneway.ma\/wp-content\/uploads\/2020\/11\/Poignee-multi-usage-pour-DJI-Pocket-2.jpg?resize=1400%2C800&ssl=1 4x"},"classes":[]},{"id":2308,"url":"https:\/\/store.droneway.ma\/index.php\/produit\/poignee-trepied-pour-osmo-mobile-3-dji\/","url_meta":{"origin":2543,"position":1},"title":"Poign\u00e9e tr\u00e9pied pour Osmo Mobile 3 &#8211; DJI","author":"admin","date":"21 novembre 2020","format":false,"excerpt":"Facilite la r\u00e9alisation de timelapse ou de panoramas Permet de poser le stabilisateur DJI Osmo Mobile 3 Compatible avec les stabilisateurs DJI Osmo Mobile 2 et Osmo Mobile 3","rel":"","context":"Article similaire","block_context":{"text":"Article similaire","link":""},"img":{"alt_text":"Poign\u00e9e tr\u00e9pied pour Osmo Mobile 3 - DJI","src":"https:\/\/i0.wp.com\/store.droneway.ma\/wp-content\/uploads\/2020\/11\/Poignee-trepied-pour-Osmo-Mobile-3-DJI.jpg?resize=350%2C200&ssl=1","width":350,"height":200,"srcset":"https:\/\/i0.wp.com\/store.droneway.ma\/wp-content\/uploads\/2020\/11\/Poignee-trepied-pour-Osmo-Mobile-3-DJI.jpg?resize=350%2C200&ssl=1 1x, https:\/\/i0.wp.com\/store.droneway.ma\/wp-content\/uploads\/2020\/11\/Poignee-trepied-pour-Osmo-Mobile-3-DJI.jpg?resize=525%2C300&ssl=1 1.5x"},"classes":[]},{"id":2484,"url":"https:\/\/store.droneway.ma\/index.php\/produit\/poignee-bg18-pour-ronin-sc-avec-batterie-integree-dji\/","url_meta":{"origin":2543,"position":2},"title":"Poign\u00e9e BG18 pour Ronin-SC avec batterie int\u00e9gr\u00e9e &#8211; DJI","author":"admin","date":"21 novembre 2020","format":false,"excerpt":"Poign\u00e9e ergonomique et l\u00e9g\u00e8re \u00c9quip\u00e9e d'une batterie interne de 2450mAh Permet une autonomie de 11h avec le Ronin-SC Deux pas de vis (1\/4\" et 3\/8\") sur le dessous","rel":"","context":"Article similaire","block_context":{"text":"Article similaire","link":""},"img":{"alt_text":"Poign\u00e9e BG18 pour Ronin-SC avec batterie int\u00e9gr\u00e9e - DJI","src":"https:\/\/i0.wp.com\/store.droneway.ma\/wp-content\/uploads\/2020\/11\/poignee-bg18-pour-ronin-sc-avec-batterie-integree-dji-p-image-210810-grande.jpg?resize=350%2C200&ssl=1","width":350,"height":200,"srcset":"https:\/\/i0.wp.com\/store.droneway.ma\/wp-content\/uploads\/2020\/11\/poignee-bg18-pour-ronin-sc-avec-batterie-integree-dji-p-image-210810-grande.jpg?resize=350%2C200&ssl=1 1x, https:\/\/i0.wp.com\/store.droneway.ma\/wp-content\/uploads\/2020\/11\/poignee-bg18-pour-ronin-sc-avec-batterie-integree-dji-p-image-210810-grande.jpg?resize=525%2C300&ssl=1 1.5x"},"classes":[]},{"id":2242,"url":"https:\/\/store.droneway.ma\/index.php\/produit\/support-tablette-pour-radio-dji-mavic\/","url_meta":{"origin":2543,"position":3},"title":"Support tablette pour radio DJI Mavic","author":"admin","date":"21 novembre 2020","format":false,"excerpt":"Design pliable Savoir-faire artisanal Compatible avec la plupart des tablettes Compatible avec les radiocommandes pour DJI Mavic","rel":"","context":"Article similaire","block_context":{"text":"Article similaire","link":""},"img":{"alt_text":"Support tablette pour radio DJI Mavic","src":"https:\/\/i0.wp.com\/store.droneway.ma\/wp-content\/uploads\/2020\/11\/Support-tablette-pour-radio-DJI-Mavic.jpg?resize=350%2C200&ssl=1","width":350,"height":200,"srcset":"https:\/\/i0.wp.com\/store.droneway.ma\/wp-content\/uploads\/2020\/11\/Support-tablette-pour-radio-DJI-Mavic.jpg?resize=350%2C200&ssl=1 1x, https:\/\/i0.wp.com\/store.droneway.ma\/wp-content\/uploads\/2020\/11\/Support-tablette-pour-radio-DJI-Mavic.jpg?resize=525%2C300&ssl=1 1.5x"},"classes":[]},{"id":2552,"url":"https:\/\/store.droneway.ma\/index.php\/produit\/dji-rs-2-2\/","url_meta":{"origin":2543,"position":4},"title":"DJI RS 2","author":"admin","date":"21 novembre 2020","format":false,"excerpt":"Stabilisateur professionnel pour cam\u00e9ra de cin\u00e9ma Jusqu'\u00e0 4,5 kg d'emport L\u00e9ger gr\u00e2ce \u00e0 sa conception en fibres de carbone Ecran tactile couleur de 1,4\" Compatible Sony, BlackMagic, Z CAM, Alexa, Nikon etc..","rel":"","context":"Article similaire","block_context":{"text":"Article similaire","link":""},"img":{"alt_text":"DJI RS 2","src":"https:\/\/i0.wp.com\/store.droneway.ma\/wp-content\/uploads\/2020\/11\/dji-rs-2-p-image-220260-grande.jpg?resize=350%2C200&ssl=1","width":350,"height":200,"srcset":"https:\/\/i0.wp.com\/store.droneway.ma\/wp-content\/uploads\/2020\/11\/dji-rs-2-p-image-220260-grande.jpg?resize=350%2C200&ssl=1 1x, https:\/\/i0.wp.com\/store.droneway.ma\/wp-content\/uploads\/2020\/11\/dji-rs-2-p-image-220260-grande.jpg?resize=525%2C300&ssl=1 1.5x, https:\/\/i0.wp.com\/store.droneway.ma\/wp-content\/uploads\/2020\/11\/dji-rs-2-p-image-220260-grande.jpg?resize=700%2C400&ssl=1 2x"},"classes":[]},{"id":2400,"url":"https:\/\/store.droneway.ma\/index.php\/produit\/microphone-sans-fil-pour-dji-pocket-2-2\/","url_meta":{"origin":2543,"position":5},"title":"Microphone sans-fil pour DJI Pocket 2","author":"admin","date":"21 novembre 2020","format":false,"excerpt":"Compatible DJI Pocket 2 Prise de son professionnelle Port jack 3.5 mm Clip pour fixation sur v\u00eatement Contr\u00f4le de l'obturateur \u00e0 distance","rel":"","context":"Article similaire","block_context":{"text":"Article similaire","link":""},"img":{"alt_text":"Microphone sans-fil pour DJI Pocket 2","src":"https:\/\/i0.wp.com\/store.droneway.ma\/wp-content\/uploads\/2020\/11\/Microphone-sans-fil-pour-DJI-Pocket-2.jpg?resize=350%2C200&ssl=1","width":350,"height":200,"srcset":"https:\/\/i0.wp.com\/store.droneway.ma\/wp-content\/uploads\/2020\/11\/Microphone-sans-fil-pour-DJI-Pocket-2.jpg?resize=350%2C200&ssl=1 1x, https:\/\/i0.wp.com\/store.droneway.ma\/wp-content\/uploads\/2020\/11\/Microphone-sans-fil-pour-DJI-Pocket-2.jpg?resize=525%2C300&ssl=1 1.5x, https:\/\/i0.wp.com\/store.droneway.ma\/wp-content\/uploads\/2020\/11\/Microphone-sans-fil-pour-DJI-Pocket-2.jpg?resize=700%2C400&ssl=1 2x"},"classes":[]}],"jetpack_sharing_enabled":true,"_links":{"self":[{"href":"https:\/\/store.droneway.ma\/index.php\/wp-json\/wp\/v2\/product\/2543","targetHints":{"allow":["GET"]}}],"collection":[{"href":"https:\/\/store.droneway.ma\/index.php\/wp-json\/wp\/v2\/product"}],"about":[{"href":"https:\/\/store.droneway.ma\/index.php\/wp-json\/wp\/v2\/types\/product"}],"wp:featuredmedia":[{"embeddable":true,"href":"https:\/\/store.droneway.ma\/index.php\/wp-json\/wp\/v2\/media\/2544"}],"wp:attachment":[{"href":"https:\/\/store.droneway.ma\/index.php\/wp-json\/wp\/v2\/media?parent=2543"}],"wp:term":[{"taxonomy":"product_brand","embeddable":true,"href":"https:\/\/store.droneway.ma\/index.php\/wp-json\/wp\/v2\/product_brand?post=2543"},{"taxonomy":"product_cat","embeddable":true,"href":"https:\/\/store.droneway.ma\/index.php\/wp-json\/wp\/v2\/product_cat?post=2543"},{"taxonomy":"product_tag","embeddable":true,"href":"https:\/\/store.droneway.ma\/index.php\/wp-json\/wp\/v2\/product_tag?post=2543"}],"curies":[{"name":"wp","href":"https:\/\/api.w.org\/{rel}","templated":true}]}}