{"id":2535,"date":"2020-11-21T19:16:09","date_gmt":"2020-11-21T18:16:09","guid":{"rendered":"http:\/\/store.droneway.ma\/index.php\/produit\/supports-quick-release-superieurs-dji-pour-rs-2-et-rsc2\/"},"modified":"2020-11-21T19:16:10","modified_gmt":"2020-11-21T18:16:10","slug":"supports-quick-release-superieurs-dji-pour-rs-2-et-rsc2","status":"publish","type":"product","link":"https:\/\/store.droneway.ma\/index.php\/produit\/supports-quick-release-superieurs-dji-pour-rs-2-et-rsc2\/","title":{"rendered":"Supports Quick Release (sup\u00e9rieurs) DJI pour RS 2 et RSC2"},"content":{"rendered":"<p>Ces platines Quick-Release (sup\u00e9rieures) vous permettront de fixer votre cam\u00e9ra rapidement sur votre stabilisateur DJI RS 2 et RSC 2.  Vous pourrez \u00e9galement sur\u00e9lever votre cam\u00e9ra pour permettre un meilleur \u00e9quilibre de votre configuration. Les accessoires s&rsquo;installent sur la plaque de votre stabilisateur et se fixe avec les vis fournies.<\/p>\n","protected":false},"excerpt":{"rendered":"<p>Installation rapide  Compatible DJI RS 2 et RSC2<\/p>\n","protected":false},"featured_media":2536,"template":"","meta":{"content-type":"","rop_custom_images_group":[],"rop_custom_messages_group":[],"rop_publish_now":"initial","rop_publish_now_accounts":[],"rop_publish_now_history":[],"rop_publish_now_status":"pending"},"product_brand":[],"product_cat":[17,46],"product_tag":[],"class_list":{"0":"post-2535","1":"product","2":"type-product","3":"status-publish","4":"has-post-thumbnail","6":"product_cat-ronin","7":"product_cat-rs-2-et-rsc-2","9":"first","10":"instock","11":"purchasable","12":"product-type-simple"},"jetpack-related-posts":[{"id":2531,"url":"https:\/\/store.droneway.ma\/index.php\/produit\/support-quick-release-inferieur-dji-pour-rs-2-et-rsc2\/","url_meta":{"origin":2535,"position":0},"title":"Support Quick Release (inf\u00e9rieur) DJI pour RS 2 et RSC2","author":"admin","date":"21 novembre 2020","format":false,"excerpt":"Installation rapide Compatible DJI RS 2 et RSC2","rel":"","context":"Article similaire","block_context":{"text":"Article similaire","link":""},"img":{"alt_text":"Support Quick Release (inf\u00e9rieur) DJI pour RS 2 et RSC2","src":"https:\/\/i0.wp.com\/store.droneway.ma\/wp-content\/uploads\/2020\/11\/Support-Quick-Release-inferieur-DJI-pour-RS-2-et-RSC2.jpg?resize=350%2C200&ssl=1","width":350,"height":200,"srcset":"https:\/\/i0.wp.com\/store.droneway.ma\/wp-content\/uploads\/2020\/11\/Support-Quick-Release-inferieur-DJI-pour-RS-2-et-RSC2.jpg?resize=350%2C200&ssl=1 1x, https:\/\/i0.wp.com\/store.droneway.ma\/wp-content\/uploads\/2020\/11\/Support-Quick-Release-inferieur-DJI-pour-RS-2-et-RSC2.jpg?resize=525%2C300&ssl=1 1.5x, https:\/\/i0.wp.com\/store.droneway.ma\/wp-content\/uploads\/2020\/11\/Support-Quick-Release-inferieur-DJI-pour-RS-2-et-RSC2.jpg?resize=700%2C400&ssl=1 2x, https:\/\/i0.wp.com\/store.droneway.ma\/wp-content\/uploads\/2020\/11\/Support-Quick-Release-inferieur-DJI-pour-RS-2-et-RSC2.jpg?resize=1050%2C600&ssl=1 3x, https:\/\/i0.wp.com\/store.droneway.ma\/wp-content\/uploads\/2020\/11\/Support-Quick-Release-inferieur-DJI-pour-RS-2-et-RSC2.jpg?resize=1400%2C800&ssl=1 4x"},"classes":[]},{"id":2521,"url":"https:\/\/store.droneway.ma\/index.php\/produit\/support-smartphone-dji-pour-rs2-rsc2\/","url_meta":{"origin":2535,"position":1},"title":"Support smartphone DJI pour RS2 &#038; RSC2","author":"admin","date":"21 novembre 2020","format":false,"excerpt":"Installation rapide S\u00e9curisant Compatible DJI RS 2 & RSC 2","rel":"","context":"Article similaire","block_context":{"text":"Article similaire","link":""},"img":{"alt_text":"Support smartphone DJI pour RS2 & RSC2","src":"https:\/\/i0.wp.com\/store.droneway.ma\/wp-content\/uploads\/2020\/11\/Support-smartphone-DJI-pour-RS2-RSC2.jpg?resize=350%2C200&ssl=1","width":350,"height":200,"srcset":"https:\/\/i0.wp.com\/store.droneway.ma\/wp-content\/uploads\/2020\/11\/Support-smartphone-DJI-pour-RS2-RSC2.jpg?resize=350%2C200&ssl=1 1x, https:\/\/i0.wp.com\/store.droneway.ma\/wp-content\/uploads\/2020\/11\/Support-smartphone-DJI-pour-RS2-RSC2.jpg?resize=525%2C300&ssl=1 1.5x, https:\/\/i0.wp.com\/store.droneway.ma\/wp-content\/uploads\/2020\/11\/Support-smartphone-DJI-pour-RS2-RSC2.jpg?resize=700%2C400&ssl=1 2x, https:\/\/i0.wp.com\/store.droneway.ma\/wp-content\/uploads\/2020\/11\/Support-smartphone-DJI-pour-RS2-RSC2.jpg?resize=1050%2C600&ssl=1 3x, https:\/\/i0.wp.com\/store.droneway.ma\/wp-content\/uploads\/2020\/11\/Support-smartphone-DJI-pour-RS2-RSC2.jpg?resize=1400%2C800&ssl=1 4x"},"classes":[]},{"id":2526,"url":"https:\/\/store.droneway.ma\/index.php\/produit\/fixation-verticale-pour-dji-rs-2\/","url_meta":{"origin":2535,"position":2},"title":"Fixation verticale pour DJI RS 2","author":"admin","date":"21 novembre 2020","format":false,"excerpt":"Compatible DJI RS 2 Monobloc","rel":"","context":"Article similaire","block_context":{"text":"Article similaire","link":""},"img":{"alt_text":"Fixation verticale pour DJI RS 2","src":"https:\/\/i0.wp.com\/store.droneway.ma\/wp-content\/uploads\/2020\/11\/Fixation-verticale-pour-DJI-RS-2.jpg?resize=350%2C200&ssl=1","width":350,"height":200,"srcset":"https:\/\/i0.wp.com\/store.droneway.ma\/wp-content\/uploads\/2020\/11\/Fixation-verticale-pour-DJI-RS-2.jpg?resize=350%2C200&ssl=1 1x, https:\/\/i0.wp.com\/store.droneway.ma\/wp-content\/uploads\/2020\/11\/Fixation-verticale-pour-DJI-RS-2.jpg?resize=525%2C300&ssl=1 1.5x, https:\/\/i0.wp.com\/store.droneway.ma\/wp-content\/uploads\/2020\/11\/Fixation-verticale-pour-DJI-RS-2.jpg?resize=700%2C400&ssl=1 2x, https:\/\/i0.wp.com\/store.droneway.ma\/wp-content\/uploads\/2020\/11\/Fixation-verticale-pour-DJI-RS-2.jpg?resize=1050%2C600&ssl=1 3x, https:\/\/i0.wp.com\/store.droneway.ma\/wp-content\/uploads\/2020\/11\/Fixation-verticale-pour-DJI-RS-2.jpg?resize=1400%2C800&ssl=1 4x"},"classes":[]},{"id":2552,"url":"https:\/\/store.droneway.ma\/index.php\/produit\/dji-rs-2-2\/","url_meta":{"origin":2535,"position":3},"title":"DJI RS 2","author":"admin","date":"21 novembre 2020","format":false,"excerpt":"Stabilisateur professionnel pour cam\u00e9ra de cin\u00e9ma Jusqu'\u00e0 4,5 kg d'emport L\u00e9ger gr\u00e2ce \u00e0 sa conception en fibres de carbone Ecran tactile couleur de 1,4\" Compatible Sony, BlackMagic, Z CAM, Alexa, Nikon etc..","rel":"","context":"Article similaire","block_context":{"text":"Article similaire","link":""},"img":{"alt_text":"DJI RS 2","src":"https:\/\/i0.wp.com\/store.droneway.ma\/wp-content\/uploads\/2020\/11\/dji-rs-2-p-image-220260-grande.jpg?resize=350%2C200&ssl=1","width":350,"height":200,"srcset":"https:\/\/i0.wp.com\/store.droneway.ma\/wp-content\/uploads\/2020\/11\/dji-rs-2-p-image-220260-grande.jpg?resize=350%2C200&ssl=1 1x, https:\/\/i0.wp.com\/store.droneway.ma\/wp-content\/uploads\/2020\/11\/dji-rs-2-p-image-220260-grande.jpg?resize=525%2C300&ssl=1 1.5x, https:\/\/i0.wp.com\/store.droneway.ma\/wp-content\/uploads\/2020\/11\/dji-rs-2-p-image-220260-grande.jpg?resize=700%2C400&ssl=1 2x"},"classes":[]},{"id":2548,"url":"https:\/\/store.droneway.ma\/index.php\/produit\/systeme-focus-3d-pour-dji-rs-2\/","url_meta":{"origin":2535,"position":4},"title":"Syst\u00e8me Focus 3D pour DJI RS 2","author":"admin","date":"21 novembre 2020","format":false,"excerpt":"Compatible DJI RS 2 Compact et facile \u00e0 monter 54.8 g","rel":"","context":"Article similaire","block_context":{"text":"Article similaire","link":""},"img":{"alt_text":"Syst\u00e8me Focus 3D pour DJI RS 2","src":"https:\/\/i0.wp.com\/store.droneway.ma\/wp-content\/uploads\/2020\/11\/Systeme-Focus-3D-pour-DJI-RS-2.jpg?resize=350%2C200&ssl=1","width":350,"height":200,"srcset":"https:\/\/i0.wp.com\/store.droneway.ma\/wp-content\/uploads\/2020\/11\/Systeme-Focus-3D-pour-DJI-RS-2.jpg?resize=350%2C200&ssl=1 1x, https:\/\/i0.wp.com\/store.droneway.ma\/wp-content\/uploads\/2020\/11\/Systeme-Focus-3D-pour-DJI-RS-2.jpg?resize=525%2C300&ssl=1 1.5x, https:\/\/i0.wp.com\/store.droneway.ma\/wp-content\/uploads\/2020\/11\/Systeme-Focus-3D-pour-DJI-RS-2.jpg?resize=700%2C400&ssl=1 2x, https:\/\/i0.wp.com\/store.droneway.ma\/wp-content\/uploads\/2020\/11\/Systeme-Focus-3D-pour-DJI-RS-2.jpg?resize=1050%2C600&ssl=1 3x, https:\/\/i0.wp.com\/store.droneway.ma\/wp-content\/uploads\/2020\/11\/Systeme-Focus-3D-pour-DJI-RS-2.jpg?resize=1400%2C800&ssl=1 4x"},"classes":[]},{"id":2543,"url":"https:\/\/store.droneway.ma\/index.php\/produit\/poignee-malette-pour-dji-rs-2-et-rsc-2\/","url_meta":{"origin":2535,"position":5},"title":"Poign\u00e9e malette pour DJI RS 2 et RSC 2","author":"admin","date":"21 novembre 2020","format":false,"excerpt":"Poign\u00e9e mallette en alliage d'aluminium 150g","rel":"","context":"Article similaire","block_context":{"text":"Article similaire","link":""},"img":{"alt_text":"Poign\u00e9e malette pour DJI RS 2 et RSC 2","src":"https:\/\/i0.wp.com\/store.droneway.ma\/wp-content\/uploads\/2020\/11\/Poignee-malette-pour-DJI-RS-2-et-RSC-2.jpg?resize=350%2C200&ssl=1","width":350,"height":200,"srcset":"https:\/\/i0.wp.com\/store.droneway.ma\/wp-content\/uploads\/2020\/11\/Poignee-malette-pour-DJI-RS-2-et-RSC-2.jpg?resize=350%2C200&ssl=1 1x, https:\/\/i0.wp.com\/store.droneway.ma\/wp-content\/uploads\/2020\/11\/Poignee-malette-pour-DJI-RS-2-et-RSC-2.jpg?resize=525%2C300&ssl=1 1.5x, https:\/\/i0.wp.com\/store.droneway.ma\/wp-content\/uploads\/2020\/11\/Poignee-malette-pour-DJI-RS-2-et-RSC-2.jpg?resize=700%2C400&ssl=1 2x, https:\/\/i0.wp.com\/store.droneway.ma\/wp-content\/uploads\/2020\/11\/Poignee-malette-pour-DJI-RS-2-et-RSC-2.jpg?resize=1050%2C600&ssl=1 3x, https:\/\/i0.wp.com\/store.droneway.ma\/wp-content\/uploads\/2020\/11\/Poignee-malette-pour-DJI-RS-2-et-RSC-2.jpg?resize=1400%2C800&ssl=1 4x"},"classes":[]}],"jetpack_sharing_enabled":true,"_links":{"self":[{"href":"https:\/\/store.droneway.ma\/index.php\/wp-json\/wp\/v2\/product\/2535","targetHints":{"allow":["GET"]}}],"collection":[{"href":"https:\/\/store.droneway.ma\/index.php\/wp-json\/wp\/v2\/product"}],"about":[{"href":"https:\/\/store.droneway.ma\/index.php\/wp-json\/wp\/v2\/types\/product"}],"wp:featuredmedia":[{"embeddable":true,"href":"https:\/\/store.droneway.ma\/index.php\/wp-json\/wp\/v2\/media\/2536"}],"wp:attachment":[{"href":"https:\/\/store.droneway.ma\/index.php\/wp-json\/wp\/v2\/media?parent=2535"}],"wp:term":[{"taxonomy":"product_brand","embeddable":true,"href":"https:\/\/store.droneway.ma\/index.php\/wp-json\/wp\/v2\/product_brand?post=2535"},{"taxonomy":"product_cat","embeddable":true,"href":"https:\/\/store.droneway.ma\/index.php\/wp-json\/wp\/v2\/product_cat?post=2535"},{"taxonomy":"product_tag","embeddable":true,"href":"https:\/\/store.droneway.ma\/index.php\/wp-json\/wp\/v2\/product_tag?post=2535"}],"curies":[{"name":"wp","href":"https:\/\/api.w.org\/{rel}","templated":true}]}}