{"id":2526,"date":"2020-11-21T19:14:54","date_gmt":"2020-11-21T18:14:54","guid":{"rendered":"http:\/\/store.droneway.ma\/index.php\/produit\/fixation-verticale-pour-dji-rs-2\/"},"modified":"2020-11-21T19:15:41","modified_gmt":"2020-11-21T18:15:41","slug":"fixation-verticale-pour-dji-rs-2","status":"publish","type":"product","link":"https:\/\/store.droneway.ma\/index.php\/produit\/fixation-verticale-pour-dji-rs-2\/","title":{"rendered":"Fixation verticale pour DJI RS 2"},"content":{"rendered":"<p>Cette fixation vous permettra d&rsquo;installer votre appareil photo \u00e0 la verticale sur votre stabilisateur DJI RS 2.  Vous pourrez coulisser cette fixation pour un \u00e9quilibrage id\u00e9al. On retrouve un syst\u00e8me Quick Release pour \u00eatre encore plus efficace sur le terrain !  La prise de vue verticale n&rsquo;aura plus aucun secret pour vous gr\u00e2ce \u00e0 cette fixation DJI !<\/p>\n","protected":false},"excerpt":{"rendered":"<p>Compatible DJI RS 2  Monobloc<\/p>\n","protected":false},"featured_media":2527,"template":"","meta":{"content-type":"","rop_custom_images_group":[],"rop_custom_messages_group":[],"rop_publish_now":"initial","rop_publish_now_accounts":[],"rop_publish_now_history":[],"rop_publish_now_status":"pending"},"product_brand":[],"product_cat":[17,46],"product_tag":[],"class_list":{"0":"post-2526","1":"product","2":"type-product","3":"status-publish","4":"has-post-thumbnail","6":"product_cat-ronin","7":"product_cat-rs-2-et-rsc-2","9":"first","10":"instock","11":"purchasable","12":"product-type-simple"},"jetpack-related-posts":[{"id":2548,"url":"https:\/\/store.droneway.ma\/index.php\/produit\/systeme-focus-3d-pour-dji-rs-2\/","url_meta":{"origin":2526,"position":0},"title":"Syst\u00e8me Focus 3D pour DJI RS 2","author":"admin","date":"21 novembre 2020","format":false,"excerpt":"Compatible DJI RS 2 Compact et facile \u00e0 monter 54.8 g","rel":"","context":"Article similaire","block_context":{"text":"Article similaire","link":""},"img":{"alt_text":"Syst\u00e8me Focus 3D pour DJI RS 2","src":"https:\/\/i0.wp.com\/store.droneway.ma\/wp-content\/uploads\/2020\/11\/Systeme-Focus-3D-pour-DJI-RS-2.jpg?resize=350%2C200&ssl=1","width":350,"height":200,"srcset":"https:\/\/i0.wp.com\/store.droneway.ma\/wp-content\/uploads\/2020\/11\/Systeme-Focus-3D-pour-DJI-RS-2.jpg?resize=350%2C200&ssl=1 1x, https:\/\/i0.wp.com\/store.droneway.ma\/wp-content\/uploads\/2020\/11\/Systeme-Focus-3D-pour-DJI-RS-2.jpg?resize=525%2C300&ssl=1 1.5x, https:\/\/i0.wp.com\/store.droneway.ma\/wp-content\/uploads\/2020\/11\/Systeme-Focus-3D-pour-DJI-RS-2.jpg?resize=700%2C400&ssl=1 2x, https:\/\/i0.wp.com\/store.droneway.ma\/wp-content\/uploads\/2020\/11\/Systeme-Focus-3D-pour-DJI-RS-2.jpg?resize=1050%2C600&ssl=1 3x, https:\/\/i0.wp.com\/store.droneway.ma\/wp-content\/uploads\/2020\/11\/Systeme-Focus-3D-pour-DJI-RS-2.jpg?resize=1400%2C800&ssl=1 4x"},"classes":[]},{"id":2284,"url":"https:\/\/store.droneway.ma\/index.php\/produit\/pack-insta360-one-r-aerial-add-on\/","url_meta":{"origin":2526,"position":1},"title":"Pack Insta360 ONE R Aerial Add-On","author":"admin","date":"21 novembre 2020","format":false,"excerpt":"Montage s\u00e9curis\u00e9 et rapide Batterie verticale inclus Capteur 360 inclus","rel":"","context":"Article similaire","block_context":{"text":"Article similaire","link":""},"img":{"alt_text":"Pack Insta360 ONE R Aerial Add-On","src":"https:\/\/i0.wp.com\/store.droneway.ma\/wp-content\/uploads\/2020\/11\/Pack-Insta360-ONE-R-Aerial-Add-On.jpg?resize=350%2C200&ssl=1","width":350,"height":200,"srcset":"https:\/\/i0.wp.com\/store.droneway.ma\/wp-content\/uploads\/2020\/11\/Pack-Insta360-ONE-R-Aerial-Add-On.jpg?resize=350%2C200&ssl=1 1x, https:\/\/i0.wp.com\/store.droneway.ma\/wp-content\/uploads\/2020\/11\/Pack-Insta360-ONE-R-Aerial-Add-On.jpg?resize=525%2C300&ssl=1 1.5x"},"classes":[]},{"id":2133,"url":"https:\/\/store.droneway.ma\/index.php\/produit\/systeme-de-fixation-pour-crystalsky-et-dji-smart-controller-enterprise\/","url_meta":{"origin":2526,"position":2},"title":"Syst\u00e8me de fixation pour Crystalsky et DJI Smart Controller Enterprise","author":"admin","date":"21 novembre 2020","format":false,"excerpt":"Installez un \u00e9cran DJI CrystalSky sur la radiocommande Smart Controller Enterprise de votre DJI Matrice 300 RTK. Facile \u00e0 installer sur la radiocommande, cette fixation vous permet de b\u00e9n\u00e9ficier d'un plus grand \u00e9cran plus lumineux de la gamme CrystalSky.","rel":"","context":"Article similaire","block_context":{"text":"Article similaire","link":""},"img":{"alt_text":"Syst\u00e8me de fixation pour Crystalsky et DJI Smart Controller Enterprise","src":"https:\/\/i0.wp.com\/store.droneway.ma\/wp-content\/uploads\/2020\/11\/systeme-de-fixation-pour-crystalsky-et-dji-smart-controller-enterprise-p-image-217663-grande.jpg?resize=350%2C200&ssl=1","width":350,"height":200,"srcset":"https:\/\/i0.wp.com\/store.droneway.ma\/wp-content\/uploads\/2020\/11\/systeme-de-fixation-pour-crystalsky-et-dji-smart-controller-enterprise-p-image-217663-grande.jpg?resize=350%2C200&ssl=1 1x, https:\/\/i0.wp.com\/store.droneway.ma\/wp-content\/uploads\/2020\/11\/systeme-de-fixation-pour-crystalsky-et-dji-smart-controller-enterprise-p-image-217663-grande.jpg?resize=525%2C300&ssl=1 1.5x, https:\/\/i0.wp.com\/store.droneway.ma\/wp-content\/uploads\/2020\/11\/systeme-de-fixation-pour-crystalsky-et-dji-smart-controller-enterprise-p-image-217663-grande.jpg?resize=700%2C400&ssl=1 2x"},"classes":[]},{"id":2102,"url":"https:\/\/store.droneway.ma\/index.php\/produit\/systeme-de-fixation-radio-pour-dji-crystalsky-2\/","url_meta":{"origin":2526,"position":3},"title":"Syst\u00e8me de fixation radio pour DJI Crystalsky","author":"admin","date":"21 novembre 2020","format":false,"excerpt":"Syst\u00e8me de fixation pour Crystalsky","rel":"","context":"Article similaire","block_context":{"text":"Article similaire","link":""},"img":{"alt_text":"Syst\u00e8me de fixation radio pour DJI Crystalsky","src":"https:\/\/i0.wp.com\/store.droneway.ma\/wp-content\/uploads\/2020\/11\/systeme-de-fixation-radio-pour-dji-crystalsky-p-image-188028-grande.jpg?resize=350%2C200&ssl=1","width":350,"height":200},"classes":[]},{"id":2087,"url":"https:\/\/store.droneway.ma\/index.php\/produit\/systeme-de-fixation-radio-pour-dji-crystalsky\/","url_meta":{"origin":2526,"position":4},"title":"Syst\u00e8me de fixation radio pour DJI Crystalsky","author":"admin","date":"21 novembre 2020","format":false,"excerpt":"Syst\u00e8me de fixation pour Crystalsky","rel":"","context":"Article similaire","block_context":{"text":"Article similaire","link":""},"img":{"alt_text":"Syst\u00e8me de fixation radio pour DJI Crystalsky","src":"https:\/\/i0.wp.com\/store.droneway.ma\/wp-content\/uploads\/2020\/11\/systeme-de-fixation-radio-pour-dji-crystalsky-p-image-188028-grande.jpg?resize=350%2C200&ssl=1","width":350,"height":200},"classes":[]},{"id":2088,"url":"https:\/\/store.droneway.ma\/index.php\/produit\/support-smartphone-tablette-pour-dji-cendence-et-inspire-2\/","url_meta":{"origin":2526,"position":5},"title":"Support smartphone &#038; tablette pour DJI Cendence et Inspire 2","author":"admin","date":"21 novembre 2020","format":false,"excerpt":"Permet la fixation de smartphone et tablette Installation facile","rel":"","context":"Article similaire","block_context":{"text":"Article similaire","link":""},"img":{"alt_text":"Support smartphone & tablette pour DJI Cendence et Inspire 2","src":"https:\/\/i0.wp.com\/store.droneway.ma\/wp-content\/uploads\/2020\/11\/support-smartphone-tablette-pour-dji-cendence-p-image-188058-grande.jpg?resize=350%2C200&ssl=1","width":350,"height":200},"classes":[]}],"jetpack_sharing_enabled":true,"_links":{"self":[{"href":"https:\/\/store.droneway.ma\/index.php\/wp-json\/wp\/v2\/product\/2526","targetHints":{"allow":["GET"]}}],"collection":[{"href":"https:\/\/store.droneway.ma\/index.php\/wp-json\/wp\/v2\/product"}],"about":[{"href":"https:\/\/store.droneway.ma\/index.php\/wp-json\/wp\/v2\/types\/product"}],"wp:featuredmedia":[{"embeddable":true,"href":"https:\/\/store.droneway.ma\/index.php\/wp-json\/wp\/v2\/media\/2527"}],"wp:attachment":[{"href":"https:\/\/store.droneway.ma\/index.php\/wp-json\/wp\/v2\/media?parent=2526"}],"wp:term":[{"taxonomy":"product_brand","embeddable":true,"href":"https:\/\/store.droneway.ma\/index.php\/wp-json\/wp\/v2\/product_brand?post=2526"},{"taxonomy":"product_cat","embeddable":true,"href":"https:\/\/store.droneway.ma\/index.php\/wp-json\/wp\/v2\/product_cat?post=2526"},{"taxonomy":"product_tag","embeddable":true,"href":"https:\/\/store.droneway.ma\/index.php\/wp-json\/wp\/v2\/product_tag?post=2526"}],"curies":[{"name":"wp","href":"https:\/\/api.w.org\/{rel}","templated":true}]}}