{"id":2521,"date":"2020-11-21T19:14:54","date_gmt":"2020-11-21T18:14:54","guid":{"rendered":"http:\/\/store.droneway.ma\/index.php\/produit\/support-smartphone-dji-pour-rs2-rsc2\/"},"modified":"2020-11-21T19:15:29","modified_gmt":"2020-11-21T18:15:29","slug":"support-smartphone-dji-pour-rs2-rsc2","status":"publish","type":"product","link":"https:\/\/store.droneway.ma\/index.php\/produit\/support-smartphone-dji-pour-rs2-rsc2\/","title":{"rendered":"Support smartphone DJI pour RS2 &#038; RSC2"},"content":{"rendered":"<p>Compatible avec les stabilisateurs DJI RS 2 et RSC 2, ce support pivotant \u00e0 360 est con\u00e7u pour fixer fermement votre smartphone au dessus de la poign\u00e9e de votre stabilisateur.  Vous pourrez ainsi s\u00e9curiser votre montage et utiliser votre t\u00e9l\u00e9phone comme moniteur \u00e9tendu pour utiliser ActiveTrack 3.0 et Force Mobile plus efficacement.  Pour l&rsquo;installation, il vous suffit de connecter le support au porte RSA\/OTAN du stabilisateur.<\/p>\n","protected":false},"excerpt":{"rendered":"<p>Installation rapide  S\u00e9curisant  Compatible DJI RS 2 &#038; RSC 2<\/p>\n","protected":false},"featured_media":2522,"template":"","meta":{"content-type":"","rop_custom_images_group":[],"rop_custom_messages_group":[],"rop_publish_now":"initial","rop_publish_now_accounts":[],"rop_publish_now_history":[],"rop_publish_now_status":"pending"},"product_brand":[],"product_cat":[17,46],"product_tag":[],"class_list":{"0":"post-2521","1":"product","2":"type-product","3":"status-publish","4":"has-post-thumbnail","6":"product_cat-ronin","7":"product_cat-rs-2-et-rsc-2","9":"first","10":"instock","11":"purchasable","12":"product-type-simple"},"jetpack-related-posts":[{"id":2535,"url":"https:\/\/store.droneway.ma\/index.php\/produit\/supports-quick-release-superieurs-dji-pour-rs-2-et-rsc2\/","url_meta":{"origin":2521,"position":0},"title":"Supports Quick Release (sup\u00e9rieurs) DJI pour RS 2 et RSC2","author":"admin","date":"21 novembre 2020","format":false,"excerpt":"Installation rapide Compatible DJI RS 2 et RSC2","rel":"","context":"Article similaire","block_context":{"text":"Article similaire","link":""},"img":{"alt_text":"Supports Quick Release (sup\u00e9rieurs) DJI pour RS 2 et RSC2","src":"https:\/\/i0.wp.com\/store.droneway.ma\/wp-content\/uploads\/2020\/11\/Supports-Quick-Release-superieurs-DJI-pour-RS-2-et-RSC2.jpg?resize=350%2C200&ssl=1","width":350,"height":200,"srcset":"https:\/\/i0.wp.com\/store.droneway.ma\/wp-content\/uploads\/2020\/11\/Supports-Quick-Release-superieurs-DJI-pour-RS-2-et-RSC2.jpg?resize=350%2C200&ssl=1 1x, https:\/\/i0.wp.com\/store.droneway.ma\/wp-content\/uploads\/2020\/11\/Supports-Quick-Release-superieurs-DJI-pour-RS-2-et-RSC2.jpg?resize=525%2C300&ssl=1 1.5x, https:\/\/i0.wp.com\/store.droneway.ma\/wp-content\/uploads\/2020\/11\/Supports-Quick-Release-superieurs-DJI-pour-RS-2-et-RSC2.jpg?resize=700%2C400&ssl=1 2x, https:\/\/i0.wp.com\/store.droneway.ma\/wp-content\/uploads\/2020\/11\/Supports-Quick-Release-superieurs-DJI-pour-RS-2-et-RSC2.jpg?resize=1050%2C600&ssl=1 3x, https:\/\/i0.wp.com\/store.droneway.ma\/wp-content\/uploads\/2020\/11\/Supports-Quick-Release-superieurs-DJI-pour-RS-2-et-RSC2.jpg?resize=1400%2C800&ssl=1 4x"},"classes":[]},{"id":2531,"url":"https:\/\/store.droneway.ma\/index.php\/produit\/support-quick-release-inferieur-dji-pour-rs-2-et-rsc2\/","url_meta":{"origin":2521,"position":1},"title":"Support Quick Release (inf\u00e9rieur) DJI pour RS 2 et RSC2","author":"admin","date":"21 novembre 2020","format":false,"excerpt":"Installation rapide Compatible DJI RS 2 et RSC2","rel":"","context":"Article similaire","block_context":{"text":"Article similaire","link":""},"img":{"alt_text":"Support Quick Release (inf\u00e9rieur) DJI pour RS 2 et RSC2","src":"https:\/\/i0.wp.com\/store.droneway.ma\/wp-content\/uploads\/2020\/11\/Support-Quick-Release-inferieur-DJI-pour-RS-2-et-RSC2.jpg?resize=350%2C200&ssl=1","width":350,"height":200,"srcset":"https:\/\/i0.wp.com\/store.droneway.ma\/wp-content\/uploads\/2020\/11\/Support-Quick-Release-inferieur-DJI-pour-RS-2-et-RSC2.jpg?resize=350%2C200&ssl=1 1x, https:\/\/i0.wp.com\/store.droneway.ma\/wp-content\/uploads\/2020\/11\/Support-Quick-Release-inferieur-DJI-pour-RS-2-et-RSC2.jpg?resize=525%2C300&ssl=1 1.5x, https:\/\/i0.wp.com\/store.droneway.ma\/wp-content\/uploads\/2020\/11\/Support-Quick-Release-inferieur-DJI-pour-RS-2-et-RSC2.jpg?resize=700%2C400&ssl=1 2x, https:\/\/i0.wp.com\/store.droneway.ma\/wp-content\/uploads\/2020\/11\/Support-Quick-Release-inferieur-DJI-pour-RS-2-et-RSC2.jpg?resize=1050%2C600&ssl=1 3x, https:\/\/i0.wp.com\/store.droneway.ma\/wp-content\/uploads\/2020\/11\/Support-Quick-Release-inferieur-DJI-pour-RS-2-et-RSC2.jpg?resize=1400%2C800&ssl=1 4x"},"classes":[]},{"id":2554,"url":"https:\/\/store.droneway.ma\/index.php\/produit\/dji-rsc-2-2\/","url_meta":{"origin":2521,"position":2},"title":"DJI RSC 2","author":"admin","date":"21 novembre 2020","format":false,"excerpt":"Stabilisateur DJI SC 2 : ultra performant et polyvalent Compatible avec les appareils DSLR et mirrorless Fonctions Motionlapse \/ Activetrack \/ CamAnchor\u2026 Autonomie de 14 h Technologie SmoothTrack\u00a0 et Mode sport Nombreux accessoires DJI compatibles","rel":"","context":"Article similaire","block_context":{"text":"Article similaire","link":""},"img":{"alt_text":"DJI RSC 2","src":"https:\/\/i0.wp.com\/store.droneway.ma\/wp-content\/uploads\/2020\/11\/dji-rsc2-p-image-220249-grande.jpg?resize=350%2C200&ssl=1","width":350,"height":200,"srcset":"https:\/\/i0.wp.com\/store.droneway.ma\/wp-content\/uploads\/2020\/11\/dji-rsc2-p-image-220249-grande.jpg?resize=350%2C200&ssl=1 1x, https:\/\/i0.wp.com\/store.droneway.ma\/wp-content\/uploads\/2020\/11\/dji-rsc2-p-image-220249-grande.jpg?resize=525%2C300&ssl=1 1.5x, https:\/\/i0.wp.com\/store.droneway.ma\/wp-content\/uploads\/2020\/11\/dji-rsc2-p-image-220249-grande.jpg?resize=700%2C400&ssl=1 2x"},"classes":[]},{"id":2548,"url":"https:\/\/store.droneway.ma\/index.php\/produit\/systeme-focus-3d-pour-dji-rs-2\/","url_meta":{"origin":2521,"position":3},"title":"Syst\u00e8me Focus 3D pour DJI RS 2","author":"admin","date":"21 novembre 2020","format":false,"excerpt":"Compatible DJI RS 2 Compact et facile \u00e0 monter 54.8 g","rel":"","context":"Article similaire","block_context":{"text":"Article similaire","link":""},"img":{"alt_text":"Syst\u00e8me Focus 3D pour DJI RS 2","src":"https:\/\/i0.wp.com\/store.droneway.ma\/wp-content\/uploads\/2020\/11\/Systeme-Focus-3D-pour-DJI-RS-2.jpg?resize=350%2C200&ssl=1","width":350,"height":200,"srcset":"https:\/\/i0.wp.com\/store.droneway.ma\/wp-content\/uploads\/2020\/11\/Systeme-Focus-3D-pour-DJI-RS-2.jpg?resize=350%2C200&ssl=1 1x, https:\/\/i0.wp.com\/store.droneway.ma\/wp-content\/uploads\/2020\/11\/Systeme-Focus-3D-pour-DJI-RS-2.jpg?resize=525%2C300&ssl=1 1.5x, https:\/\/i0.wp.com\/store.droneway.ma\/wp-content\/uploads\/2020\/11\/Systeme-Focus-3D-pour-DJI-RS-2.jpg?resize=700%2C400&ssl=1 2x, https:\/\/i0.wp.com\/store.droneway.ma\/wp-content\/uploads\/2020\/11\/Systeme-Focus-3D-pour-DJI-RS-2.jpg?resize=1050%2C600&ssl=1 3x, https:\/\/i0.wp.com\/store.droneway.ma\/wp-content\/uploads\/2020\/11\/Systeme-Focus-3D-pour-DJI-RS-2.jpg?resize=1400%2C800&ssl=1 4x"},"classes":[]},{"id":2526,"url":"https:\/\/store.droneway.ma\/index.php\/produit\/fixation-verticale-pour-dji-rs-2\/","url_meta":{"origin":2521,"position":4},"title":"Fixation verticale pour DJI RS 2","author":"admin","date":"21 novembre 2020","format":false,"excerpt":"Compatible DJI RS 2 Monobloc","rel":"","context":"Article similaire","block_context":{"text":"Article similaire","link":""},"img":{"alt_text":"Fixation verticale pour DJI RS 2","src":"https:\/\/i0.wp.com\/store.droneway.ma\/wp-content\/uploads\/2020\/11\/Fixation-verticale-pour-DJI-RS-2.jpg?resize=350%2C200&ssl=1","width":350,"height":200,"srcset":"https:\/\/i0.wp.com\/store.droneway.ma\/wp-content\/uploads\/2020\/11\/Fixation-verticale-pour-DJI-RS-2.jpg?resize=350%2C200&ssl=1 1x, https:\/\/i0.wp.com\/store.droneway.ma\/wp-content\/uploads\/2020\/11\/Fixation-verticale-pour-DJI-RS-2.jpg?resize=525%2C300&ssl=1 1.5x, https:\/\/i0.wp.com\/store.droneway.ma\/wp-content\/uploads\/2020\/11\/Fixation-verticale-pour-DJI-RS-2.jpg?resize=700%2C400&ssl=1 2x, https:\/\/i0.wp.com\/store.droneway.ma\/wp-content\/uploads\/2020\/11\/Fixation-verticale-pour-DJI-RS-2.jpg?resize=1050%2C600&ssl=1 3x, https:\/\/i0.wp.com\/store.droneway.ma\/wp-content\/uploads\/2020\/11\/Fixation-verticale-pour-DJI-RS-2.jpg?resize=1400%2C800&ssl=1 4x"},"classes":[]},{"id":2539,"url":"https:\/\/store.droneway.ma\/index.php\/produit\/kit-de-vis-dji-pour-rs-2-et-rsc-2\/","url_meta":{"origin":2521,"position":5},"title":"Kit de vis DJI pour RS 2 et RSC 2","author":"admin","date":"21 novembre 2020","format":false,"excerpt":"Kit de vis complet Pi\u00e8ces de remplacement","rel":"","context":"Article similaire","block_context":{"text":"Article similaire","link":""},"img":{"alt_text":"Kit de vis DJI pour RS 2 et RSC 2","src":"https:\/\/i0.wp.com\/store.droneway.ma\/wp-content\/uploads\/2020\/11\/Kit-de-vis-DJI-pour-RS-2-et-RSC-2.jpg?resize=350%2C200&ssl=1","width":350,"height":200,"srcset":"https:\/\/i0.wp.com\/store.droneway.ma\/wp-content\/uploads\/2020\/11\/Kit-de-vis-DJI-pour-RS-2-et-RSC-2.jpg?resize=350%2C200&ssl=1 1x, https:\/\/i0.wp.com\/store.droneway.ma\/wp-content\/uploads\/2020\/11\/Kit-de-vis-DJI-pour-RS-2-et-RSC-2.jpg?resize=525%2C300&ssl=1 1.5x, https:\/\/i0.wp.com\/store.droneway.ma\/wp-content\/uploads\/2020\/11\/Kit-de-vis-DJI-pour-RS-2-et-RSC-2.jpg?resize=700%2C400&ssl=1 2x, https:\/\/i0.wp.com\/store.droneway.ma\/wp-content\/uploads\/2020\/11\/Kit-de-vis-DJI-pour-RS-2-et-RSC-2.jpg?resize=1050%2C600&ssl=1 3x, https:\/\/i0.wp.com\/store.droneway.ma\/wp-content\/uploads\/2020\/11\/Kit-de-vis-DJI-pour-RS-2-et-RSC-2.jpg?resize=1400%2C800&ssl=1 4x"},"classes":[]}],"jetpack_sharing_enabled":true,"_links":{"self":[{"href":"https:\/\/store.droneway.ma\/index.php\/wp-json\/wp\/v2\/product\/2521","targetHints":{"allow":["GET"]}}],"collection":[{"href":"https:\/\/store.droneway.ma\/index.php\/wp-json\/wp\/v2\/product"}],"about":[{"href":"https:\/\/store.droneway.ma\/index.php\/wp-json\/wp\/v2\/types\/product"}],"wp:featuredmedia":[{"embeddable":true,"href":"https:\/\/store.droneway.ma\/index.php\/wp-json\/wp\/v2\/media\/2522"}],"wp:attachment":[{"href":"https:\/\/store.droneway.ma\/index.php\/wp-json\/wp\/v2\/media?parent=2521"}],"wp:term":[{"taxonomy":"product_brand","embeddable":true,"href":"https:\/\/store.droneway.ma\/index.php\/wp-json\/wp\/v2\/product_brand?post=2521"},{"taxonomy":"product_cat","embeddable":true,"href":"https:\/\/store.droneway.ma\/index.php\/wp-json\/wp\/v2\/product_cat?post=2521"},{"taxonomy":"product_tag","embeddable":true,"href":"https:\/\/store.droneway.ma\/index.php\/wp-json\/wp\/v2\/product_tag?post=2521"}],"curies":[{"name":"wp","href":"https:\/\/api.w.org\/{rel}","templated":true}]}}