{"id":2512,"date":"2020-11-21T19:14:54","date_gmt":"2020-11-21T18:14:54","guid":{"rendered":"http:\/\/store.droneway.ma\/index.php\/produit\/dji-master-wheels\/"},"modified":"2020-11-21T19:15:18","modified_gmt":"2020-11-21T18:15:18","slug":"dji-master-wheels","status":"publish","type":"product","link":"https:\/\/store.droneway.ma\/index.php\/produit\/dji-master-wheels\/","title":{"rendered":"DJI Master Wheels"},"content":{"rendered":"<p>Le DJI Master Wheels est une v\u00e9ritable plateforme de contr\u00f4le avec manivelles pour contr\u00f4ler \u00e0 distance votre DJI Ronin 2, Ronin-S ou appareils d&rsquo;autres marques !  Pr\u00e9vu pour les cam\u00e9ras professionnelles, le Master Wheels revisite la t\u00eate manivelle o\u00f9 chaque roue permet de contr\u00f4ler un axe (pan, tilt ou roll) avec une pr\u00e9cision proche du millim\u00e8tre.  Chaque roue en acier inoxydable peut \u00eatre configur\u00e9e en fonction de la r\u00e9activit\u00e9 souhait\u00e9e et 3 boutons peuvent \u00eatre associ\u00e9s \u00e0 des mouvements complexes pour faciliter l&rsquo;utilisation de votre stabilisateur.  Les roues et modules de contr\u00f4le sont amovibles et peuvent \u00eatre raccord\u00e9s en filaire \u00e0 la station afin d&rsquo;\u00e9voluer dans les endroits plus exigus.  Son module de transmission 2.4GHz\/5.8GHz vous permet d&rsquo;avoir un contr\u00f4le pr\u00e9cis \u00e0 distance avec une latence en dessous de 10ms.<\/p>\n","protected":false},"excerpt":{"rendered":"<p>3 manivelles pour contr\u00f4ler les moteurs (selon mod\u00e8le choisi)  Compatible DJI Ronin 2 \/ Ronin-S  Transmission sans fil (latence<10ms)  Module sans fil 2.4Ghz ou 5.8GHz  Manivelles amovibles\n<\/p>\n","protected":false},"featured_media":2513,"template":"","meta":{"content-type":"","rop_custom_images_group":[],"rop_custom_messages_group":[],"rop_publish_now":"initial","rop_publish_now_accounts":[],"rop_publish_now_history":[],"rop_publish_now_status":"pending"},"product_brand":[],"product_cat":[17,44],"product_tag":[],"class_list":{"0":"post-2512","1":"product","2":"type-product","3":"status-publish","4":"has-post-thumbnail","6":"product_cat-ronin","7":"product_cat-ronin-ronin","9":"first","10":"instock","11":"purchasable","12":"product-type-simple"},"jetpack-related-posts":[{"id":2504,"url":"https:\/\/store.droneway.ma\/index.php\/produit\/dji-focus-wheel-pour-dji-ronin-s-sc\/","url_meta":{"origin":2512,"position":0},"title":"DJI Focus Wheel pour DJI Ronin-S\/SC","author":"admin","date":"21 novembre 2020","format":false,"excerpt":"Utilisez le DJI Focus Wheel sur le Ronin-S\/SC Meilleur contr\u00f4le de la mise au point Installation Plug & Play","rel":"","context":"Article similaire","block_context":{"text":"Article similaire","link":""},"img":{"alt_text":"DJI Focus Wheel pour DJI Ronin-S\/SC","src":"https:\/\/i0.wp.com\/store.droneway.ma\/wp-content\/uploads\/2020\/11\/DJI-Focus-Wheel-pour-DJI-Ronin-SSC.jpg?resize=350%2C200&ssl=1","width":350,"height":200},"classes":[]},{"id":2500,"url":"https:\/\/store.droneway.ma\/index.php\/produit\/moteur-focus-pour-ronin-sc-dji\/","url_meta":{"origin":2512,"position":1},"title":"Moteur Focus pour Ronin-SC &#8211; DJI","author":"admin","date":"21 novembre 2020","format":false,"excerpt":"Moteur Focus con\u00e7u pour le stabilisateur DJI Ronin-SC Permet de contr\u00f4ler avec pr\u00e9cision la mise au point Installation rapide et ais\u00e9e Supports d'installation fournis (courroie, tube etc...)","rel":"","context":"Article similaire","block_context":{"text":"Article similaire","link":""},"img":{"alt_text":"Moteur Focus pour Ronin-SC - DJI","src":"https:\/\/i0.wp.com\/store.droneway.ma\/wp-content\/uploads\/2020\/11\/Moteur-Focus-pour-Ronin-SC-DJI.jpg?resize=350%2C200&ssl=1","width":350,"height":200},"classes":[]},{"id":2508,"url":"https:\/\/store.droneway.ma\/index.php\/produit\/dji-force-pro\/","url_meta":{"origin":2512,"position":2},"title":"DJI Force Pro","author":"admin","date":"21 novembre 2020","format":false,"excerpt":"Contr\u00f4le \u00e0 distance du DJI Ronin (30 m\u00e8tres) Latence en dessous de 10ms Transmission sans fil 2.4GHz ou 5.8GHz Motion Control (contr\u00f4le des mouvements \u00e0 distance) Ecran OLED int\u00e9gr\u00e9 et boutons de contr\u00f4le","rel":"","context":"Article similaire","block_context":{"text":"Article similaire","link":""},"img":{"alt_text":"","src":"https:\/\/i0.wp.com\/store.droneway.ma\/wp-content\/uploads\/2020\/11\/DJI-Force-Pro.jpg?resize=350%2C200&ssl=1","width":350,"height":200},"classes":[]},{"id":2487,"url":"https:\/\/store.droneway.ma\/index.php\/produit\/station-de-charge-dji-pour-tb50-3\/","url_meta":{"origin":2512,"position":3},"title":"Station de charge DJI pour TB50","author":"admin","date":"21 novembre 2020","format":false,"excerpt":"Transport et stockage pour 12 TB50, 2 Li-Pos CrystalSky\/Cendence et 1 Li-Po CrystalSky\/Cendence Rechargement simultan\u00e9 de 8 TB50, 1 radio Inspire 2, 2 Li-Po CrystalSky \/ Cendence et un smartphone \/ tablette Fonction de d\u00e9charge intelligente : am\u00e9lioration dur\u00e9e de vie des batteries pour leur rangement et transport. Monitoring des\u2026","rel":"","context":"Article similaire","block_context":{"text":"Article similaire","link":""},"img":{"alt_text":"Station de charge DJI pour TB50","src":"https:\/\/i0.wp.com\/store.droneway.ma\/wp-content\/uploads\/2020\/11\/station-de-charge-dji-pour-tb50-p-image-200338-grande.jpg?resize=350%2C200&ssl=1","width":350,"height":200},"classes":[]},{"id":2479,"url":"https:\/\/store.droneway.ma\/index.php\/produit\/dji-ronin-sc\/","url_meta":{"origin":2512,"position":4},"title":"DJI Ronin-SC","author":"admin","date":"21 novembre 2020","format":false,"excerpt":"Stabilisateur DJI Ronin SC 3 axes plus l\u00e9ger, plus compact et ultra performant\u00a0 Compatible avec les appareils DSLR et mirrorless jusqu\u2019\u00e0 2 kg Fonctions Motionlapse \/ Activetrack 3.0 \/ CamAnchor\u2026 Structure en deux parties avec nacelle d\u00e9tachable Commandes de contr\u00f4le int\u00e9gr\u00e9es au manche Technologie SmoothTrack\u00a0 et Mode sport Nombreux accessoires\u2026","rel":"","context":"Article similaire","block_context":{"text":"Article similaire","link":""},"img":{"alt_text":"DJI Ronin-SC","src":"https:\/\/i0.wp.com\/store.droneway.ma\/wp-content\/uploads\/2020\/11\/dji-ronin-sc-p-image-210759-grande.jpg?resize=350%2C200&ssl=1","width":350,"height":200,"srcset":"https:\/\/i0.wp.com\/store.droneway.ma\/wp-content\/uploads\/2020\/11\/dji-ronin-sc-p-image-210759-grande.jpg?resize=350%2C200&ssl=1 1x, https:\/\/i0.wp.com\/store.droneway.ma\/wp-content\/uploads\/2020\/11\/dji-ronin-sc-p-image-210759-grande.jpg?resize=525%2C300&ssl=1 1.5x, https:\/\/i0.wp.com\/store.droneway.ma\/wp-content\/uploads\/2020\/11\/dji-ronin-sc-p-image-210759-grande.jpg?resize=700%2C400&ssl=1 2x"},"classes":[]},{"id":2492,"url":"https:\/\/store.droneway.ma\/index.php\/produit\/valise-2550-etanche-pour-dji-ronin-s-hprc\/","url_meta":{"origin":2512,"position":5},"title":"Valise 2550 \u00e9tanche pour DJI Ronin S &#8211; HPRC","author":"admin","date":"21 novembre 2020","format":false,"excerpt":"Valise \u00e9tanche haute gamme HPRC pour DJI Ronin S Mousse haute densit\u00e9 pr\u00e9d\u00e9coup\u00e9e avec 11 emplacements Roues, poign\u00e9 lat\u00e9rale et poign\u00e9e r\u00e9tractable S\u00e9curis\u00e9e \/ emplacements pour cadenas","rel":"","context":"Article similaire","block_context":{"text":"Article similaire","link":""},"img":{"alt_text":"Valise 2550 \u00e9tanche pour DJI Ronin S - HPRC","src":"https:\/\/i0.wp.com\/store.droneway.ma\/wp-content\/uploads\/2020\/11\/Valise-2550-etanche-pour-DJI-Ronin-S-HPRC.jpg?resize=350%2C200&ssl=1","width":350,"height":200,"srcset":"https:\/\/i0.wp.com\/store.droneway.ma\/wp-content\/uploads\/2020\/11\/Valise-2550-etanche-pour-DJI-Ronin-S-HPRC.jpg?resize=350%2C200&ssl=1 1x, https:\/\/i0.wp.com\/store.droneway.ma\/wp-content\/uploads\/2020\/11\/Valise-2550-etanche-pour-DJI-Ronin-S-HPRC.jpg?resize=525%2C300&ssl=1 1.5x, https:\/\/i0.wp.com\/store.droneway.ma\/wp-content\/uploads\/2020\/11\/Valise-2550-etanche-pour-DJI-Ronin-S-HPRC.jpg?resize=700%2C400&ssl=1 2x"},"classes":[]}],"jetpack_sharing_enabled":true,"_links":{"self":[{"href":"https:\/\/store.droneway.ma\/index.php\/wp-json\/wp\/v2\/product\/2512","targetHints":{"allow":["GET"]}}],"collection":[{"href":"https:\/\/store.droneway.ma\/index.php\/wp-json\/wp\/v2\/product"}],"about":[{"href":"https:\/\/store.droneway.ma\/index.php\/wp-json\/wp\/v2\/types\/product"}],"wp:featuredmedia":[{"embeddable":true,"href":"https:\/\/store.droneway.ma\/index.php\/wp-json\/wp\/v2\/media\/2513"}],"wp:attachment":[{"href":"https:\/\/store.droneway.ma\/index.php\/wp-json\/wp\/v2\/media?parent=2512"}],"wp:term":[{"taxonomy":"product_brand","embeddable":true,"href":"https:\/\/store.droneway.ma\/index.php\/wp-json\/wp\/v2\/product_brand?post=2512"},{"taxonomy":"product_cat","embeddable":true,"href":"https:\/\/store.droneway.ma\/index.php\/wp-json\/wp\/v2\/product_cat?post=2512"},{"taxonomy":"product_tag","embeddable":true,"href":"https:\/\/store.droneway.ma\/index.php\/wp-json\/wp\/v2\/product_tag?post=2512"}],"curies":[{"name":"wp","href":"https:\/\/api.w.org\/{rel}","templated":true}]}}