{"id":2504,"date":"2020-11-21T19:14:54","date_gmt":"2020-11-21T18:14:54","guid":{"rendered":"http:\/\/store.droneway.ma\/index.php\/produit\/dji-focus-wheel-pour-dji-ronin-s-sc\/"},"modified":"2020-11-21T19:15:07","modified_gmt":"2020-11-21T18:15:07","slug":"dji-focus-wheel-pour-dji-ronin-s-sc","status":"publish","type":"product","link":"https:\/\/store.droneway.ma\/index.php\/produit\/dji-focus-wheel-pour-dji-ronin-s-sc\/","title":{"rendered":"DJI Focus Wheel pour DJI Ronin-S\/SC"},"content":{"rendered":"<p>Installez le DJI Focus Wheel sur le port \u00e0 8 broches du stabilisateur DJI Ronin-S ou DJI Ronin-SC pour vous aider \u00e0 contr\u00f4ler la mise au point de la cam\u00e9ra.<\/p>\n","protected":false},"excerpt":{"rendered":"<p>Utilisez le DJI Focus Wheel sur le Ronin-S\/SC  Meilleur contr\u00f4le de la mise au point  Installation Plug &#038; Play<\/p>\n","protected":false},"featured_media":2505,"template":"","meta":{"content-type":"","rop_custom_images_group":[],"rop_custom_messages_group":[],"rop_publish_now":"initial","rop_publish_now_accounts":[],"rop_publish_now_history":[],"rop_publish_now_status":"pending"},"product_brand":[],"product_cat":[17,44],"product_tag":[],"class_list":{"0":"post-2504","1":"product","2":"type-product","3":"status-publish","4":"has-post-thumbnail","6":"product_cat-ronin","7":"product_cat-ronin-ronin","9":"first","10":"instock","11":"purchasable","12":"product-type-simple"},"jetpack-related-posts":[{"id":2500,"url":"https:\/\/store.droneway.ma\/index.php\/produit\/moteur-focus-pour-ronin-sc-dji\/","url_meta":{"origin":2504,"position":0},"title":"Moteur Focus pour Ronin-SC &#8211; DJI","author":"admin","date":"21 novembre 2020","format":false,"excerpt":"Moteur Focus con\u00e7u pour le stabilisateur DJI Ronin-SC Permet de contr\u00f4ler avec pr\u00e9cision la mise au point Installation rapide et ais\u00e9e Supports d'installation fournis (courroie, tube etc...)","rel":"","context":"Article similaire","block_context":{"text":"Article similaire","link":""},"img":{"alt_text":"Moteur Focus pour Ronin-SC - DJI","src":"https:\/\/i0.wp.com\/store.droneway.ma\/wp-content\/uploads\/2020\/11\/Moteur-Focus-pour-Ronin-SC-DJI.jpg?resize=350%2C200&ssl=1","width":350,"height":200},"classes":[]},{"id":2496,"url":"https:\/\/store.droneway.ma\/index.php\/produit\/valise-2500-etanche-pour-dji-ronin-sc-et-systeme-focus-hprc\/","url_meta":{"origin":2504,"position":1},"title":"Valise 2500 \u00e9tanche pour DJI Ronin SC et syst\u00e8me Focus &#8211; HPRC","author":"admin","date":"21 novembre 2020","format":false,"excerpt":"Valise \u00e9tanche haute gamme HPRC pour DJI Ronin SC Mousse haute densit\u00e9 pr\u00e9d\u00e9coup\u00e9e avec Vector Panel Emplacement pour syst\u00e8me DJI Focus S\u00e9curis\u00e9e \/ emplacements pour cadenas","rel":"","context":"Article similaire","block_context":{"text":"Article similaire","link":""},"img":{"alt_text":"Valise 2500 \u00e9tanche pour DJI Ronin SC et syst\u00e8me Focus - HPRC","src":"https:\/\/i0.wp.com\/store.droneway.ma\/wp-content\/uploads\/2020\/11\/Valise-2500-etanche-pour-DJI-Ronin-SC-et-systeme-Focus-HPRC.jpg?resize=350%2C200&ssl=1","width":350,"height":200,"srcset":"https:\/\/i0.wp.com\/store.droneway.ma\/wp-content\/uploads\/2020\/11\/Valise-2500-etanche-pour-DJI-Ronin-SC-et-systeme-Focus-HPRC.jpg?resize=350%2C200&ssl=1 1x, https:\/\/i0.wp.com\/store.droneway.ma\/wp-content\/uploads\/2020\/11\/Valise-2500-etanche-pour-DJI-Ronin-SC-et-systeme-Focus-HPRC.jpg?resize=525%2C300&ssl=1 1.5x, https:\/\/i0.wp.com\/store.droneway.ma\/wp-content\/uploads\/2020\/11\/Valise-2500-etanche-pour-DJI-Ronin-SC-et-systeme-Focus-HPRC.jpg?resize=700%2C400&ssl=1 2x"},"classes":[]},{"id":2479,"url":"https:\/\/store.droneway.ma\/index.php\/produit\/dji-ronin-sc\/","url_meta":{"origin":2504,"position":2},"title":"DJI Ronin-SC","author":"admin","date":"21 novembre 2020","format":false,"excerpt":"Stabilisateur DJI Ronin SC 3 axes plus l\u00e9ger, plus compact et ultra performant\u00a0 Compatible avec les appareils DSLR et mirrorless jusqu\u2019\u00e0 2 kg Fonctions Motionlapse \/ Activetrack 3.0 \/ CamAnchor\u2026 Structure en deux parties avec nacelle d\u00e9tachable Commandes de contr\u00f4le int\u00e9gr\u00e9es au manche Technologie SmoothTrack\u00a0 et Mode sport Nombreux accessoires\u2026","rel":"","context":"Article similaire","block_context":{"text":"Article similaire","link":""},"img":{"alt_text":"DJI Ronin-SC","src":"https:\/\/i0.wp.com\/store.droneway.ma\/wp-content\/uploads\/2020\/11\/dji-ronin-sc-p-image-210759-grande.jpg?resize=350%2C200&ssl=1","width":350,"height":200,"srcset":"https:\/\/i0.wp.com\/store.droneway.ma\/wp-content\/uploads\/2020\/11\/dji-ronin-sc-p-image-210759-grande.jpg?resize=350%2C200&ssl=1 1x, https:\/\/i0.wp.com\/store.droneway.ma\/wp-content\/uploads\/2020\/11\/dji-ronin-sc-p-image-210759-grande.jpg?resize=525%2C300&ssl=1 1.5x, https:\/\/i0.wp.com\/store.droneway.ma\/wp-content\/uploads\/2020\/11\/dji-ronin-sc-p-image-210759-grande.jpg?resize=700%2C400&ssl=1 2x"},"classes":[]},{"id":2484,"url":"https:\/\/store.droneway.ma\/index.php\/produit\/poignee-bg18-pour-ronin-sc-avec-batterie-integree-dji\/","url_meta":{"origin":2504,"position":3},"title":"Poign\u00e9e BG18 pour Ronin-SC avec batterie int\u00e9gr\u00e9e &#8211; DJI","author":"admin","date":"21 novembre 2020","format":false,"excerpt":"Poign\u00e9e ergonomique et l\u00e9g\u00e8re \u00c9quip\u00e9e d'une batterie interne de 2450mAh Permet une autonomie de 11h avec le Ronin-SC Deux pas de vis (1\/4\" et 3\/8\") sur le dessous","rel":"","context":"Article similaire","block_context":{"text":"Article similaire","link":""},"img":{"alt_text":"Poign\u00e9e BG18 pour Ronin-SC avec batterie int\u00e9gr\u00e9e - DJI","src":"https:\/\/i0.wp.com\/store.droneway.ma\/wp-content\/uploads\/2020\/11\/poignee-bg18-pour-ronin-sc-avec-batterie-integree-dji-p-image-210810-grande.jpg?resize=350%2C200&ssl=1","width":350,"height":200,"srcset":"https:\/\/i0.wp.com\/store.droneway.ma\/wp-content\/uploads\/2020\/11\/poignee-bg18-pour-ronin-sc-avec-batterie-integree-dji-p-image-210810-grande.jpg?resize=350%2C200&ssl=1 1x, https:\/\/i0.wp.com\/store.droneway.ma\/wp-content\/uploads\/2020\/11\/poignee-bg18-pour-ronin-sc-avec-batterie-integree-dji-p-image-210810-grande.jpg?resize=525%2C300&ssl=1 1.5x"},"classes":[]},{"id":2512,"url":"https:\/\/store.droneway.ma\/index.php\/produit\/dji-master-wheels\/","url_meta":{"origin":2504,"position":4},"title":"DJI Master Wheels","author":"admin","date":"21 novembre 2020","format":false,"excerpt":"3 manivelles pour contr\u00f4ler les moteurs (selon mod\u00e8le choisi) Compatible DJI Ronin 2 \/ Ronin-S Transmission sans fil (latence","rel":"","context":"Article similaire","block_context":{"text":"Article similaire","link":""},"img":{"alt_text":"DJI Master Wheels","src":"https:\/\/i0.wp.com\/store.droneway.ma\/wp-content\/uploads\/2020\/11\/DJI-Master-Wheels.jpg?resize=350%2C200&ssl=1","width":350,"height":200},"classes":[]},{"id":2488,"url":"https:\/\/store.droneway.ma\/index.php\/produit\/valise-2500-etanche-pour-dji-ronin-s-et-systeme-focus-hprc\/","url_meta":{"origin":2504,"position":5},"title":"Valise 2500 \u00e9tanche pour DJI Ronin S et syst\u00e8me Focus &#8211; HPRC","author":"admin","date":"21 novembre 2020","format":false,"excerpt":"Valise \u00e9tanche haute gamme HPRC pour DJI Ronin S Mousse haute densit\u00e9 pr\u00e9d\u00e9coup\u00e9e avec 6 emplacements Emplacement pour syst\u00e8me DJI Focus S\u00e9curis\u00e9e \/ emplacements pour cadenas","rel":"","context":"Article similaire","block_context":{"text":"Article similaire","link":""},"img":{"alt_text":"Valise 2500 \u00e9tanche pour DJI Ronin S et syst\u00e8me Focus - HPRC","src":"https:\/\/i0.wp.com\/store.droneway.ma\/wp-content\/uploads\/2020\/11\/Valise-2500-etanche-pour-DJI-Ronin-S-et-systeme-Focus-HPRC.jpg?resize=350%2C200&ssl=1","width":350,"height":200,"srcset":"https:\/\/i0.wp.com\/store.droneway.ma\/wp-content\/uploads\/2020\/11\/Valise-2500-etanche-pour-DJI-Ronin-S-et-systeme-Focus-HPRC.jpg?resize=350%2C200&ssl=1 1x, https:\/\/i0.wp.com\/store.droneway.ma\/wp-content\/uploads\/2020\/11\/Valise-2500-etanche-pour-DJI-Ronin-S-et-systeme-Focus-HPRC.jpg?resize=525%2C300&ssl=1 1.5x"},"classes":[]}],"jetpack_sharing_enabled":true,"_links":{"self":[{"href":"https:\/\/store.droneway.ma\/index.php\/wp-json\/wp\/v2\/product\/2504","targetHints":{"allow":["GET"]}}],"collection":[{"href":"https:\/\/store.droneway.ma\/index.php\/wp-json\/wp\/v2\/product"}],"about":[{"href":"https:\/\/store.droneway.ma\/index.php\/wp-json\/wp\/v2\/types\/product"}],"wp:featuredmedia":[{"embeddable":true,"href":"https:\/\/store.droneway.ma\/index.php\/wp-json\/wp\/v2\/media\/2505"}],"wp:attachment":[{"href":"https:\/\/store.droneway.ma\/index.php\/wp-json\/wp\/v2\/media?parent=2504"}],"wp:term":[{"taxonomy":"product_brand","embeddable":true,"href":"https:\/\/store.droneway.ma\/index.php\/wp-json\/wp\/v2\/product_brand?post=2504"},{"taxonomy":"product_cat","embeddable":true,"href":"https:\/\/store.droneway.ma\/index.php\/wp-json\/wp\/v2\/product_cat?post=2504"},{"taxonomy":"product_tag","embeddable":true,"href":"https:\/\/store.droneway.ma\/index.php\/wp-json\/wp\/v2\/product_tag?post=2504"}],"curies":[{"name":"wp","href":"https:\/\/api.w.org\/{rel}","templated":true}]}}