{"id":2500,"date":"2020-11-21T19:14:54","date_gmt":"2020-11-21T18:14:54","guid":{"rendered":"http:\/\/store.droneway.ma\/index.php\/produit\/moteur-focus-pour-ronin-sc-dji\/"},"modified":"2020-11-21T19:15:04","modified_gmt":"2020-11-21T18:15:04","slug":"moteur-focus-pour-ronin-sc-dji","status":"publish","type":"product","link":"https:\/\/store.droneway.ma\/index.php\/produit\/moteur-focus-pour-ronin-sc-dji\/","title":{"rendered":"Moteur Focus pour Ronin-SC &#8211; DJI"},"content":{"rendered":"<p>Le moteur Focus pour Ronin-SC va de pair avec le Focus Wheel et vous permet de contr\u00f4ler avec pr\u00e9cision la mise au point de l&rsquo;optique de votre APN.  Celui-ci s&rsquo;installe tr\u00e8s facilement \u00e0 l&rsquo;aide des pi\u00e8ces fournies. Il conviendra de monter le moteur sur un tube reli\u00e9 \u00e0 la base plate du Ronin-SC (plac\u00e9e sous votre hybride ou DSLR). Enfin, la courroie doit \u00eatre install\u00e9 sur le tour de l&rsquo;objectif.  Le contr\u00f4le des param\u00e8tres de mise au point se fera par l&rsquo;interm\u00e9diaire du Focus Wheel \u00e0 placer sur le manche du Ronin-SC.<\/p>\n","protected":false},"excerpt":{"rendered":"<p>Moteur Focus con\u00e7u pour le stabilisateur DJI Ronin-SC  Permet de contr\u00f4ler avec pr\u00e9cision la mise au point  Installation rapide et ais\u00e9e  Supports d&rsquo;installation fournis (courroie, tube etc&#8230;)<\/p>\n","protected":false},"featured_media":2501,"template":"","meta":{"content-type":"","rop_custom_images_group":[],"rop_custom_messages_group":[],"rop_publish_now":"initial","rop_publish_now_accounts":[],"rop_publish_now_history":[],"rop_publish_now_status":"pending"},"product_brand":[],"product_cat":[17,44],"product_tag":[],"class_list":{"0":"post-2500","1":"product","2":"type-product","3":"status-publish","4":"has-post-thumbnail","6":"product_cat-ronin","7":"product_cat-ronin-ronin","9":"first","10":"instock","11":"purchasable","12":"product-type-simple"},"jetpack-related-posts":[{"id":2504,"url":"https:\/\/store.droneway.ma\/index.php\/produit\/dji-focus-wheel-pour-dji-ronin-s-sc\/","url_meta":{"origin":2500,"position":0},"title":"DJI Focus Wheel pour DJI Ronin-S\/SC","author":"admin","date":"21 novembre 2020","format":false,"excerpt":"Utilisez le DJI Focus Wheel sur le Ronin-S\/SC Meilleur contr\u00f4le de la mise au point Installation Plug & Play","rel":"","context":"Article similaire","block_context":{"text":"Article similaire","link":""},"img":{"alt_text":"DJI Focus Wheel pour DJI Ronin-S\/SC","src":"https:\/\/i0.wp.com\/store.droneway.ma\/wp-content\/uploads\/2020\/11\/DJI-Focus-Wheel-pour-DJI-Ronin-SSC.jpg?resize=350%2C200&ssl=1","width":350,"height":200},"classes":[]},{"id":2496,"url":"https:\/\/store.droneway.ma\/index.php\/produit\/valise-2500-etanche-pour-dji-ronin-sc-et-systeme-focus-hprc\/","url_meta":{"origin":2500,"position":1},"title":"Valise 2500 \u00e9tanche pour DJI Ronin SC et syst\u00e8me Focus &#8211; HPRC","author":"admin","date":"21 novembre 2020","format":false,"excerpt":"Valise \u00e9tanche haute gamme HPRC pour DJI Ronin SC Mousse haute densit\u00e9 pr\u00e9d\u00e9coup\u00e9e avec Vector Panel Emplacement pour syst\u00e8me DJI Focus S\u00e9curis\u00e9e \/ emplacements pour cadenas","rel":"","context":"Article similaire","block_context":{"text":"Article similaire","link":""},"img":{"alt_text":"Valise 2500 \u00e9tanche pour DJI Ronin SC et syst\u00e8me Focus - HPRC","src":"https:\/\/i0.wp.com\/store.droneway.ma\/wp-content\/uploads\/2020\/11\/Valise-2500-etanche-pour-DJI-Ronin-SC-et-systeme-Focus-HPRC.jpg?resize=350%2C200&ssl=1","width":350,"height":200,"srcset":"https:\/\/i0.wp.com\/store.droneway.ma\/wp-content\/uploads\/2020\/11\/Valise-2500-etanche-pour-DJI-Ronin-SC-et-systeme-Focus-HPRC.jpg?resize=350%2C200&ssl=1 1x, https:\/\/i0.wp.com\/store.droneway.ma\/wp-content\/uploads\/2020\/11\/Valise-2500-etanche-pour-DJI-Ronin-SC-et-systeme-Focus-HPRC.jpg?resize=525%2C300&ssl=1 1.5x, https:\/\/i0.wp.com\/store.droneway.ma\/wp-content\/uploads\/2020\/11\/Valise-2500-etanche-pour-DJI-Ronin-SC-et-systeme-Focus-HPRC.jpg?resize=700%2C400&ssl=1 2x"},"classes":[]},{"id":2484,"url":"https:\/\/store.droneway.ma\/index.php\/produit\/poignee-bg18-pour-ronin-sc-avec-batterie-integree-dji\/","url_meta":{"origin":2500,"position":2},"title":"Poign\u00e9e BG18 pour Ronin-SC avec batterie int\u00e9gr\u00e9e &#8211; DJI","author":"admin","date":"21 novembre 2020","format":false,"excerpt":"Poign\u00e9e ergonomique et l\u00e9g\u00e8re \u00c9quip\u00e9e d'une batterie interne de 2450mAh Permet une autonomie de 11h avec le Ronin-SC Deux pas de vis (1\/4\" et 3\/8\") sur le dessous","rel":"","context":"Article similaire","block_context":{"text":"Article similaire","link":""},"img":{"alt_text":"Poign\u00e9e BG18 pour Ronin-SC avec batterie int\u00e9gr\u00e9e - DJI","src":"https:\/\/i0.wp.com\/store.droneway.ma\/wp-content\/uploads\/2020\/11\/poignee-bg18-pour-ronin-sc-avec-batterie-integree-dji-p-image-210810-grande.jpg?resize=350%2C200&ssl=1","width":350,"height":200,"srcset":"https:\/\/i0.wp.com\/store.droneway.ma\/wp-content\/uploads\/2020\/11\/poignee-bg18-pour-ronin-sc-avec-batterie-integree-dji-p-image-210810-grande.jpg?resize=350%2C200&ssl=1 1x, https:\/\/i0.wp.com\/store.droneway.ma\/wp-content\/uploads\/2020\/11\/poignee-bg18-pour-ronin-sc-avec-batterie-integree-dji-p-image-210810-grande.jpg?resize=525%2C300&ssl=1 1.5x"},"classes":[]},{"id":2479,"url":"https:\/\/store.droneway.ma\/index.php\/produit\/dji-ronin-sc\/","url_meta":{"origin":2500,"position":3},"title":"DJI Ronin-SC","author":"admin","date":"21 novembre 2020","format":false,"excerpt":"Stabilisateur DJI Ronin SC 3 axes plus l\u00e9ger, plus compact et ultra performant\u00a0 Compatible avec les appareils DSLR et mirrorless jusqu\u2019\u00e0 2 kg Fonctions Motionlapse \/ Activetrack 3.0 \/ CamAnchor\u2026 Structure en deux parties avec nacelle d\u00e9tachable Commandes de contr\u00f4le int\u00e9gr\u00e9es au manche Technologie SmoothTrack\u00a0 et Mode sport Nombreux accessoires\u2026","rel":"","context":"Article similaire","block_context":{"text":"Article similaire","link":""},"img":{"alt_text":"DJI Ronin-SC","src":"https:\/\/i0.wp.com\/store.droneway.ma\/wp-content\/uploads\/2020\/11\/dji-ronin-sc-p-image-210759-grande.jpg?resize=350%2C200&ssl=1","width":350,"height":200,"srcset":"https:\/\/i0.wp.com\/store.droneway.ma\/wp-content\/uploads\/2020\/11\/dji-ronin-sc-p-image-210759-grande.jpg?resize=350%2C200&ssl=1 1x, https:\/\/i0.wp.com\/store.droneway.ma\/wp-content\/uploads\/2020\/11\/dji-ronin-sc-p-image-210759-grande.jpg?resize=525%2C300&ssl=1 1.5x, https:\/\/i0.wp.com\/store.droneway.ma\/wp-content\/uploads\/2020\/11\/dji-ronin-sc-p-image-210759-grande.jpg?resize=700%2C400&ssl=1 2x"},"classes":[]},{"id":2548,"url":"https:\/\/store.droneway.ma\/index.php\/produit\/systeme-focus-3d-pour-dji-rs-2\/","url_meta":{"origin":2500,"position":4},"title":"Syst\u00e8me Focus 3D pour DJI RS 2","author":"admin","date":"21 novembre 2020","format":false,"excerpt":"Compatible DJI RS 2 Compact et facile \u00e0 monter 54.8 g","rel":"","context":"Article similaire","block_context":{"text":"Article similaire","link":""},"img":{"alt_text":"Syst\u00e8me Focus 3D pour DJI RS 2","src":"https:\/\/i0.wp.com\/store.droneway.ma\/wp-content\/uploads\/2020\/11\/Systeme-Focus-3D-pour-DJI-RS-2.jpg?resize=350%2C200&ssl=1","width":350,"height":200,"srcset":"https:\/\/i0.wp.com\/store.droneway.ma\/wp-content\/uploads\/2020\/11\/Systeme-Focus-3D-pour-DJI-RS-2.jpg?resize=350%2C200&ssl=1 1x, https:\/\/i0.wp.com\/store.droneway.ma\/wp-content\/uploads\/2020\/11\/Systeme-Focus-3D-pour-DJI-RS-2.jpg?resize=525%2C300&ssl=1 1.5x, https:\/\/i0.wp.com\/store.droneway.ma\/wp-content\/uploads\/2020\/11\/Systeme-Focus-3D-pour-DJI-RS-2.jpg?resize=700%2C400&ssl=1 2x, https:\/\/i0.wp.com\/store.droneway.ma\/wp-content\/uploads\/2020\/11\/Systeme-Focus-3D-pour-DJI-RS-2.jpg?resize=1050%2C600&ssl=1 3x, https:\/\/i0.wp.com\/store.droneway.ma\/wp-content\/uploads\/2020\/11\/Systeme-Focus-3D-pour-DJI-RS-2.jpg?resize=1400%2C800&ssl=1 4x"},"classes":[]},{"id":2512,"url":"https:\/\/store.droneway.ma\/index.php\/produit\/dji-master-wheels\/","url_meta":{"origin":2500,"position":5},"title":"DJI Master Wheels","author":"admin","date":"21 novembre 2020","format":false,"excerpt":"3 manivelles pour contr\u00f4ler les moteurs (selon mod\u00e8le choisi) Compatible DJI Ronin 2 \/ Ronin-S Transmission sans fil (latence","rel":"","context":"Article similaire","block_context":{"text":"Article similaire","link":""},"img":{"alt_text":"DJI Master Wheels","src":"https:\/\/i0.wp.com\/store.droneway.ma\/wp-content\/uploads\/2020\/11\/DJI-Master-Wheels.jpg?resize=350%2C200&ssl=1","width":350,"height":200},"classes":[]}],"jetpack_sharing_enabled":true,"_links":{"self":[{"href":"https:\/\/store.droneway.ma\/index.php\/wp-json\/wp\/v2\/product\/2500","targetHints":{"allow":["GET"]}}],"collection":[{"href":"https:\/\/store.droneway.ma\/index.php\/wp-json\/wp\/v2\/product"}],"about":[{"href":"https:\/\/store.droneway.ma\/index.php\/wp-json\/wp\/v2\/types\/product"}],"wp:featuredmedia":[{"embeddable":true,"href":"https:\/\/store.droneway.ma\/index.php\/wp-json\/wp\/v2\/media\/2501"}],"wp:attachment":[{"href":"https:\/\/store.droneway.ma\/index.php\/wp-json\/wp\/v2\/media?parent=2500"}],"wp:term":[{"taxonomy":"product_brand","embeddable":true,"href":"https:\/\/store.droneway.ma\/index.php\/wp-json\/wp\/v2\/product_brand?post=2500"},{"taxonomy":"product_cat","embeddable":true,"href":"https:\/\/store.droneway.ma\/index.php\/wp-json\/wp\/v2\/product_cat?post=2500"},{"taxonomy":"product_tag","embeddable":true,"href":"https:\/\/store.droneway.ma\/index.php\/wp-json\/wp\/v2\/product_tag?post=2500"}],"curies":[{"name":"wp","href":"https:\/\/api.w.org\/{rel}","templated":true}]}}