{"id":2488,"date":"2020-11-21T19:14:44","date_gmt":"2020-11-21T18:14:44","guid":{"rendered":"http:\/\/store.droneway.ma\/index.php\/produit\/valise-2500-etanche-pour-dji-ronin-s-et-systeme-focus-hprc\/"},"modified":"2020-11-21T19:14:48","modified_gmt":"2020-11-21T18:14:48","slug":"valise-2500-etanche-pour-dji-ronin-s-et-systeme-focus-hprc","status":"publish","type":"product","link":"https:\/\/store.droneway.ma\/index.php\/produit\/valise-2500-etanche-pour-dji-ronin-s-et-systeme-focus-hprc\/","title":{"rendered":"Valise 2500 \u00e9tanche pour DJI Ronin S et syst\u00e8me Focus &#8211; HPRC"},"content":{"rendered":"<p>Cette valise HPRC2500 \u00e9tanche est sp\u00e9cialement con\u00e7ue pour transporter le stabilisateur DJI Ronin S. Il dispose d&rsquo;une mousse haute densit\u00e9 pr\u00e9d\u00e9coup\u00e9e qui maintiendra parfaitement le stabilisateur et l\u2019ensemble de ses accessoires.  \u00c9labor\u00e9e en polypropyl\u00e8ne, cette valise r\u00e9sistera aux chocs, aux chutes et \u00e0 la corrosion. Elle poss\u00e8de de nombreux emplacements qui accueilleront le DJI Ronin S avec son syst\u00e8me DJI Focus, le Grip \u00e9tendu \/ Tr\u00e9pied, la plaque de montage pour la cam\u00e9ra, le chargeur\/adaptateur d&rsquo;alimentation USB 24 W, deux Grips BG37 et une bo\u00eete de rangement pour de petits accessoires.  Elle est dot\u00e9e d&rsquo;un joint en n\u00e9opr\u00e8ne qui assure une parfaite \u00e9tanch\u00e9it\u00e9 \u00e0 la valise et \u00e0 votre \u00e9quipement, m\u00eame si celle-ci est totalement immerg\u00e9e dans des eaux peu profondes.<\/p>\n","protected":false},"excerpt":{"rendered":"<p>Valise \u00e9tanche haute gamme HPRC pour DJI Ronin S  Mousse haute densit\u00e9 pr\u00e9d\u00e9coup\u00e9e avec 6 emplacements  Emplacement pour syst\u00e8me DJI Focus  S\u00e9curis\u00e9e \/ emplacements pour cadenas<\/p>\n","protected":false},"featured_media":2489,"template":"","meta":{"content-type":"","rop_custom_images_group":[],"rop_custom_messages_group":[],"rop_publish_now":"initial","rop_publish_now_accounts":[],"rop_publish_now_history":[],"rop_publish_now_status":"pending"},"product_brand":[],"product_cat":[17,44],"product_tag":[],"class_list":{"0":"post-2488","1":"product","2":"type-product","3":"status-publish","4":"has-post-thumbnail","6":"product_cat-ronin","7":"product_cat-ronin-ronin","9":"first","10":"instock","11":"purchasable","12":"product-type-simple"},"jetpack-related-posts":[{"id":2496,"url":"https:\/\/store.droneway.ma\/index.php\/produit\/valise-2500-etanche-pour-dji-ronin-sc-et-systeme-focus-hprc\/","url_meta":{"origin":2488,"position":0},"title":"Valise 2500 \u00e9tanche pour DJI Ronin SC et syst\u00e8me Focus &#8211; HPRC","author":"admin","date":"21 novembre 2020","format":false,"excerpt":"Valise \u00e9tanche haute gamme HPRC pour DJI Ronin SC Mousse haute densit\u00e9 pr\u00e9d\u00e9coup\u00e9e avec Vector Panel Emplacement pour syst\u00e8me DJI Focus S\u00e9curis\u00e9e \/ emplacements pour cadenas","rel":"","context":"Article similaire","block_context":{"text":"Article similaire","link":""},"img":{"alt_text":"Valise 2500 \u00e9tanche pour DJI Ronin SC et syst\u00e8me Focus - HPRC","src":"https:\/\/i0.wp.com\/store.droneway.ma\/wp-content\/uploads\/2020\/11\/Valise-2500-etanche-pour-DJI-Ronin-SC-et-systeme-Focus-HPRC.jpg?resize=350%2C200&ssl=1","width":350,"height":200,"srcset":"https:\/\/i0.wp.com\/store.droneway.ma\/wp-content\/uploads\/2020\/11\/Valise-2500-etanche-pour-DJI-Ronin-SC-et-systeme-Focus-HPRC.jpg?resize=350%2C200&ssl=1 1x, https:\/\/i0.wp.com\/store.droneway.ma\/wp-content\/uploads\/2020\/11\/Valise-2500-etanche-pour-DJI-Ronin-SC-et-systeme-Focus-HPRC.jpg?resize=525%2C300&ssl=1 1.5x, https:\/\/i0.wp.com\/store.droneway.ma\/wp-content\/uploads\/2020\/11\/Valise-2500-etanche-pour-DJI-Ronin-SC-et-systeme-Focus-HPRC.jpg?resize=700%2C400&ssl=1 2x"},"classes":[]},{"id":2492,"url":"https:\/\/store.droneway.ma\/index.php\/produit\/valise-2550-etanche-pour-dji-ronin-s-hprc\/","url_meta":{"origin":2488,"position":1},"title":"Valise 2550 \u00e9tanche pour DJI Ronin S &#8211; HPRC","author":"admin","date":"21 novembre 2020","format":false,"excerpt":"Valise \u00e9tanche haute gamme HPRC pour DJI Ronin S Mousse haute densit\u00e9 pr\u00e9d\u00e9coup\u00e9e avec 11 emplacements Roues, poign\u00e9 lat\u00e9rale et poign\u00e9e r\u00e9tractable S\u00e9curis\u00e9e \/ emplacements pour cadenas","rel":"","context":"Article similaire","block_context":{"text":"Article similaire","link":""},"img":{"alt_text":"Valise 2550 \u00e9tanche pour DJI Ronin S - HPRC","src":"https:\/\/i0.wp.com\/store.droneway.ma\/wp-content\/uploads\/2020\/11\/Valise-2550-etanche-pour-DJI-Ronin-S-HPRC.jpg?resize=350%2C200&ssl=1","width":350,"height":200,"srcset":"https:\/\/i0.wp.com\/store.droneway.ma\/wp-content\/uploads\/2020\/11\/Valise-2550-etanche-pour-DJI-Ronin-S-HPRC.jpg?resize=350%2C200&ssl=1 1x, https:\/\/i0.wp.com\/store.droneway.ma\/wp-content\/uploads\/2020\/11\/Valise-2550-etanche-pour-DJI-Ronin-S-HPRC.jpg?resize=525%2C300&ssl=1 1.5x, https:\/\/i0.wp.com\/store.droneway.ma\/wp-content\/uploads\/2020\/11\/Valise-2550-etanche-pour-DJI-Ronin-S-HPRC.jpg?resize=700%2C400&ssl=1 2x"},"classes":[]},{"id":2083,"url":"https:\/\/store.droneway.ma\/index.php\/produit\/valise-2460-etanche-pour-dji-cendence-et-crystalsky-hprc\/","url_meta":{"origin":2488,"position":2},"title":"Valise 2460 \u00e9tanche pour DJI Cendence et Crystalsky &#8211; HPRC","author":"admin","date":"21 novembre 2020","format":false,"excerpt":"Valise \u00e9tanche haute gamme HPRC pour Cendence et Crystalsky Mousse haute densit\u00e9 pr\u00e9d\u00e9coup\u00e9e avec 6 emplacements S\u00e9curis\u00e9e \/ emplacements pour cadenas","rel":"","context":"Article similaire","block_context":{"text":"Article similaire","link":""},"img":{"alt_text":"Valise 2460 \u00e9tanche pour DJI Cendence et Crystalsky - HPRC","src":"https:\/\/i0.wp.com\/store.droneway.ma\/wp-content\/uploads\/2020\/11\/valise-hprc2460-pour-dji-cendence-et-cristalsky-p-image-201889-grande.jpg?resize=350%2C200&ssl=1","width":350,"height":200,"srcset":"https:\/\/i0.wp.com\/store.droneway.ma\/wp-content\/uploads\/2020\/11\/valise-hprc2460-pour-dji-cendence-et-cristalsky-p-image-201889-grande.jpg?resize=350%2C200&ssl=1 1x, https:\/\/i0.wp.com\/store.droneway.ma\/wp-content\/uploads\/2020\/11\/valise-hprc2460-pour-dji-cendence-et-cristalsky-p-image-201889-grande.jpg?resize=525%2C300&ssl=1 1.5x, https:\/\/i0.wp.com\/store.droneway.ma\/wp-content\/uploads\/2020\/11\/valise-hprc2460-pour-dji-cendence-et-cristalsky-p-image-201889-grande.jpg?resize=700%2C400&ssl=1 2x"},"classes":[]},{"id":2107,"url":"https:\/\/store.droneway.ma\/index.php\/produit\/valise-2460-etanche-pour-dji-cendence-et-crystalsky-hprc-2\/","url_meta":{"origin":2488,"position":3},"title":"Valise 2460 \u00e9tanche pour DJI Cendence et Crystalsky &#8211; HPRC","author":"admin","date":"21 novembre 2020","format":false,"excerpt":"Valise \u00e9tanche haute gamme HPRC pour Cendence et Crystalsky Mousse haute densit\u00e9 pr\u00e9d\u00e9coup\u00e9e avec 6 emplacements S\u00e9curis\u00e9e \/ emplacements pour cadenas","rel":"","context":"Article similaire","block_context":{"text":"Article similaire","link":""},"img":{"alt_text":"Valise 2460 \u00e9tanche pour DJI Cendence et Crystalsky - HPRC","src":"https:\/\/i0.wp.com\/store.droneway.ma\/wp-content\/uploads\/2020\/11\/valise-hprc2460-pour-dji-cendence-et-cristalsky-p-image-201889-grande.jpg?resize=350%2C200&ssl=1","width":350,"height":200,"srcset":"https:\/\/i0.wp.com\/store.droneway.ma\/wp-content\/uploads\/2020\/11\/valise-hprc2460-pour-dji-cendence-et-cristalsky-p-image-201889-grande.jpg?resize=350%2C200&ssl=1 1x, https:\/\/i0.wp.com\/store.droneway.ma\/wp-content\/uploads\/2020\/11\/valise-hprc2460-pour-dji-cendence-et-cristalsky-p-image-201889-grande.jpg?resize=525%2C300&ssl=1 1.5x, https:\/\/i0.wp.com\/store.droneway.ma\/wp-content\/uploads\/2020\/11\/valise-hprc2460-pour-dji-cendence-et-cristalsky-p-image-201889-grande.jpg?resize=700%2C400&ssl=1 2x"},"classes":[]},{"id":2134,"url":"https:\/\/store.droneway.ma\/index.php\/produit\/valise-etanche-2800w-pour-dji-matrice-300-rtk-hprc\/","url_meta":{"origin":2488,"position":4},"title":"Valise \u00e9tanche 2800W pour DJI Matrice 300 RTK &#8211; HPRC","author":"admin","date":"21 novembre 2020","format":false,"excerpt":"Valise haut de gamme de chez HPRC Mousse haute densit\u00e9 permettant le respect du mat\u00e9riel Con\u00e7ue pour le drone DJI Matrice 300 RTK et ses accessoires Indice de protection IP67","rel":"","context":"Article similaire","block_context":{"text":"Article similaire","link":""},"img":{"alt_text":"Valise \u00e9tanche 2800W pour DJI Matrice 300 RTK - HPRC","src":"https:\/\/i0.wp.com\/store.droneway.ma\/wp-content\/uploads\/2020\/11\/valise-etanche-2800w-pour-dji-matrice-300-rtk-hprc-p-image-218929-grande.jpg?resize=350%2C200&ssl=1","width":350,"height":200,"srcset":"https:\/\/i0.wp.com\/store.droneway.ma\/wp-content\/uploads\/2020\/11\/valise-etanche-2800w-pour-dji-matrice-300-rtk-hprc-p-image-218929-grande.jpg?resize=350%2C200&ssl=1 1x, https:\/\/i0.wp.com\/store.droneway.ma\/wp-content\/uploads\/2020\/11\/valise-etanche-2800w-pour-dji-matrice-300-rtk-hprc-p-image-218929-grande.jpg?resize=525%2C300&ssl=1 1.5x, https:\/\/i0.wp.com\/store.droneway.ma\/wp-content\/uploads\/2020\/11\/valise-etanche-2800w-pour-dji-matrice-300-rtk-hprc-p-image-218929-grande.jpg?resize=700%2C400&ssl=1 2x"},"classes":[]},{"id":2465,"url":"https:\/\/store.droneway.ma\/index.php\/produit\/valise-2710-etanche-pour-dji-phantom-4-4pro-pro-hprc\/","url_meta":{"origin":2488,"position":5},"title":"Valise 2710 \u00e9tanche pour DJI Phantom 4\/4Pro\/Pro+ &#8211; HPRC","author":"admin","date":"21 novembre 2020","format":false,"excerpt":"Pens\u00e9e pour le rangement du drone avec ses h\u00e9lices mont\u00e9es, cette valise comprend \u00e9galement un petit \u00e9tui pratique pour organiser 8 cartes microSD, le HPRC1100.","rel":"","context":"Article similaire","block_context":{"text":"Article similaire","link":""},"img":{"alt_text":"Valise 2710 \u00e9tanche pour DJI Phantom 4\/4Pro\/Pro+ - HPRC","src":"https:\/\/i0.wp.com\/store.droneway.ma\/wp-content\/uploads\/2020\/11\/Valise-2710-etanche-pour-DJI-Phantom-44ProPro-HPRC.jpg?resize=350%2C200&ssl=1","width":350,"height":200,"srcset":"https:\/\/i0.wp.com\/store.droneway.ma\/wp-content\/uploads\/2020\/11\/Valise-2710-etanche-pour-DJI-Phantom-44ProPro-HPRC.jpg?resize=350%2C200&ssl=1 1x, https:\/\/i0.wp.com\/store.droneway.ma\/wp-content\/uploads\/2020\/11\/Valise-2710-etanche-pour-DJI-Phantom-44ProPro-HPRC.jpg?resize=525%2C300&ssl=1 1.5x, https:\/\/i0.wp.com\/store.droneway.ma\/wp-content\/uploads\/2020\/11\/Valise-2710-etanche-pour-DJI-Phantom-44ProPro-HPRC.jpg?resize=700%2C400&ssl=1 2x"},"classes":[]}],"jetpack_sharing_enabled":true,"_links":{"self":[{"href":"https:\/\/store.droneway.ma\/index.php\/wp-json\/wp\/v2\/product\/2488","targetHints":{"allow":["GET"]}}],"collection":[{"href":"https:\/\/store.droneway.ma\/index.php\/wp-json\/wp\/v2\/product"}],"about":[{"href":"https:\/\/store.droneway.ma\/index.php\/wp-json\/wp\/v2\/types\/product"}],"wp:featuredmedia":[{"embeddable":true,"href":"https:\/\/store.droneway.ma\/index.php\/wp-json\/wp\/v2\/media\/2489"}],"wp:attachment":[{"href":"https:\/\/store.droneway.ma\/index.php\/wp-json\/wp\/v2\/media?parent=2488"}],"wp:term":[{"taxonomy":"product_brand","embeddable":true,"href":"https:\/\/store.droneway.ma\/index.php\/wp-json\/wp\/v2\/product_brand?post=2488"},{"taxonomy":"product_cat","embeddable":true,"href":"https:\/\/store.droneway.ma\/index.php\/wp-json\/wp\/v2\/product_cat?post=2488"},{"taxonomy":"product_tag","embeddable":true,"href":"https:\/\/store.droneway.ma\/index.php\/wp-json\/wp\/v2\/product_tag?post=2488"}],"curies":[{"name":"wp","href":"https:\/\/api.w.org\/{rel}","templated":true}]}}