{"id":2479,"date":"2020-11-21T19:14:44","date_gmt":"2020-11-21T18:14:44","guid":{"rendered":"http:\/\/store.droneway.ma\/index.php\/produit\/dji-ronin-sc\/"},"modified":"2020-11-21T19:14:44","modified_gmt":"2020-11-21T18:14:44","slug":"dji-ronin-sc","status":"publish","type":"product","link":"https:\/\/store.droneway.ma\/index.php\/produit\/dji-ronin-sc\/","title":{"rendered":"DJI Ronin-SC"},"content":{"rendered":"<p>Le DJI Ronin SC est un stabilisateur 3 axes performant qui reprend les principales fonctionnalit\u00e9s du Ronin S dans un format plus compact et plus l\u00e9ger : selfie mode, verrouillage des axes, motionlapse, mode sport, stabilisation performante, roll 360, l\u2019activetrack 3.0, force mobile\u2026  Le Ronin SC sera capable de stabiliser des APN d\u2019un poids de 2 kg comme l&rsquo;Alpha 7 III avec objectif 28-70 mm, le Panasonic Lumix GH5S avec objectif 12 mm f\/1.4&#8230;. et proposera \u00e9galement des possibilit\u00e9s d\u2019extensions via des accessoires tiers.  Ce stabilisateur DJI sera id\u00e9al pour tourner comme un pro des vid\u00e9os d\u2019une fluidit\u00e9 incroyable, donnant ainsi un cachet tr\u00e8s professionnel qui conviendra aux amateurs de belles cin\u00e9matiques ou aux professionnels qui souhaiteront obtenir des r\u00e9sultats similaires aux vid\u00e9os r\u00e9alis\u00e9es avec le DJI Ronin S mais avec un encombrement moindre. Plus l\u00e9ger et performant, optez pour le DJI Ronin SC.<\/p>\n","protected":false},"excerpt":{"rendered":"<p>Stabilisateur DJI Ronin SC 3 axes plus l\u00e9ger, plus compact et ultra performant\u00a0  Compatible avec les appareils DSLR et mirrorless jusqu\u2019\u00e0 2 kg  Fonctions Motionlapse \/ Activetrack 3.0 \/ CamAnchor\u2026  Structure en deux parties avec nacelle d\u00e9tachable  Commandes de contr\u00f4le int\u00e9gr\u00e9es au manche  Technologie SmoothTrack\u00a0 et Mode sport  Nombreux accessoires DJI compatibles<\/p>\n","protected":false},"featured_media":1753,"template":"","meta":{"content-type":"","rop_custom_images_group":[],"rop_custom_messages_group":[],"rop_publish_now":"initial","rop_publish_now_accounts":[],"rop_publish_now_history":[],"rop_publish_now_status":"pending"},"product_brand":[],"product_cat":[17,44],"product_tag":[],"class_list":{"0":"post-2479","1":"product","2":"type-product","3":"status-publish","4":"has-post-thumbnail","6":"product_cat-ronin","7":"product_cat-ronin-ronin","9":"first","10":"instock","11":"purchasable","12":"product-type-simple"},"jetpack-related-posts":[{"id":2554,"url":"https:\/\/store.droneway.ma\/index.php\/produit\/dji-rsc-2-2\/","url_meta":{"origin":2479,"position":0},"title":"DJI RSC 2","author":"admin","date":"21 novembre 2020","format":false,"excerpt":"Stabilisateur DJI SC 2 : ultra performant et polyvalent Compatible avec les appareils DSLR et mirrorless Fonctions Motionlapse \/ Activetrack \/ CamAnchor\u2026 Autonomie de 14 h Technologie SmoothTrack\u00a0 et Mode sport Nombreux accessoires DJI compatibles","rel":"","context":"Article similaire","block_context":{"text":"Article similaire","link":""},"img":{"alt_text":"DJI RSC 2","src":"https:\/\/i0.wp.com\/store.droneway.ma\/wp-content\/uploads\/2020\/11\/dji-rsc2-p-image-220249-grande.jpg?resize=350%2C200&ssl=1","width":350,"height":200,"srcset":"https:\/\/i0.wp.com\/store.droneway.ma\/wp-content\/uploads\/2020\/11\/dji-rsc2-p-image-220249-grande.jpg?resize=350%2C200&ssl=1 1x, https:\/\/i0.wp.com\/store.droneway.ma\/wp-content\/uploads\/2020\/11\/dji-rsc2-p-image-220249-grande.jpg?resize=525%2C300&ssl=1 1.5x, https:\/\/i0.wp.com\/store.droneway.ma\/wp-content\/uploads\/2020\/11\/dji-rsc2-p-image-220249-grande.jpg?resize=700%2C400&ssl=1 2x"},"classes":[]},{"id":2496,"url":"https:\/\/store.droneway.ma\/index.php\/produit\/valise-2500-etanche-pour-dji-ronin-sc-et-systeme-focus-hprc\/","url_meta":{"origin":2479,"position":1},"title":"Valise 2500 \u00e9tanche pour DJI Ronin SC et syst\u00e8me Focus &#8211; HPRC","author":"admin","date":"21 novembre 2020","format":false,"excerpt":"Valise \u00e9tanche haute gamme HPRC pour DJI Ronin SC Mousse haute densit\u00e9 pr\u00e9d\u00e9coup\u00e9e avec Vector Panel Emplacement pour syst\u00e8me DJI Focus S\u00e9curis\u00e9e \/ emplacements pour cadenas","rel":"","context":"Article similaire","block_context":{"text":"Article similaire","link":""},"img":{"alt_text":"Valise 2500 \u00e9tanche pour DJI Ronin SC et syst\u00e8me Focus - HPRC","src":"https:\/\/i0.wp.com\/store.droneway.ma\/wp-content\/uploads\/2020\/11\/Valise-2500-etanche-pour-DJI-Ronin-SC-et-systeme-Focus-HPRC.jpg?resize=350%2C200&ssl=1","width":350,"height":200,"srcset":"https:\/\/i0.wp.com\/store.droneway.ma\/wp-content\/uploads\/2020\/11\/Valise-2500-etanche-pour-DJI-Ronin-SC-et-systeme-Focus-HPRC.jpg?resize=350%2C200&ssl=1 1x, https:\/\/i0.wp.com\/store.droneway.ma\/wp-content\/uploads\/2020\/11\/Valise-2500-etanche-pour-DJI-Ronin-SC-et-systeme-Focus-HPRC.jpg?resize=525%2C300&ssl=1 1.5x, https:\/\/i0.wp.com\/store.droneway.ma\/wp-content\/uploads\/2020\/11\/Valise-2500-etanche-pour-DJI-Ronin-SC-et-systeme-Focus-HPRC.jpg?resize=700%2C400&ssl=1 2x"},"classes":[]},{"id":2504,"url":"https:\/\/store.droneway.ma\/index.php\/produit\/dji-focus-wheel-pour-dji-ronin-s-sc\/","url_meta":{"origin":2479,"position":2},"title":"DJI Focus Wheel pour DJI Ronin-S\/SC","author":"admin","date":"21 novembre 2020","format":false,"excerpt":"Utilisez le DJI Focus Wheel sur le Ronin-S\/SC Meilleur contr\u00f4le de la mise au point Installation Plug & Play","rel":"","context":"Article similaire","block_context":{"text":"Article similaire","link":""},"img":{"alt_text":"DJI Focus Wheel pour DJI Ronin-S\/SC","src":"https:\/\/i0.wp.com\/store.droneway.ma\/wp-content\/uploads\/2020\/11\/DJI-Focus-Wheel-pour-DJI-Ronin-SSC.jpg?resize=350%2C200&ssl=1","width":350,"height":200},"classes":[]},{"id":2500,"url":"https:\/\/store.droneway.ma\/index.php\/produit\/moteur-focus-pour-ronin-sc-dji\/","url_meta":{"origin":2479,"position":3},"title":"Moteur Focus pour Ronin-SC &#8211; DJI","author":"admin","date":"21 novembre 2020","format":false,"excerpt":"Moteur Focus con\u00e7u pour le stabilisateur DJI Ronin-SC Permet de contr\u00f4ler avec pr\u00e9cision la mise au point Installation rapide et ais\u00e9e Supports d'installation fournis (courroie, tube etc...)","rel":"","context":"Article similaire","block_context":{"text":"Article similaire","link":""},"img":{"alt_text":"Moteur Focus pour Ronin-SC - DJI","src":"https:\/\/i0.wp.com\/store.droneway.ma\/wp-content\/uploads\/2020\/11\/Moteur-Focus-pour-Ronin-SC-DJI.jpg?resize=350%2C200&ssl=1","width":350,"height":200},"classes":[]},{"id":2484,"url":"https:\/\/store.droneway.ma\/index.php\/produit\/poignee-bg18-pour-ronin-sc-avec-batterie-integree-dji\/","url_meta":{"origin":2479,"position":4},"title":"Poign\u00e9e BG18 pour Ronin-SC avec batterie int\u00e9gr\u00e9e &#8211; DJI","author":"admin","date":"21 novembre 2020","format":false,"excerpt":"Poign\u00e9e ergonomique et l\u00e9g\u00e8re \u00c9quip\u00e9e d'une batterie interne de 2450mAh Permet une autonomie de 11h avec le Ronin-SC Deux pas de vis (1\/4\" et 3\/8\") sur le dessous","rel":"","context":"Article similaire","block_context":{"text":"Article similaire","link":""},"img":{"alt_text":"Poign\u00e9e BG18 pour Ronin-SC avec batterie int\u00e9gr\u00e9e - DJI","src":"https:\/\/i0.wp.com\/store.droneway.ma\/wp-content\/uploads\/2020\/11\/poignee-bg18-pour-ronin-sc-avec-batterie-integree-dji-p-image-210810-grande.jpg?resize=350%2C200&ssl=1","width":350,"height":200,"srcset":"https:\/\/i0.wp.com\/store.droneway.ma\/wp-content\/uploads\/2020\/11\/poignee-bg18-pour-ronin-sc-avec-batterie-integree-dji-p-image-210810-grande.jpg?resize=350%2C200&ssl=1 1x, https:\/\/i0.wp.com\/store.droneway.ma\/wp-content\/uploads\/2020\/11\/poignee-bg18-pour-ronin-sc-avec-batterie-integree-dji-p-image-210810-grande.jpg?resize=525%2C300&ssl=1 1.5x"},"classes":[]},{"id":2478,"url":"https:\/\/store.droneway.ma\/index.php\/produit\/dji-ronin-2-professionnal\/","url_meta":{"origin":2479,"position":5},"title":"DJI Ronin 2 Professionnal","author":"admin","date":"21 novembre 2020","format":false,"excerpt":"Moteurs plus puissants et coupleux Large compatibilit\u00e9 cam\u00e9ras cin\u00e9ma Stabilisateur multi-support Batteries \"Hot-Swap\" Syst\u00e8me de r\u00e9glages optimis\u00e9","rel":"","context":"Article similaire","block_context":{"text":"Article similaire","link":""},"img":{"alt_text":"DJI Ronin 2 Professionnal","src":"https:\/\/i0.wp.com\/store.droneway.ma\/wp-content\/uploads\/2020\/11\/dji-ronin-2-p-image-192646-grande.jpg?resize=350%2C200&ssl=1","width":350,"height":200},"classes":[]}],"jetpack_sharing_enabled":true,"_links":{"self":[{"href":"https:\/\/store.droneway.ma\/index.php\/wp-json\/wp\/v2\/product\/2479","targetHints":{"allow":["GET"]}}],"collection":[{"href":"https:\/\/store.droneway.ma\/index.php\/wp-json\/wp\/v2\/product"}],"about":[{"href":"https:\/\/store.droneway.ma\/index.php\/wp-json\/wp\/v2\/types\/product"}],"wp:featuredmedia":[{"embeddable":true,"href":"https:\/\/store.droneway.ma\/index.php\/wp-json\/wp\/v2\/media\/1753"}],"wp:attachment":[{"href":"https:\/\/store.droneway.ma\/index.php\/wp-json\/wp\/v2\/media?parent=2479"}],"wp:term":[{"taxonomy":"product_brand","embeddable":true,"href":"https:\/\/store.droneway.ma\/index.php\/wp-json\/wp\/v2\/product_brand?post=2479"},{"taxonomy":"product_cat","embeddable":true,"href":"https:\/\/store.droneway.ma\/index.php\/wp-json\/wp\/v2\/product_cat?post=2479"},{"taxonomy":"product_tag","embeddable":true,"href":"https:\/\/store.droneway.ma\/index.php\/wp-json\/wp\/v2\/product_tag?post=2479"}],"curies":[{"name":"wp","href":"https:\/\/api.w.org\/{rel}","templated":true}]}}