{"id":2475,"date":"2020-11-21T19:14:37","date_gmt":"2020-11-21T18:14:37","guid":{"rendered":"http:\/\/store.droneway.ma\/index.php\/produit\/valise-2730w-pour-dji-robomaster-s1-hprc\/"},"modified":"2020-11-21T19:14:41","modified_gmt":"2020-11-21T18:14:41","slug":"valise-2730w-pour-dji-robomaster-s1-hprc","status":"publish","type":"product","link":"https:\/\/store.droneway.ma\/index.php\/produit\/valise-2730w-pour-dji-robomaster-s1-hprc\/","title":{"rendered":"Valise 2730W pour DJI RoboMaster S1 &#8211; HPRC"},"content":{"rendered":"<p>Transportez ais\u00e9ment et en toute s\u00e9curit\u00e9 votre drone DJI RoboMaster S1 gr\u00e2ce \u00e0 cette valise HPRC 2730W \u00e9quip\u00e9e de roues et d&rsquo;une poign\u00e9e r\u00e9tractable.  Elle dispose de 13 compartiments pour ranger le rover DJI et de nombreux accessoires : tablette, chargeur, batteries, billes de gel, marqueurs&#8230;  Class\u00e9e IP67, elle saura r\u00e9sister \u00e0 l\u2019eau et la poussi\u00e8re, prot\u00e9geant ainsi le RoboMaster S1 et tous ses accessoires.<\/p>\n","protected":false},"excerpt":{"rendered":"<p>Valise \u00e0 roulettes haut de gamme HPRC sp\u00e9cialement con\u00e7ue pour le RoboMaster S1  Emplacement pour les accessoires et une tablette multim\u00e9dia 12.9&Prime;  IP67 : prot\u00e9g\u00e9e contre l&rsquo;eau et la poussi\u00e8re  Nombreux compartiments : 13 rangements  Technologie Vector panel  S\u00e9curis\u00e9e<\/p>\n","protected":false},"featured_media":679,"template":"","meta":{"content-type":"","rop_custom_images_group":[],"rop_custom_messages_group":[],"rop_publish_now":"initial","rop_publish_now_accounts":[],"rop_publish_now_history":[],"rop_publish_now_status":"pending"},"product_brand":[],"product_cat":[36,37],"product_tag":[],"class_list":{"0":"post-2475","1":"product","2":"type-product","3":"status-publish","4":"has-post-thumbnail","6":"product_cat-robomaster","7":"product_cat-robomaster-robomaster","9":"first","10":"instock","11":"purchasable","12":"product-type-simple"},"jetpack-related-posts":[{"id":2084,"url":"https:\/\/store.droneway.ma\/index.php\/produit\/valise-2780w-double-a-roulettes-pour-dji-inspire-2-hprc\/","url_meta":{"origin":2475,"position":0},"title":"Valise 2780W double \u00e0 roulettes pour DJI Inspire 2 &#8211; HPRC","author":"admin","date":"21 novembre 2020","format":false,"excerpt":"Valise \u00e0 roulettes haut de gamme HPRC Supporte la nacelle mont\u00e9e sur le drone IP67 : prot\u00e9g\u00e9e contre eau & poussi\u00e8re Double compartiment : 17 rangements S\u00e9curis\u00e9e","rel":"","context":"Article similaire","block_context":{"text":"Article similaire","link":""},"img":{"alt_text":"Valise 2780W double \u00e0 roulettes pour DJI Inspire 2 - HPRC","src":"https:\/\/i0.wp.com\/store.droneway.ma\/wp-content\/uploads\/2020\/11\/valise-hprc-a-roulettes-double-pour-dji-inspire-2-p-image-187266-grande.jpg?resize=350%2C200&ssl=1","width":350,"height":200},"classes":[]},{"id":2085,"url":"https:\/\/store.droneway.ma\/index.php\/produit\/valise-4600w-simple-a-roulettes-pour-dji-inspire-2-hprc\/","url_meta":{"origin":2475,"position":1},"title":"Valise 4600W simple \u00e0 roulettes pour DJI Inspire 2 &#8211; HPRC","author":"admin","date":"21 novembre 2020","format":false,"excerpt":"Valise \u00e0 roulettes haut de gamme HPRC Compatible DJI Inspire 2 Supporte la nacelle mont\u00e9e sur le drone IP67 : prot\u00e9g\u00e9e contre eau & poussi\u00e8re 14 rangements S\u00e9curis\u00e9e","rel":"","context":"Article similaire","block_context":{"text":"Article similaire","link":""},"img":{"alt_text":"Valise 4600W simple \u00e0 roulettes pour DJI Inspire 2 - HPRC","src":"https:\/\/i0.wp.com\/store.droneway.ma\/wp-content\/uploads\/2020\/11\/valise-a-roulettes-hprc-simple-pour-dji-inspire-2-p-image-187227-grande.jpg?resize=350%2C200&ssl=1","width":350,"height":200},"classes":[]},{"id":2473,"url":"https:\/\/store.droneway.ma\/index.php\/produit\/chargeur-dji-pour-robomaster-s1\/","url_meta":{"origin":2475,"position":2},"title":"Chargeur DJI pour RoboMaster S1","author":"admin","date":"21 novembre 2020","format":false,"excerpt":"Chargeur d\u00e9di\u00e9 au DJI RoboMaster S1 Recharge en 90 minutes","rel":"","context":"Article similaire","block_context":{"text":"Article similaire","link":""},"img":{"alt_text":"Chargeur DJI pour RoboMaster S1","src":"https:\/\/i0.wp.com\/store.droneway.ma\/wp-content\/uploads\/2020\/11\/robomaster-s1-part4-intelligent-battery-charger-p-image-213988-grande.jpg?resize=350%2C200&ssl=1","width":350,"height":200,"srcset":"https:\/\/i0.wp.com\/store.droneway.ma\/wp-content\/uploads\/2020\/11\/robomaster-s1-part4-intelligent-battery-charger-p-image-213988-grande.jpg?resize=350%2C200&ssl=1 1x, https:\/\/i0.wp.com\/store.droneway.ma\/wp-content\/uploads\/2020\/11\/robomaster-s1-part4-intelligent-battery-charger-p-image-213988-grande.jpg?resize=525%2C300&ssl=1 1.5x, https:\/\/i0.wp.com\/store.droneway.ma\/wp-content\/uploads\/2020\/11\/robomaster-s1-part4-intelligent-battery-charger-p-image-213988-grande.jpg?resize=700%2C400&ssl=1 2x"},"classes":[]},{"id":2474,"url":"https:\/\/store.droneway.ma\/index.php\/produit\/playmore-kit-pour-robomaster-s1-dji\/","url_meta":{"origin":2475,"position":3},"title":"PlayMore Kit pour RoboMaster S1 &#8211; DJI","author":"admin","date":"21 novembre 2020","format":false,"excerpt":"Manette de jeu d\u00e9di\u00e9e pour une exp\u00e9rience am\u00e9lior\u00e9e Accessoires essentiels pour du fun illimit\u00e9","rel":"","context":"Article similaire","block_context":{"text":"Article similaire","link":""},"img":{"alt_text":"PlayMore Kit pour RoboMaster S1 - DJI","src":"https:\/\/i0.wp.com\/store.droneway.ma\/wp-content\/uploads\/2020\/11\/playmore-kit-pour-robomaster-s1-dji-p-image-214401-grande.jpg?resize=350%2C200&ssl=1","width":350,"height":200,"srcset":"https:\/\/i0.wp.com\/store.droneway.ma\/wp-content\/uploads\/2020\/11\/playmore-kit-pour-robomaster-s1-dji-p-image-214401-grande.jpg?resize=350%2C200&ssl=1 1x, https:\/\/i0.wp.com\/store.droneway.ma\/wp-content\/uploads\/2020\/11\/playmore-kit-pour-robomaster-s1-dji-p-image-214401-grande.jpg?resize=525%2C300&ssl=1 1.5x, https:\/\/i0.wp.com\/store.droneway.ma\/wp-content\/uploads\/2020\/11\/playmore-kit-pour-robomaster-s1-dji-p-image-214401-grande.jpg?resize=700%2C400&ssl=1 2x"},"classes":[]},{"id":2472,"url":"https:\/\/store.droneway.ma\/index.php\/produit\/batterie-dji-pour-robomaster-s1\/","url_meta":{"origin":2475,"position":4},"title":"Batterie DJI pour RoboMaster S1","author":"admin","date":"21 novembre 2020","format":false,"excerpt":"Batterie d\u00e9di\u00e9e au DJI RoboMaster S1 30 minutes d'autonomie Batterie intelligente Recharge en 90 minutes","rel":"","context":"Article similaire","block_context":{"text":"Article similaire","link":""},"img":{"alt_text":"Batterie DJI pour RoboMaster S1","src":"https:\/\/i0.wp.com\/store.droneway.ma\/wp-content\/uploads\/2020\/11\/robomaster-s1-part3-intelligent-battery-p-image-213980-grande.jpg?resize=350%2C200&ssl=1","width":350,"height":200,"srcset":"https:\/\/i0.wp.com\/store.droneway.ma\/wp-content\/uploads\/2020\/11\/robomaster-s1-part3-intelligent-battery-p-image-213980-grande.jpg?resize=350%2C200&ssl=1 1x, https:\/\/i0.wp.com\/store.droneway.ma\/wp-content\/uploads\/2020\/11\/robomaster-s1-part3-intelligent-battery-p-image-213980-grande.jpg?resize=525%2C300&ssl=1 1.5x, https:\/\/i0.wp.com\/store.droneway.ma\/wp-content\/uploads\/2020\/11\/robomaster-s1-part3-intelligent-battery-p-image-213980-grande.jpg?resize=700%2C400&ssl=1 2x"},"classes":[]},{"id":2471,"url":"https:\/\/store.droneway.ma\/index.php\/produit\/billes-de-gel-dji-pour-robomaster-s1\/","url_meta":{"origin":2475,"position":5},"title":"Billes de gel DJI pour RoboMaster S1","author":"admin","date":"21 novembre 2020","format":false,"excerpt":"Billes de gel optimis\u00e9es pour le blaster du S1 Effets de couleurs sur trajectoire apr\u00e8s le lancement Non toxique","rel":"","context":"Article similaire","block_context":{"text":"Article similaire","link":""},"img":{"alt_text":"Billes de gel DJI pour RoboMaster S1","src":"https:\/\/i0.wp.com\/store.droneway.ma\/wp-content\/uploads\/2020\/11\/billes-de-gel-dji-pour-robomaster-s1-p-image-213972-grande.jpg?resize=350%2C200&ssl=1","width":350,"height":200,"srcset":"https:\/\/i0.wp.com\/store.droneway.ma\/wp-content\/uploads\/2020\/11\/billes-de-gel-dji-pour-robomaster-s1-p-image-213972-grande.jpg?resize=350%2C200&ssl=1 1x, https:\/\/i0.wp.com\/store.droneway.ma\/wp-content\/uploads\/2020\/11\/billes-de-gel-dji-pour-robomaster-s1-p-image-213972-grande.jpg?resize=525%2C300&ssl=1 1.5x, https:\/\/i0.wp.com\/store.droneway.ma\/wp-content\/uploads\/2020\/11\/billes-de-gel-dji-pour-robomaster-s1-p-image-213972-grande.jpg?resize=700%2C400&ssl=1 2x"},"classes":[]}],"jetpack_sharing_enabled":true,"_links":{"self":[{"href":"https:\/\/store.droneway.ma\/index.php\/wp-json\/wp\/v2\/product\/2475","targetHints":{"allow":["GET"]}}],"collection":[{"href":"https:\/\/store.droneway.ma\/index.php\/wp-json\/wp\/v2\/product"}],"about":[{"href":"https:\/\/store.droneway.ma\/index.php\/wp-json\/wp\/v2\/types\/product"}],"wp:featuredmedia":[{"embeddable":true,"href":"https:\/\/store.droneway.ma\/index.php\/wp-json\/wp\/v2\/media\/679"}],"wp:attachment":[{"href":"https:\/\/store.droneway.ma\/index.php\/wp-json\/wp\/v2\/media?parent=2475"}],"wp:term":[{"taxonomy":"product_brand","embeddable":true,"href":"https:\/\/store.droneway.ma\/index.php\/wp-json\/wp\/v2\/product_brand?post=2475"},{"taxonomy":"product_cat","embeddable":true,"href":"https:\/\/store.droneway.ma\/index.php\/wp-json\/wp\/v2\/product_cat?post=2475"},{"taxonomy":"product_tag","embeddable":true,"href":"https:\/\/store.droneway.ma\/index.php\/wp-json\/wp\/v2\/product_tag?post=2475"}],"curies":[{"name":"wp","href":"https:\/\/api.w.org\/{rel}","templated":true}]}}