{"id":2474,"date":"2020-11-21T19:14:37","date_gmt":"2020-11-21T18:14:37","guid":{"rendered":"http:\/\/store.droneway.ma\/index.php\/produit\/playmore-kit-pour-robomaster-s1-dji\/"},"modified":"2020-11-21T19:14:40","modified_gmt":"2020-11-21T18:14:40","slug":"playmore-kit-pour-robomaster-s1-dji","status":"publish","type":"product","link":"https:\/\/store.droneway.ma\/index.php\/produit\/playmore-kit-pour-robomaster-s1-dji\/","title":{"rendered":"PlayMore Kit pour RoboMaster S1 &#8211; DJI"},"content":{"rendered":"<p>Le kit PlayMore comprend une manette de jeu, une batterie Intelligente, un r\u00e9servoir de billes de gel et un flacon de billes de gel qui vous permettront d&rsquo;exploiter pleinement le RoboMaster S1 pour de longues parties de jeux endiabl\u00e9es.  La manette de jeu permet de connecter le S1 \u00e0 un appareil mobile et d\u2019utiliser les joysticks de contr\u00f4le et les boutons physiques pour tirer et activer les r\u00e9actions personnalis\u00e9es. L\u2019exp\u00e9rience est nettement am\u00e9lior\u00e9e.  La batterie 4,2 V \u00e0 haute tension a \u00e9t\u00e9 con\u00e7ue sp\u00e9cifiquement pour le RoboMaster S1. Compos\u00e9e de trois cellules lithium-ion \u00e0 forte \u00e9nergie (25,92 Wh), elle fournit une autonomie de 35 minutes en fonctionnement  Un r\u00e9servoir \u00e0 bille suppl\u00e9mentaire contient environ 430 billes de gel, s\u00fbres et non toxiques. Ce r\u00e9servoir servira de conteneur aux billes du flacon livr\u00e9 avec ce Kit PlayMore (10 000 billes de gels).<\/p>\n","protected":false},"excerpt":{"rendered":"<p>Manette de jeu d\u00e9di\u00e9e pour une exp\u00e9rience am\u00e9lior\u00e9e  Accessoires essentiels pour du fun illimit\u00e9<\/p>\n","protected":false},"featured_media":664,"template":"","meta":{"content-type":"","rop_custom_images_group":[],"rop_custom_messages_group":[],"rop_publish_now":"initial","rop_publish_now_accounts":[],"rop_publish_now_history":[],"rop_publish_now_status":"pending"},"product_brand":[],"product_cat":[36,37],"product_tag":[],"class_list":{"0":"post-2474","1":"product","2":"type-product","3":"status-publish","4":"has-post-thumbnail","6":"product_cat-robomaster","7":"product_cat-robomaster-robomaster","9":"first","10":"instock","11":"purchasable","12":"product-type-simple"},"jetpack-related-posts":[{"id":2471,"url":"https:\/\/store.droneway.ma\/index.php\/produit\/billes-de-gel-dji-pour-robomaster-s1\/","url_meta":{"origin":2474,"position":0},"title":"Billes de gel DJI pour RoboMaster S1","author":"admin","date":"21 novembre 2020","format":false,"excerpt":"Billes de gel optimis\u00e9es pour le blaster du S1 Effets de couleurs sur trajectoire apr\u00e8s le lancement Non toxique","rel":"","context":"Article similaire","block_context":{"text":"Article similaire","link":""},"img":{"alt_text":"Billes de gel DJI pour RoboMaster S1","src":"https:\/\/i0.wp.com\/store.droneway.ma\/wp-content\/uploads\/2020\/11\/billes-de-gel-dji-pour-robomaster-s1-p-image-213972-grande.jpg?resize=350%2C200&ssl=1","width":350,"height":200,"srcset":"https:\/\/i0.wp.com\/store.droneway.ma\/wp-content\/uploads\/2020\/11\/billes-de-gel-dji-pour-robomaster-s1-p-image-213972-grande.jpg?resize=350%2C200&ssl=1 1x, https:\/\/i0.wp.com\/store.droneway.ma\/wp-content\/uploads\/2020\/11\/billes-de-gel-dji-pour-robomaster-s1-p-image-213972-grande.jpg?resize=525%2C300&ssl=1 1.5x, https:\/\/i0.wp.com\/store.droneway.ma\/wp-content\/uploads\/2020\/11\/billes-de-gel-dji-pour-robomaster-s1-p-image-213972-grande.jpg?resize=700%2C400&ssl=1 2x"},"classes":[]},{"id":2470,"url":"https:\/\/store.droneway.ma\/index.php\/produit\/dji-robomaster-s1-playmore-combo\/","url_meta":{"origin":2474,"position":1},"title":"DJI Robomaster S1 PlayMore Combo","author":"admin","date":"21 novembre 2020","format":false,"excerpt":"Pack complet pour plus de fun Manette de contr\u00f4le\u00a0 2 batteries Robot programmable et \u00e0 monter de A \u00e0 Z Roues Mecanum pour un d\u00e9placement \u00e0 360\u00b0 Plusieurs modes de jeu Nacelle sur 2 axes avec cam\u00e9ra 1080p et retour vid\u00e9o WiFi \u00e0 faible latence","rel":"","context":"Article similaire","block_context":{"text":"Article similaire","link":""},"img":{"alt_text":"DJI Robomaster S1 PlayMore Combo","src":"https:\/\/i0.wp.com\/store.droneway.ma\/wp-content\/uploads\/2020\/11\/robomaster-s1-playmore-combo-p-image-214657-grande.jpg?resize=350%2C200&ssl=1","width":350,"height":200,"srcset":"https:\/\/i0.wp.com\/store.droneway.ma\/wp-content\/uploads\/2020\/11\/robomaster-s1-playmore-combo-p-image-214657-grande.jpg?resize=350%2C200&ssl=1 1x, https:\/\/i0.wp.com\/store.droneway.ma\/wp-content\/uploads\/2020\/11\/robomaster-s1-playmore-combo-p-image-214657-grande.jpg?resize=525%2C300&ssl=1 1.5x"},"classes":[]},{"id":2475,"url":"https:\/\/store.droneway.ma\/index.php\/produit\/valise-2730w-pour-dji-robomaster-s1-hprc\/","url_meta":{"origin":2474,"position":2},"title":"Valise 2730W pour DJI RoboMaster S1 &#8211; HPRC","author":"admin","date":"21 novembre 2020","format":false,"excerpt":"Valise \u00e0 roulettes haut de gamme HPRC sp\u00e9cialement con\u00e7ue pour le RoboMaster S1 Emplacement pour les accessoires et une tablette multim\u00e9dia 12.9\" IP67 : prot\u00e9g\u00e9e contre l'eau et la poussi\u00e8re Nombreux compartiments : 13 rangements Technologie Vector panel S\u00e9curis\u00e9e","rel":"","context":"Article similaire","block_context":{"text":"Article similaire","link":""},"img":{"alt_text":"Valise 2730W pour DJI RoboMaster S1 - HPRC","src":"https:\/\/i0.wp.com\/store.droneway.ma\/wp-content\/uploads\/2020\/11\/valise-2730w-pour-dji-robomaster-s1-hprc-p-image-214454-grande.jpg?resize=350%2C200&ssl=1","width":350,"height":200,"srcset":"https:\/\/i0.wp.com\/store.droneway.ma\/wp-content\/uploads\/2020\/11\/valise-2730w-pour-dji-robomaster-s1-hprc-p-image-214454-grande.jpg?resize=350%2C200&ssl=1 1x, https:\/\/i0.wp.com\/store.droneway.ma\/wp-content\/uploads\/2020\/11\/valise-2730w-pour-dji-robomaster-s1-hprc-p-image-214454-grande.jpg?resize=525%2C300&ssl=1 1.5x, https:\/\/i0.wp.com\/store.droneway.ma\/wp-content\/uploads\/2020\/11\/valise-2730w-pour-dji-robomaster-s1-hprc-p-image-214454-grande.jpg?resize=700%2C400&ssl=1 2x"},"classes":[]},{"id":2469,"url":"https:\/\/store.droneway.ma\/index.php\/produit\/dji-robomaster-s1\/","url_meta":{"origin":2474,"position":3},"title":"DJI RoboMaster S1","author":"admin","date":"21 novembre 2020","format":false,"excerpt":"Robot programmable via Scratch et Python Roues Mecanum permettent un d\u00e9placement \u00e0 360\u00b0 A monter soi-m\u00eame : fun et \u00e9ducatif ! Mode Ar\u00e8ne permet des affrontements entre RoboMaster S1 Plusieurs modes de jeu Cam\u00e9ra 1080p et nacelle sur deux axes. Le RoboMaster S1 est un pur bijou de technologie et\u2026","rel":"","context":"Article similaire","block_context":{"text":"Article similaire","link":""},"img":{"alt_text":"DJI RoboMaster S1","src":"https:\/\/i0.wp.com\/store.droneway.ma\/wp-content\/uploads\/2020\/11\/dji-robomaster-s1-p-image-213929-grande.jpg?resize=350%2C200&ssl=1","width":350,"height":200,"srcset":"https:\/\/i0.wp.com\/store.droneway.ma\/wp-content\/uploads\/2020\/11\/dji-robomaster-s1-p-image-213929-grande.jpg?resize=350%2C200&ssl=1 1x, https:\/\/i0.wp.com\/store.droneway.ma\/wp-content\/uploads\/2020\/11\/dji-robomaster-s1-p-image-213929-grande.jpg?resize=525%2C300&ssl=1 1.5x, https:\/\/i0.wp.com\/store.droneway.ma\/wp-content\/uploads\/2020\/11\/dji-robomaster-s1-p-image-213929-grande.jpg?resize=700%2C400&ssl=1 2x"},"classes":[]},{"id":2472,"url":"https:\/\/store.droneway.ma\/index.php\/produit\/batterie-dji-pour-robomaster-s1\/","url_meta":{"origin":2474,"position":4},"title":"Batterie DJI pour RoboMaster S1","author":"admin","date":"21 novembre 2020","format":false,"excerpt":"Batterie d\u00e9di\u00e9e au DJI RoboMaster S1 30 minutes d'autonomie Batterie intelligente Recharge en 90 minutes","rel":"","context":"Article similaire","block_context":{"text":"Article similaire","link":""},"img":{"alt_text":"Batterie DJI pour RoboMaster S1","src":"https:\/\/i0.wp.com\/store.droneway.ma\/wp-content\/uploads\/2020\/11\/robomaster-s1-part3-intelligent-battery-p-image-213980-grande.jpg?resize=350%2C200&ssl=1","width":350,"height":200,"srcset":"https:\/\/i0.wp.com\/store.droneway.ma\/wp-content\/uploads\/2020\/11\/robomaster-s1-part3-intelligent-battery-p-image-213980-grande.jpg?resize=350%2C200&ssl=1 1x, https:\/\/i0.wp.com\/store.droneway.ma\/wp-content\/uploads\/2020\/11\/robomaster-s1-part3-intelligent-battery-p-image-213980-grande.jpg?resize=525%2C300&ssl=1 1.5x, https:\/\/i0.wp.com\/store.droneway.ma\/wp-content\/uploads\/2020\/11\/robomaster-s1-part3-intelligent-battery-p-image-213980-grande.jpg?resize=700%2C400&ssl=1 2x"},"classes":[]},{"id":2473,"url":"https:\/\/store.droneway.ma\/index.php\/produit\/chargeur-dji-pour-robomaster-s1\/","url_meta":{"origin":2474,"position":5},"title":"Chargeur DJI pour RoboMaster S1","author":"admin","date":"21 novembre 2020","format":false,"excerpt":"Chargeur d\u00e9di\u00e9 au DJI RoboMaster S1 Recharge en 90 minutes","rel":"","context":"Article similaire","block_context":{"text":"Article similaire","link":""},"img":{"alt_text":"Chargeur DJI pour RoboMaster S1","src":"https:\/\/i0.wp.com\/store.droneway.ma\/wp-content\/uploads\/2020\/11\/robomaster-s1-part4-intelligent-battery-charger-p-image-213988-grande.jpg?resize=350%2C200&ssl=1","width":350,"height":200,"srcset":"https:\/\/i0.wp.com\/store.droneway.ma\/wp-content\/uploads\/2020\/11\/robomaster-s1-part4-intelligent-battery-charger-p-image-213988-grande.jpg?resize=350%2C200&ssl=1 1x, https:\/\/i0.wp.com\/store.droneway.ma\/wp-content\/uploads\/2020\/11\/robomaster-s1-part4-intelligent-battery-charger-p-image-213988-grande.jpg?resize=525%2C300&ssl=1 1.5x, https:\/\/i0.wp.com\/store.droneway.ma\/wp-content\/uploads\/2020\/11\/robomaster-s1-part4-intelligent-battery-charger-p-image-213988-grande.jpg?resize=700%2C400&ssl=1 2x"},"classes":[]}],"jetpack_sharing_enabled":true,"_links":{"self":[{"href":"https:\/\/store.droneway.ma\/index.php\/wp-json\/wp\/v2\/product\/2474","targetHints":{"allow":["GET"]}}],"collection":[{"href":"https:\/\/store.droneway.ma\/index.php\/wp-json\/wp\/v2\/product"}],"about":[{"href":"https:\/\/store.droneway.ma\/index.php\/wp-json\/wp\/v2\/types\/product"}],"wp:featuredmedia":[{"embeddable":true,"href":"https:\/\/store.droneway.ma\/index.php\/wp-json\/wp\/v2\/media\/664"}],"wp:attachment":[{"href":"https:\/\/store.droneway.ma\/index.php\/wp-json\/wp\/v2\/media?parent=2474"}],"wp:term":[{"taxonomy":"product_brand","embeddable":true,"href":"https:\/\/store.droneway.ma\/index.php\/wp-json\/wp\/v2\/product_brand?post=2474"},{"taxonomy":"product_cat","embeddable":true,"href":"https:\/\/store.droneway.ma\/index.php\/wp-json\/wp\/v2\/product_cat?post=2474"},{"taxonomy":"product_tag","embeddable":true,"href":"https:\/\/store.droneway.ma\/index.php\/wp-json\/wp\/v2\/product_tag?post=2474"}],"curies":[{"name":"wp","href":"https:\/\/api.w.org\/{rel}","templated":true}]}}