{"id":2470,"date":"2020-11-21T19:14:37","date_gmt":"2020-11-21T18:14:37","guid":{"rendered":"http:\/\/store.droneway.ma\/index.php\/produit\/dji-robomaster-s1-playmore-combo\/"},"modified":"2020-11-21T19:14:38","modified_gmt":"2020-11-21T18:14:38","slug":"dji-robomaster-s1-playmore-combo","status":"publish","type":"product","link":"https:\/\/store.droneway.ma\/index.php\/produit\/dji-robomaster-s1-playmore-combo\/","title":{"rendered":"DJI Robomaster S1 PlayMore Combo"},"content":{"rendered":"<p>Le Robomaster S1 PlayMore Combo est le pack ultime du nouveau robot interactif de chez DJI !\u00a0  Profitez pleinement de l&rsquo;exp\u00e9rience Robomaster gr\u00e2ce \u00e0 la manette de contr\u00f4le, et dominez vos adversaires avec une pr\u00e9cision accrue. Les 2 batteries pr\u00e9sentes dans ce combo vous permettront de vous entra\u00eener de fa\u00e7on intensive, et vous pourrez travailler votre pr\u00e9cision au tir \u00e0 l&rsquo;aide des 20000 billes.  Le Robomaster S1 est enti\u00e8rement programmable via Scratch et Python et est livr\u00e9 en kit \u00e0 assembler soi-m\u00eame. T\u00e9l\u00e9chargez l&rsquo;application Robomaster (disponible en fran\u00e7ais sur IOS et Android) et prenez part \u00e0 des courses effr\u00e9n\u00e9es ou des combats \u00e9piques.<\/p>\n","protected":false},"excerpt":{"rendered":"<p>Pack complet pour plus de fun  Manette de contr\u00f4le\u00a0  2 batteries  Robot programmable et \u00e0 monter de A \u00e0 Z  Roues Mecanum pour un d\u00e9placement \u00e0 360\u00b0  Plusieurs modes de jeu  Nacelle sur 2 axes avec cam\u00e9ra 1080p et retour vid\u00e9o WiFi \u00e0 faible latence<\/p>\n","protected":false},"featured_media":606,"template":"","meta":{"content-type":"","rop_custom_images_group":[],"rop_custom_messages_group":[],"rop_publish_now":"initial","rop_publish_now_accounts":[],"rop_publish_now_history":[],"rop_publish_now_status":"pending"},"product_brand":[],"product_cat":[36,37],"product_tag":[],"class_list":{"0":"post-2470","1":"product","2":"type-product","3":"status-publish","4":"has-post-thumbnail","6":"product_cat-robomaster","7":"product_cat-robomaster-robomaster","9":"first","10":"instock","11":"purchasable","12":"product-type-simple"},"jetpack-related-posts":[{"id":2472,"url":"https:\/\/store.droneway.ma\/index.php\/produit\/batterie-dji-pour-robomaster-s1\/","url_meta":{"origin":2470,"position":0},"title":"Batterie DJI pour RoboMaster S1","author":"admin","date":"21 novembre 2020","format":false,"excerpt":"Batterie d\u00e9di\u00e9e au DJI RoboMaster S1 30 minutes d'autonomie Batterie intelligente Recharge en 90 minutes","rel":"","context":"Article similaire","block_context":{"text":"Article similaire","link":""},"img":{"alt_text":"Batterie DJI pour RoboMaster S1","src":"https:\/\/i0.wp.com\/store.droneway.ma\/wp-content\/uploads\/2020\/11\/robomaster-s1-part3-intelligent-battery-p-image-213980-grande.jpg?resize=350%2C200&ssl=1","width":350,"height":200,"srcset":"https:\/\/i0.wp.com\/store.droneway.ma\/wp-content\/uploads\/2020\/11\/robomaster-s1-part3-intelligent-battery-p-image-213980-grande.jpg?resize=350%2C200&ssl=1 1x, https:\/\/i0.wp.com\/store.droneway.ma\/wp-content\/uploads\/2020\/11\/robomaster-s1-part3-intelligent-battery-p-image-213980-grande.jpg?resize=525%2C300&ssl=1 1.5x, https:\/\/i0.wp.com\/store.droneway.ma\/wp-content\/uploads\/2020\/11\/robomaster-s1-part3-intelligent-battery-p-image-213980-grande.jpg?resize=700%2C400&ssl=1 2x"},"classes":[]},{"id":2474,"url":"https:\/\/store.droneway.ma\/index.php\/produit\/playmore-kit-pour-robomaster-s1-dji\/","url_meta":{"origin":2470,"position":1},"title":"PlayMore Kit pour RoboMaster S1 &#8211; DJI","author":"admin","date":"21 novembre 2020","format":false,"excerpt":"Manette de jeu d\u00e9di\u00e9e pour une exp\u00e9rience am\u00e9lior\u00e9e Accessoires essentiels pour du fun illimit\u00e9","rel":"","context":"Article similaire","block_context":{"text":"Article similaire","link":""},"img":{"alt_text":"PlayMore Kit pour RoboMaster S1 - DJI","src":"https:\/\/i0.wp.com\/store.droneway.ma\/wp-content\/uploads\/2020\/11\/playmore-kit-pour-robomaster-s1-dji-p-image-214401-grande.jpg?resize=350%2C200&ssl=1","width":350,"height":200,"srcset":"https:\/\/i0.wp.com\/store.droneway.ma\/wp-content\/uploads\/2020\/11\/playmore-kit-pour-robomaster-s1-dji-p-image-214401-grande.jpg?resize=350%2C200&ssl=1 1x, https:\/\/i0.wp.com\/store.droneway.ma\/wp-content\/uploads\/2020\/11\/playmore-kit-pour-robomaster-s1-dji-p-image-214401-grande.jpg?resize=525%2C300&ssl=1 1.5x, https:\/\/i0.wp.com\/store.droneway.ma\/wp-content\/uploads\/2020\/11\/playmore-kit-pour-robomaster-s1-dji-p-image-214401-grande.jpg?resize=700%2C400&ssl=1 2x"},"classes":[]},{"id":2469,"url":"https:\/\/store.droneway.ma\/index.php\/produit\/dji-robomaster-s1\/","url_meta":{"origin":2470,"position":2},"title":"DJI RoboMaster S1","author":"admin","date":"21 novembre 2020","format":false,"excerpt":"Robot programmable via Scratch et Python Roues Mecanum permettent un d\u00e9placement \u00e0 360\u00b0 A monter soi-m\u00eame : fun et \u00e9ducatif ! Mode Ar\u00e8ne permet des affrontements entre RoboMaster S1 Plusieurs modes de jeu Cam\u00e9ra 1080p et nacelle sur deux axes. Le RoboMaster S1 est un pur bijou de technologie et\u2026","rel":"","context":"Article similaire","block_context":{"text":"Article similaire","link":""},"img":{"alt_text":"DJI RoboMaster S1","src":"https:\/\/i0.wp.com\/store.droneway.ma\/wp-content\/uploads\/2020\/11\/dji-robomaster-s1-p-image-213929-grande.jpg?resize=350%2C200&ssl=1","width":350,"height":200,"srcset":"https:\/\/i0.wp.com\/store.droneway.ma\/wp-content\/uploads\/2020\/11\/dji-robomaster-s1-p-image-213929-grande.jpg?resize=350%2C200&ssl=1 1x, https:\/\/i0.wp.com\/store.droneway.ma\/wp-content\/uploads\/2020\/11\/dji-robomaster-s1-p-image-213929-grande.jpg?resize=525%2C300&ssl=1 1.5x, https:\/\/i0.wp.com\/store.droneway.ma\/wp-content\/uploads\/2020\/11\/dji-robomaster-s1-p-image-213929-grande.jpg?resize=700%2C400&ssl=1 2x"},"classes":[]},{"id":2473,"url":"https:\/\/store.droneway.ma\/index.php\/produit\/chargeur-dji-pour-robomaster-s1\/","url_meta":{"origin":2470,"position":3},"title":"Chargeur DJI pour RoboMaster S1","author":"admin","date":"21 novembre 2020","format":false,"excerpt":"Chargeur d\u00e9di\u00e9 au DJI RoboMaster S1 Recharge en 90 minutes","rel":"","context":"Article similaire","block_context":{"text":"Article similaire","link":""},"img":{"alt_text":"Chargeur DJI pour RoboMaster S1","src":"https:\/\/i0.wp.com\/store.droneway.ma\/wp-content\/uploads\/2020\/11\/robomaster-s1-part4-intelligent-battery-charger-p-image-213988-grande.jpg?resize=350%2C200&ssl=1","width":350,"height":200,"srcset":"https:\/\/i0.wp.com\/store.droneway.ma\/wp-content\/uploads\/2020\/11\/robomaster-s1-part4-intelligent-battery-charger-p-image-213988-grande.jpg?resize=350%2C200&ssl=1 1x, https:\/\/i0.wp.com\/store.droneway.ma\/wp-content\/uploads\/2020\/11\/robomaster-s1-part4-intelligent-battery-charger-p-image-213988-grande.jpg?resize=525%2C300&ssl=1 1.5x, https:\/\/i0.wp.com\/store.droneway.ma\/wp-content\/uploads\/2020\/11\/robomaster-s1-part4-intelligent-battery-charger-p-image-213988-grande.jpg?resize=700%2C400&ssl=1 2x"},"classes":[]},{"id":2475,"url":"https:\/\/store.droneway.ma\/index.php\/produit\/valise-2730w-pour-dji-robomaster-s1-hprc\/","url_meta":{"origin":2470,"position":4},"title":"Valise 2730W pour DJI RoboMaster S1 &#8211; HPRC","author":"admin","date":"21 novembre 2020","format":false,"excerpt":"Valise \u00e0 roulettes haut de gamme HPRC sp\u00e9cialement con\u00e7ue pour le RoboMaster S1 Emplacement pour les accessoires et une tablette multim\u00e9dia 12.9\" IP67 : prot\u00e9g\u00e9e contre l'eau et la poussi\u00e8re Nombreux compartiments : 13 rangements Technologie Vector panel S\u00e9curis\u00e9e","rel":"","context":"Article similaire","block_context":{"text":"Article similaire","link":""},"img":{"alt_text":"Valise 2730W pour DJI RoboMaster S1 - HPRC","src":"https:\/\/i0.wp.com\/store.droneway.ma\/wp-content\/uploads\/2020\/11\/valise-2730w-pour-dji-robomaster-s1-hprc-p-image-214454-grande.jpg?resize=350%2C200&ssl=1","width":350,"height":200,"srcset":"https:\/\/i0.wp.com\/store.droneway.ma\/wp-content\/uploads\/2020\/11\/valise-2730w-pour-dji-robomaster-s1-hprc-p-image-214454-grande.jpg?resize=350%2C200&ssl=1 1x, https:\/\/i0.wp.com\/store.droneway.ma\/wp-content\/uploads\/2020\/11\/valise-2730w-pour-dji-robomaster-s1-hprc-p-image-214454-grande.jpg?resize=525%2C300&ssl=1 1.5x, https:\/\/i0.wp.com\/store.droneway.ma\/wp-content\/uploads\/2020\/11\/valise-2730w-pour-dji-robomaster-s1-hprc-p-image-214454-grande.jpg?resize=700%2C400&ssl=1 2x"},"classes":[]},{"id":2471,"url":"https:\/\/store.droneway.ma\/index.php\/produit\/billes-de-gel-dji-pour-robomaster-s1\/","url_meta":{"origin":2470,"position":5},"title":"Billes de gel DJI pour RoboMaster S1","author":"admin","date":"21 novembre 2020","format":false,"excerpt":"Billes de gel optimis\u00e9es pour le blaster du S1 Effets de couleurs sur trajectoire apr\u00e8s le lancement Non toxique","rel":"","context":"Article similaire","block_context":{"text":"Article similaire","link":""},"img":{"alt_text":"Billes de gel DJI pour RoboMaster S1","src":"https:\/\/i0.wp.com\/store.droneway.ma\/wp-content\/uploads\/2020\/11\/billes-de-gel-dji-pour-robomaster-s1-p-image-213972-grande.jpg?resize=350%2C200&ssl=1","width":350,"height":200,"srcset":"https:\/\/i0.wp.com\/store.droneway.ma\/wp-content\/uploads\/2020\/11\/billes-de-gel-dji-pour-robomaster-s1-p-image-213972-grande.jpg?resize=350%2C200&ssl=1 1x, https:\/\/i0.wp.com\/store.droneway.ma\/wp-content\/uploads\/2020\/11\/billes-de-gel-dji-pour-robomaster-s1-p-image-213972-grande.jpg?resize=525%2C300&ssl=1 1.5x, https:\/\/i0.wp.com\/store.droneway.ma\/wp-content\/uploads\/2020\/11\/billes-de-gel-dji-pour-robomaster-s1-p-image-213972-grande.jpg?resize=700%2C400&ssl=1 2x"},"classes":[]}],"jetpack_sharing_enabled":true,"_links":{"self":[{"href":"https:\/\/store.droneway.ma\/index.php\/wp-json\/wp\/v2\/product\/2470","targetHints":{"allow":["GET"]}}],"collection":[{"href":"https:\/\/store.droneway.ma\/index.php\/wp-json\/wp\/v2\/product"}],"about":[{"href":"https:\/\/store.droneway.ma\/index.php\/wp-json\/wp\/v2\/types\/product"}],"wp:featuredmedia":[{"embeddable":true,"href":"https:\/\/store.droneway.ma\/index.php\/wp-json\/wp\/v2\/media\/606"}],"wp:attachment":[{"href":"https:\/\/store.droneway.ma\/index.php\/wp-json\/wp\/v2\/media?parent=2470"}],"wp:term":[{"taxonomy":"product_brand","embeddable":true,"href":"https:\/\/store.droneway.ma\/index.php\/wp-json\/wp\/v2\/product_brand?post=2470"},{"taxonomy":"product_cat","embeddable":true,"href":"https:\/\/store.droneway.ma\/index.php\/wp-json\/wp\/v2\/product_cat?post=2470"},{"taxonomy":"product_tag","embeddable":true,"href":"https:\/\/store.droneway.ma\/index.php\/wp-json\/wp\/v2\/product_tag?post=2470"}],"curies":[{"name":"wp","href":"https:\/\/api.w.org\/{rel}","templated":true}]}}