{"id":2469,"date":"2020-11-21T19:14:37","date_gmt":"2020-11-21T18:14:37","guid":{"rendered":"http:\/\/store.droneway.ma\/index.php\/produit\/dji-robomaster-s1\/"},"modified":"2020-11-21T19:14:37","modified_gmt":"2020-11-21T18:14:37","slug":"dji-robomaster-s1","status":"publish","type":"product","link":"https:\/\/store.droneway.ma\/index.php\/produit\/dji-robomaster-s1\/","title":{"rendered":"DJI RoboMaster S1"},"content":{"rendered":"<p>RoboMaster S1 est un robot programmable \u00e0 vis\u00e9e \u00e9ducative invent\u00e9 par DJI et qui s&rsquo;inspire de la comp\u00e9tition de programmation RoboMaster !  Le robot s&rsquo;appuie sur des composants hautement qualitatifs et sur des modules IA programmables via Scratch et Python. Il vous est livr\u00e9 en kit et s&rsquo;assemble en quelques heures gr\u00e2ce aux tutoriels vid\u00e9os propos\u00e9s par DJI sur l&rsquo;application mobile et PC gratuite RoboMaster (en fran\u00e7ais sur Android et iOS).  \u00c9quip\u00e9 d&rsquo;une cam\u00e9ra sur nacelle deux axes, RoboMaster S1 est redoutable en mode Ar\u00e8ne o\u00f9 vous pouvez affronter d&rsquo;autres RoboMaster S1 \u00e0 l&rsquo;aide de son canon Blaster qui peut projeter des faisceaux LEDs ou bien des billes pour immobiliser son adversaire !  Intelligent et innovant, le robot DJI peut reconna\u00eetre les applaudissements, certains gestes et m\u00eame les personnes et adopter une r\u00e9action programm\u00e9e par vos soins dans son code !<\/p>\n","protected":false},"excerpt":{"rendered":"<p>Robot programmable via Scratch et Python  Roues Mecanum permettent un d\u00e9placement \u00e0 360\u00b0  A monter soi-m\u00eame : fun et \u00e9ducatif !  Mode Ar\u00e8ne permet des affrontements entre RoboMaster S1  Plusieurs modes de jeu  Cam\u00e9ra 1080p et nacelle sur deux axes. Le RoboMaster S1 est un pur bijou de technologie et tr\u00e8s fun \u00e0 utiliser. Les diff\u00e9rents modes d&rsquo;affrontement vous donnent l&rsquo;impression de jouer \u00e0 un jeu vid\u00e9o et d\u00e8s que vous avez deux robots \u00e0 disposition, la comp\u00e9tition fait rage.<\/p>\n","protected":false},"featured_media":601,"template":"","meta":{"content-type":"","rop_custom_images_group":[],"rop_custom_messages_group":[],"rop_publish_now":"initial","rop_publish_now_accounts":[],"rop_publish_now_history":[],"rop_publish_now_status":"pending"},"product_brand":[],"product_cat":[36,37],"product_tag":[],"class_list":{"0":"post-2469","1":"product","2":"type-product","3":"status-publish","4":"has-post-thumbnail","6":"product_cat-robomaster","7":"product_cat-robomaster-robomaster","9":"first","10":"instock","11":"purchasable","12":"product-type-simple"},"jetpack-related-posts":[{"id":2470,"url":"https:\/\/store.droneway.ma\/index.php\/produit\/dji-robomaster-s1-playmore-combo\/","url_meta":{"origin":2469,"position":0},"title":"DJI Robomaster S1 PlayMore Combo","author":"admin","date":"21 novembre 2020","format":false,"excerpt":"Pack complet pour plus de fun Manette de contr\u00f4le\u00a0 2 batteries Robot programmable et \u00e0 monter de A \u00e0 Z Roues Mecanum pour un d\u00e9placement \u00e0 360\u00b0 Plusieurs modes de jeu Nacelle sur 2 axes avec cam\u00e9ra 1080p et retour vid\u00e9o WiFi \u00e0 faible latence","rel":"","context":"Article similaire","block_context":{"text":"Article similaire","link":""},"img":{"alt_text":"DJI Robomaster S1 PlayMore Combo","src":"https:\/\/i0.wp.com\/store.droneway.ma\/wp-content\/uploads\/2020\/11\/robomaster-s1-playmore-combo-p-image-214657-grande.jpg?resize=350%2C200&ssl=1","width":350,"height":200,"srcset":"https:\/\/i0.wp.com\/store.droneway.ma\/wp-content\/uploads\/2020\/11\/robomaster-s1-playmore-combo-p-image-214657-grande.jpg?resize=350%2C200&ssl=1 1x, https:\/\/i0.wp.com\/store.droneway.ma\/wp-content\/uploads\/2020\/11\/robomaster-s1-playmore-combo-p-image-214657-grande.jpg?resize=525%2C300&ssl=1 1.5x"},"classes":[]},{"id":2472,"url":"https:\/\/store.droneway.ma\/index.php\/produit\/batterie-dji-pour-robomaster-s1\/","url_meta":{"origin":2469,"position":1},"title":"Batterie DJI pour RoboMaster S1","author":"admin","date":"21 novembre 2020","format":false,"excerpt":"Batterie d\u00e9di\u00e9e au DJI RoboMaster S1 30 minutes d'autonomie Batterie intelligente Recharge en 90 minutes","rel":"","context":"Article similaire","block_context":{"text":"Article similaire","link":""},"img":{"alt_text":"Batterie DJI pour RoboMaster S1","src":"https:\/\/i0.wp.com\/store.droneway.ma\/wp-content\/uploads\/2020\/11\/robomaster-s1-part3-intelligent-battery-p-image-213980-grande.jpg?resize=350%2C200&ssl=1","width":350,"height":200,"srcset":"https:\/\/i0.wp.com\/store.droneway.ma\/wp-content\/uploads\/2020\/11\/robomaster-s1-part3-intelligent-battery-p-image-213980-grande.jpg?resize=350%2C200&ssl=1 1x, https:\/\/i0.wp.com\/store.droneway.ma\/wp-content\/uploads\/2020\/11\/robomaster-s1-part3-intelligent-battery-p-image-213980-grande.jpg?resize=525%2C300&ssl=1 1.5x, https:\/\/i0.wp.com\/store.droneway.ma\/wp-content\/uploads\/2020\/11\/robomaster-s1-part3-intelligent-battery-p-image-213980-grande.jpg?resize=700%2C400&ssl=1 2x"},"classes":[]},{"id":2473,"url":"https:\/\/store.droneway.ma\/index.php\/produit\/chargeur-dji-pour-robomaster-s1\/","url_meta":{"origin":2469,"position":2},"title":"Chargeur DJI pour RoboMaster S1","author":"admin","date":"21 novembre 2020","format":false,"excerpt":"Chargeur d\u00e9di\u00e9 au DJI RoboMaster S1 Recharge en 90 minutes","rel":"","context":"Article similaire","block_context":{"text":"Article similaire","link":""},"img":{"alt_text":"Chargeur DJI pour RoboMaster S1","src":"https:\/\/i0.wp.com\/store.droneway.ma\/wp-content\/uploads\/2020\/11\/robomaster-s1-part4-intelligent-battery-charger-p-image-213988-grande.jpg?resize=350%2C200&ssl=1","width":350,"height":200,"srcset":"https:\/\/i0.wp.com\/store.droneway.ma\/wp-content\/uploads\/2020\/11\/robomaster-s1-part4-intelligent-battery-charger-p-image-213988-grande.jpg?resize=350%2C200&ssl=1 1x, https:\/\/i0.wp.com\/store.droneway.ma\/wp-content\/uploads\/2020\/11\/robomaster-s1-part4-intelligent-battery-charger-p-image-213988-grande.jpg?resize=525%2C300&ssl=1 1.5x, https:\/\/i0.wp.com\/store.droneway.ma\/wp-content\/uploads\/2020\/11\/robomaster-s1-part4-intelligent-battery-charger-p-image-213988-grande.jpg?resize=700%2C400&ssl=1 2x"},"classes":[]},{"id":2471,"url":"https:\/\/store.droneway.ma\/index.php\/produit\/billes-de-gel-dji-pour-robomaster-s1\/","url_meta":{"origin":2469,"position":3},"title":"Billes de gel DJI pour RoboMaster S1","author":"admin","date":"21 novembre 2020","format":false,"excerpt":"Billes de gel optimis\u00e9es pour le blaster du S1 Effets de couleurs sur trajectoire apr\u00e8s le lancement Non toxique","rel":"","context":"Article similaire","block_context":{"text":"Article similaire","link":""},"img":{"alt_text":"Billes de gel DJI pour RoboMaster S1","src":"https:\/\/i0.wp.com\/store.droneway.ma\/wp-content\/uploads\/2020\/11\/billes-de-gel-dji-pour-robomaster-s1-p-image-213972-grande.jpg?resize=350%2C200&ssl=1","width":350,"height":200,"srcset":"https:\/\/i0.wp.com\/store.droneway.ma\/wp-content\/uploads\/2020\/11\/billes-de-gel-dji-pour-robomaster-s1-p-image-213972-grande.jpg?resize=350%2C200&ssl=1 1x, https:\/\/i0.wp.com\/store.droneway.ma\/wp-content\/uploads\/2020\/11\/billes-de-gel-dji-pour-robomaster-s1-p-image-213972-grande.jpg?resize=525%2C300&ssl=1 1.5x, https:\/\/i0.wp.com\/store.droneway.ma\/wp-content\/uploads\/2020\/11\/billes-de-gel-dji-pour-robomaster-s1-p-image-213972-grande.jpg?resize=700%2C400&ssl=1 2x"},"classes":[]},{"id":2475,"url":"https:\/\/store.droneway.ma\/index.php\/produit\/valise-2730w-pour-dji-robomaster-s1-hprc\/","url_meta":{"origin":2469,"position":4},"title":"Valise 2730W pour DJI RoboMaster S1 &#8211; HPRC","author":"admin","date":"21 novembre 2020","format":false,"excerpt":"Valise \u00e0 roulettes haut de gamme HPRC sp\u00e9cialement con\u00e7ue pour le RoboMaster S1 Emplacement pour les accessoires et une tablette multim\u00e9dia 12.9\" IP67 : prot\u00e9g\u00e9e contre l'eau et la poussi\u00e8re Nombreux compartiments : 13 rangements Technologie Vector panel S\u00e9curis\u00e9e","rel":"","context":"Article similaire","block_context":{"text":"Article similaire","link":""},"img":{"alt_text":"Valise 2730W pour DJI RoboMaster S1 - HPRC","src":"https:\/\/i0.wp.com\/store.droneway.ma\/wp-content\/uploads\/2020\/11\/valise-2730w-pour-dji-robomaster-s1-hprc-p-image-214454-grande.jpg?resize=350%2C200&ssl=1","width":350,"height":200,"srcset":"https:\/\/i0.wp.com\/store.droneway.ma\/wp-content\/uploads\/2020\/11\/valise-2730w-pour-dji-robomaster-s1-hprc-p-image-214454-grande.jpg?resize=350%2C200&ssl=1 1x, https:\/\/i0.wp.com\/store.droneway.ma\/wp-content\/uploads\/2020\/11\/valise-2730w-pour-dji-robomaster-s1-hprc-p-image-214454-grande.jpg?resize=525%2C300&ssl=1 1.5x, https:\/\/i0.wp.com\/store.droneway.ma\/wp-content\/uploads\/2020\/11\/valise-2730w-pour-dji-robomaster-s1-hprc-p-image-214454-grande.jpg?resize=700%2C400&ssl=1 2x"},"classes":[]},{"id":2474,"url":"https:\/\/store.droneway.ma\/index.php\/produit\/playmore-kit-pour-robomaster-s1-dji\/","url_meta":{"origin":2469,"position":5},"title":"PlayMore Kit pour RoboMaster S1 &#8211; DJI","author":"admin","date":"21 novembre 2020","format":false,"excerpt":"Manette de jeu d\u00e9di\u00e9e pour une exp\u00e9rience am\u00e9lior\u00e9e Accessoires essentiels pour du fun illimit\u00e9","rel":"","context":"Article similaire","block_context":{"text":"Article similaire","link":""},"img":{"alt_text":"PlayMore Kit pour RoboMaster S1 - DJI","src":"https:\/\/i0.wp.com\/store.droneway.ma\/wp-content\/uploads\/2020\/11\/playmore-kit-pour-robomaster-s1-dji-p-image-214401-grande.jpg?resize=350%2C200&ssl=1","width":350,"height":200,"srcset":"https:\/\/i0.wp.com\/store.droneway.ma\/wp-content\/uploads\/2020\/11\/playmore-kit-pour-robomaster-s1-dji-p-image-214401-grande.jpg?resize=350%2C200&ssl=1 1x, https:\/\/i0.wp.com\/store.droneway.ma\/wp-content\/uploads\/2020\/11\/playmore-kit-pour-robomaster-s1-dji-p-image-214401-grande.jpg?resize=525%2C300&ssl=1 1.5x, https:\/\/i0.wp.com\/store.droneway.ma\/wp-content\/uploads\/2020\/11\/playmore-kit-pour-robomaster-s1-dji-p-image-214401-grande.jpg?resize=700%2C400&ssl=1 2x"},"classes":[]}],"jetpack_sharing_enabled":true,"_links":{"self":[{"href":"https:\/\/store.droneway.ma\/index.php\/wp-json\/wp\/v2\/product\/2469","targetHints":{"allow":["GET"]}}],"collection":[{"href":"https:\/\/store.droneway.ma\/index.php\/wp-json\/wp\/v2\/product"}],"about":[{"href":"https:\/\/store.droneway.ma\/index.php\/wp-json\/wp\/v2\/types\/product"}],"wp:featuredmedia":[{"embeddable":true,"href":"https:\/\/store.droneway.ma\/index.php\/wp-json\/wp\/v2\/media\/601"}],"wp:attachment":[{"href":"https:\/\/store.droneway.ma\/index.php\/wp-json\/wp\/v2\/media?parent=2469"}],"wp:term":[{"taxonomy":"product_brand","embeddable":true,"href":"https:\/\/store.droneway.ma\/index.php\/wp-json\/wp\/v2\/product_brand?post=2469"},{"taxonomy":"product_cat","embeddable":true,"href":"https:\/\/store.droneway.ma\/index.php\/wp-json\/wp\/v2\/product_cat?post=2469"},{"taxonomy":"product_tag","embeddable":true,"href":"https:\/\/store.droneway.ma\/index.php\/wp-json\/wp\/v2\/product_tag?post=2469"}],"curies":[{"name":"wp","href":"https:\/\/api.w.org\/{rel}","templated":true}]}}