{"id":2462,"date":"2020-11-21T19:13:57","date_gmt":"2020-11-21T18:13:57","guid":{"rendered":"http:\/\/store.droneway.ma\/index.php\/produit\/valise-6500w-etanche-pour-station-mobile-dji-d-rtk-2-hprc\/"},"modified":"2020-11-21T19:14:27","modified_gmt":"2020-11-21T18:14:27","slug":"valise-6500w-etanche-pour-station-mobile-dji-d-rtk-2-hprc","status":"publish","type":"product","link":"https:\/\/store.droneway.ma\/index.php\/produit\/valise-6500w-etanche-pour-station-mobile-dji-d-rtk-2-hprc\/","title":{"rendered":"Valise 6500W \u00e9tanche pour Station mobile DJI D-RTK 2 &#8211; HPRC"},"content":{"rendered":"<p>Retrouvez une poign\u00e9e afin de le d\u00e9placer le tout et des roulettes afin d&rsquo;all\u00e9ger le poids au maximum. Des emplacements pour chaque \u00e9l\u00e9ment sont pr\u00e9vus d&rsquo;optimiser le rangement et la mise en service du mat\u00e9riel.<\/p>\n","protected":false},"excerpt":{"rendered":"<p>Une valve de d\u00e9pressurisation est pr\u00e9sente pour le voyage en soute ainsi que plusieurs emplacements pour cadenas afin de s\u00e9curiser la station mobile.<\/p>\n","protected":false},"featured_media":2463,"template":"","meta":{"content-type":"","rop_custom_images_group":[],"rop_custom_messages_group":[],"rop_publish_now":"initial","rop_publish_now_accounts":[],"rop_publish_now_history":[],"rop_publish_now_status":"pending"},"product_brand":[],"product_cat":[22,62],"product_tag":[],"class_list":{"0":"post-2462","1":"product","2":"type-product","3":"status-publish","4":"has-post-thumbnail","6":"product_cat-dji-phantom","7":"product_cat-phantom-4-rtk","9":"first","10":"instock","11":"purchasable","12":"product-type-simple"},"jetpack-related-posts":[{"id":2458,"url":"https:\/\/store.droneway.ma\/index.php\/produit\/valise-2780w-pour-phantom-4-rtk-et-station-d-rtk-hprc\/","url_meta":{"origin":2462,"position":0},"title":"Valise 2780W pour Phantom 4 RTK et station D-RTK &#8211; HPRC","author":"admin","date":"21 novembre 2020","format":false,"excerpt":"Tous les \u00e9l\u00e9ments sont r\u00e9partis selon deux niveaux : le drone et ses batteries sur le dessus et la station mobile et le reste des accessoires en dessous. La mousse haute densit\u00e9 contenue dans la valise assurer une protection \u00e0 toute \u00e9preuve de votre mat\u00e9riel.","rel":"","context":"Article similaire","block_context":{"text":"Article similaire","link":""},"img":{"alt_text":"Valise 2780W pour Phantom 4 RTK et station D-RTK - HPRC","src":"https:\/\/i0.wp.com\/store.droneway.ma\/wp-content\/uploads\/2020\/11\/Valise-2780W-pour-Phantom-4-RTK-et-station-D-RTK-HPRC.jpg?resize=350%2C200&ssl=1","width":350,"height":200,"srcset":"https:\/\/i0.wp.com\/store.droneway.ma\/wp-content\/uploads\/2020\/11\/Valise-2780W-pour-Phantom-4-RTK-et-station-D-RTK-HPRC.jpg?resize=350%2C200&ssl=1 1x, https:\/\/i0.wp.com\/store.droneway.ma\/wp-content\/uploads\/2020\/11\/Valise-2780W-pour-Phantom-4-RTK-et-station-D-RTK-HPRC.jpg?resize=525%2C300&ssl=1 1.5x, https:\/\/i0.wp.com\/store.droneway.ma\/wp-content\/uploads\/2020\/11\/Valise-2780W-pour-Phantom-4-RTK-et-station-D-RTK-HPRC.jpg?resize=700%2C400&ssl=1 2x"},"classes":[]},{"id":2053,"url":"https:\/\/store.droneway.ma\/index.php\/produit\/station-mobile-dji-d-rtk-gnss-pour-dji-agras-mg-1p-avec-trepied\/","url_meta":{"origin":2462,"position":1},"title":"Station mobile DJI D-RTK GNSS pour DJI Agras MG-1P (avec tr\u00e9pied)","author":"admin","date":"21 novembre 2020","format":false,"excerpt":"RTK Handheld pour Agras MG-1P RTK Positionnement centim\u00e9trique Version avec tr\u00e9pied","rel":"","context":"Article similaire","block_context":{"text":"Article similaire","link":""},"img":{"alt_text":"Station mobile DJI D-RTK GNSS pour DJI Agras MG-1P (avec tr\u00e9pied)","src":"https:\/\/i0.wp.com\/store.droneway.ma\/wp-content\/uploads\/2020\/11\/mg-1p-rtk-ground-station-p-image-209730-grande.jpg?resize=350%2C200&ssl=1","width":350,"height":200},"classes":[]},{"id":2052,"url":"https:\/\/store.droneway.ma\/index.php\/produit\/station-mobile-dji-d-rtk-haute-precision-gnss-pour-dji-agras-mg-1p\/","url_meta":{"origin":2462,"position":2},"title":"Station mobile DJI D-RTK haute pr\u00e9cision GNSS pour DJI Agras MG-1P","author":"admin","date":"21 novembre 2020","format":false,"excerpt":"RTK Handheld pour Agras MG-1P RTK Positionnement centim\u00e9trique","rel":"","context":"Article similaire","block_context":{"text":"Article similaire","link":""},"img":{"alt_text":"Station mobile DJI D-RTK haute pr\u00e9cision GNSS pour DJI Agras MG-1P","src":"https:\/\/i0.wp.com\/store.droneway.ma\/wp-content\/uploads\/2020\/11\/dji-mg-1p-rtk-handheld-p-image-209726-grande.jpg?resize=350%2C200&ssl=1","width":350,"height":200},"classes":[]},{"id":2432,"url":"https:\/\/store.droneway.ma\/index.php\/produit\/dji-phantom-4-rtk-avec-station-mobile-d-rtk-2-et-terra-pro-1-an\/","url_meta":{"origin":2462,"position":3},"title":"DJI Phantom 4 RTK avec station mobile D-RTK 2 et Terra Pro (1 an)","author":"admin","date":"21 novembre 2020","format":false,"excerpt":"La station D-RTK 2, un r\u00e9cepteur GNSS de haute pr\u00e9cision pour effectuer des corrections diff\u00e9rentielles en temps r\u00e9el et g\u00e9n\u00e9rer des donn\u00e9es de positionnement au centim\u00e8tre pr\u00e8s.","rel":"","context":"Article similaire","block_context":{"text":"Article similaire","link":""},"img":{"alt_text":"DJI Phantom 4 RTK avec station mobile D-RTK 2 et Terra Pro (1 an)","src":"https:\/\/i0.wp.com\/store.droneway.ma\/wp-content\/uploads\/2020\/11\/DJI-Phantom-4-RTK-avec-station-mobile-D-RTK-2-et-Terra-Pro-1-an.jpg?resize=350%2C200&ssl=1","width":350,"height":200,"srcset":"https:\/\/i0.wp.com\/store.droneway.ma\/wp-content\/uploads\/2020\/11\/DJI-Phantom-4-RTK-avec-station-mobile-D-RTK-2-et-Terra-Pro-1-an.jpg?resize=350%2C200&ssl=1 1x, https:\/\/i0.wp.com\/store.droneway.ma\/wp-content\/uploads\/2020\/11\/DJI-Phantom-4-RTK-avec-station-mobile-D-RTK-2-et-Terra-Pro-1-an.jpg?resize=525%2C300&ssl=1 1.5x, https:\/\/i0.wp.com\/store.droneway.ma\/wp-content\/uploads\/2020\/11\/DJI-Phantom-4-RTK-avec-station-mobile-D-RTK-2-et-Terra-Pro-1-an.jpg?resize=700%2C400&ssl=1 2x"},"classes":[]},{"id":2129,"url":"https:\/\/store.droneway.ma\/index.php\/produit\/station-mobile-dji-d-rtk-2-haute-precision-gnss-pour-dji-phantom-4-rtk\/","url_meta":{"origin":2462,"position":4},"title":"Station mobile DJI D-RTK 2 haute pr\u00e9cision GNSS pour DJI Phantom 4 RTK","author":"admin","date":"21 novembre 2020","format":false,"excerpt":"Solution de positionnement centim\u00e9trique : 1cm + 1 ppm Autonomie variable : 2h, 50h ou en continu Compatible DJI Phantom 4 RTK","rel":"","context":"Article similaire","block_context":{"text":"Article similaire","link":""},"img":{"alt_text":"Station mobile DJI D-RTK 2 haute pr\u00e9cision GNSS pour DJI Phantom 4 RTK","src":"https:\/\/i0.wp.com\/store.droneway.ma\/wp-content\/uploads\/2020\/11\/station-mobile-dji-d-rtk-2-haute-precision-gnss-p-image-202399-grande.jpg?resize=350%2C200&ssl=1","width":350,"height":200},"classes":[]},{"id":2100,"url":"https:\/\/store.droneway.ma\/index.php\/produit\/dji-matrice-210-rtk-v2-et-station-gnss\/","url_meta":{"origin":2462,"position":5},"title":"DJI Matrice 210 RTK V2 et station GNSS","author":"admin","date":"21 novembre 2020","format":false,"excerpt":"Le drone DJI Matrice s\u00e9rie 200 Con\u00e7u pour durer: Des moteurs haute performance associ\u00e9s \u00e0 des h\u00e9lices de 17 pouces assurent un vol stable par vent fort. Le nouveau syst\u00e8me d'alimentation \u00e0 double batterie chauffe automatiquement les batteries lors du vol \u00e0 des temp\u00e9ratures inf\u00e9rieures \u00e0 z\u00e9ro, tandis qu'une conception\u2026","rel":"","context":"Article similaire","block_context":{"text":"Article similaire","link":""},"img":{"alt_text":"DJI Matrice 210 RTK V2 et station GNSS","src":"https:\/\/i0.wp.com\/store.droneway.ma\/wp-content\/uploads\/2020\/11\/dji-matrice-210-rtk-v2-et-station-mobile-gnss-de-haute-precision-p-image-206250-grande.jpg?resize=350%2C200&ssl=1","width":350,"height":200,"srcset":"https:\/\/i0.wp.com\/store.droneway.ma\/wp-content\/uploads\/2020\/11\/dji-matrice-210-rtk-v2-et-station-mobile-gnss-de-haute-precision-p-image-206250-grande.jpg?resize=350%2C200&ssl=1 1x, https:\/\/i0.wp.com\/store.droneway.ma\/wp-content\/uploads\/2020\/11\/dji-matrice-210-rtk-v2-et-station-mobile-gnss-de-haute-precision-p-image-206250-grande.jpg?resize=525%2C300&ssl=1 1.5x, https:\/\/i0.wp.com\/store.droneway.ma\/wp-content\/uploads\/2020\/11\/dji-matrice-210-rtk-v2-et-station-mobile-gnss-de-haute-precision-p-image-206250-grande.jpg?resize=700%2C400&ssl=1 2x"},"classes":[]}],"jetpack_sharing_enabled":true,"_links":{"self":[{"href":"https:\/\/store.droneway.ma\/index.php\/wp-json\/wp\/v2\/product\/2462","targetHints":{"allow":["GET"]}}],"collection":[{"href":"https:\/\/store.droneway.ma\/index.php\/wp-json\/wp\/v2\/product"}],"about":[{"href":"https:\/\/store.droneway.ma\/index.php\/wp-json\/wp\/v2\/types\/product"}],"wp:featuredmedia":[{"embeddable":true,"href":"https:\/\/store.droneway.ma\/index.php\/wp-json\/wp\/v2\/media\/2463"}],"wp:attachment":[{"href":"https:\/\/store.droneway.ma\/index.php\/wp-json\/wp\/v2\/media?parent=2462"}],"wp:term":[{"taxonomy":"product_brand","embeddable":true,"href":"https:\/\/store.droneway.ma\/index.php\/wp-json\/wp\/v2\/product_brand?post=2462"},{"taxonomy":"product_cat","embeddable":true,"href":"https:\/\/store.droneway.ma\/index.php\/wp-json\/wp\/v2\/product_cat?post=2462"},{"taxonomy":"product_tag","embeddable":true,"href":"https:\/\/store.droneway.ma\/index.php\/wp-json\/wp\/v2\/product_tag?post=2462"}],"curies":[{"name":"wp","href":"https:\/\/api.w.org\/{rel}","templated":true}]}}