{"id":2449,"date":"2020-11-21T19:13:57","date_gmt":"2020-11-21T18:13:57","guid":{"rendered":"http:\/\/store.droneway.ma\/index.php\/produit\/batterie-wb37-dji-3\/"},"modified":"2020-11-21T19:14:15","modified_gmt":"2020-11-21T18:14:15","slug":"batterie-wb37-dji-3","status":"publish","type":"product","link":"https:\/\/store.droneway.ma\/index.php\/produit\/batterie-wb37-dji-3\/","title":{"rendered":"Batterie WB37 &#8211; DJI"},"content":{"rendered":"<p>Cette batterie intelligente de 4920 mAh offrira d&rsquo;excellentes performantes \u00e0 votre moniteur DJI Crystalsky ou radiocommande DJI Cendence et DJI FPV.  La batterie WB37 offre une autonomie de 4 \u00e0 5 heures pour le Crystalsky 7.85&Prime;, de 5 \u00e0 6 heures pour le Crystalsky 5.5&Prime;, 7.5 heures pour la radio DJI FPV et une autonomie de 4 heures pour la radio DJI Cendence.  Ce produit est \u00e9galement compatible avec la radiocommande du Phantom 4 RTK, la radio DJI FPV ainsi que la station mobile D-RTK2.<\/p>\n","protected":false},"excerpt":{"rendered":"<p>4H \u00e0 5H avec Crystalsky 7.85&Prime;  \t5H \u00e0 6H avec Crystalsky 5.5&Prime;  \t4H avec radio DJI Cendence<\/p>\n","protected":false},"featured_media":391,"template":"","meta":{"content-type":"","rop_custom_images_group":[],"rop_custom_messages_group":[],"rop_publish_now":"initial","rop_publish_now_accounts":[],"rop_publish_now_history":[],"rop_publish_now_status":"pending"},"product_brand":[],"product_cat":[22,63],"product_tag":[],"class_list":{"0":"post-2449","1":"product","2":"type-product","3":"status-publish","4":"has-post-thumbnail","6":"product_cat-dji-phantom","7":"product_cat-phantom-4","9":"first","10":"instock","11":"purchasable","12":"product-type-simple"},"jetpack-related-posts":[{"id":2126,"url":"https:\/\/store.droneway.ma\/index.php\/produit\/batterie-wb37-dji-2\/","url_meta":{"origin":2449,"position":0},"title":"Batterie WB37 &#8211; DJI","author":"admin","date":"21 novembre 2020","format":false,"excerpt":"4H \u00e0 5H avec Crystalsky 7.85\" 5H \u00e0 6H avec Crystalsky 5.5\" 4H avec radio DJI Cendence","rel":"","context":"Article similaire","block_context":{"text":"Article similaire","link":""},"img":{"alt_text":"Batterie WB37 - DJI","src":"https:\/\/i0.wp.com\/store.droneway.ma\/wp-content\/uploads\/2020\/11\/batterie-pour-dji-crystalsky-cendence-p-image-190296-grande.jpg?resize=350%2C200&ssl=1","width":350,"height":200},"classes":[]},{"id":2059,"url":"https:\/\/store.droneway.ma\/index.php\/produit\/batterie-wb37-dji\/","url_meta":{"origin":2449,"position":1},"title":"Batterie WB37 &#8211; DJI","author":"admin","date":"21 novembre 2020","format":false,"excerpt":"Batterie intelligente de 4920 mAh","rel":"","context":"Article similaire","block_context":{"text":"Article similaire","link":""},"img":{"alt_text":"Batterie WB37 - DJI","src":"https:\/\/i0.wp.com\/store.droneway.ma\/wp-content\/uploads\/2020\/11\/batterie-pour-dji-crystalsky-cendence-p-image-190296-grande.jpg?resize=350%2C200&ssl=1","width":350,"height":200},"classes":[]},{"id":2089,"url":"https:\/\/store.droneway.ma\/index.php\/produit\/hub-de-chargement-pour-dji-crystalsky-cendence-wb37\/","url_meta":{"origin":2449,"position":2},"title":"Hub de chargement pour DJI Crystalsky &#038; Cendence (WB37)","author":"admin","date":"21 novembre 2020","format":false,"excerpt":"Ce HUB n\u00e9cessite de poss\u00e9der un chargeur de marque DJI","rel":"","context":"Article similaire","block_context":{"text":"Article similaire","link":""},"img":{"alt_text":"","src":"https:\/\/i0.wp.com\/store.droneway.ma\/wp-content\/uploads\/2020\/11\/hub-de-chargement-pour-dji-crystalsky-cendence-p-image-190299-grande.jpg?resize=350%2C200&ssl=1","width":350,"height":200},"classes":[]},{"id":2487,"url":"https:\/\/store.droneway.ma\/index.php\/produit\/station-de-charge-dji-pour-tb50-3\/","url_meta":{"origin":2449,"position":3},"title":"Station de charge DJI pour TB50","author":"admin","date":"21 novembre 2020","format":false,"excerpt":"Transport et stockage pour 12 TB50, 2 Li-Pos CrystalSky\/Cendence et 1 Li-Po CrystalSky\/Cendence Rechargement simultan\u00e9 de 8 TB50, 1 radio Inspire 2, 2 Li-Po CrystalSky \/ Cendence et un smartphone \/ tablette Fonction de d\u00e9charge intelligente : am\u00e9lioration dur\u00e9e de vie des batteries pour leur rangement et transport. Monitoring des\u2026","rel":"","context":"Article similaire","block_context":{"text":"Article similaire","link":""},"img":{"alt_text":"Station de charge DJI pour TB50","src":"https:\/\/i0.wp.com\/store.droneway.ma\/wp-content\/uploads\/2020\/11\/station-de-charge-dji-pour-tb50-p-image-200338-grande.jpg?resize=350%2C200&ssl=1","width":350,"height":200},"classes":[]},{"id":2081,"url":"https:\/\/store.droneway.ma\/index.php\/produit\/station-de-charge-dji-pour-tb50\/","url_meta":{"origin":2449,"position":4},"title":"Station de charge DJI pour TB50","author":"admin","date":"21 novembre 2020","format":false,"excerpt":"Transport et stockage pour 12 TB50, 2 Li-Pos CrystalSky\/Cendence et 1 Li-Po CrystalSky\/Cendence Rechargement simultan\u00e9 de 8 TB50, 1 radio Inspire 2, 2 Li-Po CrystalSky \/ Cendence et un smartphone \/ tablette Fonction de d\u00e9charge intelligente : am\u00e9lioration dur\u00e9e de vie des batteries pour leur rangement et transport. Monitoring des\u2026","rel":"","context":"Article similaire","block_context":{"text":"Article similaire","link":""},"img":{"alt_text":"Station de charge DJI pour TB50","src":"https:\/\/i0.wp.com\/store.droneway.ma\/wp-content\/uploads\/2020\/11\/station-de-charge-dji-pour-tb50-p-image-200338-grande.jpg?resize=350%2C200&ssl=1","width":350,"height":200},"classes":[]},{"id":2124,"url":"https:\/\/store.droneway.ma\/index.php\/produit\/station-de-charge-dji-pour-tb50-2\/","url_meta":{"origin":2449,"position":5},"title":"Station de charge DJI pour TB50","author":"admin","date":"21 novembre 2020","format":false,"excerpt":"Transport et stockage pour 12 TB50, 2 Li-Pos CrystalSky\/Cendence et 1 Li-Po CrystalSky\/Cendence Rechargement simultan\u00e9 de 8 TB50, 1 radio Inspire 2, 2 Li-Po CrystalSky \/ Cendence et un smartphone \/ tablette Fonction de d\u00e9charge intelligente : am\u00e9lioration dur\u00e9e de vie des batteries pour leur rangement et transport. Monitoring des\u2026","rel":"","context":"Article similaire","block_context":{"text":"Article similaire","link":""},"img":{"alt_text":"Station de charge DJI pour TB50","src":"https:\/\/i0.wp.com\/store.droneway.ma\/wp-content\/uploads\/2020\/11\/station-de-charge-dji-pour-tb50-p-image-200338-grande.jpg?resize=350%2C200&ssl=1","width":350,"height":200},"classes":[]}],"jetpack_sharing_enabled":true,"_links":{"self":[{"href":"https:\/\/store.droneway.ma\/index.php\/wp-json\/wp\/v2\/product\/2449","targetHints":{"allow":["GET"]}}],"collection":[{"href":"https:\/\/store.droneway.ma\/index.php\/wp-json\/wp\/v2\/product"}],"about":[{"href":"https:\/\/store.droneway.ma\/index.php\/wp-json\/wp\/v2\/types\/product"}],"wp:featuredmedia":[{"embeddable":true,"href":"https:\/\/store.droneway.ma\/index.php\/wp-json\/wp\/v2\/media\/391"}],"wp:attachment":[{"href":"https:\/\/store.droneway.ma\/index.php\/wp-json\/wp\/v2\/media?parent=2449"}],"wp:term":[{"taxonomy":"product_brand","embeddable":true,"href":"https:\/\/store.droneway.ma\/index.php\/wp-json\/wp\/v2\/product_brand?post=2449"},{"taxonomy":"product_cat","embeddable":true,"href":"https:\/\/store.droneway.ma\/index.php\/wp-json\/wp\/v2\/product_cat?post=2449"},{"taxonomy":"product_tag","embeddable":true,"href":"https:\/\/store.droneway.ma\/index.php\/wp-json\/wp\/v2\/product_tag?post=2449"}],"curies":[{"name":"wp","href":"https:\/\/api.w.org\/{rel}","templated":true}]}}