{"id":2445,"date":"2020-11-21T19:13:57","date_gmt":"2020-11-21T18:13:57","guid":{"rendered":"http:\/\/store.droneway.ma\/index.php\/produit\/batterie-4s-5870-mah-dji-phantom-4-pro\/"},"modified":"2023-03-09T19:24:05","modified_gmt":"2023-03-09T18:24:05","slug":"batterie-4s-5870-mah-dji-phantom-4-pro","status":"publish","type":"product","link":"https:\/\/store.droneway.ma\/index.php\/produit\/batterie-4s-5870-mah-dji-phantom-4-pro\/","title":{"rendered":"Batterie 4S 5870 mAh DJI Phantom 4 Pro"},"content":{"rendered":"<p>La batterie Lipo 4S haute capacit\u00e9 pour DJI Phantom 4 et Phantom 4 Pro\/Pro+ (version1 et 2)\u00a0 vous offrira jusqu&rsquo;\u00e0 30 minutes d&rsquo;autonomie en vol gr\u00e2ce \u00e0 sa capacit\u00e9 de 5870 mAh.  La batterie communique un certain nombre d&rsquo;informations \u00e0 l&rsquo;application DJI GO permettant de conna\u00eetre le temps de vol restant en fonction de la distance d\u00e9j\u00e0 parcourue afin d&rsquo;assurer un retour en toute s\u00e9curit\u00e9.  De plus, la batterie poss\u00e8de un syst\u00e8me de gestion pour la charge pr\u00e9venant des surtensions.<\/p>\n","protected":false},"excerpt":{"rendered":"<p>30 minutes d&rsquo;autonomie  Batterie intelligente  Longue dur\u00e9e de vie  Jauge LEDs<\/p>\n","protected":false},"featured_media":2446,"template":"","meta":{"content-type":"","rop_custom_images_group":[],"rop_custom_messages_group":[],"rop_publish_now":"initial","rop_publish_now_accounts":[],"rop_publish_now_history":[],"rop_publish_now_status":"pending"},"product_brand":[],"product_cat":[22,63],"product_tag":[],"class_list":{"0":"post-2445","1":"product","2":"type-product","3":"status-publish","4":"has-post-thumbnail","6":"product_cat-dji-phantom","7":"product_cat-phantom-4","9":"first","10":"instock","11":"purchasable","12":"product-type-simple"},"jetpack-related-posts":[{"id":2449,"url":"https:\/\/store.droneway.ma\/index.php\/produit\/batterie-wb37-dji-3\/","url_meta":{"origin":2445,"position":0},"title":"Batterie WB37 &#8211; DJI","author":"admin","date":"21 novembre 2020","format":false,"excerpt":"4H \u00e0 5H avec Crystalsky 7.85\" 5H \u00e0 6H avec Crystalsky 5.5\" 4H avec radio DJI Cendence","rel":"","context":"Article similaire","block_context":{"text":"Article similaire","link":""},"img":{"alt_text":"Batterie WB37 - DJI","src":"https:\/\/i0.wp.com\/store.droneway.ma\/wp-content\/uploads\/2020\/11\/batterie-pour-dji-crystalsky-cendence-p-image-190296-grande.jpg?resize=350%2C200&ssl=1","width":350,"height":200},"classes":[]},{"id":2059,"url":"https:\/\/store.droneway.ma\/index.php\/produit\/batterie-wb37-dji\/","url_meta":{"origin":2445,"position":1},"title":"Batterie WB37 &#8211; DJI","author":"admin","date":"21 novembre 2020","format":false,"excerpt":"Batterie intelligente de 4920 mAh","rel":"","context":"Article similaire","block_context":{"text":"Article similaire","link":""},"img":{"alt_text":"Batterie WB37 - DJI","src":"https:\/\/i0.wp.com\/store.droneway.ma\/wp-content\/uploads\/2020\/11\/batterie-pour-dji-crystalsky-cendence-p-image-190296-grande.jpg?resize=350%2C200&ssl=1","width":350,"height":200},"classes":[]},{"id":2126,"url":"https:\/\/store.droneway.ma\/index.php\/produit\/batterie-wb37-dji-2\/","url_meta":{"origin":2445,"position":2},"title":"Batterie WB37 &#8211; DJI","author":"admin","date":"21 novembre 2020","format":false,"excerpt":"4H \u00e0 5H avec Crystalsky 7.85\" 5H \u00e0 6H avec Crystalsky 5.5\" 4H avec radio DJI Cendence","rel":"","context":"Article similaire","block_context":{"text":"Article similaire","link":""},"img":{"alt_text":"Batterie WB37 - DJI","src":"https:\/\/i0.wp.com\/store.droneway.ma\/wp-content\/uploads\/2020\/11\/batterie-pour-dji-crystalsky-cendence-p-image-190296-grande.jpg?resize=350%2C200&ssl=1","width":350,"height":200},"classes":[]},{"id":2450,"url":"https:\/\/store.droneway.ma\/index.php\/produit\/chargeur-multiple-pour-dji-phantom-4\/","url_meta":{"origin":2445,"position":3},"title":"Chargeur multiple pour DJI Phantom 4","author":"admin","date":"21 novembre 2020","format":false,"excerpt":"Recharge 3 batteries + radio + smartphone Syst\u00e8me intelligent int\u00e9gr\u00e9 Recharge rapide","rel":"","context":"Article similaire","block_context":{"text":"Article similaire","link":""},"img":{"alt_text":"Chargeur multiple pour DJI Phantom 4","src":"https:\/\/i0.wp.com\/store.droneway.ma\/wp-content\/uploads\/2020\/11\/Chargeur-multiple-pour-DJI-Phantom-4.jpg?resize=350%2C200&ssl=1","width":350,"height":200},"classes":[]},{"id":2129,"url":"https:\/\/store.droneway.ma\/index.php\/produit\/station-mobile-dji-d-rtk-2-haute-precision-gnss-pour-dji-phantom-4-rtk\/","url_meta":{"origin":2445,"position":4},"title":"Station mobile DJI D-RTK 2 haute pr\u00e9cision GNSS pour DJI Phantom 4 RTK","author":"admin","date":"21 novembre 2020","format":false,"excerpt":"Solution de positionnement centim\u00e9trique : 1cm + 1 ppm Autonomie variable : 2h, 50h ou en continu Compatible DJI Phantom 4 RTK","rel":"","context":"Article similaire","block_context":{"text":"Article similaire","link":""},"img":{"alt_text":"Station mobile DJI D-RTK 2 haute pr\u00e9cision GNSS pour DJI Phantom 4 RTK","src":"https:\/\/i0.wp.com\/store.droneway.ma\/wp-content\/uploads\/2020\/11\/station-mobile-dji-d-rtk-2-haute-precision-gnss-p-image-202399-grande.jpg?resize=350%2C200&ssl=1","width":350,"height":200},"classes":[]},{"id":2454,"url":"https:\/\/store.droneway.ma\/index.php\/produit\/valise-2700w-etanche-pour-dji-phantom-4-rtk-hprc\/","url_meta":{"origin":2445,"position":5},"title":"Valise 2700W \u00e9tanche pour DJI Phantom 4 RTK &#8211; HPRC","author":"admin","date":"21 novembre 2020","format":false,"excerpt":"Pesant 9.40 kg, cette valise est cependant tr\u00e8s agr\u00e9able \u00e0 manipuler avec ses roues et son syst\u00e8me de poign\u00e9e r\u00e9tractable. Les emplacements sp\u00e9cifiques cadenas permettront de la s\u00e9curiser durant tous vos d\u00e9placements.","rel":"","context":"Article similaire","block_context":{"text":"Article similaire","link":""},"img":{"alt_text":"Valise 2700W \u00e9tanche pour DJI Phantom 4 RTK - HPRC","src":"https:\/\/i0.wp.com\/store.droneway.ma\/wp-content\/uploads\/2020\/11\/Valise-2700W-etanche-pour-DJI-Phantom-4-RTK-HPRC.jpg?resize=350%2C200&ssl=1","width":350,"height":200},"classes":[]}],"jetpack_sharing_enabled":true,"_links":{"self":[{"href":"https:\/\/store.droneway.ma\/index.php\/wp-json\/wp\/v2\/product\/2445","targetHints":{"allow":["GET"]}}],"collection":[{"href":"https:\/\/store.droneway.ma\/index.php\/wp-json\/wp\/v2\/product"}],"about":[{"href":"https:\/\/store.droneway.ma\/index.php\/wp-json\/wp\/v2\/types\/product"}],"wp:featuredmedia":[{"embeddable":true,"href":"https:\/\/store.droneway.ma\/index.php\/wp-json\/wp\/v2\/media\/2446"}],"wp:attachment":[{"href":"https:\/\/store.droneway.ma\/index.php\/wp-json\/wp\/v2\/media?parent=2445"}],"wp:term":[{"taxonomy":"product_brand","embeddable":true,"href":"https:\/\/store.droneway.ma\/index.php\/wp-json\/wp\/v2\/product_brand?post=2445"},{"taxonomy":"product_cat","embeddable":true,"href":"https:\/\/store.droneway.ma\/index.php\/wp-json\/wp\/v2\/product_cat?post=2445"},{"taxonomy":"product_tag","embeddable":true,"href":"https:\/\/store.droneway.ma\/index.php\/wp-json\/wp\/v2\/product_tag?post=2445"}],"curies":[{"name":"wp","href":"https:\/\/api.w.org\/{rel}","templated":true}]}}