{"id":2436,"date":"2020-11-21T19:13:57","date_gmt":"2020-11-21T18:13:57","guid":{"rendered":"http:\/\/store.droneway.ma\/index.php\/produit\/dji-phantom-4-multispectral-base-d-rtk-2\/"},"modified":"2020-11-24T00:16:37","modified_gmt":"2020-11-23T23:16:37","slug":"dji-phantom-4-multispectral-base-d-rtk-2","status":"publish","type":"product","link":"https:\/\/store.droneway.ma\/index.php\/produit\/dji-phantom-4-multispectral-base-d-rtk-2\/","title":{"rendered":"DJI Phantom 4 Multispectral + base D-RTK 2"},"content":{"rendered":"<p>Ce pack regroupe tout ce dont vous aurez besoin pour exploiter professionnellement le Phantom 4 Multispectral avec la base D-RTK 2 et son tr\u00e9pied.<\/p>\n","protected":false},"excerpt":{"rendered":"<p>Le Phantom 4 Multispectral est un drone capable d\u2019analyser avec pr\u00e9cision l\u2019\u00e9tat de vos cultures. Ce module multispectral regroupe six capteurs distincts pour mesurer dans les meilleures conditions la sant\u00e9 des cultures sur de grandes zones, tout en d\u00e9tectant les mauvaises herbes mais aussi les insectes et certaines conditions de sol afin d\u2019optimiser le rendement de vos exploitations. Le Phantom 4 Multispectral est simple d\u2019emploi, devenant ainsi une nouvelle r\u00e9f\u00e9rence des drones agricoles.<\/p>\n","protected":false},"featured_media":2437,"template":"","meta":{"content-type":"","rop_custom_images_group":[],"rop_custom_messages_group":[],"rop_publish_now":"initial","rop_publish_now_accounts":[],"rop_publish_now_history":[],"rop_publish_now_status":"pending"},"product_brand":[],"product_cat":[22,64],"product_tag":[],"class_list":{"0":"post-2436","1":"product","2":"type-product","3":"status-publish","4":"has-post-thumbnail","6":"product_cat-dji-phantom","7":"product_cat-phantom-4-m","9":"first","10":"instock","11":"featured","12":"purchasable","13":"product-type-simple"},"jetpack-related-posts":[{"id":2440,"url":"https:\/\/store.droneway.ma\/index.php\/produit\/dji-phantom-4-multispectral\/","url_meta":{"origin":2436,"position":0},"title":"DJI Phantom 4 Multispectral","author":"admin","date":"21 novembre 2020","format":false,"excerpt":"Con\u00e7u pour l'agriculture et la surveillance environnementale, ce drone professionnel poss\u00e8de 6 capteurs qui permettent de mesurer la sant\u00e9 des cultures, des plantes en passant par les mauvaises herbes et d'apporter de nombreuses donn\u00e9es sur les conditions du sol.","rel":"","context":"Article similaire","block_context":{"text":"Article similaire","link":""},"img":{"alt_text":"DJI Phantom 4 Multispectral","src":"https:\/\/i0.wp.com\/store.droneway.ma\/wp-content\/uploads\/2020\/11\/DJI-Phantom-4-Multispectral.jpg?resize=350%2C200&ssl=1","width":350,"height":200,"srcset":"https:\/\/i0.wp.com\/store.droneway.ma\/wp-content\/uploads\/2020\/11\/DJI-Phantom-4-Multispectral.jpg?resize=350%2C200&ssl=1 1x, https:\/\/i0.wp.com\/store.droneway.ma\/wp-content\/uploads\/2020\/11\/DJI-Phantom-4-Multispectral.jpg?resize=525%2C300&ssl=1 1.5x, https:\/\/i0.wp.com\/store.droneway.ma\/wp-content\/uploads\/2020\/11\/DJI-Phantom-4-Multispectral.jpg?resize=700%2C400&ssl=1 2x"},"classes":[]},{"id":2829,"url":"https:\/\/store.droneway.ma\/index.php\/produit\/mavic-3-mutlispectral\/","url_meta":{"origin":2436,"position":1},"title":"Mavic 3 Mutlispectral","author":"admin","date":"13 mars 2023","format":false,"excerpt":"Le DJI Mavic 3M Multispectral RTK Fly More Combo est un pack sp\u00e9cial int\u00e9grant le drone professionnel DJI M3M, con\u00e7u pour l\u2019agriculture et l\u2019environnement. La principale application de ce drone est la prise de vue multispectrale, ce qu'il parvient \u00e0 r\u00e9aliser \u00e0 l\u2019aide d\u2019une cam\u00e9ra multispectrale constitu\u00e9e de 4 capteurs\u2026","rel":"","context":"Article similaire","block_context":{"text":"Article similaire","link":""},"img":{"alt_text":"","src":"https:\/\/i0.wp.com\/store.droneway.ma\/wp-content\/uploads\/2023\/03\/mavic-3-m.png?resize=350%2C200&ssl=1","width":350,"height":200,"srcset":"https:\/\/i0.wp.com\/store.droneway.ma\/wp-content\/uploads\/2023\/03\/mavic-3-m.png?resize=350%2C200&ssl=1 1x, https:\/\/i0.wp.com\/store.droneway.ma\/wp-content\/uploads\/2023\/03\/mavic-3-m.png?resize=525%2C300&ssl=1 1.5x, https:\/\/i0.wp.com\/store.droneway.ma\/wp-content\/uploads\/2023\/03\/mavic-3-m.png?resize=700%2C400&ssl=1 2x, https:\/\/i0.wp.com\/store.droneway.ma\/wp-content\/uploads\/2023\/03\/mavic-3-m.png?resize=1050%2C600&ssl=1 3x"},"classes":[]},{"id":2429,"url":"https:\/\/store.droneway.ma\/index.php\/produit\/dji-phantom-4-rtk-et-terra-pro-1-an\/","url_meta":{"origin":2436,"position":2},"title":"DJI Phantom 4 RTK et Terra Pro (1 an)","author":"admin","date":"21 novembre 2020","format":false,"excerpt":"Ergonomique, ce logiciel DJI est l\u2019outil qu\u2019il vous faut pour collecter des donn\u00e9es du monde r\u00e9el et les exploiter num\u00e9riquement dans de nombreux domaines : s\u00e9curit\u00e9 publique, construction, infrastructure, agriculture et cin\u00e9ma.","rel":"","context":"Article similaire","block_context":{"text":"Article similaire","link":""},"img":{"alt_text":"DJI Phantom 4 RTK et Terra Pro (1 an)","src":"https:\/\/i0.wp.com\/store.droneway.ma\/wp-content\/uploads\/2020\/11\/DJI-Phantom-4-RTK-et-Terra-Pro-1-an.jpg?resize=350%2C200&ssl=1","width":350,"height":200,"srcset":"https:\/\/i0.wp.com\/store.droneway.ma\/wp-content\/uploads\/2020\/11\/DJI-Phantom-4-RTK-et-Terra-Pro-1-an.jpg?resize=350%2C200&ssl=1 1x, https:\/\/i0.wp.com\/store.droneway.ma\/wp-content\/uploads\/2020\/11\/DJI-Phantom-4-RTK-et-Terra-Pro-1-an.jpg?resize=525%2C300&ssl=1 1.5x"},"classes":[]},{"id":2432,"url":"https:\/\/store.droneway.ma\/index.php\/produit\/dji-phantom-4-rtk-avec-station-mobile-d-rtk-2-et-terra-pro-1-an\/","url_meta":{"origin":2436,"position":3},"title":"DJI Phantom 4 RTK avec station mobile D-RTK 2 et Terra Pro (1 an)","author":"admin","date":"21 novembre 2020","format":false,"excerpt":"La station D-RTK 2, un r\u00e9cepteur GNSS de haute pr\u00e9cision pour effectuer des corrections diff\u00e9rentielles en temps r\u00e9el et g\u00e9n\u00e9rer des donn\u00e9es de positionnement au centim\u00e8tre pr\u00e8s.","rel":"","context":"Article similaire","block_context":{"text":"Article similaire","link":""},"img":{"alt_text":"DJI Phantom 4 RTK avec station mobile D-RTK 2 et Terra Pro (1 an)","src":"https:\/\/i0.wp.com\/store.droneway.ma\/wp-content\/uploads\/2020\/11\/DJI-Phantom-4-RTK-avec-station-mobile-D-RTK-2-et-Terra-Pro-1-an.jpg?resize=350%2C200&ssl=1","width":350,"height":200,"srcset":"https:\/\/i0.wp.com\/store.droneway.ma\/wp-content\/uploads\/2020\/11\/DJI-Phantom-4-RTK-avec-station-mobile-D-RTK-2-et-Terra-Pro-1-an.jpg?resize=350%2C200&ssl=1 1x, https:\/\/i0.wp.com\/store.droneway.ma\/wp-content\/uploads\/2020\/11\/DJI-Phantom-4-RTK-avec-station-mobile-D-RTK-2-et-Terra-Pro-1-an.jpg?resize=525%2C300&ssl=1 1.5x, https:\/\/i0.wp.com\/store.droneway.ma\/wp-content\/uploads\/2020\/11\/DJI-Phantom-4-RTK-avec-station-mobile-D-RTK-2-et-Terra-Pro-1-an.jpg?resize=700%2C400&ssl=1 2x"},"classes":[]},{"id":2424,"url":"https:\/\/store.droneway.ma\/index.php\/produit\/dji-phantom-4-rtk-sdk\/","url_meta":{"origin":2436,"position":4},"title":"DJI Phantom 4 RTK SDK","author":"admin","date":"21 novembre 2020","format":false,"excerpt":"Il poss\u00e8de les m\u00eames caract\u00e9ristiques que le Phantom 4 RTK mais avec un aspect Open Source in\u00e9dit qui permettra aux professionnels de porter des projets complexes sur ce drone DJI, tout en conservant l\u2019extr\u00eame fiabilit\u00e9 des produits de cette marque embl\u00e9matique.","rel":"","context":"Article similaire","block_context":{"text":"Article similaire","link":""},"img":{"alt_text":"DJI Phantom 4 RTK SDK","src":"https:\/\/i0.wp.com\/store.droneway.ma\/wp-content\/uploads\/2020\/11\/DJI-Phantom-4-RTK-SDK.jpg?resize=350%2C200&ssl=1","width":350,"height":200,"srcset":"https:\/\/i0.wp.com\/store.droneway.ma\/wp-content\/uploads\/2020\/11\/DJI-Phantom-4-RTK-SDK.jpg?resize=350%2C200&ssl=1 1x, https:\/\/i0.wp.com\/store.droneway.ma\/wp-content\/uploads\/2020\/11\/DJI-Phantom-4-RTK-SDK.jpg?resize=525%2C300&ssl=1 1.5x"},"classes":[]},{"id":2406,"url":"https:\/\/store.droneway.ma\/index.php\/produit\/dji-phantom-4-rtk-et-d-rtk-2-combo\/","url_meta":{"origin":2436,"position":5},"title":"DJI Phantom 4 RTK et D-RTK 2 Combo","author":"admin","date":"21 novembre 2020","format":false,"excerpt":"La technologie SyncTime synchronise le fonctionnement des diff\u00e9rents modules pour une grande pr\u00e9cision des donn\u00e9es : \u00e9chantillonnage de 2.74cm \u00e0 100 m d\u2019altitude.","rel":"","context":"Article similaire","block_context":{"text":"Article similaire","link":""},"img":{"alt_text":"DJI Phantom 4 RTK et D-RTK 2 Combo","src":"https:\/\/i0.wp.com\/store.droneway.ma\/wp-content\/uploads\/2020\/11\/DJI-Phantom-4-RTK-et-D-RTK-2-Combo.jpg?resize=350%2C200&ssl=1","width":350,"height":200,"srcset":"https:\/\/i0.wp.com\/store.droneway.ma\/wp-content\/uploads\/2020\/11\/DJI-Phantom-4-RTK-et-D-RTK-2-Combo.jpg?resize=350%2C200&ssl=1 1x, https:\/\/i0.wp.com\/store.droneway.ma\/wp-content\/uploads\/2020\/11\/DJI-Phantom-4-RTK-et-D-RTK-2-Combo.jpg?resize=525%2C300&ssl=1 1.5x, https:\/\/i0.wp.com\/store.droneway.ma\/wp-content\/uploads\/2020\/11\/DJI-Phantom-4-RTK-et-D-RTK-2-Combo.jpg?resize=700%2C400&ssl=1 2x"},"classes":[]}],"jetpack_sharing_enabled":true,"_links":{"self":[{"href":"https:\/\/store.droneway.ma\/index.php\/wp-json\/wp\/v2\/product\/2436","targetHints":{"allow":["GET"]}}],"collection":[{"href":"https:\/\/store.droneway.ma\/index.php\/wp-json\/wp\/v2\/product"}],"about":[{"href":"https:\/\/store.droneway.ma\/index.php\/wp-json\/wp\/v2\/types\/product"}],"wp:featuredmedia":[{"embeddable":true,"href":"https:\/\/store.droneway.ma\/index.php\/wp-json\/wp\/v2\/media\/2437"}],"wp:attachment":[{"href":"https:\/\/store.droneway.ma\/index.php\/wp-json\/wp\/v2\/media?parent=2436"}],"wp:term":[{"taxonomy":"product_brand","embeddable":true,"href":"https:\/\/store.droneway.ma\/index.php\/wp-json\/wp\/v2\/product_brand?post=2436"},{"taxonomy":"product_cat","embeddable":true,"href":"https:\/\/store.droneway.ma\/index.php\/wp-json\/wp\/v2\/product_cat?post=2436"},{"taxonomy":"product_tag","embeddable":true,"href":"https:\/\/store.droneway.ma\/index.php\/wp-json\/wp\/v2\/product_tag?post=2436"}],"curies":[{"name":"wp","href":"https:\/\/api.w.org\/{rel}","templated":true}]}}