{"id":2419,"date":"2020-11-21T19:13:20","date_gmt":"2020-11-21T18:13:20","guid":{"rendered":"http:\/\/store.droneway.ma\/index.php\/produit\/dji-phantom-4-pro-v2-avec-ecran\/"},"modified":"2024-08-22T02:15:40","modified_gmt":"2024-08-22T00:15:40","slug":"dji-phantom-4-pro-v2-avec-ecran","status":"publish","type":"product","link":"https:\/\/store.droneway.ma\/index.php\/produit\/dji-phantom-4-pro-v2-avec-ecran\/","title":{"rendered":"DJI Phantom 4 Pro+ V2 (avec \u00e9cran)"},"content":{"rendered":"<p>Le DJI Phantom 4 Pro+ V2.0 est un drone qui reprend les bases du Phantom 4 Pro V2 en ajoutant un \u00e9cran int\u00e9gr\u00e9 5.5&Prime; \u00e0 la radiocommande. \u00c9quip\u00e9 d&rsquo;une cam\u00e9ra avec capteur 1 pouce 20 MP, ce drone DJI est particuli\u00e8rement r\u00e9put\u00e9 pour la qualit\u00e9 des photos et des vid\u00e9os qu&rsquo;il peut produire.<\/p>\n","protected":false},"excerpt":{"rendered":"<p>Nota : Les applications tierces comme Pix4Dcapture ne sont pas compatibles avec le Phantom 4 Pro+ V2<\/p>\n","protected":false},"featured_media":2420,"template":"","meta":{"content-type":"","rop_custom_images_group":[],"rop_custom_messages_group":[],"rop_publish_now":"initial","rop_publish_now_accounts":[],"rop_publish_now_history":[],"rop_publish_now_status":"pending"},"product_brand":[],"product_cat":[22,63],"product_tag":[],"class_list":{"0":"post-2419","1":"product","2":"type-product","3":"status-publish","4":"has-post-thumbnail","6":"product_cat-dji-phantom","7":"product_cat-phantom-4","9":"first","10":"instock","11":"purchasable","12":"product-type-simple"},"jetpack-related-posts":[{"id":2411,"url":"https:\/\/store.droneway.ma\/index.php\/produit\/dji-phantom-4-pro-v2\/","url_meta":{"origin":2419,"position":0},"title":"DJI Phantom 4 Pro V2","author":"admin","date":"21 novembre 2020","format":false,"excerpt":"DJI a revu la propulsion du drone qui dispose d\u2019ESC plus performant et d\u2019h\u00e9lices plus silencieuses (-4dB) pour un vol plus calme et s\u00e9curis\u00e9 gr\u00e2ce aux capteurs du syst\u00e8me FlightAutonomy.","rel":"","context":"Article similaire","block_context":{"text":"Article similaire","link":""},"img":{"alt_text":"DJI Phantom 4 Pro V2","src":"https:\/\/i0.wp.com\/store.droneway.ma\/wp-content\/uploads\/2020\/11\/DJI-Phantom-4-Pro-V2.jpg?resize=350%2C200&ssl=1","width":350,"height":200},"classes":[]},{"id":2416,"url":"https:\/\/store.droneway.ma\/index.php\/produit\/dji-phantom-4-pro-pro-v2-homologue-s1-s2-s3\/","url_meta":{"origin":2419,"position":1},"title":"DJI Phantom 4 Pro \/ Pro + V2 homologu\u00e9 S1, S2 &#038; S3","author":"admin","date":"21 novembre 2020","format":false,"excerpt":"Le DJI Phantom 4 Pro \/ Pro + V2 homologu\u00e9 dispose d'une cam\u00e9ra 4K @60ims, d'une radiocommande plus compacte et g\u00e8re la d\u00e9tection d'obstacles sur 360\u00b0. Le DJI Phantom 4 Pro \/ Pro + V2 homologu\u00e9 reprend les caract\u00e9ristiques de son pr\u00e9d\u00e9cesseur et les am\u00e9liore encore un peu plus. Deux\u2026","rel":"","context":"Article similaire","block_context":{"text":"Article similaire","link":""},"img":{"alt_text":"DJI Phantom 4 Pro \/ Pro + V2 homologu\u00e9 S1","src":"https:\/\/i0.wp.com\/store.droneway.ma\/wp-content\/uploads\/2020\/11\/DJI-Phantom-4-Pro-Pro-V2-homologue-S1-S2-S3.jpg?resize=350%2C200&ssl=1","width":350,"height":200,"srcset":"https:\/\/i0.wp.com\/store.droneway.ma\/wp-content\/uploads\/2020\/11\/DJI-Phantom-4-Pro-Pro-V2-homologue-S1-S2-S3.jpg?resize=350%2C200&ssl=1 1x, https:\/\/i0.wp.com\/store.droneway.ma\/wp-content\/uploads\/2020\/11\/DJI-Phantom-4-Pro-Pro-V2-homologue-S1-S2-S3.jpg?resize=525%2C300&ssl=1 1.5x, https:\/\/i0.wp.com\/store.droneway.ma\/wp-content\/uploads\/2020\/11\/DJI-Phantom-4-Pro-Pro-V2-homologue-S1-S2-S3.jpg?resize=700%2C400&ssl=1 2x"},"classes":[]},{"id":2432,"url":"https:\/\/store.droneway.ma\/index.php\/produit\/dji-phantom-4-rtk-avec-station-mobile-d-rtk-2-et-terra-pro-1-an\/","url_meta":{"origin":2419,"position":2},"title":"DJI Phantom 4 RTK avec station mobile D-RTK 2 et Terra Pro (1 an)","author":"admin","date":"21 novembre 2020","format":false,"excerpt":"La station D-RTK 2, un r\u00e9cepteur GNSS de haute pr\u00e9cision pour effectuer des corrections diff\u00e9rentielles en temps r\u00e9el et g\u00e9n\u00e9rer des donn\u00e9es de positionnement au centim\u00e8tre pr\u00e8s.","rel":"","context":"Article similaire","block_context":{"text":"Article similaire","link":""},"img":{"alt_text":"DJI Phantom 4 RTK avec station mobile D-RTK 2 et Terra Pro (1 an)","src":"https:\/\/i0.wp.com\/store.droneway.ma\/wp-content\/uploads\/2020\/11\/DJI-Phantom-4-RTK-avec-station-mobile-D-RTK-2-et-Terra-Pro-1-an.jpg?resize=350%2C200&ssl=1","width":350,"height":200,"srcset":"https:\/\/i0.wp.com\/store.droneway.ma\/wp-content\/uploads\/2020\/11\/DJI-Phantom-4-RTK-avec-station-mobile-D-RTK-2-et-Terra-Pro-1-an.jpg?resize=350%2C200&ssl=1 1x, https:\/\/i0.wp.com\/store.droneway.ma\/wp-content\/uploads\/2020\/11\/DJI-Phantom-4-RTK-avec-station-mobile-D-RTK-2-et-Terra-Pro-1-an.jpg?resize=525%2C300&ssl=1 1.5x, https:\/\/i0.wp.com\/store.droneway.ma\/wp-content\/uploads\/2020\/11\/DJI-Phantom-4-RTK-avec-station-mobile-D-RTK-2-et-Terra-Pro-1-an.jpg?resize=700%2C400&ssl=1 2x"},"classes":[]},{"id":2429,"url":"https:\/\/store.droneway.ma\/index.php\/produit\/dji-phantom-4-rtk-et-terra-pro-1-an\/","url_meta":{"origin":2419,"position":3},"title":"DJI Phantom 4 RTK et Terra Pro (1 an)","author":"admin","date":"21 novembre 2020","format":false,"excerpt":"Ergonomique, ce logiciel DJI est l\u2019outil qu\u2019il vous faut pour collecter des donn\u00e9es du monde r\u00e9el et les exploiter num\u00e9riquement dans de nombreux domaines : s\u00e9curit\u00e9 publique, construction, infrastructure, agriculture et cin\u00e9ma.","rel":"","context":"Article similaire","block_context":{"text":"Article similaire","link":""},"img":{"alt_text":"DJI Phantom 4 RTK et Terra Pro (1 an)","src":"https:\/\/i0.wp.com\/store.droneway.ma\/wp-content\/uploads\/2020\/11\/DJI-Phantom-4-RTK-et-Terra-Pro-1-an.jpg?resize=350%2C200&ssl=1","width":350,"height":200,"srcset":"https:\/\/i0.wp.com\/store.droneway.ma\/wp-content\/uploads\/2020\/11\/DJI-Phantom-4-RTK-et-Terra-Pro-1-an.jpg?resize=350%2C200&ssl=1 1x, https:\/\/i0.wp.com\/store.droneway.ma\/wp-content\/uploads\/2020\/11\/DJI-Phantom-4-RTK-et-Terra-Pro-1-an.jpg?resize=525%2C300&ssl=1 1.5x"},"classes":[]},{"id":2465,"url":"https:\/\/store.droneway.ma\/index.php\/produit\/valise-2710-etanche-pour-dji-phantom-4-4pro-pro-hprc\/","url_meta":{"origin":2419,"position":4},"title":"Valise 2710 \u00e9tanche pour DJI Phantom 4\/4Pro\/Pro+ &#8211; HPRC","author":"admin","date":"21 novembre 2020","format":false,"excerpt":"Pens\u00e9e pour le rangement du drone avec ses h\u00e9lices mont\u00e9es, cette valise comprend \u00e9galement un petit \u00e9tui pratique pour organiser 8 cartes microSD, le HPRC1100.","rel":"","context":"Article similaire","block_context":{"text":"Article similaire","link":""},"img":{"alt_text":"Valise 2710 \u00e9tanche pour DJI Phantom 4\/4Pro\/Pro+ - HPRC","src":"https:\/\/i0.wp.com\/store.droneway.ma\/wp-content\/uploads\/2020\/11\/Valise-2710-etanche-pour-DJI-Phantom-44ProPro-HPRC.jpg?resize=350%2C200&ssl=1","width":350,"height":200,"srcset":"https:\/\/i0.wp.com\/store.droneway.ma\/wp-content\/uploads\/2020\/11\/Valise-2710-etanche-pour-DJI-Phantom-44ProPro-HPRC.jpg?resize=350%2C200&ssl=1 1x, https:\/\/i0.wp.com\/store.droneway.ma\/wp-content\/uploads\/2020\/11\/Valise-2710-etanche-pour-DJI-Phantom-44ProPro-HPRC.jpg?resize=525%2C300&ssl=1 1.5x, https:\/\/i0.wp.com\/store.droneway.ma\/wp-content\/uploads\/2020\/11\/Valise-2710-etanche-pour-DJI-Phantom-44ProPro-HPRC.jpg?resize=700%2C400&ssl=1 2x"},"classes":[]},{"id":2065,"url":"https:\/\/store.droneway.ma\/index.php\/produit\/dji-goggles-racing-edition\/","url_meta":{"origin":2419,"position":5},"title":"DJI Goggles Racing Edition","author":"admin","date":"21 novembre 2020","format":false,"excerpt":"R\u00e9solution d'affichage 3840 x 1080 pixels Optimis\u00e9 pour les drones racer (FPV) Compatible syst\u00e8me de transmission OcuSync Compatible Mavic, Spark, Inspire, Phantom 4...","rel":"","context":"Article similaire","block_context":{"text":"Article similaire","link":""},"img":{"alt_text":"DJI Goggles Racing Edition","src":"https:\/\/i0.wp.com\/store.droneway.ma\/wp-content\/uploads\/2020\/11\/dji-goggles-re-p-image-193061-grande.jpg?resize=350%2C200&ssl=1","width":350,"height":200,"srcset":"https:\/\/i0.wp.com\/store.droneway.ma\/wp-content\/uploads\/2020\/11\/dji-goggles-re-p-image-193061-grande.jpg?resize=350%2C200&ssl=1 1x, https:\/\/i0.wp.com\/store.droneway.ma\/wp-content\/uploads\/2020\/11\/dji-goggles-re-p-image-193061-grande.jpg?resize=525%2C300&ssl=1 1.5x"},"classes":[]}],"jetpack_sharing_enabled":true,"_links":{"self":[{"href":"https:\/\/store.droneway.ma\/index.php\/wp-json\/wp\/v2\/product\/2419","targetHints":{"allow":["GET"]}}],"collection":[{"href":"https:\/\/store.droneway.ma\/index.php\/wp-json\/wp\/v2\/product"}],"about":[{"href":"https:\/\/store.droneway.ma\/index.php\/wp-json\/wp\/v2\/types\/product"}],"wp:featuredmedia":[{"embeddable":true,"href":"https:\/\/store.droneway.ma\/index.php\/wp-json\/wp\/v2\/media\/2420"}],"wp:attachment":[{"href":"https:\/\/store.droneway.ma\/index.php\/wp-json\/wp\/v2\/media?parent=2419"}],"wp:term":[{"taxonomy":"product_brand","embeddable":true,"href":"https:\/\/store.droneway.ma\/index.php\/wp-json\/wp\/v2\/product_brand?post=2419"},{"taxonomy":"product_cat","embeddable":true,"href":"https:\/\/store.droneway.ma\/index.php\/wp-json\/wp\/v2\/product_cat?post=2419"},{"taxonomy":"product_tag","embeddable":true,"href":"https:\/\/store.droneway.ma\/index.php\/wp-json\/wp\/v2\/product_tag?post=2419"}],"curies":[{"name":"wp","href":"https:\/\/api.w.org\/{rel}","templated":true}]}}