{"id":2416,"date":"2020-11-21T19:13:20","date_gmt":"2020-11-21T18:13:20","guid":{"rendered":"http:\/\/store.droneway.ma\/index.php\/produit\/dji-phantom-4-pro-pro-v2-homologue-s1-s2-s3\/"},"modified":"2020-11-21T19:13:38","modified_gmt":"2020-11-21T18:13:38","slug":"dji-phantom-4-pro-pro-v2-homologue-s1-s2-s3","status":"publish","type":"product","link":"https:\/\/store.droneway.ma\/index.php\/produit\/dji-phantom-4-pro-pro-v2-homologue-s1-s2-s3\/","title":{"rendered":"DJI Phantom 4 Pro \/ Pro + V2 homologu\u00e9 S1, S2 &#038; S3"},"content":{"rendered":"<p>Le DJI Phantom 4 Pro \/ Pro + V2 homologu\u00e9 dispose d&rsquo;une cam\u00e9ra 4K @60ims, d&rsquo;une radiocommande plus compacte et g\u00e8re la d\u00e9tection d&rsquo;obstacles sur 360\u00b0. Le DJI Phantom 4 Pro \/ Pro + V2 homologu\u00e9 reprend les caract\u00e9ristiques de son pr\u00e9d\u00e9cesseur et les am\u00e9liore encore un peu plus.   Deux versions homologu\u00e9es sont propos\u00e9es : le DJI Phantom 4 Pro (radio avec support pour smartphone\/tablette) et le DJI Phantom 4 Pro Plus V2 (radio avec tablette 5&Prime; int\u00e9gr\u00e9e). Les DJI Phantom 4 Pro et Pro + V2 fonctionnent avec l\u2019application DJI GO 4.<\/p>\n","protected":false},"excerpt":{"rendered":"<p>Le DJI Phantom 4 Pro \/ Pro + V2 homologu\u00e9 dispose d&rsquo;une cam\u00e9ra 4K @60ims, d&rsquo;une radiocommande plus compacte et&hellip;<\/p>\n","protected":false},"featured_media":2417,"template":"","meta":{"content-type":"","rop_custom_images_group":[],"rop_custom_messages_group":[],"rop_publish_now":"initial","rop_publish_now_accounts":[],"rop_publish_now_history":[],"rop_publish_now_status":"pending"},"product_brand":[],"product_cat":[22,63],"product_tag":[],"class_list":{"0":"post-2416","1":"product","2":"type-product","3":"status-publish","4":"has-post-thumbnail","6":"product_cat-dji-phantom","7":"product_cat-phantom-4","9":"first","10":"instock","11":"purchasable","12":"product-type-simple"},"jetpack-related-posts":[{"id":2419,"url":"https:\/\/store.droneway.ma\/index.php\/produit\/dji-phantom-4-pro-v2-avec-ecran\/","url_meta":{"origin":2416,"position":0},"title":"DJI Phantom 4 Pro+ V2 (avec \u00e9cran)","author":"admin","date":"21 novembre 2020","format":false,"excerpt":"Nota : Les applications tierces comme Pix4Dcapture ne sont pas compatibles avec le Phantom 4 Pro+ V2","rel":"","context":"Article similaire","block_context":{"text":"Article similaire","link":""},"img":{"alt_text":"DJI Phantom 4 Pro+ V2 (avec \u00e9cran)","src":"https:\/\/i0.wp.com\/store.droneway.ma\/wp-content\/uploads\/2020\/11\/DJI-Phantom-4-Pro-V2-avec-ecran.jpg?resize=350%2C200&ssl=1","width":350,"height":200,"srcset":"https:\/\/i0.wp.com\/store.droneway.ma\/wp-content\/uploads\/2020\/11\/DJI-Phantom-4-Pro-V2-avec-ecran.jpg?resize=350%2C200&ssl=1 1x, https:\/\/i0.wp.com\/store.droneway.ma\/wp-content\/uploads\/2020\/11\/DJI-Phantom-4-Pro-V2-avec-ecran.jpg?resize=525%2C300&ssl=1 1.5x, https:\/\/i0.wp.com\/store.droneway.ma\/wp-content\/uploads\/2020\/11\/DJI-Phantom-4-Pro-V2-avec-ecran.jpg?resize=700%2C400&ssl=1 2x"},"classes":[]},{"id":2411,"url":"https:\/\/store.droneway.ma\/index.php\/produit\/dji-phantom-4-pro-v2\/","url_meta":{"origin":2416,"position":1},"title":"DJI Phantom 4 Pro V2","author":"admin","date":"21 novembre 2020","format":false,"excerpt":"DJI a revu la propulsion du drone qui dispose d\u2019ESC plus performant et d\u2019h\u00e9lices plus silencieuses (-4dB) pour un vol plus calme et s\u00e9curis\u00e9 gr\u00e2ce aux capteurs du syst\u00e8me FlightAutonomy.","rel":"","context":"Article similaire","block_context":{"text":"Article similaire","link":""},"img":{"alt_text":"DJI Phantom 4 Pro V2","src":"https:\/\/i0.wp.com\/store.droneway.ma\/wp-content\/uploads\/2020\/11\/DJI-Phantom-4-Pro-V2.jpg?resize=350%2C200&ssl=1","width":350,"height":200},"classes":[]},{"id":2450,"url":"https:\/\/store.droneway.ma\/index.php\/produit\/chargeur-multiple-pour-dji-phantom-4\/","url_meta":{"origin":2416,"position":2},"title":"Chargeur multiple pour DJI Phantom 4","author":"admin","date":"21 novembre 2020","format":false,"excerpt":"Recharge 3 batteries + radio + smartphone Syst\u00e8me intelligent int\u00e9gr\u00e9 Recharge rapide","rel":"","context":"Article similaire","block_context":{"text":"Article similaire","link":""},"img":{"alt_text":"Chargeur multiple pour DJI Phantom 4","src":"https:\/\/i0.wp.com\/store.droneway.ma\/wp-content\/uploads\/2020\/11\/Chargeur-multiple-pour-DJI-Phantom-4.jpg?resize=350%2C200&ssl=1","width":350,"height":200},"classes":[]},{"id":2445,"url":"https:\/\/store.droneway.ma\/index.php\/produit\/batterie-4s-5870-mah-dji-phantom-4-pro\/","url_meta":{"origin":2416,"position":3},"title":"Batterie 4S 5870 mAh DJI Phantom 4 Pro","author":"admin","date":"21 novembre 2020","format":false,"excerpt":"30 minutes d'autonomie Batterie intelligente Longue dur\u00e9e de vie Jauge LEDs","rel":"","context":"Article similaire","block_context":{"text":"Article similaire","link":""},"img":{"alt_text":"Batterie 4S 5870 mAh DJI Phantom 4 Pro","src":"https:\/\/i0.wp.com\/store.droneway.ma\/wp-content\/uploads\/2020\/11\/Batterie-4S-5870-mAh-DJI-Phantom-4-Pro.jpg?resize=350%2C200&ssl=1","width":350,"height":200,"srcset":"https:\/\/i0.wp.com\/store.droneway.ma\/wp-content\/uploads\/2020\/11\/Batterie-4S-5870-mAh-DJI-Phantom-4-Pro.jpg?resize=350%2C200&ssl=1 1x, https:\/\/i0.wp.com\/store.droneway.ma\/wp-content\/uploads\/2020\/11\/Batterie-4S-5870-mAh-DJI-Phantom-4-Pro.jpg?resize=525%2C300&ssl=1 1.5x, https:\/\/i0.wp.com\/store.droneway.ma\/wp-content\/uploads\/2020\/11\/Batterie-4S-5870-mAh-DJI-Phantom-4-Pro.jpg?resize=700%2C400&ssl=1 2x"},"classes":[]},{"id":2087,"url":"https:\/\/store.droneway.ma\/index.php\/produit\/systeme-de-fixation-radio-pour-dji-crystalsky\/","url_meta":{"origin":2416,"position":4},"title":"Syst\u00e8me de fixation radio pour DJI Crystalsky","author":"admin","date":"21 novembre 2020","format":false,"excerpt":"Syst\u00e8me de fixation pour Crystalsky","rel":"","context":"Article similaire","block_context":{"text":"Article similaire","link":""},"img":{"alt_text":"Syst\u00e8me de fixation radio pour DJI Crystalsky","src":"https:\/\/i0.wp.com\/store.droneway.ma\/wp-content\/uploads\/2020\/11\/systeme-de-fixation-radio-pour-dji-crystalsky-p-image-188028-grande.jpg?resize=350%2C200&ssl=1","width":350,"height":200},"classes":[]},{"id":2429,"url":"https:\/\/store.droneway.ma\/index.php\/produit\/dji-phantom-4-rtk-et-terra-pro-1-an\/","url_meta":{"origin":2416,"position":5},"title":"DJI Phantom 4 RTK et Terra Pro (1 an)","author":"admin","date":"21 novembre 2020","format":false,"excerpt":"Ergonomique, ce logiciel DJI est l\u2019outil qu\u2019il vous faut pour collecter des donn\u00e9es du monde r\u00e9el et les exploiter num\u00e9riquement dans de nombreux domaines : s\u00e9curit\u00e9 publique, construction, infrastructure, agriculture et cin\u00e9ma.","rel":"","context":"Article similaire","block_context":{"text":"Article similaire","link":""},"img":{"alt_text":"DJI Phantom 4 RTK et Terra Pro (1 an)","src":"https:\/\/i0.wp.com\/store.droneway.ma\/wp-content\/uploads\/2020\/11\/DJI-Phantom-4-RTK-et-Terra-Pro-1-an.jpg?resize=350%2C200&ssl=1","width":350,"height":200,"srcset":"https:\/\/i0.wp.com\/store.droneway.ma\/wp-content\/uploads\/2020\/11\/DJI-Phantom-4-RTK-et-Terra-Pro-1-an.jpg?resize=350%2C200&ssl=1 1x, https:\/\/i0.wp.com\/store.droneway.ma\/wp-content\/uploads\/2020\/11\/DJI-Phantom-4-RTK-et-Terra-Pro-1-an.jpg?resize=525%2C300&ssl=1 1.5x"},"classes":[]}],"jetpack_sharing_enabled":true,"_links":{"self":[{"href":"https:\/\/store.droneway.ma\/index.php\/wp-json\/wp\/v2\/product\/2416","targetHints":{"allow":["GET"]}}],"collection":[{"href":"https:\/\/store.droneway.ma\/index.php\/wp-json\/wp\/v2\/product"}],"about":[{"href":"https:\/\/store.droneway.ma\/index.php\/wp-json\/wp\/v2\/types\/product"}],"wp:featuredmedia":[{"embeddable":true,"href":"https:\/\/store.droneway.ma\/index.php\/wp-json\/wp\/v2\/media\/2417"}],"wp:attachment":[{"href":"https:\/\/store.droneway.ma\/index.php\/wp-json\/wp\/v2\/media?parent=2416"}],"wp:term":[{"taxonomy":"product_brand","embeddable":true,"href":"https:\/\/store.droneway.ma\/index.php\/wp-json\/wp\/v2\/product_brand?post=2416"},{"taxonomy":"product_cat","embeddable":true,"href":"https:\/\/store.droneway.ma\/index.php\/wp-json\/wp\/v2\/product_cat?post=2416"},{"taxonomy":"product_tag","embeddable":true,"href":"https:\/\/store.droneway.ma\/index.php\/wp-json\/wp\/v2\/product_tag?post=2416"}],"curies":[{"name":"wp","href":"https:\/\/api.w.org\/{rel}","templated":true}]}}