{"id":2411,"date":"2020-11-21T19:13:20","date_gmt":"2020-11-21T18:13:20","guid":{"rendered":"http:\/\/store.droneway.ma\/index.php\/produit\/dji-phantom-4-pro-v2\/"},"modified":"2020-11-21T19:13:34","modified_gmt":"2020-11-21T18:13:34","slug":"dji-phantom-4-pro-v2","status":"publish","type":"product","link":"https:\/\/store.droneway.ma\/index.php\/produit\/dji-phantom-4-pro-v2\/","title":{"rendered":"DJI Phantom 4 Pro V2"},"content":{"rendered":"<p>Le drone DJI Phantom 4 Pro V2 am\u00e9liore encore un peu plus les caract\u00e9ristiques d\u00e9j\u00e0 tr\u00e8s g\u00e9n\u00e9reuses de la premi\u00e8re version. Il est \u00e9quip\u00e9 du syst\u00e8me DJI OcuSync 2.0 qui remplace le Lightbridge. L\u2019OcuSync donnera une qualit\u00e9 de transmission de qualit\u00e9 et une port\u00e9e de 4 \u00e0 8 km(selon les normes CE\/FCC).<\/p>\n","protected":false},"excerpt":{"rendered":"<p>DJI a revu la propulsion du drone qui dispose d\u2019ESC plus performant et d\u2019h\u00e9lices plus silencieuses (-4dB) pour un vol plus calme et s\u00e9curis\u00e9 gr\u00e2ce aux capteurs du syst\u00e8me FlightAutonomy.<\/p>\n","protected":false},"featured_media":2412,"template":"","meta":{"content-type":"","rop_custom_images_group":[],"rop_custom_messages_group":[],"rop_publish_now":"initial","rop_publish_now_accounts":[],"rop_publish_now_history":[],"rop_publish_now_status":"pending"},"product_brand":[],"product_cat":[22,63],"product_tag":[],"class_list":{"0":"post-2411","1":"product","2":"type-product","3":"status-publish","4":"has-post-thumbnail","6":"product_cat-dji-phantom","7":"product_cat-phantom-4","9":"first","10":"instock","11":"purchasable","12":"product-type-simple"},"jetpack-related-posts":[{"id":2419,"url":"https:\/\/store.droneway.ma\/index.php\/produit\/dji-phantom-4-pro-v2-avec-ecran\/","url_meta":{"origin":2411,"position":0},"title":"DJI Phantom 4 Pro+ V2 (avec \u00e9cran)","author":"admin","date":"21 novembre 2020","format":false,"excerpt":"Nota : Les applications tierces comme Pix4Dcapture ne sont pas compatibles avec le Phantom 4 Pro+ V2","rel":"","context":"Article similaire","block_context":{"text":"Article similaire","link":""},"img":{"alt_text":"DJI Phantom 4 Pro+ V2 (avec \u00e9cran)","src":"https:\/\/i0.wp.com\/store.droneway.ma\/wp-content\/uploads\/2020\/11\/DJI-Phantom-4-Pro-V2-avec-ecran.jpg?resize=350%2C200&ssl=1","width":350,"height":200,"srcset":"https:\/\/i0.wp.com\/store.droneway.ma\/wp-content\/uploads\/2020\/11\/DJI-Phantom-4-Pro-V2-avec-ecran.jpg?resize=350%2C200&ssl=1 1x, https:\/\/i0.wp.com\/store.droneway.ma\/wp-content\/uploads\/2020\/11\/DJI-Phantom-4-Pro-V2-avec-ecran.jpg?resize=525%2C300&ssl=1 1.5x, https:\/\/i0.wp.com\/store.droneway.ma\/wp-content\/uploads\/2020\/11\/DJI-Phantom-4-Pro-V2-avec-ecran.jpg?resize=700%2C400&ssl=1 2x"},"classes":[]},{"id":2065,"url":"https:\/\/store.droneway.ma\/index.php\/produit\/dji-goggles-racing-edition\/","url_meta":{"origin":2411,"position":1},"title":"DJI Goggles Racing Edition","author":"admin","date":"21 novembre 2020","format":false,"excerpt":"R\u00e9solution d'affichage 3840 x 1080 pixels Optimis\u00e9 pour les drones racer (FPV) Compatible syst\u00e8me de transmission OcuSync Compatible Mavic, Spark, Inspire, Phantom 4...","rel":"","context":"Article similaire","block_context":{"text":"Article similaire","link":""},"img":{"alt_text":"DJI Goggles Racing Edition","src":"https:\/\/i0.wp.com\/store.droneway.ma\/wp-content\/uploads\/2020\/11\/dji-goggles-re-p-image-193061-grande.jpg?resize=350%2C200&ssl=1","width":350,"height":200,"srcset":"https:\/\/i0.wp.com\/store.droneway.ma\/wp-content\/uploads\/2020\/11\/dji-goggles-re-p-image-193061-grande.jpg?resize=350%2C200&ssl=1 1x, https:\/\/i0.wp.com\/store.droneway.ma\/wp-content\/uploads\/2020\/11\/dji-goggles-re-p-image-193061-grande.jpg?resize=525%2C300&ssl=1 1.5x"},"classes":[]},{"id":2241,"url":"https:\/\/store.droneway.ma\/index.php\/produit\/dji-goggles-racing-edition-3\/","url_meta":{"origin":2411,"position":2},"title":"DJI Goggles Racing Edition","author":"admin","date":"21 novembre 2020","format":false,"excerpt":"R\u00e9solution d'affichage 3840 x 1080 pixels Optimis\u00e9 pour les drones racer (FPV) Compatible syst\u00e8me de transmission OcuSync Compatible Mavic, Spark, Inspire, Phantom 4...","rel":"","context":"Article similaire","block_context":{"text":"Article similaire","link":""},"img":{"alt_text":"DJI Goggles Racing Edition","src":"https:\/\/i0.wp.com\/store.droneway.ma\/wp-content\/uploads\/2020\/11\/dji-goggles-re-p-image-193061-grande.jpg?resize=350%2C200&ssl=1","width":350,"height":200,"srcset":"https:\/\/i0.wp.com\/store.droneway.ma\/wp-content\/uploads\/2020\/11\/dji-goggles-re-p-image-193061-grande.jpg?resize=350%2C200&ssl=1 1x, https:\/\/i0.wp.com\/store.droneway.ma\/wp-content\/uploads\/2020\/11\/dji-goggles-re-p-image-193061-grande.jpg?resize=525%2C300&ssl=1 1.5x"},"classes":[]},{"id":2086,"url":"https:\/\/store.droneway.ma\/index.php\/produit\/dji-goggles-racing-edition-2\/","url_meta":{"origin":2411,"position":3},"title":"DJI Goggles Racing Edition","author":"admin","date":"21 novembre 2020","format":false,"excerpt":"R\u00e9solution d'affichage 3840 x 1080 pixels Optimis\u00e9 pour les drones racer (FPV) Compatible syst\u00e8me de transmission OcuSync Compatible Mavic, Spark, Inspire, Phantom 4...","rel":"","context":"Article similaire","block_context":{"text":"Article similaire","link":""},"img":{"alt_text":"DJI Goggles Racing Edition","src":"https:\/\/i0.wp.com\/store.droneway.ma\/wp-content\/uploads\/2020\/11\/dji-goggles-re-p-image-193061-grande.jpg?resize=350%2C200&ssl=1","width":350,"height":200,"srcset":"https:\/\/i0.wp.com\/store.droneway.ma\/wp-content\/uploads\/2020\/11\/dji-goggles-re-p-image-193061-grande.jpg?resize=350%2C200&ssl=1 1x, https:\/\/i0.wp.com\/store.droneway.ma\/wp-content\/uploads\/2020\/11\/dji-goggles-re-p-image-193061-grande.jpg?resize=525%2C300&ssl=1 1.5x"},"classes":[]},{"id":2416,"url":"https:\/\/store.droneway.ma\/index.php\/produit\/dji-phantom-4-pro-pro-v2-homologue-s1-s2-s3\/","url_meta":{"origin":2411,"position":4},"title":"DJI Phantom 4 Pro \/ Pro + V2 homologu\u00e9 S1, S2 &#038; S3","author":"admin","date":"21 novembre 2020","format":false,"excerpt":"Le DJI Phantom 4 Pro \/ Pro + V2 homologu\u00e9 dispose d'une cam\u00e9ra 4K @60ims, d'une radiocommande plus compacte et g\u00e8re la d\u00e9tection d'obstacles sur 360\u00b0. Le DJI Phantom 4 Pro \/ Pro + V2 homologu\u00e9 reprend les caract\u00e9ristiques de son pr\u00e9d\u00e9cesseur et les am\u00e9liore encore un peu plus. Deux\u2026","rel":"","context":"Article similaire","block_context":{"text":"Article similaire","link":""},"img":{"alt_text":"DJI Phantom 4 Pro \/ Pro + V2 homologu\u00e9 S1","src":"https:\/\/i0.wp.com\/store.droneway.ma\/wp-content\/uploads\/2020\/11\/DJI-Phantom-4-Pro-Pro-V2-homologue-S1-S2-S3.jpg?resize=350%2C200&ssl=1","width":350,"height":200,"srcset":"https:\/\/i0.wp.com\/store.droneway.ma\/wp-content\/uploads\/2020\/11\/DJI-Phantom-4-Pro-Pro-V2-homologue-S1-S2-S3.jpg?resize=350%2C200&ssl=1 1x, https:\/\/i0.wp.com\/store.droneway.ma\/wp-content\/uploads\/2020\/11\/DJI-Phantom-4-Pro-Pro-V2-homologue-S1-S2-S3.jpg?resize=525%2C300&ssl=1 1.5x, https:\/\/i0.wp.com\/store.droneway.ma\/wp-content\/uploads\/2020\/11\/DJI-Phantom-4-Pro-Pro-V2-homologue-S1-S2-S3.jpg?resize=700%2C400&ssl=1 2x"},"classes":[]},{"id":2129,"url":"https:\/\/store.droneway.ma\/index.php\/produit\/station-mobile-dji-d-rtk-2-haute-precision-gnss-pour-dji-phantom-4-rtk\/","url_meta":{"origin":2411,"position":5},"title":"Station mobile DJI D-RTK 2 haute pr\u00e9cision GNSS pour DJI Phantom 4 RTK","author":"admin","date":"21 novembre 2020","format":false,"excerpt":"Solution de positionnement centim\u00e9trique : 1cm + 1 ppm Autonomie variable : 2h, 50h ou en continu Compatible DJI Phantom 4 RTK","rel":"","context":"Article similaire","block_context":{"text":"Article similaire","link":""},"img":{"alt_text":"Station mobile DJI D-RTK 2 haute pr\u00e9cision GNSS pour DJI Phantom 4 RTK","src":"https:\/\/i0.wp.com\/store.droneway.ma\/wp-content\/uploads\/2020\/11\/station-mobile-dji-d-rtk-2-haute-precision-gnss-p-image-202399-grande.jpg?resize=350%2C200&ssl=1","width":350,"height":200},"classes":[]}],"jetpack_sharing_enabled":true,"_links":{"self":[{"href":"https:\/\/store.droneway.ma\/index.php\/wp-json\/wp\/v2\/product\/2411","targetHints":{"allow":["GET"]}}],"collection":[{"href":"https:\/\/store.droneway.ma\/index.php\/wp-json\/wp\/v2\/product"}],"about":[{"href":"https:\/\/store.droneway.ma\/index.php\/wp-json\/wp\/v2\/types\/product"}],"wp:featuredmedia":[{"embeddable":true,"href":"https:\/\/store.droneway.ma\/index.php\/wp-json\/wp\/v2\/media\/2412"}],"wp:attachment":[{"href":"https:\/\/store.droneway.ma\/index.php\/wp-json\/wp\/v2\/media?parent=2411"}],"wp:term":[{"taxonomy":"product_brand","embeddable":true,"href":"https:\/\/store.droneway.ma\/index.php\/wp-json\/wp\/v2\/product_brand?post=2411"},{"taxonomy":"product_cat","embeddable":true,"href":"https:\/\/store.droneway.ma\/index.php\/wp-json\/wp\/v2\/product_cat?post=2411"},{"taxonomy":"product_tag","embeddable":true,"href":"https:\/\/store.droneway.ma\/index.php\/wp-json\/wp\/v2\/product_tag?post=2411"}],"curies":[{"name":"wp","href":"https:\/\/api.w.org\/{rel}","templated":true}]}}