{"id":2406,"date":"2020-11-21T19:13:20","date_gmt":"2020-11-21T18:13:20","guid":{"rendered":"http:\/\/store.droneway.ma\/index.php\/produit\/dji-phantom-4-rtk-et-d-rtk-2-combo\/"},"modified":"2020-11-21T19:13:29","modified_gmt":"2020-11-21T18:13:29","slug":"dji-phantom-4-rtk-et-d-rtk-2-combo","status":"publish","type":"product","link":"https:\/\/store.droneway.ma\/index.php\/produit\/dji-phantom-4-rtk-et-d-rtk-2-combo\/","title":{"rendered":"DJI Phantom 4 RTK et D-RTK 2 Combo"},"content":{"rendered":"<p>Le drone DJI Phantom 4 RTK est la solution id\u00e9ale pour effectuer tous vos travaux de photogramm\u00e9trie avec une pr\u00e9cision centim\u00e9trique.<\/p>\n","protected":false},"excerpt":{"rendered":"<p>La technologie SyncTime synchronise le fonctionnement des diff\u00e9rents modules pour une grande pr\u00e9cision des donn\u00e9es : \u00e9chantillonnage de 2.74cm \u00e0 100 m d\u2019altitude.<\/p>\n","protected":false},"featured_media":2407,"template":"","meta":{"content-type":"","rop_custom_images_group":[],"rop_custom_messages_group":[],"rop_publish_now":"initial","rop_publish_now_accounts":[],"rop_publish_now_history":[],"rop_publish_now_status":"pending"},"product_brand":[],"product_cat":[22,62],"product_tag":[],"class_list":{"0":"post-2406","1":"product","2":"type-product","3":"status-publish","4":"has-post-thumbnail","6":"product_cat-dji-phantom","7":"product_cat-phantom-4-rtk","9":"first","10":"instock","11":"purchasable","12":"product-type-simple"},"jetpack-related-posts":[{"id":2129,"url":"https:\/\/store.droneway.ma\/index.php\/produit\/station-mobile-dji-d-rtk-2-haute-precision-gnss-pour-dji-phantom-4-rtk\/","url_meta":{"origin":2406,"position":0},"title":"Station mobile DJI D-RTK 2 haute pr\u00e9cision GNSS pour DJI Phantom 4 RTK","author":"admin","date":"21 novembre 2020","format":false,"excerpt":"Solution de positionnement centim\u00e9trique : 1cm + 1 ppm Autonomie variable : 2h, 50h ou en continu Compatible DJI Phantom 4 RTK","rel":"","context":"Article similaire","block_context":{"text":"Article similaire","link":""},"img":{"alt_text":"Station mobile DJI D-RTK 2 haute pr\u00e9cision GNSS pour DJI Phantom 4 RTK","src":"https:\/\/i0.wp.com\/store.droneway.ma\/wp-content\/uploads\/2020\/11\/station-mobile-dji-d-rtk-2-haute-precision-gnss-p-image-202399-grande.jpg?resize=350%2C200&ssl=1","width":350,"height":200},"classes":[]},{"id":2432,"url":"https:\/\/store.droneway.ma\/index.php\/produit\/dji-phantom-4-rtk-avec-station-mobile-d-rtk-2-et-terra-pro-1-an\/","url_meta":{"origin":2406,"position":1},"title":"DJI Phantom 4 RTK avec station mobile D-RTK 2 et Terra Pro (1 an)","author":"admin","date":"21 novembre 2020","format":false,"excerpt":"La station D-RTK 2, un r\u00e9cepteur GNSS de haute pr\u00e9cision pour effectuer des corrections diff\u00e9rentielles en temps r\u00e9el et g\u00e9n\u00e9rer des donn\u00e9es de positionnement au centim\u00e8tre pr\u00e8s.","rel":"","context":"Article similaire","block_context":{"text":"Article similaire","link":""},"img":{"alt_text":"DJI Phantom 4 RTK avec station mobile D-RTK 2 et Terra Pro (1 an)","src":"https:\/\/i0.wp.com\/store.droneway.ma\/wp-content\/uploads\/2020\/11\/DJI-Phantom-4-RTK-avec-station-mobile-D-RTK-2-et-Terra-Pro-1-an.jpg?resize=350%2C200&ssl=1","width":350,"height":200,"srcset":"https:\/\/i0.wp.com\/store.droneway.ma\/wp-content\/uploads\/2020\/11\/DJI-Phantom-4-RTK-avec-station-mobile-D-RTK-2-et-Terra-Pro-1-an.jpg?resize=350%2C200&ssl=1 1x, https:\/\/i0.wp.com\/store.droneway.ma\/wp-content\/uploads\/2020\/11\/DJI-Phantom-4-RTK-avec-station-mobile-D-RTK-2-et-Terra-Pro-1-an.jpg?resize=525%2C300&ssl=1 1.5x, https:\/\/i0.wp.com\/store.droneway.ma\/wp-content\/uploads\/2020\/11\/DJI-Phantom-4-RTK-avec-station-mobile-D-RTK-2-et-Terra-Pro-1-an.jpg?resize=700%2C400&ssl=1 2x"},"classes":[]},{"id":2401,"url":"https:\/\/store.droneway.ma\/index.php\/produit\/dji-phantom-4-rtk\/","url_meta":{"origin":2406,"position":2},"title":"DJI Phantom 4 RTK","author":"admin","date":"21 novembre 2020","format":false,"excerpt":"Les metadata les plus pr\u00e9cises seront ainsi inscrites dans chaque photographie captur\u00e9e par la cam\u00e9ra 1 pouce CMOS de 20MP. La technologie SyncTime participe \u00e0 cette finesse des donn\u00e9es en fusionnant les donn\u00e9es issues des diff\u00e9rents modules pour une perfection absolue. Le contr\u00f4leur de vol, la cam\u00e9ra et le module\u2026","rel":"","context":"Article similaire","block_context":{"text":"Article similaire","link":""},"img":{"alt_text":"DJI Phantom 4 RTK","src":"https:\/\/i0.wp.com\/store.droneway.ma\/wp-content\/uploads\/2020\/11\/DJI-Phantom-4-RTK.jpg?resize=350%2C200&ssl=1","width":350,"height":200,"srcset":"https:\/\/i0.wp.com\/store.droneway.ma\/wp-content\/uploads\/2020\/11\/DJI-Phantom-4-RTK.jpg?resize=350%2C200&ssl=1 1x, https:\/\/i0.wp.com\/store.droneway.ma\/wp-content\/uploads\/2020\/11\/DJI-Phantom-4-RTK.jpg?resize=525%2C300&ssl=1 1.5x"},"classes":[]},{"id":2429,"url":"https:\/\/store.droneway.ma\/index.php\/produit\/dji-phantom-4-rtk-et-terra-pro-1-an\/","url_meta":{"origin":2406,"position":3},"title":"DJI Phantom 4 RTK et Terra Pro (1 an)","author":"admin","date":"21 novembre 2020","format":false,"excerpt":"Ergonomique, ce logiciel DJI est l\u2019outil qu\u2019il vous faut pour collecter des donn\u00e9es du monde r\u00e9el et les exploiter num\u00e9riquement dans de nombreux domaines : s\u00e9curit\u00e9 publique, construction, infrastructure, agriculture et cin\u00e9ma.","rel":"","context":"Article similaire","block_context":{"text":"Article similaire","link":""},"img":{"alt_text":"DJI Phantom 4 RTK et Terra Pro (1 an)","src":"https:\/\/i0.wp.com\/store.droneway.ma\/wp-content\/uploads\/2020\/11\/DJI-Phantom-4-RTK-et-Terra-Pro-1-an.jpg?resize=350%2C200&ssl=1","width":350,"height":200,"srcset":"https:\/\/i0.wp.com\/store.droneway.ma\/wp-content\/uploads\/2020\/11\/DJI-Phantom-4-RTK-et-Terra-Pro-1-an.jpg?resize=350%2C200&ssl=1 1x, https:\/\/i0.wp.com\/store.droneway.ma\/wp-content\/uploads\/2020\/11\/DJI-Phantom-4-RTK-et-Terra-Pro-1-an.jpg?resize=525%2C300&ssl=1 1.5x"},"classes":[]},{"id":2436,"url":"https:\/\/store.droneway.ma\/index.php\/produit\/dji-phantom-4-multispectral-base-d-rtk-2\/","url_meta":{"origin":2406,"position":4},"title":"DJI Phantom 4 Multispectral + base D-RTK 2","author":"admin","date":"21 novembre 2020","format":false,"excerpt":"Le Phantom 4 Multispectral est un drone capable d\u2019analyser avec pr\u00e9cision l\u2019\u00e9tat de vos cultures. Ce module multispectral regroupe six capteurs distincts pour mesurer dans les meilleures conditions la sant\u00e9 des cultures sur de grandes zones, tout en d\u00e9tectant les mauvaises herbes mais aussi les insectes et certaines conditions de\u2026","rel":"","context":"Article similaire","block_context":{"text":"Article similaire","link":""},"img":{"alt_text":"DJI Phantom 4 Multispectral + base D-RTK 2","src":"https:\/\/i0.wp.com\/store.droneway.ma\/wp-content\/uploads\/2020\/11\/DJI-Phantom-4-Multispectral-base-D-RTK-2.jpg?resize=350%2C200&ssl=1","width":350,"height":200,"srcset":"https:\/\/i0.wp.com\/store.droneway.ma\/wp-content\/uploads\/2020\/11\/DJI-Phantom-4-Multispectral-base-D-RTK-2.jpg?resize=350%2C200&ssl=1 1x, https:\/\/i0.wp.com\/store.droneway.ma\/wp-content\/uploads\/2020\/11\/DJI-Phantom-4-Multispectral-base-D-RTK-2.jpg?resize=525%2C300&ssl=1 1.5x, https:\/\/i0.wp.com\/store.droneway.ma\/wp-content\/uploads\/2020\/11\/DJI-Phantom-4-Multispectral-base-D-RTK-2.jpg?resize=700%2C400&ssl=1 2x"},"classes":[]},{"id":2424,"url":"https:\/\/store.droneway.ma\/index.php\/produit\/dji-phantom-4-rtk-sdk\/","url_meta":{"origin":2406,"position":5},"title":"DJI Phantom 4 RTK SDK","author":"admin","date":"21 novembre 2020","format":false,"excerpt":"Il poss\u00e8de les m\u00eames caract\u00e9ristiques que le Phantom 4 RTK mais avec un aspect Open Source in\u00e9dit qui permettra aux professionnels de porter des projets complexes sur ce drone DJI, tout en conservant l\u2019extr\u00eame fiabilit\u00e9 des produits de cette marque embl\u00e9matique.","rel":"","context":"Article similaire","block_context":{"text":"Article similaire","link":""},"img":{"alt_text":"DJI Phantom 4 RTK SDK","src":"https:\/\/i0.wp.com\/store.droneway.ma\/wp-content\/uploads\/2020\/11\/DJI-Phantom-4-RTK-SDK.jpg?resize=350%2C200&ssl=1","width":350,"height":200,"srcset":"https:\/\/i0.wp.com\/store.droneway.ma\/wp-content\/uploads\/2020\/11\/DJI-Phantom-4-RTK-SDK.jpg?resize=350%2C200&ssl=1 1x, https:\/\/i0.wp.com\/store.droneway.ma\/wp-content\/uploads\/2020\/11\/DJI-Phantom-4-RTK-SDK.jpg?resize=525%2C300&ssl=1 1.5x"},"classes":[]}],"jetpack_sharing_enabled":true,"_links":{"self":[{"href":"https:\/\/store.droneway.ma\/index.php\/wp-json\/wp\/v2\/product\/2406","targetHints":{"allow":["GET"]}}],"collection":[{"href":"https:\/\/store.droneway.ma\/index.php\/wp-json\/wp\/v2\/product"}],"about":[{"href":"https:\/\/store.droneway.ma\/index.php\/wp-json\/wp\/v2\/types\/product"}],"wp:featuredmedia":[{"embeddable":true,"href":"https:\/\/store.droneway.ma\/index.php\/wp-json\/wp\/v2\/media\/2407"}],"wp:attachment":[{"href":"https:\/\/store.droneway.ma\/index.php\/wp-json\/wp\/v2\/media?parent=2406"}],"wp:term":[{"taxonomy":"product_brand","embeddable":true,"href":"https:\/\/store.droneway.ma\/index.php\/wp-json\/wp\/v2\/product_brand?post=2406"},{"taxonomy":"product_cat","embeddable":true,"href":"https:\/\/store.droneway.ma\/index.php\/wp-json\/wp\/v2\/product_cat?post=2406"},{"taxonomy":"product_tag","embeddable":true,"href":"https:\/\/store.droneway.ma\/index.php\/wp-json\/wp\/v2\/product_tag?post=2406"}],"curies":[{"name":"wp","href":"https:\/\/api.w.org\/{rel}","templated":true}]}}