{"id":2399,"date":"2020-11-21T19:13:20","date_gmt":"2020-11-21T18:13:20","guid":{"rendered":"http:\/\/store.droneway.ma\/index.php\/produit\/sac-bandouliere-onemo-twilight-black-pgytech\/"},"modified":"2020-11-21T19:13:22","modified_gmt":"2020-11-21T18:13:22","slug":"sac-bandouliere-onemo-twilight-black-pgytech","status":"publish","type":"product","link":"https:\/\/store.droneway.ma\/index.php\/produit\/sac-bandouliere-onemo-twilight-black-pgytech\/","title":{"rendered":"Sac bandouli\u00e8re OneMo (Twilight Black) &#8211; PGYTECH"},"content":{"rendered":"<p>Le sac \u00e0 bandouli\u00e8re OneMo poss\u00e8de 2 emplacements pour ranger le contenu \u00e0 votre guise.   R\u00e9glable et rembourr\u00e9e, la bandouli\u00e8re vous apportera un confort in\u00e9galable pour porter\/transporter ce sac d&rsquo;un volume de 5L o\u00f9 vous pourrez transporter l&rsquo;ensemble de votre mat\u00e9riel : drone, contr\u00f4leur, ou du mat\u00e9riel photo&#8230;  Un compartiment extensible via une simple manipulation permet d&rsquo;agrandir, d&rsquo;\u00e9tendre sa capacit\u00e9. Son rev\u00eatement hydrofuge et anti-salissures offrent un entretien rapide et efficace contre les salet\u00e9s.<\/p>\n","protected":false},"excerpt":{"rendered":"<p>Sac bandouli\u00e8re de qualit\u00e9 PGY  Pour drones et mat\u00e9riel photo  Grande capacit\u00e9 : 5L  Rev\u00eatement hydrofuge<\/p>\n","protected":false},"featured_media":314,"template":"","meta":{"content-type":"","rop_custom_images_group":[],"rop_custom_messages_group":[],"rop_publish_now":"initial","rop_publish_now_accounts":[],"rop_publish_now_history":[],"rop_publish_now_status":"pending"},"product_brand":[],"product_cat":[23,60],"product_tag":[],"class_list":{"0":"post-2399","1":"product","2":"type-product","3":"status-publish","4":"has-post-thumbnail","6":"product_cat-dji-osmo","7":"product_cat-osmo-pocket","9":"first","10":"instock","11":"purchasable","12":"product-type-simple"},"jetpack-related-posts":[{"id":2170,"url":"https:\/\/store.droneway.ma\/index.php\/produit\/dji-mavic-2-pro-fly-more-combo\/","url_meta":{"origin":2399,"position":0},"title":"DJI Mavic 2 Pro Fly More Combo","author":"admin","date":"21 novembre 2020","format":false,"excerpt":"Id\u00e9al pour une utilisation nomade, le sac vous permettra de transporter ais\u00e9ment votre drone DJI et ses accessoires. Le chargeur allume-cigare rechargera vos batteries, sur la route, depuis votre voiture.","rel":"","context":"Article similaire","block_context":{"text":"Article similaire","link":""},"img":{"alt_text":"DJI Mavic 2 Pro Fly More Combo","src":"https:\/\/i0.wp.com\/store.droneway.ma\/wp-content\/uploads\/2020\/11\/dji-mavic-2-pro-fly-more-combo-p-image-201459-grande.jpg?resize=350%2C200&ssl=1","width":350,"height":200,"srcset":"https:\/\/i0.wp.com\/store.droneway.ma\/wp-content\/uploads\/2020\/11\/dji-mavic-2-pro-fly-more-combo-p-image-201459-grande.jpg?resize=350%2C200&ssl=1 1x, https:\/\/i0.wp.com\/store.droneway.ma\/wp-content\/uploads\/2020\/11\/dji-mavic-2-pro-fly-more-combo-p-image-201459-grande.jpg?resize=525%2C300&ssl=1 1.5x, https:\/\/i0.wp.com\/store.droneway.ma\/wp-content\/uploads\/2020\/11\/dji-mavic-2-pro-fly-more-combo-p-image-201459-grande.jpg?resize=700%2C400&ssl=1 2x"},"classes":[]},{"id":2147,"url":"https:\/\/store.droneway.ma\/index.php\/produit\/dji-mavic-air-2-fly-more-combo\/","url_meta":{"origin":2399,"position":1},"title":"DJI Mavic Air 2 Fly More Combo","author":"admin","date":"21 novembre 2020","format":false,"excerpt":"Version Fly More Combo : plus d'accessoires H\u00e9lices et batteries suppl\u00e9mentaires Autonomie totale de 102 minutes Chargeur triple et adaptateur batterie externe inclus inclus Sac bandouli\u00e8re pour contenir le drone et ses accessoires Set de filtres ND inclus pour am\u00e9liorer les prises de vue par temps tr\u00e8s ensoleill\u00e9","rel":"","context":"Article similaire","block_context":{"text":"Article similaire","link":""},"img":{"alt_text":"DJI Mavic Air 2 Fly More Combo","src":"https:\/\/i0.wp.com\/store.droneway.ma\/wp-content\/uploads\/2020\/11\/dji-mavic-air-2-fly-more-combo-p-image-217461-grande.jpg?resize=350%2C200&ssl=1","width":350,"height":200,"srcset":"https:\/\/i0.wp.com\/store.droneway.ma\/wp-content\/uploads\/2020\/11\/dji-mavic-air-2-fly-more-combo-p-image-217461-grande.jpg?resize=350%2C200&ssl=1 1x, https:\/\/i0.wp.com\/store.droneway.ma\/wp-content\/uploads\/2020\/11\/dji-mavic-air-2-fly-more-combo-p-image-217461-grande.jpg?resize=525%2C300&ssl=1 1.5x, https:\/\/i0.wp.com\/store.droneway.ma\/wp-content\/uploads\/2020\/11\/dji-mavic-air-2-fly-more-combo-p-image-217461-grande.jpg?resize=700%2C400&ssl=1 2x"},"classes":[]},{"id":2224,"url":"https:\/\/store.droneway.ma\/index.php\/produit\/kit-fly-more-pour-dji-mavic-2\/","url_meta":{"origin":2399,"position":2},"title":"Kit Fly More pour DJI Mavic 2","author":"admin","date":"21 novembre 2020","format":false,"excerpt":"Plus de batteries :\u00a0 mulipliez le nombres de vols ! Gestion am\u00e9lior\u00e9e de la charge : hub secteur Mode nomade : chargeur voiture H\u00e9lices en spare","rel":"","context":"Article similaire","block_context":{"text":"Article similaire","link":""},"img":{"alt_text":"Kit Fly More pour DJI Mavic 2","src":"https:\/\/i0.wp.com\/store.droneway.ma\/wp-content\/uploads\/2020\/11\/kit-fly-more-pour-dji-mavic-2-p-image-200887-grande.jpg?resize=350%2C200&ssl=1","width":350,"height":200,"srcset":"https:\/\/i0.wp.com\/store.droneway.ma\/wp-content\/uploads\/2020\/11\/kit-fly-more-pour-dji-mavic-2-p-image-200887-grande.jpg?resize=350%2C200&ssl=1 1x, https:\/\/i0.wp.com\/store.droneway.ma\/wp-content\/uploads\/2020\/11\/kit-fly-more-pour-dji-mavic-2-p-image-200887-grande.jpg?resize=525%2C300&ssl=1 1.5x"},"classes":[]},{"id":2159,"url":"https:\/\/store.droneway.ma\/index.php\/produit\/piste-de-decollage-pliable-pour-drones-pgytech\/","url_meta":{"origin":2399,"position":3},"title":"Piste de d\u00e9collage pliable pour drones &#8211; PGYTECH","author":"admin","date":"21 novembre 2020","format":false,"excerpt":"Piste compatible avec nombreux drones R\u00e9versible (orange \/ bleu) Pliable pour favoriser le transport Sac de transport fourni","rel":"","context":"Article similaire","block_context":{"text":"Article similaire","link":""},"img":{"alt_text":"Piste de d\u00e9collage pliable pour drones - PGYTECH","src":"https:\/\/i0.wp.com\/store.droneway.ma\/wp-content\/uploads\/2020\/11\/piste-de-decollage-carree-pour-drones-pgy-p-image-194818-grande.jpg?resize=350%2C200&ssl=1","width":350,"height":200},"classes":[]},{"id":2278,"url":"https:\/\/store.droneway.ma\/index.php\/produit\/piste-de-decollage-pliable-pour-drones-pgytech-2\/","url_meta":{"origin":2399,"position":4},"title":"Piste de d\u00e9collage pliable pour drones &#8211; PGYTECH","author":"admin","date":"21 novembre 2020","format":false,"excerpt":"Piste compatible avec nombreux drones R\u00e9versible (orange \/ bleu) Pliable pour favoriser le transport Sac de transport fourni","rel":"","context":"Article similaire","block_context":{"text":"Article similaire","link":""},"img":{"alt_text":"Piste de d\u00e9collage pliable pour drones - PGYTECH","src":"https:\/\/i0.wp.com\/store.droneway.ma\/wp-content\/uploads\/2020\/11\/piste-de-decollage-carree-pour-drones-pgy-p-image-194818-grande.jpg?resize=350%2C200&ssl=1","width":350,"height":200},"classes":[]},{"id":2149,"url":"https:\/\/store.droneway.ma\/index.php\/produit\/piste-de-decollage-drones-pgytech\/","url_meta":{"origin":2399,"position":5},"title":"Piste de d\u00e9collage drones large","author":"admin","date":"21 novembre 2020","format":false,"excerpt":"Plusieurs tailles disponibles au choix R\u00e9versible (2 couleurs diff\u00e9rentes) Pliable \/ repliable Sac de transport fourni 3 piquets de fixation","rel":"","context":"Article similaire","block_context":{"text":"Article similaire","link":""},"img":{"alt_text":"Piste de d\u00e9collage drones - PGYTECH","src":"https:\/\/i0.wp.com\/store.droneway.ma\/wp-content\/uploads\/2020\/11\/piste-de-decollage-pour-drones-p-image-188344-grande.jpg?resize=350%2C200&ssl=1","width":350,"height":200,"srcset":"https:\/\/i0.wp.com\/store.droneway.ma\/wp-content\/uploads\/2020\/11\/piste-de-decollage-pour-drones-p-image-188344-grande.jpg?resize=350%2C200&ssl=1 1x, https:\/\/i0.wp.com\/store.droneway.ma\/wp-content\/uploads\/2020\/11\/piste-de-decollage-pour-drones-p-image-188344-grande.jpg?resize=525%2C300&ssl=1 1.5x"},"classes":[]}],"jetpack_sharing_enabled":true,"_links":{"self":[{"href":"https:\/\/store.droneway.ma\/index.php\/wp-json\/wp\/v2\/product\/2399","targetHints":{"allow":["GET"]}}],"collection":[{"href":"https:\/\/store.droneway.ma\/index.php\/wp-json\/wp\/v2\/product"}],"about":[{"href":"https:\/\/store.droneway.ma\/index.php\/wp-json\/wp\/v2\/types\/product"}],"wp:featuredmedia":[{"embeddable":true,"href":"https:\/\/store.droneway.ma\/index.php\/wp-json\/wp\/v2\/media\/314"}],"wp:attachment":[{"href":"https:\/\/store.droneway.ma\/index.php\/wp-json\/wp\/v2\/media?parent=2399"}],"wp:term":[{"taxonomy":"product_brand","embeddable":true,"href":"https:\/\/store.droneway.ma\/index.php\/wp-json\/wp\/v2\/product_brand?post=2399"},{"taxonomy":"product_cat","embeddable":true,"href":"https:\/\/store.droneway.ma\/index.php\/wp-json\/wp\/v2\/product_cat?post=2399"},{"taxonomy":"product_tag","embeddable":true,"href":"https:\/\/store.droneway.ma\/index.php\/wp-json\/wp\/v2\/product_tag?post=2399"}],"curies":[{"name":"wp","href":"https:\/\/api.w.org\/{rel}","templated":true}]}}