{"id":2397,"date":"2020-11-21T19:13:20","date_gmt":"2020-11-21T18:13:20","guid":{"rendered":"http:\/\/store.droneway.ma\/index.php\/produit\/sacoche-pour-osmo-pocket-mobile-pgytech\/"},"modified":"2020-11-21T19:13:20","modified_gmt":"2020-11-21T18:13:20","slug":"sacoche-pour-osmo-pocket-mobile-pgytech","status":"publish","type":"product","link":"https:\/\/store.droneway.ma\/index.php\/produit\/sacoche-pour-osmo-pocket-mobile-pgytech\/","title":{"rendered":"Sacoche pour Osmo Pocket &#038; Mobile &#8211; PGYTECH"},"content":{"rendered":"<p>Organisez votre mat\u00e9riel et s\u00e9curisez votre DJI Osmo Pocket\/DJI Osmo Mobile\u00a0gr\u00e2ce \u00e0 cette sacoche rigide PGYTECH.  \u00c9l\u00e9gante et discr\u00e8te, cette mallette waterproof dispose de diff\u00e9rents espaces de rangement qui pourront accueillir vos accessoires ainsi que votre mini stabilisateur DJI Osmo.  L\u00e9g\u00e8re et facile \u00e0 transporter, cette valise vous accompagnera dans vos voyages et vos aventures quotidiennes ! L&rsquo;espace int\u00e9rieur \u00e9tant modulable, vous aurez la possibilit\u00e9 de stocker tout votre mat\u00e9riel vid\u00e9o de poche comme une GoPro, une cam\u00e9ra Insta360 ainsi que tous leurs accessoires.<\/p>\n","protected":false},"excerpt":{"rendered":"<p>Sacoche design et discr\u00e8te  Diff\u00e9rents espaces de rangement  Nylon Eva  Waterproof  Compatible DJI OM4<\/p>\n","protected":false},"featured_media":1618,"template":"","meta":{"content-type":"","rop_custom_images_group":[],"rop_custom_messages_group":[],"rop_publish_now":"initial","rop_publish_now_accounts":[],"rop_publish_now_history":[],"rop_publish_now_status":"pending"},"product_brand":[],"product_cat":[23,60],"product_tag":[],"class_list":{"0":"post-2397","1":"product","2":"type-product","3":"status-publish","4":"has-post-thumbnail","6":"product_cat-dji-osmo","7":"product_cat-osmo-pocket","9":"first","10":"instock","11":"purchasable","12":"product-type-simple"},"jetpack-related-posts":[{"id":2395,"url":"https:\/\/store.droneway.ma\/index.php\/produit\/mini-sacoche-pour-osmo-pocket-pgytech\/","url_meta":{"origin":2397,"position":0},"title":"Mini Sacoche pour Osmo Pocket &#8211; PGYTECH","author":"admin","date":"21 novembre 2020","format":false,"excerpt":"Taille mini Nombreux emplacements Sobre et discret Nylon","rel":"","context":"Article similaire","block_context":{"text":"Article similaire","link":""},"img":{"alt_text":"Mini Sacoche pour Osmo Pocket - PGYTECH","src":"https:\/\/i0.wp.com\/store.droneway.ma\/wp-content\/uploads\/2020\/11\/mini-sacoche-pour-osmo-pocket-pgytech-p-image-212114-grande.jpg?resize=350%2C200&ssl=1","width":350,"height":200,"srcset":"https:\/\/i0.wp.com\/store.droneway.ma\/wp-content\/uploads\/2020\/11\/mini-sacoche-pour-osmo-pocket-pgytech-p-image-212114-grande.jpg?resize=350%2C200&ssl=1 1x, https:\/\/i0.wp.com\/store.droneway.ma\/wp-content\/uploads\/2020\/11\/mini-sacoche-pour-osmo-pocket-pgytech-p-image-212114-grande.jpg?resize=525%2C300&ssl=1 1.5x, https:\/\/i0.wp.com\/store.droneway.ma\/wp-content\/uploads\/2020\/11\/mini-sacoche-pour-osmo-pocket-pgytech-p-image-212114-grande.jpg?resize=700%2C400&ssl=1 2x"},"classes":[]},{"id":2392,"url":"https:\/\/store.droneway.ma\/index.php\/produit\/vlog-set-pour-dji-pocket-2-pgytech\/","url_meta":{"origin":2397,"position":1},"title":"Vlog Set pour DJI Pocket 2 &#8211; PGYTECH","author":"admin","date":"21 novembre 2020","format":false,"excerpt":"Kit complet Optimis\u00e9 pour le DJI Pocket 2 Accessoires pour un setup vlog","rel":"","context":"Article similaire","block_context":{"text":"Article similaire","link":""},"img":{"alt_text":"Vlog Set pour DJI Pocket 2 - PGYTECH","src":"https:\/\/i0.wp.com\/store.droneway.ma\/wp-content\/uploads\/2020\/11\/vlog-set-pour-dji-pocket-2-pgytech-p-image-220639-grande.jpg?resize=350%2C200&ssl=1","width":350,"height":200,"srcset":"https:\/\/i0.wp.com\/store.droneway.ma\/wp-content\/uploads\/2020\/11\/vlog-set-pour-dji-pocket-2-pgytech-p-image-220639-grande.jpg?resize=350%2C200&ssl=1 1x, https:\/\/i0.wp.com\/store.droneway.ma\/wp-content\/uploads\/2020\/11\/vlog-set-pour-dji-pocket-2-pgytech-p-image-220639-grande.jpg?resize=525%2C300&ssl=1 1.5x, https:\/\/i0.wp.com\/store.droneway.ma\/wp-content\/uploads\/2020\/11\/vlog-set-pour-dji-pocket-2-pgytech-p-image-220639-grande.jpg?resize=700%2C400&ssl=1 2x"},"classes":[]},{"id":2299,"url":"https:\/\/store.droneway.ma\/index.php\/produit\/kit-universel-pour-camera-daction-pgytech\/","url_meta":{"origin":2397,"position":2},"title":"Kit universel pour cam\u00e9ra d&rsquo;action &#8211; PGYTECH","author":"admin","date":"21 novembre 2020","format":false,"excerpt":"Kit d'accessoires complet Compatibles toutes actions cams Qualit\u00e9 PGYTECH","rel":"","context":"Article similaire","block_context":{"text":"Article similaire","link":""},"img":{"alt_text":"Kit universel pour cam\u00e9ra d'action - PGYTECH","src":"https:\/\/i0.wp.com\/store.droneway.ma\/wp-content\/uploads\/2020\/11\/kit-universel-pour-camera-d-action-pgytech-p-image-220647-grande.jpg?resize=350%2C200&ssl=1","width":350,"height":200,"srcset":"https:\/\/i0.wp.com\/store.droneway.ma\/wp-content\/uploads\/2020\/11\/kit-universel-pour-camera-d-action-pgytech-p-image-220647-grande.jpg?resize=350%2C200&ssl=1 1x, https:\/\/i0.wp.com\/store.droneway.ma\/wp-content\/uploads\/2020\/11\/kit-universel-pour-camera-d-action-pgytech-p-image-220647-grande.jpg?resize=525%2C300&ssl=1 1.5x, https:\/\/i0.wp.com\/store.droneway.ma\/wp-content\/uploads\/2020\/11\/kit-universel-pour-camera-d-action-pgytech-p-image-220647-grande.jpg?resize=700%2C400&ssl=1 2x"},"classes":[]},{"id":2339,"url":"https:\/\/store.droneway.ma\/index.php\/produit\/support-smartphone-compact-pour-dji-osmo-pocket-pgytech\/","url_meta":{"origin":2397,"position":3},"title":"Support smartphone compact pour DJI Osmo Pocket &#8211; PGYTECH","author":"admin","date":"21 novembre 2020","format":false,"excerpt":"D\u00e9couvrez le support en action :","rel":"","context":"Article similaire","block_context":{"text":"Article similaire","link":""},"img":{"alt_text":"Support smartphone compact pour DJI Osmo Pocket - PGYTECH","src":"https:\/\/i0.wp.com\/store.droneway.ma\/wp-content\/uploads\/2020\/11\/support-smartphone-compact-pour-dji-osmo-pocket-pgytech-p-image-206709-grande.jpg?resize=350%2C200&ssl=1","width":350,"height":200},"classes":[]},{"id":2356,"url":"https:\/\/store.droneway.ma\/index.php\/produit\/molette-de-controle-pour-dji-osmo-pocket-pocket-2\/","url_meta":{"origin":2397,"position":4},"title":"Molette de contr\u00f4le pour DJI Osmo Pocket\/Pocket 2","author":"admin","date":"21 novembre 2020","format":false,"excerpt":"Contr\u00f4le pr\u00e9cis du tilt et du pan Changement des modes via le bouton de commande Recentrage de la nacelle","rel":"","context":"Article similaire","block_context":{"text":"Article similaire","link":""},"img":{"alt_text":"Molette de contr\u00f4le pour DJI Osmo Pocket\/Pocket 2","src":"https:\/\/i0.wp.com\/store.droneway.ma\/wp-content\/uploads\/2020\/11\/molette-de-controle-dji-osmo-pocket-p-image-203788-grande.jpg?resize=350%2C200&ssl=1","width":350,"height":200,"srcset":"https:\/\/i0.wp.com\/store.droneway.ma\/wp-content\/uploads\/2020\/11\/molette-de-controle-dji-osmo-pocket-p-image-203788-grande.jpg?resize=350%2C200&ssl=1 1x, https:\/\/i0.wp.com\/store.droneway.ma\/wp-content\/uploads\/2020\/11\/molette-de-controle-dji-osmo-pocket-p-image-203788-grande.jpg?resize=525%2C300&ssl=1 1.5x"},"classes":[]},{"id":2391,"url":"https:\/\/store.droneway.ma\/index.php\/produit\/kit-universel-pour-camera-daction-pgytech-2\/","url_meta":{"origin":2397,"position":5},"title":"Kit universel pour cam\u00e9ra d&rsquo;action &#8211; PGYTECH","author":"admin","date":"21 novembre 2020","format":false,"excerpt":"Kit d'accessoires complet Compatibles toutes actions cams Qualit\u00e9 PGYTECH","rel":"","context":"Article similaire","block_context":{"text":"Article similaire","link":""},"img":{"alt_text":"Kit universel pour cam\u00e9ra d'action - PGYTECH","src":"https:\/\/i0.wp.com\/store.droneway.ma\/wp-content\/uploads\/2020\/11\/kit-universel-pour-camera-d-action-pgytech-p-image-220647-grande.jpg?resize=350%2C200&ssl=1","width":350,"height":200,"srcset":"https:\/\/i0.wp.com\/store.droneway.ma\/wp-content\/uploads\/2020\/11\/kit-universel-pour-camera-d-action-pgytech-p-image-220647-grande.jpg?resize=350%2C200&ssl=1 1x, https:\/\/i0.wp.com\/store.droneway.ma\/wp-content\/uploads\/2020\/11\/kit-universel-pour-camera-d-action-pgytech-p-image-220647-grande.jpg?resize=525%2C300&ssl=1 1.5x, https:\/\/i0.wp.com\/store.droneway.ma\/wp-content\/uploads\/2020\/11\/kit-universel-pour-camera-d-action-pgytech-p-image-220647-grande.jpg?resize=700%2C400&ssl=1 2x"},"classes":[]}],"jetpack_sharing_enabled":true,"_links":{"self":[{"href":"https:\/\/store.droneway.ma\/index.php\/wp-json\/wp\/v2\/product\/2397","targetHints":{"allow":["GET"]}}],"collection":[{"href":"https:\/\/store.droneway.ma\/index.php\/wp-json\/wp\/v2\/product"}],"about":[{"href":"https:\/\/store.droneway.ma\/index.php\/wp-json\/wp\/v2\/types\/product"}],"wp:featuredmedia":[{"embeddable":true,"href":"https:\/\/store.droneway.ma\/index.php\/wp-json\/wp\/v2\/media\/1618"}],"wp:attachment":[{"href":"https:\/\/store.droneway.ma\/index.php\/wp-json\/wp\/v2\/media?parent=2397"}],"wp:term":[{"taxonomy":"product_brand","embeddable":true,"href":"https:\/\/store.droneway.ma\/index.php\/wp-json\/wp\/v2\/product_brand?post=2397"},{"taxonomy":"product_cat","embeddable":true,"href":"https:\/\/store.droneway.ma\/index.php\/wp-json\/wp\/v2\/product_cat?post=2397"},{"taxonomy":"product_tag","embeddable":true,"href":"https:\/\/store.droneway.ma\/index.php\/wp-json\/wp\/v2\/product_tag?post=2397"}],"curies":[{"name":"wp","href":"https:\/\/api.w.org\/{rel}","templated":true}]}}