{"id":2392,"date":"2020-11-21T19:11:04","date_gmt":"2020-11-21T18:11:04","guid":{"rendered":"http:\/\/store.droneway.ma\/index.php\/produit\/vlog-set-pour-dji-pocket-2-pgytech\/"},"modified":"2020-11-21T19:12:56","modified_gmt":"2020-11-21T18:12:56","slug":"vlog-set-pour-dji-pocket-2-pgytech","status":"publish","type":"product","link":"https:\/\/store.droneway.ma\/index.php\/produit\/vlog-set-pour-dji-pocket-2-pgytech\/","title":{"rendered":"Vlog Set pour DJI Pocket 2 &#8211; PGYTECH"},"content":{"rendered":"<p>Optez pour ce pack d&rsquo;accessoires concoct\u00e9 par PGYTECH pour vlogger avec votre DJI Pocket 2.  Id\u00e9al pour capturer votre quotidien en mouvement, ce kit contient : une sacoche de transport, un tr\u00e9pied extensible, un support smartphone, un filtre UV, trois supports universels Data Port et une fixation Data Port avec un cold shoe.  C&rsquo;est le kit parfait pour faire du vlog en mode selfie, vous aurez m\u00eame la possibilit\u00e9 d&rsquo;ajouter une LED ou un micro et de fixer votre smartphone sur le setup.  La sacoche vous permettra de ranger votre cam\u00e9ra et ses accessoires en s\u00e9curit\u00e9 lorsque vous ne l&rsquo;utilisez pas.<\/p>\n","protected":false},"excerpt":{"rendered":"<p>Kit complet  Optimis\u00e9 pour le DJI Pocket 2  Accessoires pour un setup vlog<\/p>\n","protected":false},"featured_media":1460,"template":"","meta":{"content-type":"","rop_custom_images_group":[],"rop_custom_messages_group":[],"rop_publish_now":"initial","rop_publish_now_accounts":[],"rop_publish_now_history":[],"rop_publish_now_status":"pending"},"product_brand":[],"product_cat":[23,60],"product_tag":[],"class_list":{"0":"post-2392","1":"product","2":"type-product","3":"status-publish","4":"has-post-thumbnail","6":"product_cat-dji-osmo","7":"product_cat-osmo-pocket","9":"first","10":"instock","11":"purchasable","12":"product-type-simple"},"jetpack-related-posts":[{"id":2299,"url":"https:\/\/store.droneway.ma\/index.php\/produit\/kit-universel-pour-camera-daction-pgytech\/","url_meta":{"origin":2392,"position":0},"title":"Kit universel pour cam\u00e9ra d&rsquo;action &#8211; PGYTECH","author":"admin","date":"21 novembre 2020","format":false,"excerpt":"Kit d'accessoires complet Compatibles toutes actions cams Qualit\u00e9 PGYTECH","rel":"","context":"Article similaire","block_context":{"text":"Article similaire","link":""},"img":{"alt_text":"Kit universel pour cam\u00e9ra d'action - PGYTECH","src":"https:\/\/i0.wp.com\/store.droneway.ma\/wp-content\/uploads\/2020\/11\/kit-universel-pour-camera-d-action-pgytech-p-image-220647-grande.jpg?resize=350%2C200&ssl=1","width":350,"height":200,"srcset":"https:\/\/i0.wp.com\/store.droneway.ma\/wp-content\/uploads\/2020\/11\/kit-universel-pour-camera-d-action-pgytech-p-image-220647-grande.jpg?resize=350%2C200&ssl=1 1x, https:\/\/i0.wp.com\/store.droneway.ma\/wp-content\/uploads\/2020\/11\/kit-universel-pour-camera-d-action-pgytech-p-image-220647-grande.jpg?resize=525%2C300&ssl=1 1.5x, https:\/\/i0.wp.com\/store.droneway.ma\/wp-content\/uploads\/2020\/11\/kit-universel-pour-camera-d-action-pgytech-p-image-220647-grande.jpg?resize=700%2C400&ssl=1 2x"},"classes":[]},{"id":2339,"url":"https:\/\/store.droneway.ma\/index.php\/produit\/support-smartphone-compact-pour-dji-osmo-pocket-pgytech\/","url_meta":{"origin":2392,"position":1},"title":"Support smartphone compact pour DJI Osmo Pocket &#8211; PGYTECH","author":"admin","date":"21 novembre 2020","format":false,"excerpt":"D\u00e9couvrez le support en action :","rel":"","context":"Article similaire","block_context":{"text":"Article similaire","link":""},"img":{"alt_text":"Support smartphone compact pour DJI Osmo Pocket - PGYTECH","src":"https:\/\/i0.wp.com\/store.droneway.ma\/wp-content\/uploads\/2020\/11\/support-smartphone-compact-pour-dji-osmo-pocket-pgytech-p-image-206709-grande.jpg?resize=350%2C200&ssl=1","width":350,"height":200},"classes":[]},{"id":2397,"url":"https:\/\/store.droneway.ma\/index.php\/produit\/sacoche-pour-osmo-pocket-mobile-pgytech\/","url_meta":{"origin":2392,"position":2},"title":"Sacoche pour Osmo Pocket &#038; Mobile &#8211; PGYTECH","author":"admin","date":"21 novembre 2020","format":false,"excerpt":"Sacoche design et discr\u00e8te Diff\u00e9rents espaces de rangement Nylon Eva Waterproof Compatible DJI OM4","rel":"","context":"Article similaire","block_context":{"text":"Article similaire","link":""},"img":{"alt_text":"Sacoche pour Osmo Pocket & Mobile - PGYTECH","src":"https:\/\/i0.wp.com\/store.droneway.ma\/wp-content\/uploads\/2020\/11\/sacoche-pour-osmo-pocket-mobile-3-pgytech-p-image-212121-grande.jpg?resize=350%2C200&ssl=1","width":350,"height":200,"srcset":"https:\/\/i0.wp.com\/store.droneway.ma\/wp-content\/uploads\/2020\/11\/sacoche-pour-osmo-pocket-mobile-3-pgytech-p-image-212121-grande.jpg?resize=350%2C200&ssl=1 1x, https:\/\/i0.wp.com\/store.droneway.ma\/wp-content\/uploads\/2020\/11\/sacoche-pour-osmo-pocket-mobile-3-pgytech-p-image-212121-grande.jpg?resize=525%2C300&ssl=1 1.5x, https:\/\/i0.wp.com\/store.droneway.ma\/wp-content\/uploads\/2020\/11\/sacoche-pour-osmo-pocket-mobile-3-pgytech-p-image-212121-grande.jpg?resize=700%2C400&ssl=1 2x"},"classes":[]},{"id":2385,"url":"https:\/\/store.droneway.ma\/index.php\/produit\/support-smartphone-pour-dji-pocket-2-2\/","url_meta":{"origin":2392,"position":3},"title":"Support smartphone pour DJI Pocket 2","author":"admin","date":"21 novembre 2020","format":false,"excerpt":"Maintient le smartphone et le DJI Pocket 2 ensemble Pas de vis 1\/4\" pour fixation sur tr\u00e9pied Cold shoe pour l'ajout de micro ou de LED Conception robuste","rel":"","context":"Article similaire","block_context":{"text":"Article similaire","link":""},"img":{"alt_text":"Support smartphone pour DJI Pocket 2","src":"https:\/\/i0.wp.com\/store.droneway.ma\/wp-content\/uploads\/2020\/11\/Support-smartphone-pour-DJI-Pocket-2.jpg?resize=350%2C200&ssl=1","width":350,"height":200,"srcset":"https:\/\/i0.wp.com\/store.droneway.ma\/wp-content\/uploads\/2020\/11\/Support-smartphone-pour-DJI-Pocket-2.jpg?resize=350%2C200&ssl=1 1x, https:\/\/i0.wp.com\/store.droneway.ma\/wp-content\/uploads\/2020\/11\/Support-smartphone-pour-DJI-Pocket-2.jpg?resize=525%2C300&ssl=1 1.5x, https:\/\/i0.wp.com\/store.droneway.ma\/wp-content\/uploads\/2020\/11\/Support-smartphone-pour-DJI-Pocket-2.jpg?resize=700%2C400&ssl=1 2x"},"classes":[]},{"id":2347,"url":"https:\/\/store.droneway.ma\/index.php\/produit\/support-smartphone-pour-dji-pocket-2\/","url_meta":{"origin":2392,"position":4},"title":"Support smartphone pour DJI Pocket 2","author":"admin","date":"21 novembre 2020","format":false,"excerpt":"Maintient le smartphone et le DJI Pocket 2 ensemble Pas de vis 1\/4\" pour fixation sur tr\u00e9pied Cold shoe pour l'ajout de micro ou de LED Conception robuste","rel":"","context":"Article similaire","block_context":{"text":"Article similaire","link":""},"img":{"alt_text":"Support smartphone pour DJI Pocket 2","src":"https:\/\/i0.wp.com\/store.droneway.ma\/wp-content\/uploads\/2020\/11\/Support-smartphone-pour-DJI-Pocket-2.jpg?resize=350%2C200&ssl=1","width":350,"height":200,"srcset":"https:\/\/i0.wp.com\/store.droneway.ma\/wp-content\/uploads\/2020\/11\/Support-smartphone-pour-DJI-Pocket-2.jpg?resize=350%2C200&ssl=1 1x, https:\/\/i0.wp.com\/store.droneway.ma\/wp-content\/uploads\/2020\/11\/Support-smartphone-pour-DJI-Pocket-2.jpg?resize=525%2C300&ssl=1 1.5x, https:\/\/i0.wp.com\/store.droneway.ma\/wp-content\/uploads\/2020\/11\/Support-smartphone-pour-DJI-Pocket-2.jpg?resize=700%2C400&ssl=1 2x"},"classes":[]},{"id":2395,"url":"https:\/\/store.droneway.ma\/index.php\/produit\/mini-sacoche-pour-osmo-pocket-pgytech\/","url_meta":{"origin":2392,"position":5},"title":"Mini Sacoche pour Osmo Pocket &#8211; PGYTECH","author":"admin","date":"21 novembre 2020","format":false,"excerpt":"Taille mini Nombreux emplacements Sobre et discret Nylon","rel":"","context":"Article similaire","block_context":{"text":"Article similaire","link":""},"img":{"alt_text":"Mini Sacoche pour Osmo Pocket - PGYTECH","src":"https:\/\/i0.wp.com\/store.droneway.ma\/wp-content\/uploads\/2020\/11\/mini-sacoche-pour-osmo-pocket-pgytech-p-image-212114-grande.jpg?resize=350%2C200&ssl=1","width":350,"height":200,"srcset":"https:\/\/i0.wp.com\/store.droneway.ma\/wp-content\/uploads\/2020\/11\/mini-sacoche-pour-osmo-pocket-pgytech-p-image-212114-grande.jpg?resize=350%2C200&ssl=1 1x, https:\/\/i0.wp.com\/store.droneway.ma\/wp-content\/uploads\/2020\/11\/mini-sacoche-pour-osmo-pocket-pgytech-p-image-212114-grande.jpg?resize=525%2C300&ssl=1 1.5x, https:\/\/i0.wp.com\/store.droneway.ma\/wp-content\/uploads\/2020\/11\/mini-sacoche-pour-osmo-pocket-pgytech-p-image-212114-grande.jpg?resize=700%2C400&ssl=1 2x"},"classes":[]}],"jetpack_sharing_enabled":true,"_links":{"self":[{"href":"https:\/\/store.droneway.ma\/index.php\/wp-json\/wp\/v2\/product\/2392","targetHints":{"allow":["GET"]}}],"collection":[{"href":"https:\/\/store.droneway.ma\/index.php\/wp-json\/wp\/v2\/product"}],"about":[{"href":"https:\/\/store.droneway.ma\/index.php\/wp-json\/wp\/v2\/types\/product"}],"wp:featuredmedia":[{"embeddable":true,"href":"https:\/\/store.droneway.ma\/index.php\/wp-json\/wp\/v2\/media\/1460"}],"wp:attachment":[{"href":"https:\/\/store.droneway.ma\/index.php\/wp-json\/wp\/v2\/media?parent=2392"}],"wp:term":[{"taxonomy":"product_brand","embeddable":true,"href":"https:\/\/store.droneway.ma\/index.php\/wp-json\/wp\/v2\/product_brand?post=2392"},{"taxonomy":"product_cat","embeddable":true,"href":"https:\/\/store.droneway.ma\/index.php\/wp-json\/wp\/v2\/product_cat?post=2392"},{"taxonomy":"product_tag","embeddable":true,"href":"https:\/\/store.droneway.ma\/index.php\/wp-json\/wp\/v2\/product_tag?post=2392"}],"curies":[{"name":"wp","href":"https:\/\/api.w.org\/{rel}","templated":true}]}}