{"id":2391,"date":"2020-11-21T19:11:04","date_gmt":"2020-11-21T18:11:04","guid":{"rendered":"http:\/\/store.droneway.ma\/index.php\/produit\/kit-universel-pour-camera-daction-pgytech-2\/"},"modified":"2020-11-21T19:12:56","modified_gmt":"2020-11-21T18:12:56","slug":"kit-universel-pour-camera-daction-pgytech-2","status":"publish","type":"product","link":"https:\/\/store.droneway.ma\/index.php\/produit\/kit-universel-pour-camera-daction-pgytech-2\/","title":{"rendered":"Kit universel pour cam\u00e9ra d&rsquo;action &#8211; PGYTECH"},"content":{"rendered":"<p>Optez pour ce pack d&rsquo;accessoires concoct\u00e9 par PGYTECH compatible avec toutes les action cams du march\u00e9.  Id\u00e9al pour capturer votre quotidien, ce kit contient : une sacoche de transport, un tr\u00e9pied extensible, un fixation pince et une fixation poignet.  C&rsquo;est le kit parfait pour diversifier son contenu vid\u00e9o et emporter son mat\u00e9riel partout avec soi.<\/p>\n","protected":false},"excerpt":{"rendered":"<p>Kit d&rsquo;accessoires complet  Compatibles toutes actions cams  Qualit\u00e9 PGYTECH<\/p>\n","protected":false},"featured_media":1160,"template":"","meta":{"content-type":"","rop_custom_images_group":[],"rop_custom_messages_group":[],"rop_publish_now":"initial","rop_publish_now_accounts":[],"rop_publish_now_history":[],"rop_publish_now_status":"pending"},"product_brand":[],"product_cat":[23,60],"product_tag":[],"class_list":{"0":"post-2391","1":"product","2":"type-product","3":"status-publish","4":"has-post-thumbnail","6":"product_cat-dji-osmo","7":"product_cat-osmo-pocket","9":"first","10":"instock","11":"purchasable","12":"product-type-simple"},"jetpack-related-posts":[{"id":2299,"url":"https:\/\/store.droneway.ma\/index.php\/produit\/kit-universel-pour-camera-daction-pgytech\/","url_meta":{"origin":2391,"position":0},"title":"Kit universel pour cam\u00e9ra d&rsquo;action &#8211; PGYTECH","author":"admin","date":"21 novembre 2020","format":false,"excerpt":"Kit d'accessoires complet Compatibles toutes actions cams Qualit\u00e9 PGYTECH","rel":"","context":"Article similaire","block_context":{"text":"Article similaire","link":""},"img":{"alt_text":"Kit universel pour cam\u00e9ra d'action - PGYTECH","src":"https:\/\/i0.wp.com\/store.droneway.ma\/wp-content\/uploads\/2020\/11\/kit-universel-pour-camera-d-action-pgytech-p-image-220647-grande.jpg?resize=350%2C200&ssl=1","width":350,"height":200,"srcset":"https:\/\/i0.wp.com\/store.droneway.ma\/wp-content\/uploads\/2020\/11\/kit-universel-pour-camera-d-action-pgytech-p-image-220647-grande.jpg?resize=350%2C200&ssl=1 1x, https:\/\/i0.wp.com\/store.droneway.ma\/wp-content\/uploads\/2020\/11\/kit-universel-pour-camera-d-action-pgytech-p-image-220647-grande.jpg?resize=525%2C300&ssl=1 1.5x, https:\/\/i0.wp.com\/store.droneway.ma\/wp-content\/uploads\/2020\/11\/kit-universel-pour-camera-d-action-pgytech-p-image-220647-grande.jpg?resize=700%2C400&ssl=1 2x"},"classes":[]},{"id":2294,"url":"https:\/\/store.droneway.ma\/index.php\/produit\/trepied-extensible-pour-action-cams-pgytech\/","url_meta":{"origin":2391,"position":1},"title":"Tr\u00e9pied extensible pour action cams &#8211; PGYTECH","author":"admin","date":"21 novembre 2020","format":false,"excerpt":"Deux fonctions en une : tr\u00e9pied et selfie-stick Embase tripod pour venir y fixer votre cam\u00e9ra Poign\u00e9e anti-d\u00e9rapante R\u00e9tractable","rel":"","context":"Article similaire","block_context":{"text":"Article similaire","link":""},"img":{"alt_text":"Tr\u00e9pied extensible pour action cams - PGYTECH","src":"https:\/\/i0.wp.com\/store.droneway.ma\/wp-content\/uploads\/2020\/11\/trepied-selfie-stick-pour-dji-osmo-action-pgytech-p-image-214260-grande.jpg?resize=350%2C200&ssl=1","width":350,"height":200,"srcset":"https:\/\/i0.wp.com\/store.droneway.ma\/wp-content\/uploads\/2020\/11\/trepied-selfie-stick-pour-dji-osmo-action-pgytech-p-image-214260-grande.jpg?resize=350%2C200&ssl=1 1x, https:\/\/i0.wp.com\/store.droneway.ma\/wp-content\/uploads\/2020\/11\/trepied-selfie-stick-pour-dji-osmo-action-pgytech-p-image-214260-grande.jpg?resize=525%2C300&ssl=1 1.5x, https:\/\/i0.wp.com\/store.droneway.ma\/wp-content\/uploads\/2020\/11\/trepied-selfie-stick-pour-dji-osmo-action-pgytech-p-image-214260-grande.jpg?resize=700%2C400&ssl=1 2x"},"classes":[]},{"id":2392,"url":"https:\/\/store.droneway.ma\/index.php\/produit\/vlog-set-pour-dji-pocket-2-pgytech\/","url_meta":{"origin":2391,"position":2},"title":"Vlog Set pour DJI Pocket 2 &#8211; PGYTECH","author":"admin","date":"21 novembre 2020","format":false,"excerpt":"Kit complet Optimis\u00e9 pour le DJI Pocket 2 Accessoires pour un setup vlog","rel":"","context":"Article similaire","block_context":{"text":"Article similaire","link":""},"img":{"alt_text":"Vlog Set pour DJI Pocket 2 - PGYTECH","src":"https:\/\/i0.wp.com\/store.droneway.ma\/wp-content\/uploads\/2020\/11\/vlog-set-pour-dji-pocket-2-pgytech-p-image-220639-grande.jpg?resize=350%2C200&ssl=1","width":350,"height":200,"srcset":"https:\/\/i0.wp.com\/store.droneway.ma\/wp-content\/uploads\/2020\/11\/vlog-set-pour-dji-pocket-2-pgytech-p-image-220639-grande.jpg?resize=350%2C200&ssl=1 1x, https:\/\/i0.wp.com\/store.droneway.ma\/wp-content\/uploads\/2020\/11\/vlog-set-pour-dji-pocket-2-pgytech-p-image-220639-grande.jpg?resize=525%2C300&ssl=1 1.5x, https:\/\/i0.wp.com\/store.droneway.ma\/wp-content\/uploads\/2020\/11\/vlog-set-pour-dji-pocket-2-pgytech-p-image-220639-grande.jpg?resize=700%2C400&ssl=1 2x"},"classes":[]},{"id":2291,"url":"https:\/\/store.droneway.ma\/index.php\/produit\/kit-de-3-filtres-nd-pl-gradues-pour-dji-osmo-action-pgytech\/","url_meta":{"origin":2391,"position":3},"title":"Kit de 3 filtres ND-PL gradu\u00e9s pour DJI Osmo Action &#8211; PGYTECH","author":"admin","date":"21 novembre 2020","format":false,"excerpt":"Kit compos\u00e9 de trois filtres ND, PL et gradu\u00e9s Filtres \u00e0 visser en lieu et place de la lentille d'origine Filtres ultra l\u00e9gers","rel":"","context":"Article similaire","block_context":{"text":"Article similaire","link":""},"img":{"alt_text":"Kit de 3 filtres ND-PL gradu\u00e9s pour DJI Osmo Action - PGYTECH","src":"https:\/\/i0.wp.com\/store.droneway.ma\/wp-content\/uploads\/2020\/11\/kit-de-3-filtres-nd-pl-gradues-pour-dji-osmo-pocket-pgytech-p-image-211825-grande.jpg?resize=350%2C200&ssl=1","width":350,"height":200,"srcset":"https:\/\/i0.wp.com\/store.droneway.ma\/wp-content\/uploads\/2020\/11\/kit-de-3-filtres-nd-pl-gradues-pour-dji-osmo-pocket-pgytech-p-image-211825-grande.jpg?resize=350%2C200&ssl=1 1x, https:\/\/i0.wp.com\/store.droneway.ma\/wp-content\/uploads\/2020\/11\/kit-de-3-filtres-nd-pl-gradues-pour-dji-osmo-pocket-pgytech-p-image-211825-grande.jpg?resize=525%2C300&ssl=1 1.5x, https:\/\/i0.wp.com\/store.droneway.ma\/wp-content\/uploads\/2020\/11\/kit-de-3-filtres-nd-pl-gradues-pour-dji-osmo-pocket-pgytech-p-image-211825-grande.jpg?resize=700%2C400&ssl=1 2x"},"classes":[]},{"id":2290,"url":"https:\/\/store.droneway.ma\/index.php\/produit\/pack-de-4-filtres-nd-pl-pour-dji-osmo-action-pgytech\/","url_meta":{"origin":2391,"position":4},"title":"Pack de 4 filtres ND\/PL pour DJI Osmo Action- PGYTECH","author":"admin","date":"21 novembre 2020","format":false,"excerpt":"Kit complet de 4 filtres Verre trait\u00e9 anti-rayures et anti-eau et huile Sp\u00e9cialement con\u00e7us pour DJI Osmo Action","rel":"","context":"Article similaire","block_context":{"text":"Article similaire","link":""},"img":{"alt_text":"Pack de 4 filtres ND\/PL pour DJI Osmo Action- PGYTECH","src":"https:\/\/i0.wp.com\/store.droneway.ma\/wp-content\/uploads\/2020\/11\/pack-de-4-filtres-nd-pl-pour-dji-osmo-action-pgytech-p-image-210122-grande.jpg?resize=350%2C200&ssl=1","width":350,"height":200,"srcset":"https:\/\/i0.wp.com\/store.droneway.ma\/wp-content\/uploads\/2020\/11\/pack-de-4-filtres-nd-pl-pour-dji-osmo-action-pgytech-p-image-210122-grande.jpg?resize=350%2C200&ssl=1 1x, https:\/\/i0.wp.com\/store.droneway.ma\/wp-content\/uploads\/2020\/11\/pack-de-4-filtres-nd-pl-pour-dji-osmo-action-pgytech-p-image-210122-grande.jpg?resize=525%2C300&ssl=1 1.5x, https:\/\/i0.wp.com\/store.droneway.ma\/wp-content\/uploads\/2020\/11\/pack-de-4-filtres-nd-pl-pour-dji-osmo-action-pgytech-p-image-210122-grande.jpg?resize=700%2C400&ssl=1 2x"},"classes":[]},{"id":2289,"url":"https:\/\/store.droneway.ma\/index.php\/produit\/pack-de-4-filtres-nd-pour-dji-osmo-action-pgytech\/","url_meta":{"origin":2391,"position":5},"title":"Pack de 4 filtres ND pour DJI Osmo Action &#8211; PGYTECH","author":"admin","date":"21 novembre 2020","format":false,"excerpt":"Att\u00e9nue la lumi\u00e8re Qualit\u00e9 PGYTECH Con\u00e7us pour cam\u00e9ra DJI Osmo Action Facile \u00e0 installer en lieu et place de la lentille protectrice","rel":"","context":"Article similaire","block_context":{"text":"Article similaire","link":""},"img":{"alt_text":"Pack de 4 filtres ND pour DJI Osmo Action - PGYTECH","src":"https:\/\/i0.wp.com\/store.droneway.ma\/wp-content\/uploads\/2020\/11\/pack-de-4-filtres-nd-pour-dji-osmo-action-pgytech-p-image-214296-grande.jpg?resize=350%2C200&ssl=1","width":350,"height":200},"classes":[]}],"jetpack_sharing_enabled":true,"_links":{"self":[{"href":"https:\/\/store.droneway.ma\/index.php\/wp-json\/wp\/v2\/product\/2391","targetHints":{"allow":["GET"]}}],"collection":[{"href":"https:\/\/store.droneway.ma\/index.php\/wp-json\/wp\/v2\/product"}],"about":[{"href":"https:\/\/store.droneway.ma\/index.php\/wp-json\/wp\/v2\/types\/product"}],"wp:featuredmedia":[{"embeddable":true,"href":"https:\/\/store.droneway.ma\/index.php\/wp-json\/wp\/v2\/media\/1160"}],"wp:attachment":[{"href":"https:\/\/store.droneway.ma\/index.php\/wp-json\/wp\/v2\/media?parent=2391"}],"wp:term":[{"taxonomy":"product_brand","embeddable":true,"href":"https:\/\/store.droneway.ma\/index.php\/wp-json\/wp\/v2\/product_brand?post=2391"},{"taxonomy":"product_cat","embeddable":true,"href":"https:\/\/store.droneway.ma\/index.php\/wp-json\/wp\/v2\/product_cat?post=2391"},{"taxonomy":"product_tag","embeddable":true,"href":"https:\/\/store.droneway.ma\/index.php\/wp-json\/wp\/v2\/product_tag?post=2391"}],"curies":[{"name":"wp","href":"https:\/\/api.w.org\/{rel}","templated":true}]}}