{"id":2384,"date":"2020-11-21T19:11:04","date_gmt":"2020-11-21T18:11:04","guid":{"rendered":"http:\/\/store.droneway.ma\/index.php\/produit\/mini-trepied-pour-dji-pocket-2-2\/"},"modified":"2020-11-21T19:12:26","modified_gmt":"2020-11-21T18:12:26","slug":"mini-trepied-pour-dji-pocket-2-2","status":"publish","type":"product","link":"https:\/\/store.droneway.ma\/index.php\/produit\/mini-trepied-pour-dji-pocket-2-2\/","title":{"rendered":"Mini tr\u00e9pied pour DJI Pocket 2"},"content":{"rendered":"<p>Compris dans le pack Creator Combo, ce mini tr\u00e9pied vient se fixer directement sur le support tr\u00e9pied 1\/4&Prime; du DJI Pocket 2.  Vous pourrez ainsi gr\u00e2ce \u00e0 cette pi\u00e8ce d\u00e9tach\u00e9e remplacer la pi\u00e8ce d&rsquo;origine ou simplement l&rsquo;ajouter \u00e0 votre setup. Pliable, il se range facilement et vous permettra de r\u00e9aliser des plans fixes du plus bel effet.<\/p>\n","protected":false},"excerpt":{"rendered":"<p>Compatible DJI Pocket 2  Pliable  Montage rapide<\/p>\n","protected":false},"featured_media":2344,"template":"","meta":{"content-type":"","rop_custom_images_group":[],"rop_custom_messages_group":[],"rop_publish_now":"initial","rop_publish_now_accounts":[],"rop_publish_now_history":[],"rop_publish_now_status":"pending"},"product_brand":[],"product_cat":[23,60],"product_tag":[],"class_list":{"0":"post-2384","1":"product","2":"type-product","3":"status-publish","4":"has-post-thumbnail","6":"product_cat-dji-osmo","7":"product_cat-osmo-pocket","9":"first","10":"instock","11":"purchasable","12":"product-type-simple"},"jetpack-related-posts":[{"id":2343,"url":"https:\/\/store.droneway.ma\/index.php\/produit\/mini-trepied-pour-dji-pocket-2\/","url_meta":{"origin":2384,"position":0},"title":"Mini tr\u00e9pied pour DJI Pocket 2","author":"admin","date":"21 novembre 2020","format":false,"excerpt":"Compatible DJI Pocket 2 Pliable Montage rapide","rel":"","context":"Article similaire","block_context":{"text":"Article similaire","link":""},"img":{"alt_text":"Mini tr\u00e9pied pour DJI Pocket 2","src":"https:\/\/i0.wp.com\/store.droneway.ma\/wp-content\/uploads\/2020\/11\/Mini-trepied-pour-DJI-Pocket-2.jpg?resize=350%2C200&ssl=1","width":350,"height":200,"srcset":"https:\/\/i0.wp.com\/store.droneway.ma\/wp-content\/uploads\/2020\/11\/Mini-trepied-pour-DJI-Pocket-2.jpg?resize=350%2C200&ssl=1 1x, https:\/\/i0.wp.com\/store.droneway.ma\/wp-content\/uploads\/2020\/11\/Mini-trepied-pour-DJI-Pocket-2.jpg?resize=525%2C300&ssl=1 1.5x, https:\/\/i0.wp.com\/store.droneway.ma\/wp-content\/uploads\/2020\/11\/Mini-trepied-pour-DJI-Pocket-2.jpg?resize=700%2C400&ssl=1 2x, https:\/\/i0.wp.com\/store.droneway.ma\/wp-content\/uploads\/2020\/11\/Mini-trepied-pour-DJI-Pocket-2.jpg?resize=1050%2C600&ssl=1 3x"},"classes":[]},{"id":2385,"url":"https:\/\/store.droneway.ma\/index.php\/produit\/support-smartphone-pour-dji-pocket-2-2\/","url_meta":{"origin":2384,"position":1},"title":"Support smartphone pour DJI Pocket 2","author":"admin","date":"21 novembre 2020","format":false,"excerpt":"Maintient le smartphone et le DJI Pocket 2 ensemble Pas de vis 1\/4\" pour fixation sur tr\u00e9pied Cold shoe pour l'ajout de micro ou de LED Conception robuste","rel":"","context":"Article similaire","block_context":{"text":"Article similaire","link":""},"img":{"alt_text":"Support smartphone pour DJI Pocket 2","src":"https:\/\/i0.wp.com\/store.droneway.ma\/wp-content\/uploads\/2020\/11\/Support-smartphone-pour-DJI-Pocket-2.jpg?resize=350%2C200&ssl=1","width":350,"height":200,"srcset":"https:\/\/i0.wp.com\/store.droneway.ma\/wp-content\/uploads\/2020\/11\/Support-smartphone-pour-DJI-Pocket-2.jpg?resize=350%2C200&ssl=1 1x, https:\/\/i0.wp.com\/store.droneway.ma\/wp-content\/uploads\/2020\/11\/Support-smartphone-pour-DJI-Pocket-2.jpg?resize=525%2C300&ssl=1 1.5x, https:\/\/i0.wp.com\/store.droneway.ma\/wp-content\/uploads\/2020\/11\/Support-smartphone-pour-DJI-Pocket-2.jpg?resize=700%2C400&ssl=1 2x"},"classes":[]},{"id":2347,"url":"https:\/\/store.droneway.ma\/index.php\/produit\/support-smartphone-pour-dji-pocket-2\/","url_meta":{"origin":2384,"position":2},"title":"Support smartphone pour DJI Pocket 2","author":"admin","date":"21 novembre 2020","format":false,"excerpt":"Maintient le smartphone et le DJI Pocket 2 ensemble Pas de vis 1\/4\" pour fixation sur tr\u00e9pied Cold shoe pour l'ajout de micro ou de LED Conception robuste","rel":"","context":"Article similaire","block_context":{"text":"Article similaire","link":""},"img":{"alt_text":"Support smartphone pour DJI Pocket 2","src":"https:\/\/i0.wp.com\/store.droneway.ma\/wp-content\/uploads\/2020\/11\/Support-smartphone-pour-DJI-Pocket-2.jpg?resize=350%2C200&ssl=1","width":350,"height":200,"srcset":"https:\/\/i0.wp.com\/store.droneway.ma\/wp-content\/uploads\/2020\/11\/Support-smartphone-pour-DJI-Pocket-2.jpg?resize=350%2C200&ssl=1 1x, https:\/\/i0.wp.com\/store.droneway.ma\/wp-content\/uploads\/2020\/11\/Support-smartphone-pour-DJI-Pocket-2.jpg?resize=525%2C300&ssl=1 1.5x, https:\/\/i0.wp.com\/store.droneway.ma\/wp-content\/uploads\/2020\/11\/Support-smartphone-pour-DJI-Pocket-2.jpg?resize=700%2C400&ssl=1 2x"},"classes":[]},{"id":2328,"url":"https:\/\/store.droneway.ma\/index.php\/produit\/dji-pocket-2-creator-combo\/","url_meta":{"origin":2384,"position":3},"title":"DJI Pocket 2 Creator Combo","author":"admin","date":"21 novembre 2020","format":false,"excerpt":"Kit complet : cam\u00e9ra + accessoires cr\u00e9atifs Microphone performant, mini tr\u00e9pied et objectif grand angle Capteur CMOS 1\/1,7 pouce Vid\u00e9o 4K60p \/ Photos 64 MP DJI Matrix Stereo : son bluffant Editeur d'IA dans DJI Mimo","rel":"","context":"Article similaire","block_context":{"text":"Article similaire","link":""},"img":{"alt_text":"DJI Pocket 2 Creator Combo","src":"https:\/\/i0.wp.com\/store.droneway.ma\/wp-content\/uploads\/2020\/11\/dji-pocket-2-creator-combo-p-image-220477-grande.jpg?resize=350%2C200&ssl=1","width":350,"height":200,"srcset":"https:\/\/i0.wp.com\/store.droneway.ma\/wp-content\/uploads\/2020\/11\/dji-pocket-2-creator-combo-p-image-220477-grande.jpg?resize=350%2C200&ssl=1 1x, https:\/\/i0.wp.com\/store.droneway.ma\/wp-content\/uploads\/2020\/11\/dji-pocket-2-creator-combo-p-image-220477-grande.jpg?resize=525%2C300&ssl=1 1.5x, https:\/\/i0.wp.com\/store.droneway.ma\/wp-content\/uploads\/2020\/11\/dji-pocket-2-creator-combo-p-image-220477-grande.jpg?resize=700%2C400&ssl=1 2x"},"classes":[]},{"id":2392,"url":"https:\/\/store.droneway.ma\/index.php\/produit\/vlog-set-pour-dji-pocket-2-pgytech\/","url_meta":{"origin":2384,"position":4},"title":"Vlog Set pour DJI Pocket 2 &#8211; PGYTECH","author":"admin","date":"21 novembre 2020","format":false,"excerpt":"Kit complet Optimis\u00e9 pour le DJI Pocket 2 Accessoires pour un setup vlog","rel":"","context":"Article similaire","block_context":{"text":"Article similaire","link":""},"img":{"alt_text":"Vlog Set pour DJI Pocket 2 - PGYTECH","src":"https:\/\/i0.wp.com\/store.droneway.ma\/wp-content\/uploads\/2020\/11\/vlog-set-pour-dji-pocket-2-pgytech-p-image-220639-grande.jpg?resize=350%2C200&ssl=1","width":350,"height":200,"srcset":"https:\/\/i0.wp.com\/store.droneway.ma\/wp-content\/uploads\/2020\/11\/vlog-set-pour-dji-pocket-2-pgytech-p-image-220639-grande.jpg?resize=350%2C200&ssl=1 1x, https:\/\/i0.wp.com\/store.droneway.ma\/wp-content\/uploads\/2020\/11\/vlog-set-pour-dji-pocket-2-pgytech-p-image-220639-grande.jpg?resize=525%2C300&ssl=1 1.5x, https:\/\/i0.wp.com\/store.droneway.ma\/wp-content\/uploads\/2020\/11\/vlog-set-pour-dji-pocket-2-pgytech-p-image-220639-grande.jpg?resize=700%2C400&ssl=1 2x"},"classes":[]},{"id":2354,"url":"https:\/\/store.droneway.ma\/index.php\/produit\/barre-dextension-pour-dji-osmo-pocket-et-pocket-2-2\/","url_meta":{"origin":2384,"position":5},"title":"Barre d&rsquo;extension pour DJI Osmo Pocket et Pocket 2","author":"admin","date":"21 novembre 2020","format":false,"excerpt":"Permet des prises de vues in\u00e9dites Boutons et joystick de commande sur la poign\u00e9e Support smartphone pour b\u00e9n\u00e9ficier du retour vid\u00e9o Dispose d'un pas de vis 1\/4\" pour ajout d'accessoires","rel":"","context":"Article similaire","block_context":{"text":"Article similaire","link":""},"img":{"alt_text":"Barre d'extension pour DJI Osmo Pocket et Pocket 2","src":"https:\/\/i0.wp.com\/store.droneway.ma\/wp-content\/uploads\/2020\/11\/barre-d-extension-pour-dji-osmo-pocket-p-image-210681-grande.jpg?resize=350%2C200&ssl=1","width":350,"height":200,"srcset":"https:\/\/i0.wp.com\/store.droneway.ma\/wp-content\/uploads\/2020\/11\/barre-d-extension-pour-dji-osmo-pocket-p-image-210681-grande.jpg?resize=350%2C200&ssl=1 1x, https:\/\/i0.wp.com\/store.droneway.ma\/wp-content\/uploads\/2020\/11\/barre-d-extension-pour-dji-osmo-pocket-p-image-210681-grande.jpg?resize=525%2C300&ssl=1 1.5x, https:\/\/i0.wp.com\/store.droneway.ma\/wp-content\/uploads\/2020\/11\/barre-d-extension-pour-dji-osmo-pocket-p-image-210681-grande.jpg?resize=700%2C400&ssl=1 2x"},"classes":[]}],"jetpack_sharing_enabled":true,"_links":{"self":[{"href":"https:\/\/store.droneway.ma\/index.php\/wp-json\/wp\/v2\/product\/2384","targetHints":{"allow":["GET"]}}],"collection":[{"href":"https:\/\/store.droneway.ma\/index.php\/wp-json\/wp\/v2\/product"}],"about":[{"href":"https:\/\/store.droneway.ma\/index.php\/wp-json\/wp\/v2\/types\/product"}],"wp:featuredmedia":[{"embeddable":true,"href":"https:\/\/store.droneway.ma\/index.php\/wp-json\/wp\/v2\/media\/2344"}],"wp:attachment":[{"href":"https:\/\/store.droneway.ma\/index.php\/wp-json\/wp\/v2\/media?parent=2384"}],"wp:term":[{"taxonomy":"product_brand","embeddable":true,"href":"https:\/\/store.droneway.ma\/index.php\/wp-json\/wp\/v2\/product_brand?post=2384"},{"taxonomy":"product_cat","embeddable":true,"href":"https:\/\/store.droneway.ma\/index.php\/wp-json\/wp\/v2\/product_cat?post=2384"},{"taxonomy":"product_tag","embeddable":true,"href":"https:\/\/store.droneway.ma\/index.php\/wp-json\/wp\/v2\/product_tag?post=2384"}],"curies":[{"name":"wp","href":"https:\/\/api.w.org\/{rel}","templated":true}]}}