{"id":2374,"date":"2020-11-21T19:11:04","date_gmt":"2020-11-21T18:11:04","guid":{"rendered":"http:\/\/store.droneway.ma\/index.php\/produit\/caisson-etanche-pour-dji-pocket-2\/"},"modified":"2020-11-21T19:11:19","modified_gmt":"2020-11-21T18:11:19","slug":"caisson-etanche-pour-dji-pocket-2","status":"publish","type":"product","link":"https:\/\/store.droneway.ma\/index.php\/produit\/caisson-etanche-pour-dji-pocket-2\/","title":{"rendered":"Caisson \u00e9tanche pour DJI Pocket 2"},"content":{"rendered":"<p>Ce bo\u00eetier \u00e9tanche DJI prot\u00e8ge le DJI Pocket 2 et permet la prise de photos et de vid\u00e9os sous l\u2019eau (jusqu\u2019\u00e0 60 m de profondeur) et ce, sans distorsion ni reflet.  Les boutons du bo\u00eetier \u00e9tanche peuvent d\u00e9clencher les boutons de l\u2019obturateur\/enregistrement et d\u2019alimentation du DJI Pocket 2 et les supports de fixation du bo\u00eetier sont compatibles avec d\u2019autres accessoires.  Note : Le caisson est \u00e9galement compatible avec le DJI Osmo Pocket.<\/p>\n","protected":false},"excerpt":{"rendered":"<p>Etanche jusqu&rsquo;\u00e0 60 m\u00a0  Installation ais\u00e9e<\/p>\n","protected":false},"featured_media":2375,"template":"","meta":{"content-type":"","rop_custom_images_group":[],"rop_custom_messages_group":[],"rop_publish_now":"initial","rop_publish_now_accounts":[],"rop_publish_now_history":[],"rop_publish_now_status":"pending"},"product_brand":[],"product_cat":[23,60],"product_tag":[],"class_list":{"0":"post-2374","1":"product","2":"type-product","3":"status-publish","4":"has-post-thumbnail","6":"product_cat-dji-osmo","7":"product_cat-osmo-pocket","9":"first","10":"instock","11":"purchasable","12":"product-type-simple"},"jetpack-related-posts":[{"id":2298,"url":"https:\/\/store.droneway.ma\/index.php\/produit\/caisson-etanche-dji-pour-osmo-action-dji\/","url_meta":{"origin":2374,"position":0},"title":"Caisson \u00e9tanche DJI pour Osmo Action &#8211; DJI","author":"admin","date":"21 novembre 2020","format":false,"excerpt":"\u00c9tanche jusqu\u2019\u00e0 60 m\u00e8tres de profondeur Verre \u00e0 haute r\u00e9sistance Affichage clair","rel":"","context":"Article similaire","block_context":{"text":"Article similaire","link":""},"img":{"alt_text":"Caisson \u00e9tanche DJI pour Osmo Action - DJI","src":"https:\/\/i0.wp.com\/store.droneway.ma\/wp-content\/uploads\/2020\/11\/caisson-etanche-dji-pour-osmo-action-dji-p-image-213105-grande.jpg?resize=350%2C200&ssl=1","width":350,"height":200,"srcset":"https:\/\/i0.wp.com\/store.droneway.ma\/wp-content\/uploads\/2020\/11\/caisson-etanche-dji-pour-osmo-action-dji-p-image-213105-grande.jpg?resize=350%2C200&ssl=1 1x, https:\/\/i0.wp.com\/store.droneway.ma\/wp-content\/uploads\/2020\/11\/caisson-etanche-dji-pour-osmo-action-dji-p-image-213105-grande.jpg?resize=525%2C300&ssl=1 1.5x"},"classes":[]},{"id":2400,"url":"https:\/\/store.droneway.ma\/index.php\/produit\/microphone-sans-fil-pour-dji-pocket-2-2\/","url_meta":{"origin":2374,"position":1},"title":"Microphone sans-fil pour DJI Pocket 2","author":"admin","date":"21 novembre 2020","format":false,"excerpt":"Compatible DJI Pocket 2 Prise de son professionnelle Port jack 3.5 mm Clip pour fixation sur v\u00eatement Contr\u00f4le de l'obturateur \u00e0 distance","rel":"","context":"Article similaire","block_context":{"text":"Article similaire","link":""},"img":{"alt_text":"Microphone sans-fil pour DJI Pocket 2","src":"https:\/\/i0.wp.com\/store.droneway.ma\/wp-content\/uploads\/2020\/11\/Microphone-sans-fil-pour-DJI-Pocket-2.jpg?resize=350%2C200&ssl=1","width":350,"height":200,"srcset":"https:\/\/i0.wp.com\/store.droneway.ma\/wp-content\/uploads\/2020\/11\/Microphone-sans-fil-pour-DJI-Pocket-2.jpg?resize=350%2C200&ssl=1 1x, https:\/\/i0.wp.com\/store.droneway.ma\/wp-content\/uploads\/2020\/11\/Microphone-sans-fil-pour-DJI-Pocket-2.jpg?resize=525%2C300&ssl=1 1.5x, https:\/\/i0.wp.com\/store.droneway.ma\/wp-content\/uploads\/2020\/11\/Microphone-sans-fil-pour-DJI-Pocket-2.jpg?resize=700%2C400&ssl=1 2x"},"classes":[]},{"id":2364,"url":"https:\/\/store.droneway.ma\/index.php\/produit\/microphone-sans-fil-pour-dji-pocket-2\/","url_meta":{"origin":2374,"position":2},"title":"Microphone sans-fil pour DJI Pocket 2","author":"admin","date":"21 novembre 2020","format":false,"excerpt":"Compatible DJI Pocket 2 Prise de son professionnelle Port jack 3.5 mm Clip pour fixation sur v\u00eatement Contr\u00f4le de l'obturateur \u00e0 distance","rel":"","context":"Article similaire","block_context":{"text":"Article similaire","link":""},"img":{"alt_text":"Microphone sans-fil pour DJI Pocket 2","src":"https:\/\/i0.wp.com\/store.droneway.ma\/wp-content\/uploads\/2020\/11\/Microphone-sans-fil-pour-DJI-Pocket-2.jpg?resize=350%2C200&ssl=1","width":350,"height":200,"srcset":"https:\/\/i0.wp.com\/store.droneway.ma\/wp-content\/uploads\/2020\/11\/Microphone-sans-fil-pour-DJI-Pocket-2.jpg?resize=350%2C200&ssl=1 1x, https:\/\/i0.wp.com\/store.droneway.ma\/wp-content\/uploads\/2020\/11\/Microphone-sans-fil-pour-DJI-Pocket-2.jpg?resize=525%2C300&ssl=1 1.5x, https:\/\/i0.wp.com\/store.droneway.ma\/wp-content\/uploads\/2020\/11\/Microphone-sans-fil-pour-DJI-Pocket-2.jpg?resize=700%2C400&ssl=1 2x"},"classes":[]},{"id":2370,"url":"https:\/\/store.droneway.ma\/index.php\/produit\/mini-joystick-pour-dji-pocket-2\/","url_meta":{"origin":2374,"position":3},"title":"Mini joystick pour DJI Pocket 2","author":"admin","date":"21 novembre 2020","format":false,"excerpt":"Pi\u00e8ce d'origine Compatible Pocket 2 G\u00e8re l'orientation de la nacelle ainsi que le zoom","rel":"","context":"Article similaire","block_context":{"text":"Article similaire","link":""},"img":{"alt_text":"Mini joystick pour DJI Pocket 2","src":"https:\/\/i0.wp.com\/store.droneway.ma\/wp-content\/uploads\/2020\/11\/Mini-joystick-pour-DJI-Pocket-2.jpg?resize=350%2C200&ssl=1","width":350,"height":200,"srcset":"https:\/\/i0.wp.com\/store.droneway.ma\/wp-content\/uploads\/2020\/11\/Mini-joystick-pour-DJI-Pocket-2.jpg?resize=350%2C200&ssl=1 1x, https:\/\/i0.wp.com\/store.droneway.ma\/wp-content\/uploads\/2020\/11\/Mini-joystick-pour-DJI-Pocket-2.jpg?resize=525%2C300&ssl=1 1.5x, https:\/\/i0.wp.com\/store.droneway.ma\/wp-content\/uploads\/2020\/11\/Mini-joystick-pour-DJI-Pocket-2.jpg?resize=700%2C400&ssl=1 2x"},"classes":[]},{"id":2386,"url":"https:\/\/store.droneway.ma\/index.php\/produit\/etui-de-recharge-pour-dji-pocket-2\/","url_meta":{"origin":2374,"position":4},"title":"\u00c9tui de recharge pour DJI Pocket 2","author":"admin","date":"21 novembre 2020","format":false,"excerpt":"accessoire indispensable \u00e9tui design et \u00e9l\u00e9gant batterie de 1500mAh : peut recharger la cam\u00e9ra 1,5 fois possibilit\u00e9 d'y stocker de petits accessoires","rel":"","context":"Article similaire","block_context":{"text":"Article similaire","link":""},"img":{"alt_text":"\u00c9tui de recharge pour DJI Pocket 2","src":"https:\/\/i0.wp.com\/store.droneway.ma\/wp-content\/uploads\/2020\/11\/Etui-de-recharge-pour-DJI-Pocket-2.jpg?resize=350%2C200&ssl=1","width":350,"height":200,"srcset":"https:\/\/i0.wp.com\/store.droneway.ma\/wp-content\/uploads\/2020\/11\/Etui-de-recharge-pour-DJI-Pocket-2.jpg?resize=350%2C200&ssl=1 1x, https:\/\/i0.wp.com\/store.droneway.ma\/wp-content\/uploads\/2020\/11\/Etui-de-recharge-pour-DJI-Pocket-2.jpg?resize=525%2C300&ssl=1 1.5x, https:\/\/i0.wp.com\/store.droneway.ma\/wp-content\/uploads\/2020\/11\/Etui-de-recharge-pour-DJI-Pocket-2.jpg?resize=700%2C400&ssl=1 2x"},"classes":[]},{"id":2356,"url":"https:\/\/store.droneway.ma\/index.php\/produit\/molette-de-controle-pour-dji-osmo-pocket-pocket-2\/","url_meta":{"origin":2374,"position":5},"title":"Molette de contr\u00f4le pour DJI Osmo Pocket\/Pocket 2","author":"admin","date":"21 novembre 2020","format":false,"excerpt":"Contr\u00f4le pr\u00e9cis du tilt et du pan Changement des modes via le bouton de commande Recentrage de la nacelle","rel":"","context":"Article similaire","block_context":{"text":"Article similaire","link":""},"img":{"alt_text":"Molette de contr\u00f4le pour DJI Osmo Pocket\/Pocket 2","src":"https:\/\/i0.wp.com\/store.droneway.ma\/wp-content\/uploads\/2020\/11\/molette-de-controle-dji-osmo-pocket-p-image-203788-grande.jpg?resize=350%2C200&ssl=1","width":350,"height":200,"srcset":"https:\/\/i0.wp.com\/store.droneway.ma\/wp-content\/uploads\/2020\/11\/molette-de-controle-dji-osmo-pocket-p-image-203788-grande.jpg?resize=350%2C200&ssl=1 1x, https:\/\/i0.wp.com\/store.droneway.ma\/wp-content\/uploads\/2020\/11\/molette-de-controle-dji-osmo-pocket-p-image-203788-grande.jpg?resize=525%2C300&ssl=1 1.5x"},"classes":[]}],"jetpack_sharing_enabled":true,"_links":{"self":[{"href":"https:\/\/store.droneway.ma\/index.php\/wp-json\/wp\/v2\/product\/2374","targetHints":{"allow":["GET"]}}],"collection":[{"href":"https:\/\/store.droneway.ma\/index.php\/wp-json\/wp\/v2\/product"}],"about":[{"href":"https:\/\/store.droneway.ma\/index.php\/wp-json\/wp\/v2\/types\/product"}],"wp:featuredmedia":[{"embeddable":true,"href":"https:\/\/store.droneway.ma\/index.php\/wp-json\/wp\/v2\/media\/2375"}],"wp:attachment":[{"href":"https:\/\/store.droneway.ma\/index.php\/wp-json\/wp\/v2\/media?parent=2374"}],"wp:term":[{"taxonomy":"product_brand","embeddable":true,"href":"https:\/\/store.droneway.ma\/index.php\/wp-json\/wp\/v2\/product_brand?post=2374"},{"taxonomy":"product_cat","embeddable":true,"href":"https:\/\/store.droneway.ma\/index.php\/wp-json\/wp\/v2\/product_cat?post=2374"},{"taxonomy":"product_tag","embeddable":true,"href":"https:\/\/store.droneway.ma\/index.php\/wp-json\/wp\/v2\/product_tag?post=2374"}],"curies":[{"name":"wp","href":"https:\/\/api.w.org\/{rel}","templated":true}]}}