{"id":2370,"date":"2020-11-21T19:11:04","date_gmt":"2020-11-21T18:11:04","guid":{"rendered":"http:\/\/store.droneway.ma\/index.php\/produit\/mini-joystick-pour-dji-pocket-2\/"},"modified":"2020-11-21T19:11:04","modified_gmt":"2020-11-21T18:11:04","slug":"mini-joystick-pour-dji-pocket-2","status":"publish","type":"product","link":"https:\/\/store.droneway.ma\/index.php\/produit\/mini-joystick-pour-dji-pocket-2\/","title":{"rendered":"Mini joystick pour DJI Pocket 2"},"content":{"rendered":"<p>Le mini joystick pour DJI Pocket 2 est un accessoire indispensable pour des prises de vue sans smartphone.  L&rsquo;accessoire se fixe au port de connexion sous l&rsquo;\u00e9cran du DJI Pocket 2. Il est \u00e9quip\u00e9 d&rsquo;un joystick et d&rsquo;un bouton. Vous pourrez ainsi g\u00e9rer l&rsquo;orientation de la cam\u00e9ra ainsi que le zoom depuis ce biais.  Il s&rsquo;agit de la pi\u00e8ce officielle fournie avec le DJI Pocket 2 (seul et dans le Creative Combo).<\/p>\n","protected":false},"excerpt":{"rendered":"<p>Pi\u00e8ce d&rsquo;origine  Compatible Pocket 2  G\u00e8re l&rsquo;orientation de la nacelle ainsi que le zoom<\/p>\n","protected":false},"featured_media":2371,"template":"","meta":{"content-type":"","rop_custom_images_group":[],"rop_custom_messages_group":[],"rop_publish_now":"initial","rop_publish_now_accounts":[],"rop_publish_now_history":[],"rop_publish_now_status":"pending"},"product_brand":[],"product_cat":[23,60],"product_tag":[],"class_list":{"0":"post-2370","1":"product","2":"type-product","3":"status-publish","4":"has-post-thumbnail","6":"product_cat-dji-osmo","7":"product_cat-osmo-pocket","9":"first","10":"instock","11":"purchasable","12":"product-type-simple"},"jetpack-related-posts":[{"id":2354,"url":"https:\/\/store.droneway.ma\/index.php\/produit\/barre-dextension-pour-dji-osmo-pocket-et-pocket-2-2\/","url_meta":{"origin":2370,"position":0},"title":"Barre d&rsquo;extension pour DJI Osmo Pocket et Pocket 2","author":"admin","date":"21 novembre 2020","format":false,"excerpt":"Permet des prises de vues in\u00e9dites Boutons et joystick de commande sur la poign\u00e9e Support smartphone pour b\u00e9n\u00e9ficier du retour vid\u00e9o Dispose d'un pas de vis 1\/4\" pour ajout d'accessoires","rel":"","context":"Article similaire","block_context":{"text":"Article similaire","link":""},"img":{"alt_text":"Barre d'extension pour DJI Osmo Pocket et Pocket 2","src":"https:\/\/i0.wp.com\/store.droneway.ma\/wp-content\/uploads\/2020\/11\/barre-d-extension-pour-dji-osmo-pocket-p-image-210681-grande.jpg?resize=350%2C200&ssl=1","width":350,"height":200,"srcset":"https:\/\/i0.wp.com\/store.droneway.ma\/wp-content\/uploads\/2020\/11\/barre-d-extension-pour-dji-osmo-pocket-p-image-210681-grande.jpg?resize=350%2C200&ssl=1 1x, https:\/\/i0.wp.com\/store.droneway.ma\/wp-content\/uploads\/2020\/11\/barre-d-extension-pour-dji-osmo-pocket-p-image-210681-grande.jpg?resize=525%2C300&ssl=1 1.5x, https:\/\/i0.wp.com\/store.droneway.ma\/wp-content\/uploads\/2020\/11\/barre-d-extension-pour-dji-osmo-pocket-p-image-210681-grande.jpg?resize=700%2C400&ssl=1 2x"},"classes":[]},{"id":2338,"url":"https:\/\/store.droneway.ma\/index.php\/produit\/barre-dextension-pour-dji-osmo-pocket-et-pocket-2\/","url_meta":{"origin":2370,"position":1},"title":"Barre d&rsquo;extension pour DJI Osmo Pocket et Pocket 2","author":"admin","date":"21 novembre 2020","format":false,"excerpt":"Permet des prises de vues in\u00e9dites Boutons et joystick de commande sur la poign\u00e9e Support smartphone pour b\u00e9n\u00e9ficier du retour vid\u00e9o Dispose d'un pas de vis 1\/4\" pour ajout d'accessoires","rel":"","context":"Article similaire","block_context":{"text":"Article similaire","link":""},"img":{"alt_text":"Barre d'extension pour DJI Osmo Pocket et Pocket 2","src":"https:\/\/i0.wp.com\/store.droneway.ma\/wp-content\/uploads\/2020\/11\/barre-d-extension-pour-dji-osmo-pocket-p-image-210681-grande.jpg?resize=350%2C200&ssl=1","width":350,"height":200,"srcset":"https:\/\/i0.wp.com\/store.droneway.ma\/wp-content\/uploads\/2020\/11\/barre-d-extension-pour-dji-osmo-pocket-p-image-210681-grande.jpg?resize=350%2C200&ssl=1 1x, https:\/\/i0.wp.com\/store.droneway.ma\/wp-content\/uploads\/2020\/11\/barre-d-extension-pour-dji-osmo-pocket-p-image-210681-grande.jpg?resize=525%2C300&ssl=1 1.5x, https:\/\/i0.wp.com\/store.droneway.ma\/wp-content\/uploads\/2020\/11\/barre-d-extension-pour-dji-osmo-pocket-p-image-210681-grande.jpg?resize=700%2C400&ssl=1 2x"},"classes":[]},{"id":2343,"url":"https:\/\/store.droneway.ma\/index.php\/produit\/mini-trepied-pour-dji-pocket-2\/","url_meta":{"origin":2370,"position":2},"title":"Mini tr\u00e9pied pour DJI Pocket 2","author":"admin","date":"21 novembre 2020","format":false,"excerpt":"Compatible DJI Pocket 2 Pliable Montage rapide","rel":"","context":"Article similaire","block_context":{"text":"Article similaire","link":""},"img":{"alt_text":"Mini tr\u00e9pied pour DJI Pocket 2","src":"https:\/\/i0.wp.com\/store.droneway.ma\/wp-content\/uploads\/2020\/11\/Mini-trepied-pour-DJI-Pocket-2.jpg?resize=350%2C200&ssl=1","width":350,"height":200,"srcset":"https:\/\/i0.wp.com\/store.droneway.ma\/wp-content\/uploads\/2020\/11\/Mini-trepied-pour-DJI-Pocket-2.jpg?resize=350%2C200&ssl=1 1x, https:\/\/i0.wp.com\/store.droneway.ma\/wp-content\/uploads\/2020\/11\/Mini-trepied-pour-DJI-Pocket-2.jpg?resize=525%2C300&ssl=1 1.5x, https:\/\/i0.wp.com\/store.droneway.ma\/wp-content\/uploads\/2020\/11\/Mini-trepied-pour-DJI-Pocket-2.jpg?resize=700%2C400&ssl=1 2x, https:\/\/i0.wp.com\/store.droneway.ma\/wp-content\/uploads\/2020\/11\/Mini-trepied-pour-DJI-Pocket-2.jpg?resize=1050%2C600&ssl=1 3x"},"classes":[]},{"id":2384,"url":"https:\/\/store.droneway.ma\/index.php\/produit\/mini-trepied-pour-dji-pocket-2-2\/","url_meta":{"origin":2370,"position":3},"title":"Mini tr\u00e9pied pour DJI Pocket 2","author":"admin","date":"21 novembre 2020","format":false,"excerpt":"Compatible DJI Pocket 2 Pliable Montage rapide","rel":"","context":"Article similaire","block_context":{"text":"Article similaire","link":""},"img":{"alt_text":"Mini tr\u00e9pied pour DJI Pocket 2","src":"https:\/\/i0.wp.com\/store.droneway.ma\/wp-content\/uploads\/2020\/11\/Mini-trepied-pour-DJI-Pocket-2.jpg?resize=350%2C200&ssl=1","width":350,"height":200,"srcset":"https:\/\/i0.wp.com\/store.droneway.ma\/wp-content\/uploads\/2020\/11\/Mini-trepied-pour-DJI-Pocket-2.jpg?resize=350%2C200&ssl=1 1x, https:\/\/i0.wp.com\/store.droneway.ma\/wp-content\/uploads\/2020\/11\/Mini-trepied-pour-DJI-Pocket-2.jpg?resize=525%2C300&ssl=1 1.5x, https:\/\/i0.wp.com\/store.droneway.ma\/wp-content\/uploads\/2020\/11\/Mini-trepied-pour-DJI-Pocket-2.jpg?resize=700%2C400&ssl=1 2x, https:\/\/i0.wp.com\/store.droneway.ma\/wp-content\/uploads\/2020\/11\/Mini-trepied-pour-DJI-Pocket-2.jpg?resize=1050%2C600&ssl=1 3x"},"classes":[]},{"id":2327,"url":"https:\/\/store.droneway.ma\/index.php\/produit\/dji-pocket-2\/","url_meta":{"origin":2370,"position":4},"title":"DJI Pocket 2","author":"admin","date":"21 novembre 2020","format":false,"excerpt":"Vid\u00e9o 4K 60i\/s\u00a0 Capteur 64 MP \/ 1\/1.7\" Stabilisateur de poche (compact et l\u00e9ger) Application smartphone d\u00e9di\u00e9e\u00a0 Glamour effect \/ Active Track 3.0 \/ Panorama... DJI Matrix Stereo","rel":"","context":"Article similaire","block_context":{"text":"Article similaire","link":""},"img":{"alt_text":"DJI Pocket 2","src":"https:\/\/i0.wp.com\/store.droneway.ma\/wp-content\/uploads\/2020\/11\/dji-pocket-2-p-image-220466-grande.jpg?resize=350%2C200&ssl=1","width":350,"height":200,"srcset":"https:\/\/i0.wp.com\/store.droneway.ma\/wp-content\/uploads\/2020\/11\/dji-pocket-2-p-image-220466-grande.jpg?resize=350%2C200&ssl=1 1x, https:\/\/i0.wp.com\/store.droneway.ma\/wp-content\/uploads\/2020\/11\/dji-pocket-2-p-image-220466-grande.jpg?resize=525%2C300&ssl=1 1.5x, https:\/\/i0.wp.com\/store.droneway.ma\/wp-content\/uploads\/2020\/11\/dji-pocket-2-p-image-220466-grande.jpg?resize=700%2C400&ssl=1 2x, https:\/\/i0.wp.com\/store.droneway.ma\/wp-content\/uploads\/2020\/11\/dji-pocket-2-p-image-220466-grande.jpg?resize=1050%2C600&ssl=1 3x"},"classes":[]},{"id":2385,"url":"https:\/\/store.droneway.ma\/index.php\/produit\/support-smartphone-pour-dji-pocket-2-2\/","url_meta":{"origin":2370,"position":5},"title":"Support smartphone pour DJI Pocket 2","author":"admin","date":"21 novembre 2020","format":false,"excerpt":"Maintient le smartphone et le DJI Pocket 2 ensemble Pas de vis 1\/4\" pour fixation sur tr\u00e9pied Cold shoe pour l'ajout de micro ou de LED Conception robuste","rel":"","context":"Article similaire","block_context":{"text":"Article similaire","link":""},"img":{"alt_text":"Support smartphone pour DJI Pocket 2","src":"https:\/\/i0.wp.com\/store.droneway.ma\/wp-content\/uploads\/2020\/11\/Support-smartphone-pour-DJI-Pocket-2.jpg?resize=350%2C200&ssl=1","width":350,"height":200,"srcset":"https:\/\/i0.wp.com\/store.droneway.ma\/wp-content\/uploads\/2020\/11\/Support-smartphone-pour-DJI-Pocket-2.jpg?resize=350%2C200&ssl=1 1x, https:\/\/i0.wp.com\/store.droneway.ma\/wp-content\/uploads\/2020\/11\/Support-smartphone-pour-DJI-Pocket-2.jpg?resize=525%2C300&ssl=1 1.5x, https:\/\/i0.wp.com\/store.droneway.ma\/wp-content\/uploads\/2020\/11\/Support-smartphone-pour-DJI-Pocket-2.jpg?resize=700%2C400&ssl=1 2x"},"classes":[]}],"jetpack_sharing_enabled":true,"_links":{"self":[{"href":"https:\/\/store.droneway.ma\/index.php\/wp-json\/wp\/v2\/product\/2370","targetHints":{"allow":["GET"]}}],"collection":[{"href":"https:\/\/store.droneway.ma\/index.php\/wp-json\/wp\/v2\/product"}],"about":[{"href":"https:\/\/store.droneway.ma\/index.php\/wp-json\/wp\/v2\/types\/product"}],"wp:featuredmedia":[{"embeddable":true,"href":"https:\/\/store.droneway.ma\/index.php\/wp-json\/wp\/v2\/media\/2371"}],"wp:attachment":[{"href":"https:\/\/store.droneway.ma\/index.php\/wp-json\/wp\/v2\/media?parent=2370"}],"wp:term":[{"taxonomy":"product_brand","embeddable":true,"href":"https:\/\/store.droneway.ma\/index.php\/wp-json\/wp\/v2\/product_brand?post=2370"},{"taxonomy":"product_cat","embeddable":true,"href":"https:\/\/store.droneway.ma\/index.php\/wp-json\/wp\/v2\/product_cat?post=2370"},{"taxonomy":"product_tag","embeddable":true,"href":"https:\/\/store.droneway.ma\/index.php\/wp-json\/wp\/v2\/product_tag?post=2370"}],"curies":[{"name":"wp","href":"https:\/\/api.w.org\/{rel}","templated":true}]}}