{"id":2364,"date":"2020-11-21T19:10:58","date_gmt":"2020-11-21T18:10:58","guid":{"rendered":"http:\/\/store.droneway.ma\/index.php\/produit\/microphone-sans-fil-pour-dji-pocket-2\/"},"modified":"2020-11-21T19:10:58","modified_gmt":"2020-11-21T18:10:58","slug":"microphone-sans-fil-pour-dji-pocket-2","status":"publish","type":"product","link":"https:\/\/store.droneway.ma\/index.php\/produit\/microphone-sans-fil-pour-dji-pocket-2\/","title":{"rendered":"Microphone sans-fil pour DJI Pocket 2"},"content":{"rendered":"<p>Le microphone sans-fil pour DJI Pocket 2 permet une prise de son de qualit\u00e9 professionnelle.  Le petit bo\u00eetier \u00e9metteur se connecte au r\u00e9cepteur contenu dans le poign\u00e9e multi-usage Do-It-All du DJI Pocket 2. Son autonomie est de 6 heures. Le bouton d&rsquo;appairage peut contr\u00f4ler l&rsquo;obturateur.\u00a0  Un clip \u00e0 l&rsquo;arri\u00e8re du microphone permet la fixation sur les v\u00eatements. Il est \u00e9quip\u00e9 d&rsquo;un port jack 3.5mm pour l&rsquo;ajout d&rsquo;un micro cravate. Une bonnette anti-vent est fournie et permet d&rsquo;\u00e9liminer les bruit en ext\u00e9rieur comme le vent.  Note : La poign\u00e9e multi-usage pour DJI Pocket 2 est n\u00e9cessaire pour faire fonctionner ce microphone.<\/p>\n","protected":false},"excerpt":{"rendered":"<p>Compatible DJI Pocket 2  Prise de son professionnelle  Port jack 3.5 mm  Clip pour fixation sur v\u00eatement  Contr\u00f4le de l&rsquo;obturateur \u00e0 distance<\/p>\n","protected":false},"featured_media":2365,"template":"","meta":{"content-type":"","rop_custom_images_group":[],"rop_custom_messages_group":[],"rop_publish_now":"initial","rop_publish_now_accounts":[],"rop_publish_now_history":[],"rop_publish_now_status":"pending"},"product_brand":[],"product_cat":[23,60],"product_tag":[],"class_list":{"0":"post-2364","1":"product","2":"type-product","3":"status-publish","4":"has-post-thumbnail","6":"product_cat-dji-osmo","7":"product_cat-osmo-pocket","9":"first","10":"instock","11":"purchasable","12":"product-type-simple"},"jetpack-related-posts":[{"id":2400,"url":"https:\/\/store.droneway.ma\/index.php\/produit\/microphone-sans-fil-pour-dji-pocket-2-2\/","url_meta":{"origin":2364,"position":0},"title":"Microphone sans-fil pour DJI Pocket 2","author":"admin","date":"21 novembre 2020","format":false,"excerpt":"Compatible DJI Pocket 2 Prise de son professionnelle Port jack 3.5 mm Clip pour fixation sur v\u00eatement Contr\u00f4le de l'obturateur \u00e0 distance","rel":"","context":"Article similaire","block_context":{"text":"Article similaire","link":""},"img":{"alt_text":"Microphone sans-fil pour DJI Pocket 2","src":"https:\/\/i0.wp.com\/store.droneway.ma\/wp-content\/uploads\/2020\/11\/Microphone-sans-fil-pour-DJI-Pocket-2.jpg?resize=350%2C200&ssl=1","width":350,"height":200,"srcset":"https:\/\/i0.wp.com\/store.droneway.ma\/wp-content\/uploads\/2020\/11\/Microphone-sans-fil-pour-DJI-Pocket-2.jpg?resize=350%2C200&ssl=1 1x, https:\/\/i0.wp.com\/store.droneway.ma\/wp-content\/uploads\/2020\/11\/Microphone-sans-fil-pour-DJI-Pocket-2.jpg?resize=525%2C300&ssl=1 1.5x, https:\/\/i0.wp.com\/store.droneway.ma\/wp-content\/uploads\/2020\/11\/Microphone-sans-fil-pour-DJI-Pocket-2.jpg?resize=700%2C400&ssl=1 2x"},"classes":[]},{"id":2359,"url":"https:\/\/store.droneway.ma\/index.php\/produit\/poignee-multi-usage-pour-dji-pocket-2\/","url_meta":{"origin":2364,"position":1},"title":"Poign\u00e9e multi-usage pour DJI Pocket 2","author":"admin","date":"21 novembre 2020","format":false,"excerpt":"Compatible DJI Pocket 2 R\u00e9cepteur audio microphone Emetteur WiFi\/Bluetooth pour contr\u00f4le \u00e0 distance Haut-parleur inclus Nombreuses connectiques","rel":"","context":"Article similaire","block_context":{"text":"Article similaire","link":""},"img":{"alt_text":"Poign\u00e9e multi-usage pour DJI Pocket 2","src":"https:\/\/i0.wp.com\/store.droneway.ma\/wp-content\/uploads\/2020\/11\/Poignee-multi-usage-pour-DJI-Pocket-2.jpg?resize=350%2C200&ssl=1","width":350,"height":200,"srcset":"https:\/\/i0.wp.com\/store.droneway.ma\/wp-content\/uploads\/2020\/11\/Poignee-multi-usage-pour-DJI-Pocket-2.jpg?resize=350%2C200&ssl=1 1x, https:\/\/i0.wp.com\/store.droneway.ma\/wp-content\/uploads\/2020\/11\/Poignee-multi-usage-pour-DJI-Pocket-2.jpg?resize=525%2C300&ssl=1 1.5x, https:\/\/i0.wp.com\/store.droneway.ma\/wp-content\/uploads\/2020\/11\/Poignee-multi-usage-pour-DJI-Pocket-2.jpg?resize=700%2C400&ssl=1 2x, https:\/\/i0.wp.com\/store.droneway.ma\/wp-content\/uploads\/2020\/11\/Poignee-multi-usage-pour-DJI-Pocket-2.jpg?resize=1050%2C600&ssl=1 3x, https:\/\/i0.wp.com\/store.droneway.ma\/wp-content\/uploads\/2020\/11\/Poignee-multi-usage-pour-DJI-Pocket-2.jpg?resize=1400%2C800&ssl=1 4x"},"classes":[]},{"id":2355,"url":"https:\/\/store.droneway.ma\/index.php\/produit\/adaptateur-microphone-jack-3-5mm-dji-osmo-pocket-et-pocket-2\/","url_meta":{"origin":2364,"position":2},"title":"Adaptateur microphone jack 3.5mm DJI Osmo Pocket et Pocket 2","author":"admin","date":"21 novembre 2020","format":false,"excerpt":"Cet adaptateur 3,5mm vous permettra de connecter un micro externe sur votre stabilisateur DJI Osmo Pocket\/Pocket 2 ! Simple \u00e0 mettre en \u0153uvre, cet adaptateur se connecte directement sur le port USB Type C de l'Osmo Pocket\/Pocket 2. Note : ces deux accessoires, \"module sans fil pour DJI Osmo Pocket\"\u2026","rel":"","context":"Article similaire","block_context":{"text":"Article similaire","link":""},"img":{"alt_text":"Adaptateur microphone jack 3.5mm DJI Osmo Pocket et Pocket 2","src":"https:\/\/i0.wp.com\/store.droneway.ma\/wp-content\/uploads\/2020\/11\/adaptateur-microphone-35mm-dji-osmo-pocket-p-image-206560-grande.jpg?resize=350%2C200&ssl=1","width":350,"height":200,"srcset":"https:\/\/i0.wp.com\/store.droneway.ma\/wp-content\/uploads\/2020\/11\/adaptateur-microphone-35mm-dji-osmo-pocket-p-image-206560-grande.jpg?resize=350%2C200&ssl=1 1x, https:\/\/i0.wp.com\/store.droneway.ma\/wp-content\/uploads\/2020\/11\/adaptateur-microphone-35mm-dji-osmo-pocket-p-image-206560-grande.jpg?resize=525%2C300&ssl=1 1.5x"},"classes":[]},{"id":2328,"url":"https:\/\/store.droneway.ma\/index.php\/produit\/dji-pocket-2-creator-combo\/","url_meta":{"origin":2364,"position":3},"title":"DJI Pocket 2 Creator Combo","author":"admin","date":"21 novembre 2020","format":false,"excerpt":"Kit complet : cam\u00e9ra + accessoires cr\u00e9atifs Microphone performant, mini tr\u00e9pied et objectif grand angle Capteur CMOS 1\/1,7 pouce Vid\u00e9o 4K60p \/ Photos 64 MP DJI Matrix Stereo : son bluffant Editeur d'IA dans DJI Mimo","rel":"","context":"Article similaire","block_context":{"text":"Article similaire","link":""},"img":{"alt_text":"DJI Pocket 2 Creator Combo","src":"https:\/\/i0.wp.com\/store.droneway.ma\/wp-content\/uploads\/2020\/11\/dji-pocket-2-creator-combo-p-image-220477-grande.jpg?resize=350%2C200&ssl=1","width":350,"height":200,"srcset":"https:\/\/i0.wp.com\/store.droneway.ma\/wp-content\/uploads\/2020\/11\/dji-pocket-2-creator-combo-p-image-220477-grande.jpg?resize=350%2C200&ssl=1 1x, https:\/\/i0.wp.com\/store.droneway.ma\/wp-content\/uploads\/2020\/11\/dji-pocket-2-creator-combo-p-image-220477-grande.jpg?resize=525%2C300&ssl=1 1.5x, https:\/\/i0.wp.com\/store.droneway.ma\/wp-content\/uploads\/2020\/11\/dji-pocket-2-creator-combo-p-image-220477-grande.jpg?resize=700%2C400&ssl=1 2x"},"classes":[]},{"id":2352,"url":"https:\/\/store.droneway.ma\/index.php\/produit\/module-sans-fil-pour-dji-osmo-pocket-et-pocket-2\/","url_meta":{"origin":2364,"position":4},"title":"Module sans fil pour DJI Osmo Pocket et Pocket 2","author":"admin","date":"21 novembre 2020","format":false,"excerpt":"Connexion sans fil entre votre smartphone et l'Osmo Pocket\/Pocket 2 Connexion sans fil WiFi et Bluetooth Permet de recharger votre DJI Osmo Pocket\/Pocket 2 Peut servir de support pour poser sur une surface plane","rel":"","context":"Article similaire","block_context":{"text":"Article similaire","link":""},"img":{"alt_text":"Module sans fil pour DJI Osmo Pocket et Pocket 2","src":"https:\/\/i0.wp.com\/store.droneway.ma\/wp-content\/uploads\/2020\/11\/module-sans-fil-dji-osmo-pocket-p-image-203774-grande.jpg?resize=350%2C200&ssl=1","width":350,"height":200,"srcset":"https:\/\/i0.wp.com\/store.droneway.ma\/wp-content\/uploads\/2020\/11\/module-sans-fil-dji-osmo-pocket-p-image-203774-grande.jpg?resize=350%2C200&ssl=1 1x, https:\/\/i0.wp.com\/store.droneway.ma\/wp-content\/uploads\/2020\/11\/module-sans-fil-dji-osmo-pocket-p-image-203774-grande.jpg?resize=525%2C300&ssl=1 1.5x"},"classes":[]},{"id":2374,"url":"https:\/\/store.droneway.ma\/index.php\/produit\/caisson-etanche-pour-dji-pocket-2\/","url_meta":{"origin":2364,"position":5},"title":"Caisson \u00e9tanche pour DJI Pocket 2","author":"admin","date":"21 novembre 2020","format":false,"excerpt":"Etanche jusqu'\u00e0 60 m\u00a0 Installation ais\u00e9e","rel":"","context":"Article similaire","block_context":{"text":"Article similaire","link":""},"img":{"alt_text":"Caisson \u00e9tanche pour DJI Pocket 2","src":"https:\/\/i0.wp.com\/store.droneway.ma\/wp-content\/uploads\/2020\/11\/Caisson-etanche-pour-DJI-Pocket-2.jpg?resize=350%2C200&ssl=1","width":350,"height":200,"srcset":"https:\/\/i0.wp.com\/store.droneway.ma\/wp-content\/uploads\/2020\/11\/Caisson-etanche-pour-DJI-Pocket-2.jpg?resize=350%2C200&ssl=1 1x, https:\/\/i0.wp.com\/store.droneway.ma\/wp-content\/uploads\/2020\/11\/Caisson-etanche-pour-DJI-Pocket-2.jpg?resize=525%2C300&ssl=1 1.5x, https:\/\/i0.wp.com\/store.droneway.ma\/wp-content\/uploads\/2020\/11\/Caisson-etanche-pour-DJI-Pocket-2.jpg?resize=700%2C400&ssl=1 2x"},"classes":[]}],"jetpack_sharing_enabled":true,"_links":{"self":[{"href":"https:\/\/store.droneway.ma\/index.php\/wp-json\/wp\/v2\/product\/2364","targetHints":{"allow":["GET"]}}],"collection":[{"href":"https:\/\/store.droneway.ma\/index.php\/wp-json\/wp\/v2\/product"}],"about":[{"href":"https:\/\/store.droneway.ma\/index.php\/wp-json\/wp\/v2\/types\/product"}],"wp:featuredmedia":[{"embeddable":true,"href":"https:\/\/store.droneway.ma\/index.php\/wp-json\/wp\/v2\/media\/2365"}],"wp:attachment":[{"href":"https:\/\/store.droneway.ma\/index.php\/wp-json\/wp\/v2\/media?parent=2364"}],"wp:term":[{"taxonomy":"product_brand","embeddable":true,"href":"https:\/\/store.droneway.ma\/index.php\/wp-json\/wp\/v2\/product_brand?post=2364"},{"taxonomy":"product_cat","embeddable":true,"href":"https:\/\/store.droneway.ma\/index.php\/wp-json\/wp\/v2\/product_cat?post=2364"},{"taxonomy":"product_tag","embeddable":true,"href":"https:\/\/store.droneway.ma\/index.php\/wp-json\/wp\/v2\/product_tag?post=2364"}],"curies":[{"name":"wp","href":"https:\/\/api.w.org\/{rel}","templated":true}]}}