{"id":2359,"date":"2020-11-21T19:08:21","date_gmt":"2020-11-21T18:08:21","guid":{"rendered":"http:\/\/store.droneway.ma\/index.php\/produit\/poignee-multi-usage-pour-dji-pocket-2\/"},"modified":"2020-11-21T19:09:21","modified_gmt":"2020-11-21T18:09:21","slug":"poignee-multi-usage-pour-dji-pocket-2","status":"publish","type":"product","link":"https:\/\/store.droneway.ma\/index.php\/produit\/poignee-multi-usage-pour-dji-pocket-2\/","title":{"rendered":"Poign\u00e9e multi-usage pour DJI Pocket 2"},"content":{"rendered":"<p>La poign\u00e9e \u00ab\u00a0Do-It-All\u00a0\u00bb pour DJI Pocket 2 combine plusieurs usages, c&rsquo;est l&rsquo;accessoire ultime pour d\u00e9cupler les fonctionnalit\u00e9s de cette cam\u00e9ra !  Cet accessoire fait office de r\u00e9cepteur audio pour le microphone, \u00e9metteur WiFi et Bluetooth pour le contr\u00f4le \u00e0 distance via smartphone et haut-parleur. En plus de proposer une rallonge pour un meilleur maintien du DJI Pocket 2, cette poign\u00e9e dispose d&rsquo;un port jack 3.5mm pour brancher des \u00e9couteurs, un port USB Type-C pour recharger la cam\u00e9ra et un pas de vis 1\/4&Prime; pour une utilisation avec le mini tr\u00e9pied DJI.  Il suffit de clipser la poign\u00e9e multi-usage en lieu et place du cache qui se trouve au bas de la cam\u00e9ra.<\/p>\n","protected":false},"excerpt":{"rendered":"<p>Compatible DJI Pocket 2  R\u00e9cepteur audio microphone  Emetteur WiFi\/Bluetooth pour contr\u00f4le \u00e0 distance  Haut-parleur inclus  Nombreuses connectiques<\/p>\n","protected":false},"featured_media":2360,"template":"","meta":{"content-type":"","rop_custom_images_group":[],"rop_custom_messages_group":[],"rop_publish_now":"initial","rop_publish_now_accounts":[],"rop_publish_now_history":[],"rop_publish_now_status":"pending"},"product_brand":[],"product_cat":[23,60],"product_tag":[],"class_list":{"0":"post-2359","1":"product","2":"type-product","3":"status-publish","4":"has-post-thumbnail","6":"product_cat-dji-osmo","7":"product_cat-osmo-pocket","9":"first","10":"instock","11":"purchasable","12":"product-type-simple"},"jetpack-related-posts":[{"id":2400,"url":"https:\/\/store.droneway.ma\/index.php\/produit\/microphone-sans-fil-pour-dji-pocket-2-2\/","url_meta":{"origin":2359,"position":0},"title":"Microphone sans-fil pour DJI Pocket 2","author":"admin","date":"21 novembre 2020","format":false,"excerpt":"Compatible DJI Pocket 2 Prise de son professionnelle Port jack 3.5 mm Clip pour fixation sur v\u00eatement Contr\u00f4le de l'obturateur \u00e0 distance","rel":"","context":"Article similaire","block_context":{"text":"Article similaire","link":""},"img":{"alt_text":"Microphone sans-fil pour DJI Pocket 2","src":"https:\/\/i0.wp.com\/store.droneway.ma\/wp-content\/uploads\/2020\/11\/Microphone-sans-fil-pour-DJI-Pocket-2.jpg?resize=350%2C200&ssl=1","width":350,"height":200,"srcset":"https:\/\/i0.wp.com\/store.droneway.ma\/wp-content\/uploads\/2020\/11\/Microphone-sans-fil-pour-DJI-Pocket-2.jpg?resize=350%2C200&ssl=1 1x, https:\/\/i0.wp.com\/store.droneway.ma\/wp-content\/uploads\/2020\/11\/Microphone-sans-fil-pour-DJI-Pocket-2.jpg?resize=525%2C300&ssl=1 1.5x, https:\/\/i0.wp.com\/store.droneway.ma\/wp-content\/uploads\/2020\/11\/Microphone-sans-fil-pour-DJI-Pocket-2.jpg?resize=700%2C400&ssl=1 2x"},"classes":[]},{"id":2364,"url":"https:\/\/store.droneway.ma\/index.php\/produit\/microphone-sans-fil-pour-dji-pocket-2\/","url_meta":{"origin":2359,"position":1},"title":"Microphone sans-fil pour DJI Pocket 2","author":"admin","date":"21 novembre 2020","format":false,"excerpt":"Compatible DJI Pocket 2 Prise de son professionnelle Port jack 3.5 mm Clip pour fixation sur v\u00eatement Contr\u00f4le de l'obturateur \u00e0 distance","rel":"","context":"Article similaire","block_context":{"text":"Article similaire","link":""},"img":{"alt_text":"Microphone sans-fil pour DJI Pocket 2","src":"https:\/\/i0.wp.com\/store.droneway.ma\/wp-content\/uploads\/2020\/11\/Microphone-sans-fil-pour-DJI-Pocket-2.jpg?resize=350%2C200&ssl=1","width":350,"height":200,"srcset":"https:\/\/i0.wp.com\/store.droneway.ma\/wp-content\/uploads\/2020\/11\/Microphone-sans-fil-pour-DJI-Pocket-2.jpg?resize=350%2C200&ssl=1 1x, https:\/\/i0.wp.com\/store.droneway.ma\/wp-content\/uploads\/2020\/11\/Microphone-sans-fil-pour-DJI-Pocket-2.jpg?resize=525%2C300&ssl=1 1.5x, https:\/\/i0.wp.com\/store.droneway.ma\/wp-content\/uploads\/2020\/11\/Microphone-sans-fil-pour-DJI-Pocket-2.jpg?resize=700%2C400&ssl=1 2x"},"classes":[]},{"id":2328,"url":"https:\/\/store.droneway.ma\/index.php\/produit\/dji-pocket-2-creator-combo\/","url_meta":{"origin":2359,"position":2},"title":"DJI Pocket 2 Creator Combo","author":"admin","date":"21 novembre 2020","format":false,"excerpt":"Kit complet : cam\u00e9ra + accessoires cr\u00e9atifs Microphone performant, mini tr\u00e9pied et objectif grand angle Capteur CMOS 1\/1,7 pouce Vid\u00e9o 4K60p \/ Photos 64 MP DJI Matrix Stereo : son bluffant Editeur d'IA dans DJI Mimo","rel":"","context":"Article similaire","block_context":{"text":"Article similaire","link":""},"img":{"alt_text":"DJI Pocket 2 Creator Combo","src":"https:\/\/i0.wp.com\/store.droneway.ma\/wp-content\/uploads\/2020\/11\/dji-pocket-2-creator-combo-p-image-220477-grande.jpg?resize=350%2C200&ssl=1","width":350,"height":200,"srcset":"https:\/\/i0.wp.com\/store.droneway.ma\/wp-content\/uploads\/2020\/11\/dji-pocket-2-creator-combo-p-image-220477-grande.jpg?resize=350%2C200&ssl=1 1x, https:\/\/i0.wp.com\/store.droneway.ma\/wp-content\/uploads\/2020\/11\/dji-pocket-2-creator-combo-p-image-220477-grande.jpg?resize=525%2C300&ssl=1 1.5x, https:\/\/i0.wp.com\/store.droneway.ma\/wp-content\/uploads\/2020\/11\/dji-pocket-2-creator-combo-p-image-220477-grande.jpg?resize=700%2C400&ssl=1 2x"},"classes":[]},{"id":2352,"url":"https:\/\/store.droneway.ma\/index.php\/produit\/module-sans-fil-pour-dji-osmo-pocket-et-pocket-2\/","url_meta":{"origin":2359,"position":3},"title":"Module sans fil pour DJI Osmo Pocket et Pocket 2","author":"admin","date":"21 novembre 2020","format":false,"excerpt":"Connexion sans fil entre votre smartphone et l'Osmo Pocket\/Pocket 2 Connexion sans fil WiFi et Bluetooth Permet de recharger votre DJI Osmo Pocket\/Pocket 2 Peut servir de support pour poser sur une surface plane","rel":"","context":"Article similaire","block_context":{"text":"Article similaire","link":""},"img":{"alt_text":"Module sans fil pour DJI Osmo Pocket et Pocket 2","src":"https:\/\/i0.wp.com\/store.droneway.ma\/wp-content\/uploads\/2020\/11\/module-sans-fil-dji-osmo-pocket-p-image-203774-grande.jpg?resize=350%2C200&ssl=1","width":350,"height":200,"srcset":"https:\/\/i0.wp.com\/store.droneway.ma\/wp-content\/uploads\/2020\/11\/module-sans-fil-dji-osmo-pocket-p-image-203774-grande.jpg?resize=350%2C200&ssl=1 1x, https:\/\/i0.wp.com\/store.droneway.ma\/wp-content\/uploads\/2020\/11\/module-sans-fil-dji-osmo-pocket-p-image-203774-grande.jpg?resize=525%2C300&ssl=1 1.5x"},"classes":[]},{"id":2385,"url":"https:\/\/store.droneway.ma\/index.php\/produit\/support-smartphone-pour-dji-pocket-2-2\/","url_meta":{"origin":2359,"position":4},"title":"Support smartphone pour DJI Pocket 2","author":"admin","date":"21 novembre 2020","format":false,"excerpt":"Maintient le smartphone et le DJI Pocket 2 ensemble Pas de vis 1\/4\" pour fixation sur tr\u00e9pied Cold shoe pour l'ajout de micro ou de LED Conception robuste","rel":"","context":"Article similaire","block_context":{"text":"Article similaire","link":""},"img":{"alt_text":"Support smartphone pour DJI Pocket 2","src":"https:\/\/i0.wp.com\/store.droneway.ma\/wp-content\/uploads\/2020\/11\/Support-smartphone-pour-DJI-Pocket-2.jpg?resize=350%2C200&ssl=1","width":350,"height":200,"srcset":"https:\/\/i0.wp.com\/store.droneway.ma\/wp-content\/uploads\/2020\/11\/Support-smartphone-pour-DJI-Pocket-2.jpg?resize=350%2C200&ssl=1 1x, https:\/\/i0.wp.com\/store.droneway.ma\/wp-content\/uploads\/2020\/11\/Support-smartphone-pour-DJI-Pocket-2.jpg?resize=525%2C300&ssl=1 1.5x, https:\/\/i0.wp.com\/store.droneway.ma\/wp-content\/uploads\/2020\/11\/Support-smartphone-pour-DJI-Pocket-2.jpg?resize=700%2C400&ssl=1 2x"},"classes":[]},{"id":2347,"url":"https:\/\/store.droneway.ma\/index.php\/produit\/support-smartphone-pour-dji-pocket-2\/","url_meta":{"origin":2359,"position":5},"title":"Support smartphone pour DJI Pocket 2","author":"admin","date":"21 novembre 2020","format":false,"excerpt":"Maintient le smartphone et le DJI Pocket 2 ensemble Pas de vis 1\/4\" pour fixation sur tr\u00e9pied Cold shoe pour l'ajout de micro ou de LED Conception robuste","rel":"","context":"Article similaire","block_context":{"text":"Article similaire","link":""},"img":{"alt_text":"Support smartphone pour DJI Pocket 2","src":"https:\/\/i0.wp.com\/store.droneway.ma\/wp-content\/uploads\/2020\/11\/Support-smartphone-pour-DJI-Pocket-2.jpg?resize=350%2C200&ssl=1","width":350,"height":200,"srcset":"https:\/\/i0.wp.com\/store.droneway.ma\/wp-content\/uploads\/2020\/11\/Support-smartphone-pour-DJI-Pocket-2.jpg?resize=350%2C200&ssl=1 1x, https:\/\/i0.wp.com\/store.droneway.ma\/wp-content\/uploads\/2020\/11\/Support-smartphone-pour-DJI-Pocket-2.jpg?resize=525%2C300&ssl=1 1.5x, https:\/\/i0.wp.com\/store.droneway.ma\/wp-content\/uploads\/2020\/11\/Support-smartphone-pour-DJI-Pocket-2.jpg?resize=700%2C400&ssl=1 2x"},"classes":[]}],"jetpack_sharing_enabled":true,"_links":{"self":[{"href":"https:\/\/store.droneway.ma\/index.php\/wp-json\/wp\/v2\/product\/2359","targetHints":{"allow":["GET"]}}],"collection":[{"href":"https:\/\/store.droneway.ma\/index.php\/wp-json\/wp\/v2\/product"}],"about":[{"href":"https:\/\/store.droneway.ma\/index.php\/wp-json\/wp\/v2\/types\/product"}],"wp:featuredmedia":[{"embeddable":true,"href":"https:\/\/store.droneway.ma\/index.php\/wp-json\/wp\/v2\/media\/2360"}],"wp:attachment":[{"href":"https:\/\/store.droneway.ma\/index.php\/wp-json\/wp\/v2\/media?parent=2359"}],"wp:term":[{"taxonomy":"product_brand","embeddable":true,"href":"https:\/\/store.droneway.ma\/index.php\/wp-json\/wp\/v2\/product_brand?post=2359"},{"taxonomy":"product_cat","embeddable":true,"href":"https:\/\/store.droneway.ma\/index.php\/wp-json\/wp\/v2\/product_cat?post=2359"},{"taxonomy":"product_tag","embeddable":true,"href":"https:\/\/store.droneway.ma\/index.php\/wp-json\/wp\/v2\/product_tag?post=2359"}],"curies":[{"name":"wp","href":"https:\/\/api.w.org\/{rel}","templated":true}]}}