{"id":2356,"date":"2020-11-21T19:08:21","date_gmt":"2020-11-21T18:08:21","guid":{"rendered":"http:\/\/store.droneway.ma\/index.php\/produit\/molette-de-controle-pour-dji-osmo-pocket-pocket-2\/"},"modified":"2020-11-21T19:09:19","modified_gmt":"2020-11-21T18:09:19","slug":"molette-de-controle-pour-dji-osmo-pocket-pocket-2","status":"publish","type":"product","link":"https:\/\/store.droneway.ma\/index.php\/produit\/molette-de-controle-pour-dji-osmo-pocket-pocket-2\/","title":{"rendered":"Molette de contr\u00f4le pour DJI Osmo Pocket\/Pocket 2"},"content":{"rendered":"<p>Cet accessoire vous donne un contr\u00f4le pr\u00e9cis de votre stabilisateur DJI Osmo Pocket\/Pocket 2 !  Contr\u00f4lez l&rsquo;inclinaison verticale et horizontale de la nacelle (un axe \u00e0 la fois), switchez d&rsquo;un mode de prise de vue \u00e0 l&rsquo;autre en un clic gr\u00e2ce aux 2 boutons de commande ou encore recentrez la nacelle.  Facile \u00e0 mettre en place, cette molette se fixe sur la partie centrale de votre DJI Osmo Pocket\/Pocket 2 . A noter que vous devrez retirer cet accessoire si vous souhaitez remettre l&rsquo;Osmo Pocket\/Pocket 2 dans sa sacoche d&rsquo;origine.  Note : pour continuer d&rsquo;utiliser votre smartphone avec l&rsquo;Osmo Pocket\/Pocket 2 vous devrez alors utiliser la connectique USB Type C pr\u00e9vue sur le dessous. Un adaptateur ou un c\u00e2ble sera alors n\u00e9cessaire.<\/p>\n","protected":false},"excerpt":{"rendered":"<p>Contr\u00f4le pr\u00e9cis du tilt et du pan  Changement des modes via le bouton de commande  Recentrage de la nacelle<\/p>\n","protected":false},"featured_media":1456,"template":"","meta":{"content-type":"","rop_custom_images_group":[],"rop_custom_messages_group":[],"rop_publish_now":"initial","rop_publish_now_accounts":[],"rop_publish_now_history":[],"rop_publish_now_status":"pending"},"product_brand":[],"product_cat":[23,60],"product_tag":[],"class_list":{"0":"post-2356","1":"product","2":"type-product","3":"status-publish","4":"has-post-thumbnail","6":"product_cat-dji-osmo","7":"product_cat-osmo-pocket","9":"first","10":"instock","11":"purchasable","12":"product-type-simple"},"jetpack-related-posts":[{"id":2354,"url":"https:\/\/store.droneway.ma\/index.php\/produit\/barre-dextension-pour-dji-osmo-pocket-et-pocket-2-2\/","url_meta":{"origin":2356,"position":0},"title":"Barre d&rsquo;extension pour DJI Osmo Pocket et Pocket 2","author":"admin","date":"21 novembre 2020","format":false,"excerpt":"Permet des prises de vues in\u00e9dites Boutons et joystick de commande sur la poign\u00e9e Support smartphone pour b\u00e9n\u00e9ficier du retour vid\u00e9o Dispose d'un pas de vis 1\/4\" pour ajout d'accessoires","rel":"","context":"Article similaire","block_context":{"text":"Article similaire","link":""},"img":{"alt_text":"Barre d'extension pour DJI Osmo Pocket et Pocket 2","src":"https:\/\/i0.wp.com\/store.droneway.ma\/wp-content\/uploads\/2020\/11\/barre-d-extension-pour-dji-osmo-pocket-p-image-210681-grande.jpg?resize=350%2C200&ssl=1","width":350,"height":200,"srcset":"https:\/\/i0.wp.com\/store.droneway.ma\/wp-content\/uploads\/2020\/11\/barre-d-extension-pour-dji-osmo-pocket-p-image-210681-grande.jpg?resize=350%2C200&ssl=1 1x, https:\/\/i0.wp.com\/store.droneway.ma\/wp-content\/uploads\/2020\/11\/barre-d-extension-pour-dji-osmo-pocket-p-image-210681-grande.jpg?resize=525%2C300&ssl=1 1.5x, https:\/\/i0.wp.com\/store.droneway.ma\/wp-content\/uploads\/2020\/11\/barre-d-extension-pour-dji-osmo-pocket-p-image-210681-grande.jpg?resize=700%2C400&ssl=1 2x"},"classes":[]},{"id":2338,"url":"https:\/\/store.droneway.ma\/index.php\/produit\/barre-dextension-pour-dji-osmo-pocket-et-pocket-2\/","url_meta":{"origin":2356,"position":1},"title":"Barre d&rsquo;extension pour DJI Osmo Pocket et Pocket 2","author":"admin","date":"21 novembre 2020","format":false,"excerpt":"Permet des prises de vues in\u00e9dites Boutons et joystick de commande sur la poign\u00e9e Support smartphone pour b\u00e9n\u00e9ficier du retour vid\u00e9o Dispose d'un pas de vis 1\/4\" pour ajout d'accessoires","rel":"","context":"Article similaire","block_context":{"text":"Article similaire","link":""},"img":{"alt_text":"Barre d'extension pour DJI Osmo Pocket et Pocket 2","src":"https:\/\/i0.wp.com\/store.droneway.ma\/wp-content\/uploads\/2020\/11\/barre-d-extension-pour-dji-osmo-pocket-p-image-210681-grande.jpg?resize=350%2C200&ssl=1","width":350,"height":200,"srcset":"https:\/\/i0.wp.com\/store.droneway.ma\/wp-content\/uploads\/2020\/11\/barre-d-extension-pour-dji-osmo-pocket-p-image-210681-grande.jpg?resize=350%2C200&ssl=1 1x, https:\/\/i0.wp.com\/store.droneway.ma\/wp-content\/uploads\/2020\/11\/barre-d-extension-pour-dji-osmo-pocket-p-image-210681-grande.jpg?resize=525%2C300&ssl=1 1.5x, https:\/\/i0.wp.com\/store.droneway.ma\/wp-content\/uploads\/2020\/11\/barre-d-extension-pour-dji-osmo-pocket-p-image-210681-grande.jpg?resize=700%2C400&ssl=1 2x"},"classes":[]},{"id":2370,"url":"https:\/\/store.droneway.ma\/index.php\/produit\/mini-joystick-pour-dji-pocket-2\/","url_meta":{"origin":2356,"position":2},"title":"Mini joystick pour DJI Pocket 2","author":"admin","date":"21 novembre 2020","format":false,"excerpt":"Pi\u00e8ce d'origine Compatible Pocket 2 G\u00e8re l'orientation de la nacelle ainsi que le zoom","rel":"","context":"Article similaire","block_context":{"text":"Article similaire","link":""},"img":{"alt_text":"Mini joystick pour DJI Pocket 2","src":"https:\/\/i0.wp.com\/store.droneway.ma\/wp-content\/uploads\/2020\/11\/Mini-joystick-pour-DJI-Pocket-2.jpg?resize=350%2C200&ssl=1","width":350,"height":200,"srcset":"https:\/\/i0.wp.com\/store.droneway.ma\/wp-content\/uploads\/2020\/11\/Mini-joystick-pour-DJI-Pocket-2.jpg?resize=350%2C200&ssl=1 1x, https:\/\/i0.wp.com\/store.droneway.ma\/wp-content\/uploads\/2020\/11\/Mini-joystick-pour-DJI-Pocket-2.jpg?resize=525%2C300&ssl=1 1.5x, https:\/\/i0.wp.com\/store.droneway.ma\/wp-content\/uploads\/2020\/11\/Mini-joystick-pour-DJI-Pocket-2.jpg?resize=700%2C400&ssl=1 2x"},"classes":[]},{"id":2352,"url":"https:\/\/store.droneway.ma\/index.php\/produit\/module-sans-fil-pour-dji-osmo-pocket-et-pocket-2\/","url_meta":{"origin":2356,"position":3},"title":"Module sans fil pour DJI Osmo Pocket et Pocket 2","author":"admin","date":"21 novembre 2020","format":false,"excerpt":"Connexion sans fil entre votre smartphone et l'Osmo Pocket\/Pocket 2 Connexion sans fil WiFi et Bluetooth Permet de recharger votre DJI Osmo Pocket\/Pocket 2 Peut servir de support pour poser sur une surface plane","rel":"","context":"Article similaire","block_context":{"text":"Article similaire","link":""},"img":{"alt_text":"Module sans fil pour DJI Osmo Pocket et Pocket 2","src":"https:\/\/i0.wp.com\/store.droneway.ma\/wp-content\/uploads\/2020\/11\/module-sans-fil-dji-osmo-pocket-p-image-203774-grande.jpg?resize=350%2C200&ssl=1","width":350,"height":200,"srcset":"https:\/\/i0.wp.com\/store.droneway.ma\/wp-content\/uploads\/2020\/11\/module-sans-fil-dji-osmo-pocket-p-image-203774-grande.jpg?resize=350%2C200&ssl=1 1x, https:\/\/i0.wp.com\/store.droneway.ma\/wp-content\/uploads\/2020\/11\/module-sans-fil-dji-osmo-pocket-p-image-203774-grande.jpg?resize=525%2C300&ssl=1 1.5x"},"classes":[]},{"id":2355,"url":"https:\/\/store.droneway.ma\/index.php\/produit\/adaptateur-microphone-jack-3-5mm-dji-osmo-pocket-et-pocket-2\/","url_meta":{"origin":2356,"position":4},"title":"Adaptateur microphone jack 3.5mm DJI Osmo Pocket et Pocket 2","author":"admin","date":"21 novembre 2020","format":false,"excerpt":"Cet adaptateur 3,5mm vous permettra de connecter un micro externe sur votre stabilisateur DJI Osmo Pocket\/Pocket 2 ! Simple \u00e0 mettre en \u0153uvre, cet adaptateur se connecte directement sur le port USB Type C de l'Osmo Pocket\/Pocket 2. Note : ces deux accessoires, \"module sans fil pour DJI Osmo Pocket\"\u2026","rel":"","context":"Article similaire","block_context":{"text":"Article similaire","link":""},"img":{"alt_text":"Adaptateur microphone jack 3.5mm DJI Osmo Pocket et Pocket 2","src":"https:\/\/i0.wp.com\/store.droneway.ma\/wp-content\/uploads\/2020\/11\/adaptateur-microphone-35mm-dji-osmo-pocket-p-image-206560-grande.jpg?resize=350%2C200&ssl=1","width":350,"height":200,"srcset":"https:\/\/i0.wp.com\/store.droneway.ma\/wp-content\/uploads\/2020\/11\/adaptateur-microphone-35mm-dji-osmo-pocket-p-image-206560-grande.jpg?resize=350%2C200&ssl=1 1x, https:\/\/i0.wp.com\/store.droneway.ma\/wp-content\/uploads\/2020\/11\/adaptateur-microphone-35mm-dji-osmo-pocket-p-image-206560-grande.jpg?resize=525%2C300&ssl=1 1.5x"},"classes":[]},{"id":2341,"url":"https:\/\/store.droneway.ma\/index.php\/produit\/support-accessoires-pour-dji-osmo-pocket-pocket-2\/","url_meta":{"origin":2356,"position":5},"title":"Support accessoires pour DJI Osmo Pocket\/Pocket 2","author":"admin","date":"21 novembre 2020","format":false,"excerpt":"Support accessoires pour DJI Osmo Pocket\/Pocket 2","rel":"","context":"Article similaire","block_context":{"text":"Article similaire","link":""},"img":{"alt_text":"Support accessoires pour DJI Osmo Pocket\/Pocket 2","src":"https:\/\/i0.wp.com\/store.droneway.ma\/wp-content\/uploads\/2020\/11\/support-accessoires-dji-osmo-pocket-p-image-203766-grande.jpg?resize=350%2C200&ssl=1","width":350,"height":200,"srcset":"https:\/\/i0.wp.com\/store.droneway.ma\/wp-content\/uploads\/2020\/11\/support-accessoires-dji-osmo-pocket-p-image-203766-grande.jpg?resize=350%2C200&ssl=1 1x, https:\/\/i0.wp.com\/store.droneway.ma\/wp-content\/uploads\/2020\/11\/support-accessoires-dji-osmo-pocket-p-image-203766-grande.jpg?resize=525%2C300&ssl=1 1.5x"},"classes":[]}],"jetpack_sharing_enabled":true,"_links":{"self":[{"href":"https:\/\/store.droneway.ma\/index.php\/wp-json\/wp\/v2\/product\/2356","targetHints":{"allow":["GET"]}}],"collection":[{"href":"https:\/\/store.droneway.ma\/index.php\/wp-json\/wp\/v2\/product"}],"about":[{"href":"https:\/\/store.droneway.ma\/index.php\/wp-json\/wp\/v2\/types\/product"}],"wp:featuredmedia":[{"embeddable":true,"href":"https:\/\/store.droneway.ma\/index.php\/wp-json\/wp\/v2\/media\/1456"}],"wp:attachment":[{"href":"https:\/\/store.droneway.ma\/index.php\/wp-json\/wp\/v2\/media?parent=2356"}],"wp:term":[{"taxonomy":"product_brand","embeddable":true,"href":"https:\/\/store.droneway.ma\/index.php\/wp-json\/wp\/v2\/product_brand?post=2356"},{"taxonomy":"product_cat","embeddable":true,"href":"https:\/\/store.droneway.ma\/index.php\/wp-json\/wp\/v2\/product_cat?post=2356"},{"taxonomy":"product_tag","embeddable":true,"href":"https:\/\/store.droneway.ma\/index.php\/wp-json\/wp\/v2\/product_tag?post=2356"}],"curies":[{"name":"wp","href":"https:\/\/api.w.org\/{rel}","templated":true}]}}