{"id":2355,"date":"2020-11-21T19:08:21","date_gmt":"2020-11-21T18:08:21","guid":{"rendered":"http:\/\/store.droneway.ma\/index.php\/produit\/adaptateur-microphone-jack-3-5mm-dji-osmo-pocket-et-pocket-2\/"},"modified":"2020-11-21T19:09:18","modified_gmt":"2020-11-21T18:09:18","slug":"adaptateur-microphone-jack-3-5mm-dji-osmo-pocket-et-pocket-2","status":"publish","type":"product","link":"https:\/\/store.droneway.ma\/index.php\/produit\/adaptateur-microphone-jack-3-5mm-dji-osmo-pocket-et-pocket-2\/","title":{"rendered":"Adaptateur microphone jack 3.5mm DJI Osmo Pocket et Pocket 2"},"content":{"rendered":"<p>Cet adaptateur 3,5mm vous permettra de connecter un micro externe sur votre stabilisateur DJI Osmo Pocket\/Pocket 2 !  Simple \u00e0 mettre en \u0153uvre, cet adaptateur se connecte directement sur le port USB Type C de l&rsquo;Osmo Pocket\/Pocket 2.  Note : ces deux accessoires, \u00ab\u00a0module sans fil pour DJI Osmo Pocket\u00a0\u00bb et \u00ab\u00a0Adaptateur microphone 3.5mm DJI Osmo Pocket\u00a0\u00bb, ne sont pas utilisables simultan\u00e9ment.<\/p>\n","protected":false},"excerpt":{"rendered":"<p>Cet adaptateur 3,5mm vous permettra de connecter un micro externe sur votre stabilisateur DJI Osmo Pocket\/Pocket 2 ! Simple \u00e0&hellip;<\/p>\n","protected":false},"featured_media":1452,"template":"","meta":{"content-type":"","rop_custom_images_group":[],"rop_custom_messages_group":[],"rop_publish_now":"initial","rop_publish_now_accounts":[],"rop_publish_now_history":[],"rop_publish_now_status":"pending"},"product_brand":[],"product_cat":[23,60],"product_tag":[],"class_list":{"0":"post-2355","1":"product","2":"type-product","3":"status-publish","4":"has-post-thumbnail","6":"product_cat-dji-osmo","7":"product_cat-osmo-pocket","9":"first","10":"instock","11":"purchasable","12":"product-type-simple"},"jetpack-related-posts":[{"id":2352,"url":"https:\/\/store.droneway.ma\/index.php\/produit\/module-sans-fil-pour-dji-osmo-pocket-et-pocket-2\/","url_meta":{"origin":2355,"position":0},"title":"Module sans fil pour DJI Osmo Pocket et Pocket 2","author":"admin","date":"21 novembre 2020","format":false,"excerpt":"Connexion sans fil entre votre smartphone et l'Osmo Pocket\/Pocket 2 Connexion sans fil WiFi et Bluetooth Permet de recharger votre DJI Osmo Pocket\/Pocket 2 Peut servir de support pour poser sur une surface plane","rel":"","context":"Article similaire","block_context":{"text":"Article similaire","link":""},"img":{"alt_text":"Module sans fil pour DJI Osmo Pocket et Pocket 2","src":"https:\/\/i0.wp.com\/store.droneway.ma\/wp-content\/uploads\/2020\/11\/module-sans-fil-dji-osmo-pocket-p-image-203774-grande.jpg?resize=350%2C200&ssl=1","width":350,"height":200,"srcset":"https:\/\/i0.wp.com\/store.droneway.ma\/wp-content\/uploads\/2020\/11\/module-sans-fil-dji-osmo-pocket-p-image-203774-grande.jpg?resize=350%2C200&ssl=1 1x, https:\/\/i0.wp.com\/store.droneway.ma\/wp-content\/uploads\/2020\/11\/module-sans-fil-dji-osmo-pocket-p-image-203774-grande.jpg?resize=525%2C300&ssl=1 1.5x"},"classes":[]},{"id":2400,"url":"https:\/\/store.droneway.ma\/index.php\/produit\/microphone-sans-fil-pour-dji-pocket-2-2\/","url_meta":{"origin":2355,"position":1},"title":"Microphone sans-fil pour DJI Pocket 2","author":"admin","date":"21 novembre 2020","format":false,"excerpt":"Compatible DJI Pocket 2 Prise de son professionnelle Port jack 3.5 mm Clip pour fixation sur v\u00eatement Contr\u00f4le de l'obturateur \u00e0 distance","rel":"","context":"Article similaire","block_context":{"text":"Article similaire","link":""},"img":{"alt_text":"Microphone sans-fil pour DJI Pocket 2","src":"https:\/\/i0.wp.com\/store.droneway.ma\/wp-content\/uploads\/2020\/11\/Microphone-sans-fil-pour-DJI-Pocket-2.jpg?resize=350%2C200&ssl=1","width":350,"height":200,"srcset":"https:\/\/i0.wp.com\/store.droneway.ma\/wp-content\/uploads\/2020\/11\/Microphone-sans-fil-pour-DJI-Pocket-2.jpg?resize=350%2C200&ssl=1 1x, https:\/\/i0.wp.com\/store.droneway.ma\/wp-content\/uploads\/2020\/11\/Microphone-sans-fil-pour-DJI-Pocket-2.jpg?resize=525%2C300&ssl=1 1.5x, https:\/\/i0.wp.com\/store.droneway.ma\/wp-content\/uploads\/2020\/11\/Microphone-sans-fil-pour-DJI-Pocket-2.jpg?resize=700%2C400&ssl=1 2x"},"classes":[]},{"id":2364,"url":"https:\/\/store.droneway.ma\/index.php\/produit\/microphone-sans-fil-pour-dji-pocket-2\/","url_meta":{"origin":2355,"position":2},"title":"Microphone sans-fil pour DJI Pocket 2","author":"admin","date":"21 novembre 2020","format":false,"excerpt":"Compatible DJI Pocket 2 Prise de son professionnelle Port jack 3.5 mm Clip pour fixation sur v\u00eatement Contr\u00f4le de l'obturateur \u00e0 distance","rel":"","context":"Article similaire","block_context":{"text":"Article similaire","link":""},"img":{"alt_text":"Microphone sans-fil pour DJI Pocket 2","src":"https:\/\/i0.wp.com\/store.droneway.ma\/wp-content\/uploads\/2020\/11\/Microphone-sans-fil-pour-DJI-Pocket-2.jpg?resize=350%2C200&ssl=1","width":350,"height":200,"srcset":"https:\/\/i0.wp.com\/store.droneway.ma\/wp-content\/uploads\/2020\/11\/Microphone-sans-fil-pour-DJI-Pocket-2.jpg?resize=350%2C200&ssl=1 1x, https:\/\/i0.wp.com\/store.droneway.ma\/wp-content\/uploads\/2020\/11\/Microphone-sans-fil-pour-DJI-Pocket-2.jpg?resize=525%2C300&ssl=1 1.5x, https:\/\/i0.wp.com\/store.droneway.ma\/wp-content\/uploads\/2020\/11\/Microphone-sans-fil-pour-DJI-Pocket-2.jpg?resize=700%2C400&ssl=1 2x"},"classes":[]},{"id":2359,"url":"https:\/\/store.droneway.ma\/index.php\/produit\/poignee-multi-usage-pour-dji-pocket-2\/","url_meta":{"origin":2355,"position":3},"title":"Poign\u00e9e multi-usage pour DJI Pocket 2","author":"admin","date":"21 novembre 2020","format":false,"excerpt":"Compatible DJI Pocket 2 R\u00e9cepteur audio microphone Emetteur WiFi\/Bluetooth pour contr\u00f4le \u00e0 distance Haut-parleur inclus Nombreuses connectiques","rel":"","context":"Article similaire","block_context":{"text":"Article similaire","link":""},"img":{"alt_text":"Poign\u00e9e multi-usage pour DJI Pocket 2","src":"https:\/\/i0.wp.com\/store.droneway.ma\/wp-content\/uploads\/2020\/11\/Poignee-multi-usage-pour-DJI-Pocket-2.jpg?resize=350%2C200&ssl=1","width":350,"height":200,"srcset":"https:\/\/i0.wp.com\/store.droneway.ma\/wp-content\/uploads\/2020\/11\/Poignee-multi-usage-pour-DJI-Pocket-2.jpg?resize=350%2C200&ssl=1 1x, https:\/\/i0.wp.com\/store.droneway.ma\/wp-content\/uploads\/2020\/11\/Poignee-multi-usage-pour-DJI-Pocket-2.jpg?resize=525%2C300&ssl=1 1.5x, https:\/\/i0.wp.com\/store.droneway.ma\/wp-content\/uploads\/2020\/11\/Poignee-multi-usage-pour-DJI-Pocket-2.jpg?resize=700%2C400&ssl=1 2x, https:\/\/i0.wp.com\/store.droneway.ma\/wp-content\/uploads\/2020\/11\/Poignee-multi-usage-pour-DJI-Pocket-2.jpg?resize=1050%2C600&ssl=1 3x, https:\/\/i0.wp.com\/store.droneway.ma\/wp-content\/uploads\/2020\/11\/Poignee-multi-usage-pour-DJI-Pocket-2.jpg?resize=1400%2C800&ssl=1 4x"},"classes":[]},{"id":2356,"url":"https:\/\/store.droneway.ma\/index.php\/produit\/molette-de-controle-pour-dji-osmo-pocket-pocket-2\/","url_meta":{"origin":2355,"position":4},"title":"Molette de contr\u00f4le pour DJI Osmo Pocket\/Pocket 2","author":"admin","date":"21 novembre 2020","format":false,"excerpt":"Contr\u00f4le pr\u00e9cis du tilt et du pan Changement des modes via le bouton de commande Recentrage de la nacelle","rel":"","context":"Article similaire","block_context":{"text":"Article similaire","link":""},"img":{"alt_text":"Molette de contr\u00f4le pour DJI Osmo Pocket\/Pocket 2","src":"https:\/\/i0.wp.com\/store.droneway.ma\/wp-content\/uploads\/2020\/11\/molette-de-controle-dji-osmo-pocket-p-image-203788-grande.jpg?resize=350%2C200&ssl=1","width":350,"height":200,"srcset":"https:\/\/i0.wp.com\/store.droneway.ma\/wp-content\/uploads\/2020\/11\/molette-de-controle-dji-osmo-pocket-p-image-203788-grande.jpg?resize=350%2C200&ssl=1 1x, https:\/\/i0.wp.com\/store.droneway.ma\/wp-content\/uploads\/2020\/11\/molette-de-controle-dji-osmo-pocket-p-image-203788-grande.jpg?resize=525%2C300&ssl=1 1.5x"},"classes":[]},{"id":2385,"url":"https:\/\/store.droneway.ma\/index.php\/produit\/support-smartphone-pour-dji-pocket-2-2\/","url_meta":{"origin":2355,"position":5},"title":"Support smartphone pour DJI Pocket 2","author":"admin","date":"21 novembre 2020","format":false,"excerpt":"Maintient le smartphone et le DJI Pocket 2 ensemble Pas de vis 1\/4\" pour fixation sur tr\u00e9pied Cold shoe pour l'ajout de micro ou de LED Conception robuste","rel":"","context":"Article similaire","block_context":{"text":"Article similaire","link":""},"img":{"alt_text":"Support smartphone pour DJI Pocket 2","src":"https:\/\/i0.wp.com\/store.droneway.ma\/wp-content\/uploads\/2020\/11\/Support-smartphone-pour-DJI-Pocket-2.jpg?resize=350%2C200&ssl=1","width":350,"height":200,"srcset":"https:\/\/i0.wp.com\/store.droneway.ma\/wp-content\/uploads\/2020\/11\/Support-smartphone-pour-DJI-Pocket-2.jpg?resize=350%2C200&ssl=1 1x, https:\/\/i0.wp.com\/store.droneway.ma\/wp-content\/uploads\/2020\/11\/Support-smartphone-pour-DJI-Pocket-2.jpg?resize=525%2C300&ssl=1 1.5x, https:\/\/i0.wp.com\/store.droneway.ma\/wp-content\/uploads\/2020\/11\/Support-smartphone-pour-DJI-Pocket-2.jpg?resize=700%2C400&ssl=1 2x"},"classes":[]}],"jetpack_sharing_enabled":true,"_links":{"self":[{"href":"https:\/\/store.droneway.ma\/index.php\/wp-json\/wp\/v2\/product\/2355","targetHints":{"allow":["GET"]}}],"collection":[{"href":"https:\/\/store.droneway.ma\/index.php\/wp-json\/wp\/v2\/product"}],"about":[{"href":"https:\/\/store.droneway.ma\/index.php\/wp-json\/wp\/v2\/types\/product"}],"wp:featuredmedia":[{"embeddable":true,"href":"https:\/\/store.droneway.ma\/index.php\/wp-json\/wp\/v2\/media\/1452"}],"wp:attachment":[{"href":"https:\/\/store.droneway.ma\/index.php\/wp-json\/wp\/v2\/media?parent=2355"}],"wp:term":[{"taxonomy":"product_brand","embeddable":true,"href":"https:\/\/store.droneway.ma\/index.php\/wp-json\/wp\/v2\/product_brand?post=2355"},{"taxonomy":"product_cat","embeddable":true,"href":"https:\/\/store.droneway.ma\/index.php\/wp-json\/wp\/v2\/product_cat?post=2355"},{"taxonomy":"product_tag","embeddable":true,"href":"https:\/\/store.droneway.ma\/index.php\/wp-json\/wp\/v2\/product_tag?post=2355"}],"curies":[{"name":"wp","href":"https:\/\/api.w.org\/{rel}","templated":true}]}}