{"id":2352,"date":"2020-11-21T19:08:21","date_gmt":"2020-11-21T18:08:21","guid":{"rendered":"http:\/\/store.droneway.ma\/index.php\/produit\/module-sans-fil-pour-dji-osmo-pocket-et-pocket-2\/"},"modified":"2020-11-21T19:09:16","modified_gmt":"2020-11-21T18:09:16","slug":"module-sans-fil-pour-dji-osmo-pocket-et-pocket-2","status":"publish","type":"product","link":"https:\/\/store.droneway.ma\/index.php\/produit\/module-sans-fil-pour-dji-osmo-pocket-et-pocket-2\/","title":{"rendered":"Module sans fil pour DJI Osmo Pocket et Pocket 2"},"content":{"rendered":"<p>Ce module vous permet de b\u00e9n\u00e9ficier d&rsquo;une connexion sans fil WiFi et Bluetooth entre votre smartphone\/tablette et votre DJI Osmo Pocket\/Pocket 2.  Cet accessoire sert \u00e9galement de support pour poser votre stabilisateur Osmo Pocket\/Pocket 2 sur une surface plane et permet de recharger ce dernier via le port USB-C.  Note : ces deux accessoires, \u00ab module sans fil pour DJI Osmo Pocket \u00bb et \u00ab Adaptateur microphone 3.5mm DJI Osmo Pocket\u00a0\u00bb, ne sont pas utilisables simultan\u00e9ment.<\/p>\n","protected":false},"excerpt":{"rendered":"<p>Connexion sans fil entre votre smartphone et l&rsquo;Osmo Pocket\/Pocket 2  Connexion sans fil WiFi et Bluetooth  Permet de recharger votre DJI Osmo Pocket\/Pocket 2  Peut servir de support pour poser sur une surface plane<\/p>\n","protected":false},"featured_media":1408,"template":"","meta":{"content-type":"","rop_custom_images_group":[],"rop_custom_messages_group":[],"rop_publish_now":"initial","rop_publish_now_accounts":[],"rop_publish_now_history":[],"rop_publish_now_status":"pending"},"product_brand":[],"product_cat":[23,60],"product_tag":[],"class_list":{"0":"post-2352","1":"product","2":"type-product","3":"status-publish","4":"has-post-thumbnail","6":"product_cat-dji-osmo","7":"product_cat-osmo-pocket","9":"first","10":"instock","11":"purchasable","12":"product-type-simple"},"jetpack-related-posts":[{"id":2354,"url":"https:\/\/store.droneway.ma\/index.php\/produit\/barre-dextension-pour-dji-osmo-pocket-et-pocket-2-2\/","url_meta":{"origin":2352,"position":0},"title":"Barre d&rsquo;extension pour DJI Osmo Pocket et Pocket 2","author":"admin","date":"21 novembre 2020","format":false,"excerpt":"Permet des prises de vues in\u00e9dites Boutons et joystick de commande sur la poign\u00e9e Support smartphone pour b\u00e9n\u00e9ficier du retour vid\u00e9o Dispose d'un pas de vis 1\/4\" pour ajout d'accessoires","rel":"","context":"Article similaire","block_context":{"text":"Article similaire","link":""},"img":{"alt_text":"Barre d'extension pour DJI Osmo Pocket et Pocket 2","src":"https:\/\/i0.wp.com\/store.droneway.ma\/wp-content\/uploads\/2020\/11\/barre-d-extension-pour-dji-osmo-pocket-p-image-210681-grande.jpg?resize=350%2C200&ssl=1","width":350,"height":200,"srcset":"https:\/\/i0.wp.com\/store.droneway.ma\/wp-content\/uploads\/2020\/11\/barre-d-extension-pour-dji-osmo-pocket-p-image-210681-grande.jpg?resize=350%2C200&ssl=1 1x, https:\/\/i0.wp.com\/store.droneway.ma\/wp-content\/uploads\/2020\/11\/barre-d-extension-pour-dji-osmo-pocket-p-image-210681-grande.jpg?resize=525%2C300&ssl=1 1.5x, https:\/\/i0.wp.com\/store.droneway.ma\/wp-content\/uploads\/2020\/11\/barre-d-extension-pour-dji-osmo-pocket-p-image-210681-grande.jpg?resize=700%2C400&ssl=1 2x"},"classes":[]},{"id":2338,"url":"https:\/\/store.droneway.ma\/index.php\/produit\/barre-dextension-pour-dji-osmo-pocket-et-pocket-2\/","url_meta":{"origin":2352,"position":1},"title":"Barre d&rsquo;extension pour DJI Osmo Pocket et Pocket 2","author":"admin","date":"21 novembre 2020","format":false,"excerpt":"Permet des prises de vues in\u00e9dites Boutons et joystick de commande sur la poign\u00e9e Support smartphone pour b\u00e9n\u00e9ficier du retour vid\u00e9o Dispose d'un pas de vis 1\/4\" pour ajout d'accessoires","rel":"","context":"Article similaire","block_context":{"text":"Article similaire","link":""},"img":{"alt_text":"Barre d'extension pour DJI Osmo Pocket et Pocket 2","src":"https:\/\/i0.wp.com\/store.droneway.ma\/wp-content\/uploads\/2020\/11\/barre-d-extension-pour-dji-osmo-pocket-p-image-210681-grande.jpg?resize=350%2C200&ssl=1","width":350,"height":200,"srcset":"https:\/\/i0.wp.com\/store.droneway.ma\/wp-content\/uploads\/2020\/11\/barre-d-extension-pour-dji-osmo-pocket-p-image-210681-grande.jpg?resize=350%2C200&ssl=1 1x, https:\/\/i0.wp.com\/store.droneway.ma\/wp-content\/uploads\/2020\/11\/barre-d-extension-pour-dji-osmo-pocket-p-image-210681-grande.jpg?resize=525%2C300&ssl=1 1.5x, https:\/\/i0.wp.com\/store.droneway.ma\/wp-content\/uploads\/2020\/11\/barre-d-extension-pour-dji-osmo-pocket-p-image-210681-grande.jpg?resize=700%2C400&ssl=1 2x"},"classes":[]},{"id":2355,"url":"https:\/\/store.droneway.ma\/index.php\/produit\/adaptateur-microphone-jack-3-5mm-dji-osmo-pocket-et-pocket-2\/","url_meta":{"origin":2352,"position":2},"title":"Adaptateur microphone jack 3.5mm DJI Osmo Pocket et Pocket 2","author":"admin","date":"21 novembre 2020","format":false,"excerpt":"Cet adaptateur 3,5mm vous permettra de connecter un micro externe sur votre stabilisateur DJI Osmo Pocket\/Pocket 2 ! Simple \u00e0 mettre en \u0153uvre, cet adaptateur se connecte directement sur le port USB Type C de l'Osmo Pocket\/Pocket 2. Note : ces deux accessoires, \"module sans fil pour DJI Osmo Pocket\"\u2026","rel":"","context":"Article similaire","block_context":{"text":"Article similaire","link":""},"img":{"alt_text":"Adaptateur microphone jack 3.5mm DJI Osmo Pocket et Pocket 2","src":"https:\/\/i0.wp.com\/store.droneway.ma\/wp-content\/uploads\/2020\/11\/adaptateur-microphone-35mm-dji-osmo-pocket-p-image-206560-grande.jpg?resize=350%2C200&ssl=1","width":350,"height":200,"srcset":"https:\/\/i0.wp.com\/store.droneway.ma\/wp-content\/uploads\/2020\/11\/adaptateur-microphone-35mm-dji-osmo-pocket-p-image-206560-grande.jpg?resize=350%2C200&ssl=1 1x, https:\/\/i0.wp.com\/store.droneway.ma\/wp-content\/uploads\/2020\/11\/adaptateur-microphone-35mm-dji-osmo-pocket-p-image-206560-grande.jpg?resize=525%2C300&ssl=1 1.5x"},"classes":[]},{"id":2341,"url":"https:\/\/store.droneway.ma\/index.php\/produit\/support-accessoires-pour-dji-osmo-pocket-pocket-2\/","url_meta":{"origin":2352,"position":3},"title":"Support accessoires pour DJI Osmo Pocket\/Pocket 2","author":"admin","date":"21 novembre 2020","format":false,"excerpt":"Support accessoires pour DJI Osmo Pocket\/Pocket 2","rel":"","context":"Article similaire","block_context":{"text":"Article similaire","link":""},"img":{"alt_text":"Support accessoires pour DJI Osmo Pocket\/Pocket 2","src":"https:\/\/i0.wp.com\/store.droneway.ma\/wp-content\/uploads\/2020\/11\/support-accessoires-dji-osmo-pocket-p-image-203766-grande.jpg?resize=350%2C200&ssl=1","width":350,"height":200,"srcset":"https:\/\/i0.wp.com\/store.droneway.ma\/wp-content\/uploads\/2020\/11\/support-accessoires-dji-osmo-pocket-p-image-203766-grande.jpg?resize=350%2C200&ssl=1 1x, https:\/\/i0.wp.com\/store.droneway.ma\/wp-content\/uploads\/2020\/11\/support-accessoires-dji-osmo-pocket-p-image-203766-grande.jpg?resize=525%2C300&ssl=1 1.5x"},"classes":[]},{"id":2358,"url":"https:\/\/store.droneway.ma\/index.php\/produit\/support-accessoires-pour-dji-osmo-pocket-pocket-2-2\/","url_meta":{"origin":2352,"position":4},"title":"Support accessoires pour DJI Osmo Pocket\/Pocket 2","author":"admin","date":"21 novembre 2020","format":false,"excerpt":"Support accessoires pour DJI Osmo Pocket\/Pocket 2","rel":"","context":"Article similaire","block_context":{"text":"Article similaire","link":""},"img":{"alt_text":"Support accessoires pour DJI Osmo Pocket\/Pocket 2","src":"https:\/\/i0.wp.com\/store.droneway.ma\/wp-content\/uploads\/2020\/11\/support-accessoires-dji-osmo-pocket-p-image-203766-grande.jpg?resize=350%2C200&ssl=1","width":350,"height":200,"srcset":"https:\/\/i0.wp.com\/store.droneway.ma\/wp-content\/uploads\/2020\/11\/support-accessoires-dji-osmo-pocket-p-image-203766-grande.jpg?resize=350%2C200&ssl=1 1x, https:\/\/i0.wp.com\/store.droneway.ma\/wp-content\/uploads\/2020\/11\/support-accessoires-dji-osmo-pocket-p-image-203766-grande.jpg?resize=525%2C300&ssl=1 1.5x"},"classes":[]},{"id":2359,"url":"https:\/\/store.droneway.ma\/index.php\/produit\/poignee-multi-usage-pour-dji-pocket-2\/","url_meta":{"origin":2352,"position":5},"title":"Poign\u00e9e multi-usage pour DJI Pocket 2","author":"admin","date":"21 novembre 2020","format":false,"excerpt":"Compatible DJI Pocket 2 R\u00e9cepteur audio microphone Emetteur WiFi\/Bluetooth pour contr\u00f4le \u00e0 distance Haut-parleur inclus Nombreuses connectiques","rel":"","context":"Article similaire","block_context":{"text":"Article similaire","link":""},"img":{"alt_text":"Poign\u00e9e multi-usage pour DJI Pocket 2","src":"https:\/\/i0.wp.com\/store.droneway.ma\/wp-content\/uploads\/2020\/11\/Poignee-multi-usage-pour-DJI-Pocket-2.jpg?resize=350%2C200&ssl=1","width":350,"height":200,"srcset":"https:\/\/i0.wp.com\/store.droneway.ma\/wp-content\/uploads\/2020\/11\/Poignee-multi-usage-pour-DJI-Pocket-2.jpg?resize=350%2C200&ssl=1 1x, https:\/\/i0.wp.com\/store.droneway.ma\/wp-content\/uploads\/2020\/11\/Poignee-multi-usage-pour-DJI-Pocket-2.jpg?resize=525%2C300&ssl=1 1.5x, https:\/\/i0.wp.com\/store.droneway.ma\/wp-content\/uploads\/2020\/11\/Poignee-multi-usage-pour-DJI-Pocket-2.jpg?resize=700%2C400&ssl=1 2x, https:\/\/i0.wp.com\/store.droneway.ma\/wp-content\/uploads\/2020\/11\/Poignee-multi-usage-pour-DJI-Pocket-2.jpg?resize=1050%2C600&ssl=1 3x, https:\/\/i0.wp.com\/store.droneway.ma\/wp-content\/uploads\/2020\/11\/Poignee-multi-usage-pour-DJI-Pocket-2.jpg?resize=1400%2C800&ssl=1 4x"},"classes":[]}],"jetpack_sharing_enabled":true,"_links":{"self":[{"href":"https:\/\/store.droneway.ma\/index.php\/wp-json\/wp\/v2\/product\/2352","targetHints":{"allow":["GET"]}}],"collection":[{"href":"https:\/\/store.droneway.ma\/index.php\/wp-json\/wp\/v2\/product"}],"about":[{"href":"https:\/\/store.droneway.ma\/index.php\/wp-json\/wp\/v2\/types\/product"}],"wp:featuredmedia":[{"embeddable":true,"href":"https:\/\/store.droneway.ma\/index.php\/wp-json\/wp\/v2\/media\/1408"}],"wp:attachment":[{"href":"https:\/\/store.droneway.ma\/index.php\/wp-json\/wp\/v2\/media?parent=2352"}],"wp:term":[{"taxonomy":"product_brand","embeddable":true,"href":"https:\/\/store.droneway.ma\/index.php\/wp-json\/wp\/v2\/product_brand?post=2352"},{"taxonomy":"product_cat","embeddable":true,"href":"https:\/\/store.droneway.ma\/index.php\/wp-json\/wp\/v2\/product_cat?post=2352"},{"taxonomy":"product_tag","embeddable":true,"href":"https:\/\/store.droneway.ma\/index.php\/wp-json\/wp\/v2\/product_tag?post=2352"}],"curies":[{"name":"wp","href":"https:\/\/api.w.org\/{rel}","templated":true}]}}