{"id":2334,"date":"2020-11-21T19:07:59","date_gmt":"2020-11-21T18:07:59","guid":{"rendered":"http:\/\/store.droneway.ma\/index.php\/produit\/telecommande-dji-focus\/"},"modified":"2020-11-21T19:08:10","modified_gmt":"2020-11-21T18:08:10","slug":"telecommande-dji-focus","status":"publish","type":"product","link":"https:\/\/store.droneway.ma\/index.php\/produit\/telecommande-dji-focus\/","title":{"rendered":"T\u00e9l\u00e9commande DJI Focus"},"content":{"rendered":"<p>La t\u00e9l\u00e9commande DJI Focus permet de g\u00e9rer la mise au point de votre cam\u00e9ra depuis le sol. Compatible de base avec les cam\u00e9ras X5 et X5R de chez DJI ce module vous permet d&rsquo;ajuster la mise au point comme si vous tourniez la lentille de l&rsquo;appareil vous-m\u00eame.<\/p>\n","protected":false},"excerpt":{"rendered":"<p>La t\u00e9l\u00e9commande DJI Focus premet de piloter la mise au point de l&rsquo;appareil directement depuis le sol lorsqu&rsquo;il est utilis\u00e9 avec un Inspire 1.\u00a0              \u00a0           Ce syst\u00e8me de mise au point aussi\u00a0 appel\u00e9 Follow Focus sans fil\u00a0a \u00e9t\u00e9 sp\u00e9cialement con\u00e7u pour s&rsquo;adapter aux cam\u00e9ras\u00a0DJI Zenmuse X5 et X5R.           Gr\u00e2ce \u00e0 la t\u00e9l\u00e9commande\u00a0DJI Focus, vous pouvez ajuster directement en vol la mise au point de votre appareil\/cam\u00e9ra.           Ce syst\u00e8me de gestion de la mise au point \u00e0 la particularit\u00e9 d&rsquo;\u00eatre \u00e9quip\u00e9 d&rsquo;un\u00a0moteur brushless extr\u00eamement pr\u00e9cis et r\u00e9actif.\u00a0La pr\u00e9cision de commande est de\u00a0\u00b10.02\u00b0. Gr\u00e2ce \u00e0 la molette install\u00e9e sur la t\u00e9l\u00e9commande, vous ajustez directement la mise au point au degr\u00e9 pr\u00e8s comme si\u00a0vous tourniez vous m\u00eame l&rsquo;objectif.           Le DJI Focus \u00e0 \u00e9t\u00e9 optimis\u00e9 pour r\u00e9duire la latence entre l&rsquo;ordre envoy\u00e9 par la commande au module de la nacelle \u00e0\u00a014ms soit moins d&rsquo;une seconde.\u00a0Pour une utilisation sur un Inspire 1, la t\u00e9l\u00e9commande se raccorde directement \u00e0 la radiocommande de l&rsquo;Inspire 1. Le DJI Focus dispose d&rsquo;une\u00a0port\u00e9e de 100m au sol et 3.5 km sur un drone DJI.           La t\u00e9l\u00e9commande du DJI Focus int\u00e8gre un\u00a0\u00e9cran OLED\u00a0permettant d&rsquo;effectuer le param\u00e9trage de celui-ci.           Informations techniques :          \t      FOCUS :     \t          \t \t  \t \tFr\u00e9quences de fonctionnement : 2.415-2.473 GHz \t  \tDistance de transmission : 100 m (en vue compl\u00e8tement d\u00e9gag\u00e9e) \t  \tTemperature de fonctionnement : -20 to 55 \u2103      T\u00e9l\u00e9commande :\u00a0\u00a0     \t          \t \t  \t \tPoids : 745 grammes \t \t  \tDimensions :\u00a0153x86x90 mm \t  \t  \t \t  \t  \t \t \t  \tBatterie int\u00e9gr\u00e9e :\u00a0Mod\u00e8le FB01-554461 Lipo 3,7V 1700 mAh<\/p>\n","protected":false},"featured_media":2335,"template":"","meta":{"content-type":"","rop_custom_images_group":[],"rop_custom_messages_group":[],"rop_publish_now":"initial","rop_publish_now_accounts":[],"rop_publish_now_history":[],"rop_publish_now_status":"pending"},"product_brand":[],"product_cat":[23,61],"product_tag":[],"class_list":{"0":"post-2334","1":"product","2":"type-product","3":"status-publish","4":"has-post-thumbnail","6":"product_cat-dji-osmo","7":"product_cat-osmo-mobile","9":"first","10":"instock","11":"purchasable","12":"product-type-simple"},"jetpack-related-posts":[{"id":2548,"url":"https:\/\/store.droneway.ma\/index.php\/produit\/systeme-focus-3d-pour-dji-rs-2\/","url_meta":{"origin":2334,"position":0},"title":"Syst\u00e8me Focus 3D pour DJI RS 2","author":"admin","date":"21 novembre 2020","format":false,"excerpt":"Compatible DJI RS 2 Compact et facile \u00e0 monter 54.8 g","rel":"","context":"Article similaire","block_context":{"text":"Article similaire","link":""},"img":{"alt_text":"Syst\u00e8me Focus 3D pour DJI RS 2","src":"https:\/\/i0.wp.com\/store.droneway.ma\/wp-content\/uploads\/2020\/11\/Systeme-Focus-3D-pour-DJI-RS-2.jpg?resize=350%2C200&ssl=1","width":350,"height":200,"srcset":"https:\/\/i0.wp.com\/store.droneway.ma\/wp-content\/uploads\/2020\/11\/Systeme-Focus-3D-pour-DJI-RS-2.jpg?resize=350%2C200&ssl=1 1x, https:\/\/i0.wp.com\/store.droneway.ma\/wp-content\/uploads\/2020\/11\/Systeme-Focus-3D-pour-DJI-RS-2.jpg?resize=525%2C300&ssl=1 1.5x, https:\/\/i0.wp.com\/store.droneway.ma\/wp-content\/uploads\/2020\/11\/Systeme-Focus-3D-pour-DJI-RS-2.jpg?resize=700%2C400&ssl=1 2x, https:\/\/i0.wp.com\/store.droneway.ma\/wp-content\/uploads\/2020\/11\/Systeme-Focus-3D-pour-DJI-RS-2.jpg?resize=1050%2C600&ssl=1 3x, https:\/\/i0.wp.com\/store.droneway.ma\/wp-content\/uploads\/2020\/11\/Systeme-Focus-3D-pour-DJI-RS-2.jpg?resize=1400%2C800&ssl=1 4x"},"classes":[]},{"id":2504,"url":"https:\/\/store.droneway.ma\/index.php\/produit\/dji-focus-wheel-pour-dji-ronin-s-sc\/","url_meta":{"origin":2334,"position":1},"title":"DJI Focus Wheel pour DJI Ronin-S\/SC","author":"admin","date":"21 novembre 2020","format":false,"excerpt":"Utilisez le DJI Focus Wheel sur le Ronin-S\/SC Meilleur contr\u00f4le de la mise au point Installation Plug & Play","rel":"","context":"Article similaire","block_context":{"text":"Article similaire","link":""},"img":{"alt_text":"DJI Focus Wheel pour DJI Ronin-S\/SC","src":"https:\/\/i0.wp.com\/store.droneway.ma\/wp-content\/uploads\/2020\/11\/DJI-Focus-Wheel-pour-DJI-Ronin-SSC.jpg?resize=350%2C200&ssl=1","width":350,"height":200},"classes":[]},{"id":2496,"url":"https:\/\/store.droneway.ma\/index.php\/produit\/valise-2500-etanche-pour-dji-ronin-sc-et-systeme-focus-hprc\/","url_meta":{"origin":2334,"position":2},"title":"Valise 2500 \u00e9tanche pour DJI Ronin SC et syst\u00e8me Focus &#8211; HPRC","author":"admin","date":"21 novembre 2020","format":false,"excerpt":"Valise \u00e9tanche haute gamme HPRC pour DJI Ronin SC Mousse haute densit\u00e9 pr\u00e9d\u00e9coup\u00e9e avec Vector Panel Emplacement pour syst\u00e8me DJI Focus S\u00e9curis\u00e9e \/ emplacements pour cadenas","rel":"","context":"Article similaire","block_context":{"text":"Article similaire","link":""},"img":{"alt_text":"Valise 2500 \u00e9tanche pour DJI Ronin SC et syst\u00e8me Focus - HPRC","src":"https:\/\/i0.wp.com\/store.droneway.ma\/wp-content\/uploads\/2020\/11\/Valise-2500-etanche-pour-DJI-Ronin-SC-et-systeme-Focus-HPRC.jpg?resize=350%2C200&ssl=1","width":350,"height":200,"srcset":"https:\/\/i0.wp.com\/store.droneway.ma\/wp-content\/uploads\/2020\/11\/Valise-2500-etanche-pour-DJI-Ronin-SC-et-systeme-Focus-HPRC.jpg?resize=350%2C200&ssl=1 1x, https:\/\/i0.wp.com\/store.droneway.ma\/wp-content\/uploads\/2020\/11\/Valise-2500-etanche-pour-DJI-Ronin-SC-et-systeme-Focus-HPRC.jpg?resize=525%2C300&ssl=1 1.5x, https:\/\/i0.wp.com\/store.droneway.ma\/wp-content\/uploads\/2020\/11\/Valise-2500-etanche-pour-DJI-Ronin-SC-et-systeme-Focus-HPRC.jpg?resize=700%2C400&ssl=1 2x"},"classes":[]},{"id":2091,"url":"https:\/\/store.droneway.ma\/index.php\/produit\/support-dji-focus-handwheel-2-radio-cendence\/","url_meta":{"origin":2334,"position":3},"title":"Support DJI Focus Handwheel 2 radio Cendence","author":"admin","date":"21 novembre 2020","format":false,"excerpt":"Permet de monter le HW2 sur la Cendence Installation ais\u00e9e","rel":"","context":"Article similaire","block_context":{"text":"Article similaire","link":""},"img":{"alt_text":"Support DJI Focus Handwheel 2 radio Cendence","src":"https:\/\/i0.wp.com\/store.droneway.ma\/wp-content\/uploads\/2020\/11\/support-dji-focus-handwheel-2-pour-radio-cendence-p-image-193133-grande.jpg?resize=350%2C200&ssl=1","width":350,"height":200},"classes":[]},{"id":2500,"url":"https:\/\/store.droneway.ma\/index.php\/produit\/moteur-focus-pour-ronin-sc-dji\/","url_meta":{"origin":2334,"position":4},"title":"Moteur Focus pour Ronin-SC &#8211; DJI","author":"admin","date":"21 novembre 2020","format":false,"excerpt":"Moteur Focus con\u00e7u pour le stabilisateur DJI Ronin-SC Permet de contr\u00f4ler avec pr\u00e9cision la mise au point Installation rapide et ais\u00e9e Supports d'installation fournis (courroie, tube etc...)","rel":"","context":"Article similaire","block_context":{"text":"Article similaire","link":""},"img":{"alt_text":"Moteur Focus pour Ronin-SC - DJI","src":"https:\/\/i0.wp.com\/store.droneway.ma\/wp-content\/uploads\/2020\/11\/Moteur-Focus-pour-Ronin-SC-DJI.jpg?resize=350%2C200&ssl=1","width":350,"height":200},"classes":[]},{"id":2488,"url":"https:\/\/store.droneway.ma\/index.php\/produit\/valise-2500-etanche-pour-dji-ronin-s-et-systeme-focus-hprc\/","url_meta":{"origin":2334,"position":5},"title":"Valise 2500 \u00e9tanche pour DJI Ronin S et syst\u00e8me Focus &#8211; HPRC","author":"admin","date":"21 novembre 2020","format":false,"excerpt":"Valise \u00e9tanche haute gamme HPRC pour DJI Ronin S Mousse haute densit\u00e9 pr\u00e9d\u00e9coup\u00e9e avec 6 emplacements Emplacement pour syst\u00e8me DJI Focus S\u00e9curis\u00e9e \/ emplacements pour cadenas","rel":"","context":"Article similaire","block_context":{"text":"Article similaire","link":""},"img":{"alt_text":"Valise 2500 \u00e9tanche pour DJI Ronin S et syst\u00e8me Focus - HPRC","src":"https:\/\/i0.wp.com\/store.droneway.ma\/wp-content\/uploads\/2020\/11\/Valise-2500-etanche-pour-DJI-Ronin-S-et-systeme-Focus-HPRC.jpg?resize=350%2C200&ssl=1","width":350,"height":200,"srcset":"https:\/\/i0.wp.com\/store.droneway.ma\/wp-content\/uploads\/2020\/11\/Valise-2500-etanche-pour-DJI-Ronin-S-et-systeme-Focus-HPRC.jpg?resize=350%2C200&ssl=1 1x, https:\/\/i0.wp.com\/store.droneway.ma\/wp-content\/uploads\/2020\/11\/Valise-2500-etanche-pour-DJI-Ronin-S-et-systeme-Focus-HPRC.jpg?resize=525%2C300&ssl=1 1.5x"},"classes":[]}],"jetpack_sharing_enabled":true,"_links":{"self":[{"href":"https:\/\/store.droneway.ma\/index.php\/wp-json\/wp\/v2\/product\/2334","targetHints":{"allow":["GET"]}}],"collection":[{"href":"https:\/\/store.droneway.ma\/index.php\/wp-json\/wp\/v2\/product"}],"about":[{"href":"https:\/\/store.droneway.ma\/index.php\/wp-json\/wp\/v2\/types\/product"}],"wp:featuredmedia":[{"embeddable":true,"href":"https:\/\/store.droneway.ma\/index.php\/wp-json\/wp\/v2\/media\/2335"}],"wp:attachment":[{"href":"https:\/\/store.droneway.ma\/index.php\/wp-json\/wp\/v2\/media?parent=2334"}],"wp:term":[{"taxonomy":"product_brand","embeddable":true,"href":"https:\/\/store.droneway.ma\/index.php\/wp-json\/wp\/v2\/product_brand?post=2334"},{"taxonomy":"product_cat","embeddable":true,"href":"https:\/\/store.droneway.ma\/index.php\/wp-json\/wp\/v2\/product_cat?post=2334"},{"taxonomy":"product_tag","embeddable":true,"href":"https:\/\/store.droneway.ma\/index.php\/wp-json\/wp\/v2\/product_tag?post=2334"}],"curies":[{"name":"wp","href":"https:\/\/api.w.org\/{rel}","templated":true}]}}