{"id":2329,"date":"2020-11-21T19:07:59","date_gmt":"2020-11-21T18:07:59","guid":{"rendered":"http:\/\/store.droneway.ma\/index.php\/produit\/support-pour-dji-osmo-mobile-2\/"},"modified":"2020-11-21T19:08:02","modified_gmt":"2020-11-21T18:08:02","slug":"support-pour-dji-osmo-mobile-2","status":"publish","type":"product","link":"https:\/\/store.droneway.ma\/index.php\/produit\/support-pour-dji-osmo-mobile-2\/","title":{"rendered":"Support pour DJI Osmo Mobile 2"},"content":{"rendered":"<p>Ce support vous permettra de positionner le DJI Osmo Mobile 2 sur une surface plane afin qu&rsquo;il reste stable. Il vous permettra par exemple de r\u00e9aliser plus facilement des timelapses sans avoir besoin de tr\u00e9pied.<\/p>\n","protected":false},"excerpt":{"rendered":"<p>Ce support vous permettra de positionner le DJI Osmo Mobile 2 sur une surface plane afin qu&rsquo;il reste stable. Il&hellip;<\/p>\n","protected":false},"featured_media":2330,"template":"","meta":{"content-type":"","rop_custom_images_group":[],"rop_custom_messages_group":[],"rop_publish_now":"initial","rop_publish_now_accounts":[],"rop_publish_now_history":[],"rop_publish_now_status":"pending"},"product_brand":[],"product_cat":[23,61],"product_tag":[],"class_list":{"0":"post-2329","1":"product","2":"type-product","3":"status-publish","4":"has-post-thumbnail","6":"product_cat-dji-osmo","7":"product_cat-osmo-mobile","9":"first","10":"instock","11":"purchasable","12":"product-type-simple"},"jetpack-related-posts":[{"id":2341,"url":"https:\/\/store.droneway.ma\/index.php\/produit\/support-accessoires-pour-dji-osmo-pocket-pocket-2\/","url_meta":{"origin":2329,"position":0},"title":"Support accessoires pour DJI Osmo Pocket\/Pocket 2","author":"admin","date":"21 novembre 2020","format":false,"excerpt":"Support accessoires pour DJI Osmo Pocket\/Pocket 2","rel":"","context":"Article similaire","block_context":{"text":"Article similaire","link":""},"img":{"alt_text":"Support accessoires pour DJI Osmo Pocket\/Pocket 2","src":"https:\/\/i0.wp.com\/store.droneway.ma\/wp-content\/uploads\/2020\/11\/support-accessoires-dji-osmo-pocket-p-image-203766-grande.jpg?resize=350%2C200&ssl=1","width":350,"height":200,"srcset":"https:\/\/i0.wp.com\/store.droneway.ma\/wp-content\/uploads\/2020\/11\/support-accessoires-dji-osmo-pocket-p-image-203766-grande.jpg?resize=350%2C200&ssl=1 1x, https:\/\/i0.wp.com\/store.droneway.ma\/wp-content\/uploads\/2020\/11\/support-accessoires-dji-osmo-pocket-p-image-203766-grande.jpg?resize=525%2C300&ssl=1 1.5x"},"classes":[]},{"id":2358,"url":"https:\/\/store.droneway.ma\/index.php\/produit\/support-accessoires-pour-dji-osmo-pocket-pocket-2-2\/","url_meta":{"origin":2329,"position":1},"title":"Support accessoires pour DJI Osmo Pocket\/Pocket 2","author":"admin","date":"21 novembre 2020","format":false,"excerpt":"Support accessoires pour DJI Osmo Pocket\/Pocket 2","rel":"","context":"Article similaire","block_context":{"text":"Article similaire","link":""},"img":{"alt_text":"Support accessoires pour DJI Osmo Pocket\/Pocket 2","src":"https:\/\/i0.wp.com\/store.droneway.ma\/wp-content\/uploads\/2020\/11\/support-accessoires-dji-osmo-pocket-p-image-203766-grande.jpg?resize=350%2C200&ssl=1","width":350,"height":200,"srcset":"https:\/\/i0.wp.com\/store.droneway.ma\/wp-content\/uploads\/2020\/11\/support-accessoires-dji-osmo-pocket-p-image-203766-grande.jpg?resize=350%2C200&ssl=1 1x, https:\/\/i0.wp.com\/store.droneway.ma\/wp-content\/uploads\/2020\/11\/support-accessoires-dji-osmo-pocket-p-image-203766-grande.jpg?resize=525%2C300&ssl=1 1.5x"},"classes":[]},{"id":2308,"url":"https:\/\/store.droneway.ma\/index.php\/produit\/poignee-trepied-pour-osmo-mobile-3-dji\/","url_meta":{"origin":2329,"position":2},"title":"Poign\u00e9e tr\u00e9pied pour Osmo Mobile 3 &#8211; DJI","author":"admin","date":"21 novembre 2020","format":false,"excerpt":"Facilite la r\u00e9alisation de timelapse ou de panoramas Permet de poser le stabilisateur DJI Osmo Mobile 3 Compatible avec les stabilisateurs DJI Osmo Mobile 2 et Osmo Mobile 3","rel":"","context":"Article similaire","block_context":{"text":"Article similaire","link":""},"img":{"alt_text":"Poign\u00e9e tr\u00e9pied pour Osmo Mobile 3 - DJI","src":"https:\/\/i0.wp.com\/store.droneway.ma\/wp-content\/uploads\/2020\/11\/Poignee-trepied-pour-Osmo-Mobile-3-DJI.jpg?resize=350%2C200&ssl=1","width":350,"height":200,"srcset":"https:\/\/i0.wp.com\/store.droneway.ma\/wp-content\/uploads\/2020\/11\/Poignee-trepied-pour-Osmo-Mobile-3-DJI.jpg?resize=350%2C200&ssl=1 1x, https:\/\/i0.wp.com\/store.droneway.ma\/wp-content\/uploads\/2020\/11\/Poignee-trepied-pour-Osmo-Mobile-3-DJI.jpg?resize=525%2C300&ssl=1 1.5x"},"classes":[]},{"id":2352,"url":"https:\/\/store.droneway.ma\/index.php\/produit\/module-sans-fil-pour-dji-osmo-pocket-et-pocket-2\/","url_meta":{"origin":2329,"position":3},"title":"Module sans fil pour DJI Osmo Pocket et Pocket 2","author":"admin","date":"21 novembre 2020","format":false,"excerpt":"Connexion sans fil entre votre smartphone et l'Osmo Pocket\/Pocket 2 Connexion sans fil WiFi et Bluetooth Permet de recharger votre DJI Osmo Pocket\/Pocket 2 Peut servir de support pour poser sur une surface plane","rel":"","context":"Article similaire","block_context":{"text":"Article similaire","link":""},"img":{"alt_text":"Module sans fil pour DJI Osmo Pocket et Pocket 2","src":"https:\/\/i0.wp.com\/store.droneway.ma\/wp-content\/uploads\/2020\/11\/module-sans-fil-dji-osmo-pocket-p-image-203774-grande.jpg?resize=350%2C200&ssl=1","width":350,"height":200,"srcset":"https:\/\/i0.wp.com\/store.droneway.ma\/wp-content\/uploads\/2020\/11\/module-sans-fil-dji-osmo-pocket-p-image-203774-grande.jpg?resize=350%2C200&ssl=1 1x, https:\/\/i0.wp.com\/store.droneway.ma\/wp-content\/uploads\/2020\/11\/module-sans-fil-dji-osmo-pocket-p-image-203774-grande.jpg?resize=525%2C300&ssl=1 1.5x"},"classes":[]},{"id":2343,"url":"https:\/\/store.droneway.ma\/index.php\/produit\/mini-trepied-pour-dji-pocket-2\/","url_meta":{"origin":2329,"position":4},"title":"Mini tr\u00e9pied pour DJI Pocket 2","author":"admin","date":"21 novembre 2020","format":false,"excerpt":"Compatible DJI Pocket 2 Pliable Montage rapide","rel":"","context":"Article similaire","block_context":{"text":"Article similaire","link":""},"img":{"alt_text":"Mini tr\u00e9pied pour DJI Pocket 2","src":"https:\/\/i0.wp.com\/store.droneway.ma\/wp-content\/uploads\/2020\/11\/Mini-trepied-pour-DJI-Pocket-2.jpg?resize=350%2C200&ssl=1","width":350,"height":200,"srcset":"https:\/\/i0.wp.com\/store.droneway.ma\/wp-content\/uploads\/2020\/11\/Mini-trepied-pour-DJI-Pocket-2.jpg?resize=350%2C200&ssl=1 1x, https:\/\/i0.wp.com\/store.droneway.ma\/wp-content\/uploads\/2020\/11\/Mini-trepied-pour-DJI-Pocket-2.jpg?resize=525%2C300&ssl=1 1.5x, https:\/\/i0.wp.com\/store.droneway.ma\/wp-content\/uploads\/2020\/11\/Mini-trepied-pour-DJI-Pocket-2.jpg?resize=700%2C400&ssl=1 2x, https:\/\/i0.wp.com\/store.droneway.ma\/wp-content\/uploads\/2020\/11\/Mini-trepied-pour-DJI-Pocket-2.jpg?resize=1050%2C600&ssl=1 3x"},"classes":[]},{"id":2384,"url":"https:\/\/store.droneway.ma\/index.php\/produit\/mini-trepied-pour-dji-pocket-2-2\/","url_meta":{"origin":2329,"position":5},"title":"Mini tr\u00e9pied pour DJI Pocket 2","author":"admin","date":"21 novembre 2020","format":false,"excerpt":"Compatible DJI Pocket 2 Pliable Montage rapide","rel":"","context":"Article similaire","block_context":{"text":"Article similaire","link":""},"img":{"alt_text":"Mini tr\u00e9pied pour DJI Pocket 2","src":"https:\/\/i0.wp.com\/store.droneway.ma\/wp-content\/uploads\/2020\/11\/Mini-trepied-pour-DJI-Pocket-2.jpg?resize=350%2C200&ssl=1","width":350,"height":200,"srcset":"https:\/\/i0.wp.com\/store.droneway.ma\/wp-content\/uploads\/2020\/11\/Mini-trepied-pour-DJI-Pocket-2.jpg?resize=350%2C200&ssl=1 1x, https:\/\/i0.wp.com\/store.droneway.ma\/wp-content\/uploads\/2020\/11\/Mini-trepied-pour-DJI-Pocket-2.jpg?resize=525%2C300&ssl=1 1.5x, https:\/\/i0.wp.com\/store.droneway.ma\/wp-content\/uploads\/2020\/11\/Mini-trepied-pour-DJI-Pocket-2.jpg?resize=700%2C400&ssl=1 2x, https:\/\/i0.wp.com\/store.droneway.ma\/wp-content\/uploads\/2020\/11\/Mini-trepied-pour-DJI-Pocket-2.jpg?resize=1050%2C600&ssl=1 3x"},"classes":[]}],"jetpack_sharing_enabled":true,"_links":{"self":[{"href":"https:\/\/store.droneway.ma\/index.php\/wp-json\/wp\/v2\/product\/2329","targetHints":{"allow":["GET"]}}],"collection":[{"href":"https:\/\/store.droneway.ma\/index.php\/wp-json\/wp\/v2\/product"}],"about":[{"href":"https:\/\/store.droneway.ma\/index.php\/wp-json\/wp\/v2\/types\/product"}],"wp:featuredmedia":[{"embeddable":true,"href":"https:\/\/store.droneway.ma\/index.php\/wp-json\/wp\/v2\/media\/2330"}],"wp:attachment":[{"href":"https:\/\/store.droneway.ma\/index.php\/wp-json\/wp\/v2\/media?parent=2329"}],"wp:term":[{"taxonomy":"product_brand","embeddable":true,"href":"https:\/\/store.droneway.ma\/index.php\/wp-json\/wp\/v2\/product_brand?post=2329"},{"taxonomy":"product_cat","embeddable":true,"href":"https:\/\/store.droneway.ma\/index.php\/wp-json\/wp\/v2\/product_cat?post=2329"},{"taxonomy":"product_tag","embeddable":true,"href":"https:\/\/store.droneway.ma\/index.php\/wp-json\/wp\/v2\/product_tag?post=2329"}],"curies":[{"name":"wp","href":"https:\/\/api.w.org\/{rel}","templated":true}]}}