{"id":2328,"date":"2020-11-21T19:07:59","date_gmt":"2020-11-21T18:07:59","guid":{"rendered":"http:\/\/store.droneway.ma\/index.php\/produit\/dji-pocket-2-creator-combo\/"},"modified":"2023-06-13T20:56:47","modified_gmt":"2023-06-13T18:56:47","slug":"dji-pocket-2-creator-combo","status":"publish","type":"product","link":"https:\/\/store.droneway.ma\/index.php\/produit\/dji-pocket-2-creator-combo\/","title":{"rendered":"DJI Pocket 2 Creator Combo"},"content":{"rendered":"<p>La cam\u00e9ra DJI Pocket 2 est la nouvelle version du DJI Osmo Pocket; elle reprend les succ\u00e8s du pr\u00e9c\u00e9dent mod\u00e8le et apporte son lot de nouveaut\u00e9s et d&rsquo;am\u00e9liorations !  D\u00e9sormais capable de prendre des photos de 64 MP et des vid\u00e9os 4K jusqu&rsquo;\u00e0 60 images par secondes, le DJI Pocket 2 int\u00e8gre un nouveau capteur CMOS de 1\/1,7 pouce et un tout nouveau syst\u00e8me de prise de son intelligent : DJI Matrix Stereo. Toujours aussi intuitif et facile d&rsquo;utilisation, le DJI Pocket 2 fonctionne de pair avec DJI Mimo, son application mobile, o\u00f9 de nombreuses modes cr\u00e9atifs vous y attendent : mode Story, ActiveTrack 3.0, Hyperlapse, Motionlapse, panorama etc &#8230;  Cette version Creator Combo est sp\u00e9cialement con\u00e7ue pour les cr\u00e9ateurs de contenu et inclue de nombreux accessoires pour pousser les capacit\u00e9s du DJI Pocket 2 au niveau sup\u00e9rieur ! Ce kit inclue la poign\u00e9e multi-usage Do-It-All, un microphone, un mini tr\u00e9pied, un objectif grand angle et d&rsquo;autres accessoires indispensables. C&rsquo;est le kit parfait \u00e0 emmener en voyage ou avec soi au quotidien pour profiter de chaque instant et d&rsquo;en capturer des images m\u00e9morables.<\/p>\n","protected":false},"excerpt":{"rendered":"<p>Kit complet : cam\u00e9ra + accessoires cr\u00e9atifs  Microphone performant, mini tr\u00e9pied et objectif grand angle  Capteur CMOS 1\/1,7 pouce  Vid\u00e9o 4K60p \/ Photos 64 MP  DJI Matrix Stereo : son bluffant  Editeur d&rsquo;IA dans DJI Mimo<\/p>\n","protected":false},"featured_media":1793,"template":"","meta":{"content-type":"","rop_custom_images_group":[],"rop_custom_messages_group":[],"rop_publish_now":"initial","rop_publish_now_accounts":[],"rop_publish_now_history":[],"rop_publish_now_status":"pending"},"product_brand":[],"product_cat":[23,60],"product_tag":[],"class_list":{"0":"post-2328","1":"product","2":"type-product","3":"status-publish","4":"has-post-thumbnail","6":"product_cat-dji-osmo","7":"product_cat-osmo-pocket","9":"first","10":"instock","11":"featured","12":"purchasable","13":"product-type-simple"},"jetpack-related-posts":[{"id":2343,"url":"https:\/\/store.droneway.ma\/index.php\/produit\/mini-trepied-pour-dji-pocket-2\/","url_meta":{"origin":2328,"position":0},"title":"Mini tr\u00e9pied pour DJI Pocket 2","author":"admin","date":"21 novembre 2020","format":false,"excerpt":"Compatible DJI Pocket 2 Pliable Montage rapide","rel":"","context":"Article similaire","block_context":{"text":"Article similaire","link":""},"img":{"alt_text":"Mini tr\u00e9pied pour DJI Pocket 2","src":"https:\/\/i0.wp.com\/store.droneway.ma\/wp-content\/uploads\/2020\/11\/Mini-trepied-pour-DJI-Pocket-2.jpg?resize=350%2C200&ssl=1","width":350,"height":200,"srcset":"https:\/\/i0.wp.com\/store.droneway.ma\/wp-content\/uploads\/2020\/11\/Mini-trepied-pour-DJI-Pocket-2.jpg?resize=350%2C200&ssl=1 1x, https:\/\/i0.wp.com\/store.droneway.ma\/wp-content\/uploads\/2020\/11\/Mini-trepied-pour-DJI-Pocket-2.jpg?resize=525%2C300&ssl=1 1.5x, https:\/\/i0.wp.com\/store.droneway.ma\/wp-content\/uploads\/2020\/11\/Mini-trepied-pour-DJI-Pocket-2.jpg?resize=700%2C400&ssl=1 2x, https:\/\/i0.wp.com\/store.droneway.ma\/wp-content\/uploads\/2020\/11\/Mini-trepied-pour-DJI-Pocket-2.jpg?resize=1050%2C600&ssl=1 3x"},"classes":[]},{"id":2384,"url":"https:\/\/store.droneway.ma\/index.php\/produit\/mini-trepied-pour-dji-pocket-2-2\/","url_meta":{"origin":2328,"position":1},"title":"Mini tr\u00e9pied pour DJI Pocket 2","author":"admin","date":"21 novembre 2020","format":false,"excerpt":"Compatible DJI Pocket 2 Pliable Montage rapide","rel":"","context":"Article similaire","block_context":{"text":"Article similaire","link":""},"img":{"alt_text":"Mini tr\u00e9pied pour DJI Pocket 2","src":"https:\/\/i0.wp.com\/store.droneway.ma\/wp-content\/uploads\/2020\/11\/Mini-trepied-pour-DJI-Pocket-2.jpg?resize=350%2C200&ssl=1","width":350,"height":200,"srcset":"https:\/\/i0.wp.com\/store.droneway.ma\/wp-content\/uploads\/2020\/11\/Mini-trepied-pour-DJI-Pocket-2.jpg?resize=350%2C200&ssl=1 1x, https:\/\/i0.wp.com\/store.droneway.ma\/wp-content\/uploads\/2020\/11\/Mini-trepied-pour-DJI-Pocket-2.jpg?resize=525%2C300&ssl=1 1.5x, https:\/\/i0.wp.com\/store.droneway.ma\/wp-content\/uploads\/2020\/11\/Mini-trepied-pour-DJI-Pocket-2.jpg?resize=700%2C400&ssl=1 2x, https:\/\/i0.wp.com\/store.droneway.ma\/wp-content\/uploads\/2020\/11\/Mini-trepied-pour-DJI-Pocket-2.jpg?resize=1050%2C600&ssl=1 3x"},"classes":[]},{"id":2370,"url":"https:\/\/store.droneway.ma\/index.php\/produit\/mini-joystick-pour-dji-pocket-2\/","url_meta":{"origin":2328,"position":2},"title":"Mini joystick pour DJI Pocket 2","author":"admin","date":"21 novembre 2020","format":false,"excerpt":"Pi\u00e8ce d'origine Compatible Pocket 2 G\u00e8re l'orientation de la nacelle ainsi que le zoom","rel":"","context":"Article similaire","block_context":{"text":"Article similaire","link":""},"img":{"alt_text":"Mini joystick pour DJI Pocket 2","src":"https:\/\/i0.wp.com\/store.droneway.ma\/wp-content\/uploads\/2020\/11\/Mini-joystick-pour-DJI-Pocket-2.jpg?resize=350%2C200&ssl=1","width":350,"height":200,"srcset":"https:\/\/i0.wp.com\/store.droneway.ma\/wp-content\/uploads\/2020\/11\/Mini-joystick-pour-DJI-Pocket-2.jpg?resize=350%2C200&ssl=1 1x, https:\/\/i0.wp.com\/store.droneway.ma\/wp-content\/uploads\/2020\/11\/Mini-joystick-pour-DJI-Pocket-2.jpg?resize=525%2C300&ssl=1 1.5x, https:\/\/i0.wp.com\/store.droneway.ma\/wp-content\/uploads\/2020\/11\/Mini-joystick-pour-DJI-Pocket-2.jpg?resize=700%2C400&ssl=1 2x"},"classes":[]},{"id":2327,"url":"https:\/\/store.droneway.ma\/index.php\/produit\/dji-pocket-2\/","url_meta":{"origin":2328,"position":3},"title":"DJI Pocket 2","author":"admin","date":"21 novembre 2020","format":false,"excerpt":"Vid\u00e9o 4K 60i\/s\u00a0 Capteur 64 MP \/ 1\/1.7\" Stabilisateur de poche (compact et l\u00e9ger) Application smartphone d\u00e9di\u00e9e\u00a0 Glamour effect \/ Active Track 3.0 \/ Panorama... DJI Matrix Stereo","rel":"","context":"Article similaire","block_context":{"text":"Article similaire","link":""},"img":{"alt_text":"DJI Pocket 2","src":"https:\/\/i0.wp.com\/store.droneway.ma\/wp-content\/uploads\/2020\/11\/dji-pocket-2-p-image-220466-grande.jpg?resize=350%2C200&ssl=1","width":350,"height":200,"srcset":"https:\/\/i0.wp.com\/store.droneway.ma\/wp-content\/uploads\/2020\/11\/dji-pocket-2-p-image-220466-grande.jpg?resize=350%2C200&ssl=1 1x, https:\/\/i0.wp.com\/store.droneway.ma\/wp-content\/uploads\/2020\/11\/dji-pocket-2-p-image-220466-grande.jpg?resize=525%2C300&ssl=1 1.5x, https:\/\/i0.wp.com\/store.droneway.ma\/wp-content\/uploads\/2020\/11\/dji-pocket-2-p-image-220466-grande.jpg?resize=700%2C400&ssl=1 2x, https:\/\/i0.wp.com\/store.droneway.ma\/wp-content\/uploads\/2020\/11\/dji-pocket-2-p-image-220466-grande.jpg?resize=1050%2C600&ssl=1 3x"},"classes":[]},{"id":2341,"url":"https:\/\/store.droneway.ma\/index.php\/produit\/support-accessoires-pour-dji-osmo-pocket-pocket-2\/","url_meta":{"origin":2328,"position":4},"title":"Support accessoires pour DJI Osmo Pocket\/Pocket 2","author":"admin","date":"21 novembre 2020","format":false,"excerpt":"Support accessoires pour DJI Osmo Pocket\/Pocket 2","rel":"","context":"Article similaire","block_context":{"text":"Article similaire","link":""},"img":{"alt_text":"Support accessoires pour DJI Osmo Pocket\/Pocket 2","src":"https:\/\/i0.wp.com\/store.droneway.ma\/wp-content\/uploads\/2020\/11\/support-accessoires-dji-osmo-pocket-p-image-203766-grande.jpg?resize=350%2C200&ssl=1","width":350,"height":200,"srcset":"https:\/\/i0.wp.com\/store.droneway.ma\/wp-content\/uploads\/2020\/11\/support-accessoires-dji-osmo-pocket-p-image-203766-grande.jpg?resize=350%2C200&ssl=1 1x, https:\/\/i0.wp.com\/store.droneway.ma\/wp-content\/uploads\/2020\/11\/support-accessoires-dji-osmo-pocket-p-image-203766-grande.jpg?resize=525%2C300&ssl=1 1.5x"},"classes":[]},{"id":2358,"url":"https:\/\/store.droneway.ma\/index.php\/produit\/support-accessoires-pour-dji-osmo-pocket-pocket-2-2\/","url_meta":{"origin":2328,"position":5},"title":"Support accessoires pour DJI Osmo Pocket\/Pocket 2","author":"admin","date":"21 novembre 2020","format":false,"excerpt":"Support accessoires pour DJI Osmo Pocket\/Pocket 2","rel":"","context":"Article similaire","block_context":{"text":"Article similaire","link":""},"img":{"alt_text":"Support accessoires pour DJI Osmo Pocket\/Pocket 2","src":"https:\/\/i0.wp.com\/store.droneway.ma\/wp-content\/uploads\/2020\/11\/support-accessoires-dji-osmo-pocket-p-image-203766-grande.jpg?resize=350%2C200&ssl=1","width":350,"height":200,"srcset":"https:\/\/i0.wp.com\/store.droneway.ma\/wp-content\/uploads\/2020\/11\/support-accessoires-dji-osmo-pocket-p-image-203766-grande.jpg?resize=350%2C200&ssl=1 1x, https:\/\/i0.wp.com\/store.droneway.ma\/wp-content\/uploads\/2020\/11\/support-accessoires-dji-osmo-pocket-p-image-203766-grande.jpg?resize=525%2C300&ssl=1 1.5x"},"classes":[]}],"jetpack_sharing_enabled":true,"_links":{"self":[{"href":"https:\/\/store.droneway.ma\/index.php\/wp-json\/wp\/v2\/product\/2328","targetHints":{"allow":["GET"]}}],"collection":[{"href":"https:\/\/store.droneway.ma\/index.php\/wp-json\/wp\/v2\/product"}],"about":[{"href":"https:\/\/store.droneway.ma\/index.php\/wp-json\/wp\/v2\/types\/product"}],"wp:featuredmedia":[{"embeddable":true,"href":"https:\/\/store.droneway.ma\/index.php\/wp-json\/wp\/v2\/media\/1793"}],"wp:attachment":[{"href":"https:\/\/store.droneway.ma\/index.php\/wp-json\/wp\/v2\/media?parent=2328"}],"wp:term":[{"taxonomy":"product_brand","embeddable":true,"href":"https:\/\/store.droneway.ma\/index.php\/wp-json\/wp\/v2\/product_brand?post=2328"},{"taxonomy":"product_cat","embeddable":true,"href":"https:\/\/store.droneway.ma\/index.php\/wp-json\/wp\/v2\/product_cat?post=2328"},{"taxonomy":"product_tag","embeddable":true,"href":"https:\/\/store.droneway.ma\/index.php\/wp-json\/wp\/v2\/product_tag?post=2328"}],"curies":[{"name":"wp","href":"https:\/\/api.w.org\/{rel}","templated":true}]}}